{"id":17822,"date":"2021-03-06T16:48:06","date_gmt":"2021-03-06T15:48:06","guid":{"rendered":"http:\/\/dacarcomercial.com\/producto\/terano-fermeture-cremaillere\/"},"modified":"2021-09-15T10:20:35","modified_gmt":"2021-09-15T08:20:35","slug":"terano-fermeture-cremaillere","status":"publish","type":"product","link":"https:\/\/dacarcomercial.com\/fr\/producto\/terano-fermeture-cremaillere\/","title":{"rendered":"Terano T20 (fermeture cr\u00e9maill\u00e8re)"},"content":{"rendered":"<p><strong>Caract\u00e9ristiques techniques:<\/strong><\/p>\n<ul>\n<li>Serre-t\u00eate \u00e0 double bande textile avec 4 points d&rsquo;ancrage et blocage avec cr\u00e9maill\u00e8re<\/li>\n<li>A\u00e9rations pour r\u00e9duire le stress thermique<\/li>\n<li>Visi\u00e8re courte pour assurer une protection contre les chutes d&rsquo;objets mais pas pour limiter la vision vers le haut<\/li>\n<li>Poids l\u00e9ger : 315 grammes<\/li>\n<li>Fabriqu\u00e9 en ABS<\/li>\n<li>Dur\u00e9e de vie jusqu&rsquo;\u00e0 4 ans<\/li>\n<li>Certification EN397<\/li>\n<\/ul>\n","protected":false},"excerpt":{"rendered":"<p>L&rsquo;un des casques de chantier les plus l\u00e9gers du march\u00e9 ! Avec seulement 315 gr. le confort de port est assur\u00e9. De plus, le serre-t\u00eate textile int\u00e8gre un bandeau anti-sueur extra-long sur le devant et une fermeture type cr\u00e9maill\u00e8re avec une roulette \u00e0 verrouillage automatique \u00e0 l&rsquo;arri\u00e8re pour un ajustement parfait.<\/p>\n<p>La coque en ABS offre, en plus d&rsquo;une excellente r\u00e9sistance aux impacts, une bonne r\u00e9sistance \u00e0 la chaleur rayonnante et de contact ainsi qu&rsquo;une bonne r\u00e9sistance aux produits chimiques, ce qui en fait un casque id\u00e9al non seulement pour le BTP mais aussi pour l&rsquo;industrie m\u00e9tallurgique ou chimique. De plus, l&rsquo;ABS est plus dense que les mat\u00e9riaux traditionnels utilis\u00e9s dans la construction des casques de chantier et ne se raye donc pas facilement. Ainsi, le casque Terano T20 conserve plus longtemps son \u00e9clat d&rsquo;origine.<\/p>\n<p>Le casque Terano T20 peut \u00eatre utilis\u00e9 en combinaison avec d&rsquo;autres EPI tels que des protections auditives, des \u00e9crans faciaux ou des casques de soudage DC-1 ou DC-2 gr\u00e2ce \u00e0 ses rainures lat\u00e9rales standard de 30 mm. En option, vous pouvez commander une jugulaire qui se fixe au harnais pour les travaux en hauteur par exemple.<\/p>\n","protected":false},"featured_media":7440,"template":"","meta":{"site-sidebar-layout":"default","site-content-layout":"default","ast-site-content-layout":"default","site-content-style":"default","site-sidebar-style":"default","ast-global-header-display":"","ast-banner-title-visibility":"","ast-main-header-display":"","ast-hfb-above-header-display":"","ast-hfb-below-header-display":"","ast-hfb-mobile-header-display":"","site-post-title":"","ast-breadcrumbs-content":"","ast-featured-img":"","footer-sml-layout":"","ast-disable-related-posts":"","theme-transparent-header-meta":"default","adv-header-id-meta":"","stick-header-meta":"default","header-above-stick-meta":"","header-main-stick-meta":"","header-below-stick-meta":"","astra-migrate-meta-layouts":"default","ast-page-background-enabled":"default","ast-page-background-meta":{"desktop":{"background-color":"","background-image":"","background-repeat":"repeat","background-position":"center center","background-size":"auto","background-attachment":"scroll","background-type":"","background-media":"","overlay-type":"","overlay-color":"","overlay-opacity":"","overlay-gradient":""},"tablet":{"background-color":"","background-image":"","background-repeat":"repeat","background-position":"center center","background-size":"auto","background-attachment":"scroll","background-type":"","background-media":"","overlay-type":"","overlay-color":"","overlay-opacity":"","overlay-gradient":""},"mobile":{"background-color":"","background-image":"","background-repeat":"repeat","background-position":"center center","background-size":"auto","background-attachment":"scroll","background-type":"","background-media":"","overlay-type":"","overlay-color":"","overlay-opacity":"","overlay-gradient":""}},"ast-content-background-meta":{"desktop":{"background-color":"var(--ast-global-color-5)","background-image":"","background-repeat":"repeat","background-position":"center center","background-size":"auto","background-attachment":"scroll","background-type":"","background-media":"","overlay-type":"","overlay-color":"","overlay-opacity":"","overlay-gradient":""},"tablet":{"background-color":"var(--ast-global-color-5)","background-image":"","background-repeat":"repeat","background-position":"center center","background-size":"auto","background-attachment":"scroll","background-type":"","background-media":"","overlay-type":"","overlay-color":"","overlay-opacity":"","overlay-gradient":""},"mobile":{"background-color":"var(--ast-global-color-5)","background-image":"","background-repeat":"repeat","background-position":"center center","background-size":"auto","background-attachment":"scroll","background-type":"","background-media":"","overlay-type":"","overlay-color":"","overlay-opacity":"","overlay-gradient":""}}},"product_brand":[],"product_cat":[964,963],"product_tag":[],"class_list":{"0":"post-17822","1":"product","2":"type-product","3":"status-publish","4":"has-post-thumbnail","6":"product_cat-casques-de-chantier","7":"product_cat-protection-de-la-tete","8":"desktop-align-left","9":"tablet-align-left","10":"mobile-align-left","11":"ast-product-gallery-layout-horizontal-slider","12":"ast-product-single-variable","13":"ast-product-tabs-layout-horizontal","15":"first","16":"instock","17":"taxable","18":"shipping-taxable","19":"purchasable","20":"product-type-variable"},"_links":{"self":[{"href":"https:\/\/dacarcomercial.com\/fr\/wp-json\/wp\/v2\/product\/17822","targetHints":{"allow":["GET"]}}],"collection":[{"href":"https:\/\/dacarcomercial.com\/fr\/wp-json\/wp\/v2\/product"}],"about":[{"href":"https:\/\/dacarcomercial.com\/fr\/wp-json\/wp\/v2\/types\/product"}],"version-history":[{"count":0,"href":"https:\/\/dacarcomercial.com\/fr\/wp-json\/wp\/v2\/product\/17822\/revisions"}],"wp:featuredmedia":[{"embeddable":true,"href":"https:\/\/dacarcomercial.com\/fr\/wp-json\/wp\/v2\/media\/7440"}],"wp:attachment":[{"href":"https:\/\/dacarcomercial.com\/fr\/wp-json\/wp\/v2\/media?parent=17822"}],"wp:term":[{"taxonomy":"product_brand","embeddable":true,"href":"https:\/\/dacarcomercial.com\/fr\/wp-json\/wp\/v2\/product_brand?post=17822"},{"taxonomy":"product_cat","embeddable":true,"href":"https:\/\/dacarcomercial.com\/fr\/wp-json\/wp\/v2\/product_cat?post=17822"},{"taxonomy":"product_tag","embeddable":true,"href":"https:\/\/dacarcomercial.com\/fr\/wp-json\/wp\/v2\/product_tag?post=17822"}],"curies":[{"name":"wp","href":"https:\/\/api.w.org\/{rel}","templated":true}]}}