{"id":17906,"date":"2021-03-06T16:48:46","date_gmt":"2021-03-06T15:48:46","guid":{"rendered":"http:\/\/dacarcomercial.com\/producto\/protecteur-auditif-benchmark-bmd20\/"},"modified":"2021-11-15T17:40:08","modified_gmt":"2021-11-15T16:40:08","slug":"benchmark-bmd20","status":"publish","type":"product","link":"https:\/\/dacarcomercial.com\/fr\/producto\/benchmark-bmd20\/","title":{"rendered":"Benchmark BMD20. SNR 26 dB."},"content":{"rendered":"<h2>Benchmark BMD20. SNR 26 dB.<\/h2>\n<ul>\n<li>Niveau de protection 1 pour bruit faible \u00e0 moyen (70-90 dB)<\/li>\n<li>Tr\u00e8s fin et l\u00e9ger (170 gr)<\/li>\n<li>Serre-t\u00eate articul\u00e9 qui permet son utilisation sur la t\u00eate ou \u00e0 la nuque<\/li>\n<li>Fabriqu\u00e9 \u00e0 partir de mat\u00e9riaux durables et non conducteurs compatibles pour une utilisation dans le secteur \u00e9lectrique<\/li>\n<li>Un point de r\u00e9glage de taille unique pour un ajustement facile et confortable<\/li>\n<li>Compatible avec casques de chantier et casquettes anti heurts<\/li>\n<li>CE EN352-1:2002, SNR 26 dB. H.: 29 \/ M.: 23 \/ L.: 17<\/li>\n<\/ul>\n","protected":false},"excerpt":{"rendered":"<p>Le casque antibruit <strong>Benchmark BMD20<\/strong> offre un prix attractif et beaucoup de fonctionnalit\u00e9s gr\u00e2ce \u00e0 son serre-t\u00eate articul\u00e9 qui permet son utilisation sur la t\u00eate ou \u00e0 la nuque lorsqu&rsquo;il est utilis\u00e9 en combinaison avec d&rsquo;autres \u00e9l\u00e9ments de protection tels que des casques de travail ou des casquettes anti-chocs.<\/p>\n<p>Le niveau de protection convient aux niveaux de bruit faibles \u00e0 moyens, entre 75 et 90 dB et \u00e0 une exposition \u00e0 court terme \u00e0 des niveaux de bruit moyens \u00e0 \u00e9lev\u00e9s.<\/p>\n<p>Pour une utilisation dans de nombreux environnements de travail diff\u00e9rents, tels que les industries manufacturi\u00e8res g\u00e9n\u00e9rales, le travail avec des outils \u00e9lectriques, la construction ou le bricolage.<\/p>\n<p><em>Les produits Dacar peuvent \u00eatre achet\u00e9s en ligne ou via notre r\u00e9seau de distributeurs. N\u00b4h\u00e9sitez pas \u00e0 nous consulter votre distributeur le plus proche !<\/em><\/p>\n","protected":false},"featured_media":24406,"template":"","meta":{"site-sidebar-layout":"default","site-content-layout":"default","ast-site-content-layout":"default","site-content-style":"default","site-sidebar-style":"default","ast-global-header-display":"","ast-banner-title-visibility":"","ast-main-header-display":"","ast-hfb-above-header-display":"","ast-hfb-below-header-display":"","ast-hfb-mobile-header-display":"","site-post-title":"","ast-breadcrumbs-content":"","ast-featured-img":"","footer-sml-layout":"","ast-disable-related-posts":"","theme-transparent-header-meta":"default","adv-header-id-meta":"","stick-header-meta":"default","header-above-stick-meta":"","header-main-stick-meta":"","header-below-stick-meta":"","astra-migrate-meta-layouts":"default","ast-page-background-enabled":"default","ast-page-background-meta":{"desktop":{"background-color":"","background-image":"","background-repeat":"repeat","background-position":"center center","background-size":"auto","background-attachment":"scroll","background-type":"","background-media":"","overlay-type":"","overlay-color":"","overlay-opacity":"","overlay-gradient":""},"tablet":{"background-color":"","background-image":"","background-repeat":"repeat","background-position":"center center","background-size":"auto","background-attachment":"scroll","background-type":"","background-media":"","overlay-type":"","overlay-color":"","overlay-opacity":"","overlay-gradient":""},"mobile":{"background-color":"","background-image":"","background-repeat":"repeat","background-position":"center center","background-size":"auto","background-attachment":"scroll","background-type":"","background-media":"","overlay-type":"","overlay-color":"","overlay-opacity":"","overlay-gradient":""}},"ast-content-background-meta":{"desktop":{"background-color":"var(--ast-global-color-5)","background-image":"","background-repeat":"repeat","background-position":"center center","background-size":"auto","background-attachment":"scroll","background-type":"","background-media":"","overlay-type":"","overlay-color":"","overlay-opacity":"","overlay-gradient":""},"tablet":{"background-color":"var(--ast-global-color-5)","background-image":"","background-repeat":"repeat","background-position":"center center","background-size":"auto","background-attachment":"scroll","background-type":"","background-media":"","overlay-type":"","overlay-color":"","overlay-opacity":"","overlay-gradient":""},"mobile":{"background-color":"var(--ast-global-color-5)","background-image":"","background-repeat":"repeat","background-position":"center center","background-size":"auto","background-attachment":"scroll","background-type":"","background-media":"","overlay-type":"","overlay-color":"","overlay-opacity":"","overlay-gradient":""}}},"product_brand":[],"product_cat":[968,967],"product_tag":[],"class_list":{"0":"post-17906","1":"product","2":"type-product","3":"status-publish","4":"has-post-thumbnail","6":"product_cat-casques-antibruit-passifs","7":"product_cat-protecteurs-auditifs","8":"desktop-align-left","9":"tablet-align-left","10":"mobile-align-left","11":"ast-product-gallery-layout-horizontal-slider","12":"ast-product-gallery-with-no-image","13":"ast-product-tabs-layout-horizontal","15":"first","16":"instock","17":"taxable","18":"shipping-taxable","19":"purchasable","20":"product-type-simple"},"_links":{"self":[{"href":"https:\/\/dacarcomercial.com\/fr\/wp-json\/wp\/v2\/product\/17906","targetHints":{"allow":["GET"]}}],"collection":[{"href":"https:\/\/dacarcomercial.com\/fr\/wp-json\/wp\/v2\/product"}],"about":[{"href":"https:\/\/dacarcomercial.com\/fr\/wp-json\/wp\/v2\/types\/product"}],"version-history":[{"count":0,"href":"https:\/\/dacarcomercial.com\/fr\/wp-json\/wp\/v2\/product\/17906\/revisions"}],"wp:featuredmedia":[{"embeddable":true,"href":"https:\/\/dacarcomercial.com\/fr\/wp-json\/wp\/v2\/media\/24406"}],"wp:attachment":[{"href":"https:\/\/dacarcomercial.com\/fr\/wp-json\/wp\/v2\/media?parent=17906"}],"wp:term":[{"taxonomy":"product_brand","embeddable":true,"href":"https:\/\/dacarcomercial.com\/fr\/wp-json\/wp\/v2\/product_brand?post=17906"},{"taxonomy":"product_cat","embeddable":true,"href":"https:\/\/dacarcomercial.com\/fr\/wp-json\/wp\/v2\/product_cat?post=17906"},{"taxonomy":"product_tag","embeddable":true,"href":"https:\/\/dacarcomercial.com\/fr\/wp-json\/wp\/v2\/product_tag?post=17906"}],"curies":[{"name":"wp","href":"https:\/\/api.w.org\/{rel}","templated":true}]}}