{"id":17915,"date":"2021-03-06T16:48:46","date_gmt":"2021-03-06T15:48:46","guid":{"rendered":"http:\/\/dacarcomercial.com\/producto\/secure-3-nuque-snr-33-db\/"},"modified":"2021-11-15T11:48:30","modified_gmt":"2021-11-15T10:48:30","slug":"secure-3-nuque","status":"publish","type":"product","link":"https:\/\/dacarcomercial.com\/fr\/producto\/secure-3-nuque\/","title":{"rendered":"Secure 3 nuque. SNR 33 dB."},"content":{"rendered":"<h2>Secure 3 nuque. SNR 33 dB.<\/h2>\n<ul>\n<li>Niveau de protection 3 pour bruit fort et tr\u00e8s fort (Plus de 115 dB)<\/li>\n<li>Mod\u00e8le recommand\u00e9 pour att\u00e9nuer les bruits sourds\u00a0 \u00e0 basse fr\u00e9quence<\/li>\n<li>Compact et l\u00e9ger (240 gr)<\/li>\n<li>Compatible avec masques \u00e0 souder, casques de chantier et casquettes anti-heurts<\/li>\n<li>Fabriqu\u00e9 \u00e0 partir de mat\u00e9riaux durables et non conducteurs compatibles pour une utilisation dans le secteur \u00e9lectrique<\/li>\n<li>Compatible avec l\u00b4\u00e9cran facial Safe 3<\/li>\n<li>Coussinets d\u2019oreille rempla\u00e7ables avec syst\u00e8me \u00ab\u00a0snap-in\u00a0\u00bb<\/li>\n<li>CE EN352-3, SNR 33 dB. H.: 35 \/ M.: 31 \/ L.: 22<\/li>\n<li>Agr\u00e9ments environnementaux : ROHS, REACH<\/li>\n<\/ul>\n","protected":false},"excerpt":{"rendered":"<p>Le protecteur auditif\u00a0<strong>Secure 3 nuque<\/strong>\u00a0avec serre-t\u00eate \u00e0 la nuque est une solution parfaite lorsqu\u2019une protection auditive est n\u00e9cessaire en combinaison avec des casques de soudage, des casquettes antichoc, des casques de chantier, des casques \u00e0 large bord ou une protection faciale autonome. Il est compatible avec l\u2019\u00e9cran facial Safe 3 (\u00e0 commander s\u00e9par\u00e9ment).<\/p>\n<p>Le serre-t\u00eate est fait de fil d\u2019acier isol\u00e9 pour \u00eatre non conducteur, tandis que la bande de soutien souple am\u00e9liore l\u2019ajustement, reposant l\u00e9g\u00e8rement sur le sommet de la t\u00eate, assurant un confort tout au long de la journ\u00e9e de travail.<\/p>\n<p>Le niveau de protection 3 est adapt\u00e9 aux niveaux de bruit tr\u00e8s \u00e9lev\u00e9s, sup\u00e9rieurs \u00e0 115 dB. Ils sont particuli\u00e8rement adapt\u00e9s pour att\u00e9nuer les bruits sourds \u00e0 basse fr\u00e9quence.<\/p>\n<p>Les casques antibruit Secure 3 sont indiqu\u00e9s pour une utilisation dans de nombreux environnements de travail diff\u00e9rents, tels que l\u2019industrie lourde, les travaux sur les pistes d\u2019a\u00e9roport ou les travaux forestiers \u00e0 la tron\u00e7onneuse. De plus, ils peuvent \u00eatre combin\u00e9s avec les \u00e9crans de la gamme Safe (\u00e0 commander s\u00e9par\u00e9ment).<\/p>\n<p><em>Les produits Dacar peuvent \u00eatre achet\u00e9s en ligne ou via notre r\u00e9seau de distributeurs. N\u00b4h\u00e9sitez pas \u00e0 nous consulter votre distributeur le plus proche !<\/em><\/p>\n","protected":false},"featured_media":30013,"template":"","meta":{"site-sidebar-layout":"default","site-content-layout":"default","ast-site-content-layout":"default","site-content-style":"default","site-sidebar-style":"default","ast-global-header-display":"","ast-banner-title-visibility":"","ast-main-header-display":"","ast-hfb-above-header-display":"","ast-hfb-below-header-display":"","ast-hfb-mobile-header-display":"","site-post-title":"","ast-breadcrumbs-content":"","ast-featured-img":"","footer-sml-layout":"","ast-disable-related-posts":"","theme-transparent-header-meta":"default","adv-header-id-meta":"","stick-header-meta":"default","header-above-stick-meta":"","header-main-stick-meta":"","header-below-stick-meta":"","astra-migrate-meta-layouts":"default","ast-page-background-enabled":"default","ast-page-background-meta":{"desktop":{"background-color":"","background-image":"","background-repeat":"repeat","background-position":"center center","background-size":"auto","background-attachment":"scroll","background-type":"","background-media":"","overlay-type":"","overlay-color":"","overlay-opacity":"","overlay-gradient":""},"tablet":{"background-color":"","background-image":"","background-repeat":"repeat","background-position":"center center","background-size":"auto","background-attachment":"scroll","background-type":"","background-media":"","overlay-type":"","overlay-color":"","overlay-opacity":"","overlay-gradient":""},"mobile":{"background-color":"","background-image":"","background-repeat":"repeat","background-position":"center center","background-size":"auto","background-attachment":"scroll","background-type":"","background-media":"","overlay-type":"","overlay-color":"","overlay-opacity":"","overlay-gradient":""}},"ast-content-background-meta":{"desktop":{"background-color":"var(--ast-global-color-5)","background-image":"","background-repeat":"repeat","background-position":"center center","background-size":"auto","background-attachment":"scroll","background-type":"","background-media":"","overlay-type":"","overlay-color":"","overlay-opacity":"","overlay-gradient":""},"tablet":{"background-color":"var(--ast-global-color-5)","background-image":"","background-repeat":"repeat","background-position":"center center","background-size":"auto","background-attachment":"scroll","background-type":"","background-media":"","overlay-type":"","overlay-color":"","overlay-opacity":"","overlay-gradient":""},"mobile":{"background-color":"var(--ast-global-color-5)","background-image":"","background-repeat":"repeat","background-position":"center center","background-size":"auto","background-attachment":"scroll","background-type":"","background-media":"","overlay-type":"","overlay-color":"","overlay-opacity":"","overlay-gradient":""}}},"product_brand":[],"product_cat":[968,967],"product_tag":[],"class_list":{"0":"post-17915","1":"product","2":"type-product","3":"status-publish","4":"has-post-thumbnail","6":"product_cat-casques-antibruit-passifs","7":"product_cat-protecteurs-auditifs","8":"desktop-align-left","9":"tablet-align-left","10":"mobile-align-left","11":"ast-product-gallery-layout-horizontal-slider","12":"ast-product-tabs-layout-horizontal","14":"first","15":"instock","16":"taxable","17":"shipping-taxable","18":"purchasable","19":"product-type-simple"},"_links":{"self":[{"href":"https:\/\/dacarcomercial.com\/fr\/wp-json\/wp\/v2\/product\/17915","targetHints":{"allow":["GET"]}}],"collection":[{"href":"https:\/\/dacarcomercial.com\/fr\/wp-json\/wp\/v2\/product"}],"about":[{"href":"https:\/\/dacarcomercial.com\/fr\/wp-json\/wp\/v2\/types\/product"}],"version-history":[{"count":0,"href":"https:\/\/dacarcomercial.com\/fr\/wp-json\/wp\/v2\/product\/17915\/revisions"}],"wp:featuredmedia":[{"embeddable":true,"href":"https:\/\/dacarcomercial.com\/fr\/wp-json\/wp\/v2\/media\/30013"}],"wp:attachment":[{"href":"https:\/\/dacarcomercial.com\/fr\/wp-json\/wp\/v2\/media?parent=17915"}],"wp:term":[{"taxonomy":"product_brand","embeddable":true,"href":"https:\/\/dacarcomercial.com\/fr\/wp-json\/wp\/v2\/product_brand?post=17915"},{"taxonomy":"product_cat","embeddable":true,"href":"https:\/\/dacarcomercial.com\/fr\/wp-json\/wp\/v2\/product_cat?post=17915"},{"taxonomy":"product_tag","embeddable":true,"href":"https:\/\/dacarcomercial.com\/fr\/wp-json\/wp\/v2\/product_tag?post=17915"}],"curies":[{"name":"wp","href":"https:\/\/api.w.org\/{rel}","templated":true}]}}