{"id":17916,"date":"2021-03-06T16:48:46","date_gmt":"2021-03-06T15:48:46","guid":{"rendered":"http:\/\/dacarcomercial.com\/producto\/secure-1-chantier-snr-26-db\/"},"modified":"2022-09-06T08:28:04","modified_gmt":"2022-09-06T06:28:04","slug":"secure-1-chantier-snr-26-db","status":"publish","type":"product","link":"https:\/\/dacarcomercial.com\/fr\/producto\/secure-1-chantier-snr-26-db\/","title":{"rendered":"Secure 1 chantier. SNR 25 dB."},"content":{"rendered":"<h2>Secure 1 chantier. SNR 25 dB.<\/h2>\n<ul>\n<li>Niveau de protection 1 pour bruit faible \u00e0 moyen (70-90 dB)<\/li>\n<li>Tr\u00e8s fin et l\u00e9ger (250 gr\/paire)<\/li>\n<li>Compatible avec la pluspart des casques de chantier avec rainures lat\u00e9rales de 30 mm<\/li>\n<li>3 positions de port : stationn\u00e9 (en appui sur l&rsquo;arri\u00e8re du casque), en veille (avec peu de pression sur les oreilles) ou en utilisation (avec un ajustement serr\u00e9 sur les oreilles)<\/li>\n<li>Fabriqu\u00e9 \u00e0 partir de mat\u00e9riaux durables et non conducteurs compatibles pour une utilisation dans le secteur \u00e9lectrique<\/li>\n<li>Un point de r\u00e9glage de taille unique pour un ajustement facile et confortable<\/li>\n<li>Compatible avec la gamme d\u00b4\u00e9crans de la s\u00e9rie Safe et le support Safe 2 Flex<\/li>\n<li>Coussinets d\u2019oreille rempla\u00e7ables avec syst\u00e8me \u00ab\u00a0snap-in\u00a0\u00bb<\/li>\n<li>CE EN352-3, SNR 25 dB. H.: 27 \/ M.: 23 \/ L.: 16<\/li>\n<li>Agr\u00e9ments environnementaux : ROHS, REACH<\/li>\n<\/ul>\n","protected":false},"excerpt":{"rendered":"<p>Les <strong>casques anti-bruit Secure 1 chantier<\/strong> sont le choix id\u00e9al pour tout travail n\u00e9cessitant une protection combin\u00e9e de la t\u00eate et des oreilles. Ils int\u00e8grent un adaptateur qui se fixe aux rainures lat\u00e9rales standard de 30 mm des casques de chantier qui durent plus de 10 000 oscillations, ce qui repr\u00e9sente une utilisation normale d&rsquo;au moins 5 ans.\u00a0Les coussins doux et un r\u00e9glage facile de la taille offre un ajustement parfait pour toutes les tailles de t\u00eate.<\/p>\n<p>Le niveau de protection 1 convient aux niveaux de bruit faibles \u00e0 moyens, entre 75 et 90 dB et \u00e0 une exposition \u00e0 court terme \u00e0 des niveaux de bruit moyens \u00e0 \u00e9lev\u00e9s. Les protecteurs auditifs Secure 1 sont compatibles avec les \u00e9crans de protection faciale de la gamme Safe (\u00e0 commander s\u00e9par\u00e9ment).<\/p>\n<p>Pour une utilisation dans de nombreux environnements de travail diff\u00e9rents, tels que les industries manufacturi\u00e8res g\u00e9n\u00e9rales, le travail avec des outils \u00e9lectriques, la construction ou le bricolage.<\/p>\n<p><em>Les produits Dacar peuvent \u00eatre achet\u00e9s en ligne ou via notre r\u00e9seau de distributeurs. N\u00b4h\u00e9sitez pas \u00e0 nous consulter votre distributeur le plus proche !<\/em><\/p>\n","protected":false},"featured_media":29942,"template":"","meta":{"site-sidebar-layout":"default","site-content-layout":"default","ast-site-content-layout":"default","site-content-style":"default","site-sidebar-style":"default","ast-global-header-display":"","ast-banner-title-visibility":"","ast-main-header-display":"","ast-hfb-above-header-display":"","ast-hfb-below-header-display":"","ast-hfb-mobile-header-display":"","site-post-title":"","ast-breadcrumbs-content":"","ast-featured-img":"","footer-sml-layout":"","ast-disable-related-posts":"","theme-transparent-header-meta":"default","adv-header-id-meta":"","stick-header-meta":"default","header-above-stick-meta":"","header-main-stick-meta":"","header-below-stick-meta":"","astra-migrate-meta-layouts":"default","ast-page-background-enabled":"default","ast-page-background-meta":{"desktop":{"background-color":"","background-image":"","background-repeat":"repeat","background-position":"center center","background-size":"auto","background-attachment":"scroll","background-type":"","background-media":"","overlay-type":"","overlay-color":"","overlay-opacity":"","overlay-gradient":""},"tablet":{"background-color":"","background-image":"","background-repeat":"repeat","background-position":"center center","background-size":"auto","background-attachment":"scroll","background-type":"","background-media":"","overlay-type":"","overlay-color":"","overlay-opacity":"","overlay-gradient":""},"mobile":{"background-color":"","background-image":"","background-repeat":"repeat","background-position":"center center","background-size":"auto","background-attachment":"scroll","background-type":"","background-media":"","overlay-type":"","overlay-color":"","overlay-opacity":"","overlay-gradient":""}},"ast-content-background-meta":{"desktop":{"background-color":"var(--ast-global-color-5)","background-image":"","background-repeat":"repeat","background-position":"center center","background-size":"auto","background-attachment":"scroll","background-type":"","background-media":"","overlay-type":"","overlay-color":"","overlay-opacity":"","overlay-gradient":""},"tablet":{"background-color":"var(--ast-global-color-5)","background-image":"","background-repeat":"repeat","background-position":"center center","background-size":"auto","background-attachment":"scroll","background-type":"","background-media":"","overlay-type":"","overlay-color":"","overlay-opacity":"","overlay-gradient":""},"mobile":{"background-color":"var(--ast-global-color-5)","background-image":"","background-repeat":"repeat","background-position":"center center","background-size":"auto","background-attachment":"scroll","background-type":"","background-media":"","overlay-type":"","overlay-color":"","overlay-opacity":"","overlay-gradient":""}}},"product_brand":[],"product_cat":[968,967],"product_tag":[],"class_list":{"0":"post-17916","1":"product","2":"type-product","3":"status-publish","4":"has-post-thumbnail","6":"product_cat-casques-antibruit-passifs","7":"product_cat-protecteurs-auditifs","8":"desktop-align-left","9":"tablet-align-left","10":"mobile-align-left","11":"ast-product-gallery-layout-horizontal-slider","12":"ast-product-tabs-layout-horizontal","14":"first","15":"instock","16":"taxable","17":"shipping-taxable","18":"purchasable","19":"product-type-simple"},"_links":{"self":[{"href":"https:\/\/dacarcomercial.com\/fr\/wp-json\/wp\/v2\/product\/17916","targetHints":{"allow":["GET"]}}],"collection":[{"href":"https:\/\/dacarcomercial.com\/fr\/wp-json\/wp\/v2\/product"}],"about":[{"href":"https:\/\/dacarcomercial.com\/fr\/wp-json\/wp\/v2\/types\/product"}],"version-history":[{"count":0,"href":"https:\/\/dacarcomercial.com\/fr\/wp-json\/wp\/v2\/product\/17916\/revisions"}],"wp:featuredmedia":[{"embeddable":true,"href":"https:\/\/dacarcomercial.com\/fr\/wp-json\/wp\/v2\/media\/29942"}],"wp:attachment":[{"href":"https:\/\/dacarcomercial.com\/fr\/wp-json\/wp\/v2\/media?parent=17916"}],"wp:term":[{"taxonomy":"product_brand","embeddable":true,"href":"https:\/\/dacarcomercial.com\/fr\/wp-json\/wp\/v2\/product_brand?post=17916"},{"taxonomy":"product_cat","embeddable":true,"href":"https:\/\/dacarcomercial.com\/fr\/wp-json\/wp\/v2\/product_cat?post=17916"},{"taxonomy":"product_tag","embeddable":true,"href":"https:\/\/dacarcomercial.com\/fr\/wp-json\/wp\/v2\/product_tag?post=17916"}],"curies":[{"name":"wp","href":"https:\/\/api.w.org\/{rel}","templated":true}]}}