{"id":17951,"date":"2021-03-06T16:49:07","date_gmt":"2021-03-06T15:49:07","guid":{"rendered":"http:\/\/dacarcomercial.com\/producto\/dc-1000-en-rouleau-de-1-x-50-m\/"},"modified":"2024-07-09T07:40:29","modified_gmt":"2024-07-09T05:40:29","slug":"toiile-anti-chaleur-950-rouleau-de-1x25","status":"publish","type":"product","link":"https:\/\/dacarcomercial.com\/fr\/producto\/toiile-anti-chaleur-950-rouleau-de-1x25\/","title":{"rendered":"Toile anti-chaleur 950\u00baC (rouleau de 1&#215;25 m)"},"content":{"rendered":"<h3><strong>Caract\u00e9ristiques techniques toile anti-chaleur 950\u00baC (rouleau de 1&#215;25 m)<\/strong><\/h3>\n<ul>\n<li>Mat\u00e9riau : tissu en fibre de verre enduit de vermiculite sans amiante<\/li>\n<li>Temp\u00e9rature d&rsquo;utilisation : jusqu&rsquo;\u00e0 750 \u00b0C en continu et pic jusqu&rsquo;\u00e0 950 \u00b0C<\/li>\n<li>Couleur: noir<\/li>\n<li>Dimensions : 1x25m<\/li>\n<li>Convient aux travaux de soudage de moyenne intensit\u00e9 et de coupe<\/li>\n<li>Fournit une r\u00e9sistance \u00e0 l&rsquo;abrasion et aux hautes temp\u00e9ratures, isolation thermique, \u00e0 l\u00b4oxidation, contre les \u00e9claboussures d&rsquo;intensit\u00e9 moyenne, les \u00e9tincelles denses et les grattons<\/li>\n<li>Excellent rapport co\u00fbt\/b\u00e9n\u00e9fice de la protection<\/li>\n<li>\u00a0\u00c9paisseur : 1,06 mm<\/li>\n<li>Poids : 22 Kg\/rouleau de 25 m<\/li>\n<li>Fils\/cm (Fd\/cm) : cha\u00eene 6, trame 3,4<\/li>\n<li>Nombre de fils (tex) : cha\u00eene ET9 860, trame ET9 860<\/li>\n<li>R\u00e9sistance \u00e0 la rupture : 1650 N \/ 2,5 cm cha\u00eene, 1100 N \/ 2,5 cm trame<\/li>\n<li>Prix par rouleau complet de 25 m<\/li>\n<\/ul>\n<p>&nbsp;<\/p>\n","protected":false},"excerpt":{"rendered":"<p><strong>Rouleau de mat\u00e9riau ignifuge DC-1000 en fibre de verre avec rev\u00eatement en vermiculite<\/strong><\/p>\n<p>La <strong>toile anti-chaleur 950\u00baC (rouleau de 1&#215;25 m)<\/strong> convient aux travaux de soudage et de coupe de moyenne intensit\u00e9.<\/p>\n<p>Elle fournit une r\u00e9sistance \u00e0 l&rsquo;abrasion et aux hautes temp\u00e9ratures, isolation thermique, \u00e0 l\u00b4oxidation, contre les \u00e9claboussures d&rsquo;<strong>intensit\u00e9 moyenne<\/strong>, les <strong>\u00e9tincelles denses et les grattons<\/strong>.<\/p>\n<p>Pour une utilisation verticale ou plane, pour couvrir des surfaces ou des objets susceptibles d&rsquo;\u00eatre affect\u00e9s par des projections de soudure, de coupe ou de meulage.<\/p>\n<p><em>Les produits Dacar peuvent \u00eatre achet\u00e9s en ligne ou via notre r\u00e9seau de distributeurs. N\u00b4h\u00e9sitez pas \u00e0 nous consulter votre revendeur le plus proche !<\/em><\/p>\n","protected":false},"featured_media":27277,"template":"","meta":{"site-sidebar-layout":"default","site-content-layout":"default","ast-site-content-layout":"default","site-content-style":"default","site-sidebar-style":"default","ast-global-header-display":"","ast-banner-title-visibility":"","ast-main-header-display":"","ast-hfb-above-header-display":"","ast-hfb-below-header-display":"","ast-hfb-mobile-header-display":"","site-post-title":"","ast-breadcrumbs-content":"","ast-featured-img":"","footer-sml-layout":"","ast-disable-related-posts":"","theme-transparent-header-meta":"default","adv-header-id-meta":"","stick-header-meta":"default","header-above-stick-meta":"","header-main-stick-meta":"","header-below-stick-meta":"","astra-migrate-meta-layouts":"set","ast-page-background-enabled":"default","ast-page-background-meta":{"desktop":{"background-color":"","background-image":"","background-repeat":"repeat","background-position":"center center","background-size":"auto","background-attachment":"scroll","background-type":"","background-media":"","overlay-type":"","overlay-color":"","overlay-opacity":"","overlay-gradient":""},"tablet":{"background-color":"","background-image":"","background-repeat":"repeat","background-position":"center center","background-size":"auto","background-attachment":"scroll","background-type":"","background-media":"","overlay-type":"","overlay-color":"","overlay-opacity":"","overlay-gradient":""},"mobile":{"background-color":"","background-image":"","background-repeat":"repeat","background-position":"center center","background-size":"auto","background-attachment":"scroll","background-type":"","background-media":"","overlay-type":"","overlay-color":"","overlay-opacity":"","overlay-gradient":""}},"ast-content-background-meta":{"desktop":{"background-color":"var(--ast-global-color-5)","background-image":"","background-repeat":"repeat","background-position":"center center","background-size":"auto","background-attachment":"scroll","background-type":"","background-media":"","overlay-type":"","overlay-color":"","overlay-opacity":"","overlay-gradient":""},"tablet":{"background-color":"var(--ast-global-color-5)","background-image":"","background-repeat":"repeat","background-position":"center center","background-size":"auto","background-attachment":"scroll","background-type":"","background-media":"","overlay-type":"","overlay-color":"","overlay-opacity":"","overlay-gradient":""},"mobile":{"background-color":"var(--ast-global-color-5)","background-image":"","background-repeat":"repeat","background-position":"center center","background-size":"auto","background-attachment":"scroll","background-type":"","background-media":"","overlay-type":"","overlay-color":"","overlay-opacity":"","overlay-gradient":""}}},"product_brand":[],"product_cat":[971,1601],"product_tag":[],"class_list":{"0":"post-17951","1":"product","2":"type-product","3":"status-publish","4":"has-post-thumbnail","6":"product_cat-toiles-ignifugees","7":"product_cat-toiles-ignifugees-jusqua-1000oc","8":"desktop-align-left","9":"tablet-align-left","10":"mobile-align-left","11":"ast-product-gallery-layout-horizontal-slider","12":"ast-product-tabs-layout-horizontal","14":"first","15":"instock","16":"taxable","17":"shipping-taxable","18":"purchasable","19":"product-type-simple"},"_links":{"self":[{"href":"https:\/\/dacarcomercial.com\/fr\/wp-json\/wp\/v2\/product\/17951","targetHints":{"allow":["GET"]}}],"collection":[{"href":"https:\/\/dacarcomercial.com\/fr\/wp-json\/wp\/v2\/product"}],"about":[{"href":"https:\/\/dacarcomercial.com\/fr\/wp-json\/wp\/v2\/types\/product"}],"version-history":[{"count":0,"href":"https:\/\/dacarcomercial.com\/fr\/wp-json\/wp\/v2\/product\/17951\/revisions"}],"wp:featuredmedia":[{"embeddable":true,"href":"https:\/\/dacarcomercial.com\/fr\/wp-json\/wp\/v2\/media\/27277"}],"wp:attachment":[{"href":"https:\/\/dacarcomercial.com\/fr\/wp-json\/wp\/v2\/media?parent=17951"}],"wp:term":[{"taxonomy":"product_brand","embeddable":true,"href":"https:\/\/dacarcomercial.com\/fr\/wp-json\/wp\/v2\/product_brand?post=17951"},{"taxonomy":"product_cat","embeddable":true,"href":"https:\/\/dacarcomercial.com\/fr\/wp-json\/wp\/v2\/product_cat?post=17951"},{"taxonomy":"product_tag","embeddable":true,"href":"https:\/\/dacarcomercial.com\/fr\/wp-json\/wp\/v2\/product_tag?post=17951"}],"curies":[{"name":"wp","href":"https:\/\/api.w.org\/{rel}","templated":true}]}}