{"id":17955,"date":"2021-03-06T16:49:07","date_gmt":"2021-03-06T15:49:07","guid":{"rendered":"http:\/\/dacarcomercial.com\/producto\/toile-ignifuge-100-felt-dc-1250-en-rouleaux-de-1-metre-max-25-m\/"},"modified":"2024-07-09T07:35:15","modified_gmt":"2024-07-09T05:35:15","slug":"toile-ignifuge-100-felt-dc-1250-en-rouleaux-de-1-x-25-m","status":"publish","type":"product","link":"https:\/\/dacarcomercial.com\/fr\/producto\/toile-ignifuge-100-felt-dc-1250-en-rouleaux-de-1-x-25-m\/","title":{"rendered":"Toile ignifuge 100% Felt DC-1250 (rouleau de 1&#215;25 m)"},"content":{"rendered":"<p><strong>Caract\u00e9ristiques techniques<\/strong><\/p>\n<ul>\n<li>Mat\u00e9riel : O\u00b4Pan 100% feutre non tiss\u00e9 (fibre Pyron)<\/li>\n<li>Temp\u00e9ratures d\u2019utilisation : en continu jusqu\u2019\u00e0 250\u00b0C et en pointe jusqu\u2019\u00e0 1250\u00b0C<\/li>\n<li>Couleur: noir<\/li>\n<li>Dimensions: 1x25m<\/li>\n<li>Pour soudage et coupage avec fortes intensit\u00e9s<\/li>\n<li>\u00c9paisseur : 3,6 \u2013 4,00 mm<\/li>\n<li>Poids : 10,5 Kg\/rouleau de 25 m<\/li>\n<li>La mati\u00e8re \u00e9tant du feutre, il n\u00b4y a pas de risque d\u00b4effilochage<\/li>\n<li>Pas besoin de co\u00fbtures!<\/li>\n<\/ul>\n","protected":false},"excerpt":{"rendered":"<p><strong>Rouleau de mat\u00e9riau ignifuge Felt DC-1250, 100% sans fibre de verre pour soudage\u00a0<\/strong><\/p>\n<p>Fournit une protection efficace contre les projections provenant de travaux de soudage avec fortes projections ou de coupe et de fusion de m\u00e9taux<\/p>\n<p>Haute r\u00e9sistance \u00e0 l\u2019abrasion et \u00e0 la traction ainsi qu\u2019aux graisses et huiles.<\/p>\n<p>Bonne isolation acoustique et thermique tout en \u00e9tant une barri\u00e8re efficace contre le rayonnement lumineux en ne laissant pas passer la lumi\u00e8re<\/p>\n<p>Mat\u00e9riau l\u00e9ger et facile \u00e0 couper, sans fibre de verre ni amiante<\/p>\n<p>Prix par rouleau complet de 1&#215;25 m<\/p>\n<p><em>Les produits Dacar peuvent \u00eatre achet\u00e9s en ligne ou via notre r\u00e9seau de distributeurs. N\u00b4h\u00e9sitez pas \u00e0 nous consulter votre revendeur le plus proche !<\/em><\/p>\n","protected":false},"featured_media":27314,"template":"","meta":{"site-sidebar-layout":"default","site-content-layout":"default","ast-site-content-layout":"default","site-content-style":"default","site-sidebar-style":"default","ast-global-header-display":"","ast-banner-title-visibility":"","ast-main-header-display":"","ast-hfb-above-header-display":"","ast-hfb-below-header-display":"","ast-hfb-mobile-header-display":"","site-post-title":"","ast-breadcrumbs-content":"","ast-featured-img":"","footer-sml-layout":"","ast-disable-related-posts":"","theme-transparent-header-meta":"default","adv-header-id-meta":"","stick-header-meta":"default","header-above-stick-meta":"","header-main-stick-meta":"","header-below-stick-meta":"","astra-migrate-meta-layouts":"set","ast-page-background-enabled":"default","ast-page-background-meta":{"desktop":{"background-color":"","background-image":"","background-repeat":"repeat","background-position":"center center","background-size":"auto","background-attachment":"scroll","background-type":"","background-media":"","overlay-type":"","overlay-color":"","overlay-opacity":"","overlay-gradient":""},"tablet":{"background-color":"","background-image":"","background-repeat":"repeat","background-position":"center center","background-size":"auto","background-attachment":"scroll","background-type":"","background-media":"","overlay-type":"","overlay-color":"","overlay-opacity":"","overlay-gradient":""},"mobile":{"background-color":"","background-image":"","background-repeat":"repeat","background-position":"center center","background-size":"auto","background-attachment":"scroll","background-type":"","background-media":"","overlay-type":"","overlay-color":"","overlay-opacity":"","overlay-gradient":""}},"ast-content-background-meta":{"desktop":{"background-color":"var(--ast-global-color-5)","background-image":"","background-repeat":"repeat","background-position":"center center","background-size":"auto","background-attachment":"scroll","background-type":"","background-media":"","overlay-type":"","overlay-color":"","overlay-opacity":"","overlay-gradient":""},"tablet":{"background-color":"var(--ast-global-color-5)","background-image":"","background-repeat":"repeat","background-position":"center center","background-size":"auto","background-attachment":"scroll","background-type":"","background-media":"","overlay-type":"","overlay-color":"","overlay-opacity":"","overlay-gradient":""},"mobile":{"background-color":"var(--ast-global-color-5)","background-image":"","background-repeat":"repeat","background-position":"center center","background-size":"auto","background-attachment":"scroll","background-type":"","background-media":"","overlay-type":"","overlay-color":"","overlay-opacity":"","overlay-gradient":""}}},"product_brand":[],"product_cat":[1772,971,1602],"product_tag":[],"class_list":{"0":"post-17955","1":"product","2":"type-product","3":"status-publish","4":"has-post-thumbnail","6":"product_cat-toiles-anti-chaleur-sans-fibre-de-verre","7":"product_cat-toiles-ignifugees","8":"product_cat-toiles-ignifugees-jusqua-1500oc","9":"desktop-align-left","10":"tablet-align-left","11":"mobile-align-left","12":"ast-product-gallery-layout-horizontal-slider","13":"ast-product-tabs-layout-horizontal","15":"first","16":"instock","17":"taxable","18":"shipping-taxable","19":"purchasable","20":"product-type-simple"},"_links":{"self":[{"href":"https:\/\/dacarcomercial.com\/fr\/wp-json\/wp\/v2\/product\/17955","targetHints":{"allow":["GET"]}}],"collection":[{"href":"https:\/\/dacarcomercial.com\/fr\/wp-json\/wp\/v2\/product"}],"about":[{"href":"https:\/\/dacarcomercial.com\/fr\/wp-json\/wp\/v2\/types\/product"}],"version-history":[{"count":0,"href":"https:\/\/dacarcomercial.com\/fr\/wp-json\/wp\/v2\/product\/17955\/revisions"}],"wp:featuredmedia":[{"embeddable":true,"href":"https:\/\/dacarcomercial.com\/fr\/wp-json\/wp\/v2\/media\/27314"}],"wp:attachment":[{"href":"https:\/\/dacarcomercial.com\/fr\/wp-json\/wp\/v2\/media?parent=17955"}],"wp:term":[{"taxonomy":"product_brand","embeddable":true,"href":"https:\/\/dacarcomercial.com\/fr\/wp-json\/wp\/v2\/product_brand?post=17955"},{"taxonomy":"product_cat","embeddable":true,"href":"https:\/\/dacarcomercial.com\/fr\/wp-json\/wp\/v2\/product_cat?post=17955"},{"taxonomy":"product_tag","embeddable":true,"href":"https:\/\/dacarcomercial.com\/fr\/wp-json\/wp\/v2\/product_tag?post=17955"}],"curies":[{"name":"wp","href":"https:\/\/api.w.org\/{rel}","templated":true}]}}