{"id":17967,"date":"2021-03-06T16:49:19","date_gmt":"2021-03-06T15:49:19","guid":{"rendered":"http:\/\/dacarcomercial.com\/producto\/dc-600-avec-4-aimants-en-haut\/"},"modified":"2024-07-09T07:25:46","modified_gmt":"2024-07-09T05:25:46","slug":"toile-anti-chaleur-600-avec-4-aimants-en-haut","status":"publish","type":"product","link":"https:\/\/dacarcomercial.com\/fr\/producto\/toile-anti-chaleur-600-avec-4-aimants-en-haut\/","title":{"rendered":"Toile anti-chaleur 600\u00baC (2&#215;1 m) avec 4 aimants en haut"},"content":{"rendered":"<h3><strong>Caract\u00e9ristiques techniques Toile anti-chaleur 600\u00baC (2&#215;1 m) avec 4 aimants en haut:<\/strong><\/h3>\n<ul>\n<li>Mat\u00e9riaux : fibre de verre + PU sur un c\u00f4t\u00e9. Co\u00fbtures fil Kevlar.<\/li>\n<li>Temp\u00e9ratures d\u2019utilisation : en continu jusqu\u2019\u00e0 500 \u00b0C et en pointe jusqu\u2019\u00e0 600 \u00b0C<\/li>\n<li>Couleur : argent pour le c\u00f4t\u00e9 fibre de verre (c\u00f4t\u00e9 qui re\u00e7oit les projections) et gris pour le c\u00f4t\u00e9 enduit PU<\/li>\n<li>Dimensions :\u00a0 H. 1 m x L. 2 m avec 4 aimants cousus dans l\u00b4ourlet sup\u00e9rieur<\/li>\n<li>Fabriqu\u00e9 et con\u00e7u en Espagne.<\/li>\n<li>Convient aux travaux de soudage et de coupage de faible intensit\u00e9<\/li>\n<li>\u00c9paisseur : 0,75 mm<\/li>\n<li>Poids : 690 g\/m2<\/li>\n<li>Fils\/cm (Fd\/cm) : cha\u00eene 16, trame 15<\/li>\n<li>Nombre de fils (tex)\u00a0: cha\u00eene 68, trame 68<\/li>\n<li>R\u00e9sistance \u00e0 la rupture : 2500 N \/ 2,5 cm cha\u00eene, 2200 N \/ 2,5 cm trame<\/li>\n<\/ul>\n","protected":false},"excerpt":{"rendered":"<p>La <strong>Toile anti-chaleur 600\u00baC (2&#215;1 m) avec 4 aimants en haut <\/strong>est fabriqu\u00e9e avec un tissu \u00e0 base de \u00a0fibre de verre thermique avec un c\u00f4t\u00e9 recouvert de polyur\u00e9thane pour maintenir les fibres ensemble et qu\u2019elles ne puissent pas laisser passer d\u2019\u00e9tincelles.<\/p>\n<p>Sans amiante, elle est \u00e9quip\u00e9e de 4 aimants cousus dans l\u2019ourlet sup\u00e9rieur pour un placement facile sur n\u2019importe quelle structure ou surface en m\u00e9tal.<\/p>\n<p>Rapide et facile \u00e0 retirer et \u00e0 fixer, elle est id\u00e9ale, par exemple, pour prot\u00e9ger des parties d\u2019une carrosserie de v\u00e9hicule ou pour se fixer sur un ch\u00e2ssis vertical.<\/p>\n<p>Id\u00e9ale pour les ateliers automobiles<\/p>\n<p><em>Les produits Dacar peuvent \u00eatre achet\u00e9s en ligne ou via notre r\u00e9seau de distributeurs. N\u00b4h\u00e9sitez pas \u00e0 nous consulter votre revendeur le plus proche !<\/em><\/p>\n","protected":false},"featured_media":7737,"template":"","meta":{"site-sidebar-layout":"default","site-content-layout":"default","ast-site-content-layout":"default","site-content-style":"default","site-sidebar-style":"default","ast-global-header-display":"","ast-banner-title-visibility":"","ast-main-header-display":"","ast-hfb-above-header-display":"","ast-hfb-below-header-display":"","ast-hfb-mobile-header-display":"","site-post-title":"","ast-breadcrumbs-content":"","ast-featured-img":"","footer-sml-layout":"","ast-disable-related-posts":"","theme-transparent-header-meta":"default","adv-header-id-meta":"","stick-header-meta":"default","header-above-stick-meta":"","header-main-stick-meta":"","header-below-stick-meta":"","astra-migrate-meta-layouts":"set","ast-page-background-enabled":"default","ast-page-background-meta":{"desktop":{"background-color":"","background-image":"","background-repeat":"repeat","background-position":"center center","background-size":"auto","background-attachment":"scroll","background-type":"","background-media":"","overlay-type":"","overlay-color":"","overlay-opacity":"","overlay-gradient":""},"tablet":{"background-color":"","background-image":"","background-repeat":"repeat","background-position":"center center","background-size":"auto","background-attachment":"scroll","background-type":"","background-media":"","overlay-type":"","overlay-color":"","overlay-opacity":"","overlay-gradient":""},"mobile":{"background-color":"","background-image":"","background-repeat":"repeat","background-position":"center center","background-size":"auto","background-attachment":"scroll","background-type":"","background-media":"","overlay-type":"","overlay-color":"","overlay-opacity":"","overlay-gradient":""}},"ast-content-background-meta":{"desktop":{"background-color":"var(--ast-global-color-5)","background-image":"","background-repeat":"repeat","background-position":"center center","background-size":"auto","background-attachment":"scroll","background-type":"","background-media":"","overlay-type":"","overlay-color":"","overlay-opacity":"","overlay-gradient":""},"tablet":{"background-color":"var(--ast-global-color-5)","background-image":"","background-repeat":"repeat","background-position":"center center","background-size":"auto","background-attachment":"scroll","background-type":"","background-media":"","overlay-type":"","overlay-color":"","overlay-opacity":"","overlay-gradient":""},"mobile":{"background-color":"var(--ast-global-color-5)","background-image":"","background-repeat":"repeat","background-position":"center center","background-size":"auto","background-attachment":"scroll","background-type":"","background-media":"","overlay-type":"","overlay-color":"","overlay-opacity":"","overlay-gradient":""}}},"product_brand":[],"product_cat":[971,1604],"product_tag":[],"class_list":{"0":"post-17967","1":"product","2":"type-product","3":"status-publish","4":"has-post-thumbnail","6":"product_cat-toiles-ignifugees","7":"product_cat-toiles-ignifugees-avec-aimants","8":"desktop-align-left","9":"tablet-align-left","10":"mobile-align-left","11":"ast-product-gallery-layout-horizontal-slider","12":"ast-product-gallery-with-no-image","13":"ast-product-tabs-layout-horizontal","15":"first","16":"instock","17":"taxable","18":"shipping-taxable","19":"purchasable","20":"product-type-simple"},"_links":{"self":[{"href":"https:\/\/dacarcomercial.com\/fr\/wp-json\/wp\/v2\/product\/17967","targetHints":{"allow":["GET"]}}],"collection":[{"href":"https:\/\/dacarcomercial.com\/fr\/wp-json\/wp\/v2\/product"}],"about":[{"href":"https:\/\/dacarcomercial.com\/fr\/wp-json\/wp\/v2\/types\/product"}],"version-history":[{"count":0,"href":"https:\/\/dacarcomercial.com\/fr\/wp-json\/wp\/v2\/product\/17967\/revisions"}],"wp:featuredmedia":[{"embeddable":true,"href":"https:\/\/dacarcomercial.com\/fr\/wp-json\/wp\/v2\/media\/7737"}],"wp:attachment":[{"href":"https:\/\/dacarcomercial.com\/fr\/wp-json\/wp\/v2\/media?parent=17967"}],"wp:term":[{"taxonomy":"product_brand","embeddable":true,"href":"https:\/\/dacarcomercial.com\/fr\/wp-json\/wp\/v2\/product_brand?post=17967"},{"taxonomy":"product_cat","embeddable":true,"href":"https:\/\/dacarcomercial.com\/fr\/wp-json\/wp\/v2\/product_cat?post=17967"},{"taxonomy":"product_tag","embeddable":true,"href":"https:\/\/dacarcomercial.com\/fr\/wp-json\/wp\/v2\/product_tag?post=17967"}],"curies":[{"name":"wp","href":"https:\/\/api.w.org\/{rel}","templated":true}]}}