{"id":17997,"date":"2021-03-06T16:49:30","date_gmt":"2021-03-06T15:49:30","guid":{"rendered":"http:\/\/dacarcomercial.com\/producto\/flexor-plus-grise-orange-pc-as-uv\/"},"modified":"2022-03-18T10:23:50","modified_gmt":"2022-03-18T09:23:50","slug":"flexor-plus-incolore","status":"publish","type":"product","link":"https:\/\/dacarcomercial.com\/fr\/producto\/flexor-plus-incolore\/","title":{"rendered":"Flexor Plus incolore"},"content":{"rendered":"<h2><strong>Caract\u00e9ristiques Flexor Plus incolore<\/strong><\/h2>\n<ul>\n<li>Extr\u00eamement flexibles et robustes<\/li>\n<li>Plaquettes r\u00e9glables individuellement<\/li>\n<li>Joint en caoutchouc<\/li>\n<li>Champ visuel illimit\u00e9<\/li>\n<li>Assise sans pression g\u00eanante gr\u00e2ce \u00e0 un mat\u00e9riau flexible<\/li>\n<li>Branches rev\u00eatues de caoutchouc pour un maintien parfait<\/li>\n<li>Lunettes de protection particuli\u00e8rement l\u00e9g\u00e8res<\/li>\n<li>R\u00e9sistance aux chocs \u00e9lev\u00e9e<\/li>\n<\/ul>\n","protected":false},"excerpt":{"rendered":"<p><strong>Poids plume et ultra-flexibilit\u00e9<\/strong><\/p>\n<p>Les lunettes Flexor Plus incolore sont l\u00e9g\u00e8res comme une plume et s\u2019adaptent \u00e0 toute forme de t\u00eate sans serrer.<\/p>\n<p>La distance entre l\u2019oeil et le verre de protection est r\u00e9glable. Ceci permet d\u2019\u00e9viter que les cils touchent le verre. Les plaquettes s\u2019adaptent \u00e9galement \u00e0 la largeur du nez.<\/p>\n<ul>\n<li><strong>Joint en caoutchouc sus orbital:<\/strong> le joint en caoutchouc plac\u00e9 sur le bord sup\u00e9rieur de la monture renforce la protection contre les corps \u00e9trangers qui pourraient p\u00e9n\u00e9trer par le haut.<\/li>\n<li><strong>Assise antid\u00e9rapante:<\/strong> la face int\u00e9rieure des lunettes de protection et les plaquettes sont enti\u00e8rement caoutchout\u00e9s. Une assise optimale est ainsi garantie.<\/li>\n<li><strong>Robustes:<\/strong> des lunettes de protection ne prot\u00e8gent pas seulement contre les risques. Sollicit\u00e9es quotidiennement,elles peuvent \u00eatre endommag\u00e9es. Les Flexor plus sont extr\u00eamement flexibles et conservent leur forme.<\/li>\n<\/ul>\n<p><strong>Sp\u00e9cifications<\/strong><\/p>\n<ul>\n<li>Avec oculaires en polycarbonate anti-rayures<\/li>\n<li>UV protection<\/li>\n<li>Poids: 24 g<\/li>\n<li>Branches Easy Fit Soft<\/li>\n<li>EN 166 &amp; 170<\/li>\n<\/ul>\n<div class=\"elementor-element elementor-element-166c857 ob-has-background-overlay elementor-widget elementor-widget-woocommerce-product-short-description\" data-id=\"166c857\" data-element_type=\"widget\" data-settings=\"{&quot;_ob_perspektive_use&quot;:&quot;no&quot;,&quot;_ob_poopart_use&quot;:&quot;yes&quot;,&quot;_ob_shadough_use&quot;:&quot;no&quot;,&quot;_ob_allow_hoveranimator&quot;:&quot;no&quot;,&quot;_ob_widget_stalker_use&quot;:&quot;no&quot;}\" data-widget_type=\"woocommerce-product-short-description.default\">\n<div class=\"elementor-widget-container\">\n<div class=\"woocommerce-product-details__short-description\">\n<p><em>Les produits Dacar peuvent \u00eatre achet\u00e9s en ligne ou via notre r\u00e9seau de distributeurs. N\u00b4h\u00e9sitez pas \u00e0 nous consulter votre revendeur le plus proche !<\/em><\/p>\n<\/div>\n<\/div>\n<\/div>\n","protected":false},"featured_media":8697,"template":"","meta":{"site-sidebar-layout":"default","site-content-layout":"default","ast-site-content-layout":"default","site-content-style":"default","site-sidebar-style":"default","ast-global-header-display":"","ast-banner-title-visibility":"","ast-main-header-display":"","ast-hfb-above-header-display":"","ast-hfb-below-header-display":"","ast-hfb-mobile-header-display":"","site-post-title":"","ast-breadcrumbs-content":"","ast-featured-img":"","footer-sml-layout":"","ast-disable-related-posts":"","theme-transparent-header-meta":"default","adv-header-id-meta":"","stick-header-meta":"default","header-above-stick-meta":"","header-main-stick-meta":"","header-below-stick-meta":"","astra-migrate-meta-layouts":"default","ast-page-background-enabled":"default","ast-page-background-meta":{"desktop":{"background-color":"","background-image":"","background-repeat":"repeat","background-position":"center center","background-size":"auto","background-attachment":"scroll","background-type":"","background-media":"","overlay-type":"","overlay-color":"","overlay-opacity":"","overlay-gradient":""},"tablet":{"background-color":"","background-image":"","background-repeat":"repeat","background-position":"center center","background-size":"auto","background-attachment":"scroll","background-type":"","background-media":"","overlay-type":"","overlay-color":"","overlay-opacity":"","overlay-gradient":""},"mobile":{"background-color":"","background-image":"","background-repeat":"repeat","background-position":"center center","background-size":"auto","background-attachment":"scroll","background-type":"","background-media":"","overlay-type":"","overlay-color":"","overlay-opacity":"","overlay-gradient":""}},"ast-content-background-meta":{"desktop":{"background-color":"var(--ast-global-color-5)","background-image":"","background-repeat":"repeat","background-position":"center center","background-size":"auto","background-attachment":"scroll","background-type":"","background-media":"","overlay-type":"","overlay-color":"","overlay-opacity":"","overlay-gradient":""},"tablet":{"background-color":"var(--ast-global-color-5)","background-image":"","background-repeat":"repeat","background-position":"center center","background-size":"auto","background-attachment":"scroll","background-type":"","background-media":"","overlay-type":"","overlay-color":"","overlay-opacity":"","overlay-gradient":""},"mobile":{"background-color":"var(--ast-global-color-5)","background-image":"","background-repeat":"repeat","background-position":"center center","background-size":"auto","background-attachment":"scroll","background-type":"","background-media":"","overlay-type":"","overlay-color":"","overlay-opacity":"","overlay-gradient":""}}},"product_brand":[],"product_cat":[1629,973],"product_tag":[],"class_list":{"0":"post-17997","1":"product","2":"type-product","3":"status-publish","4":"has-post-thumbnail","6":"product_cat-avec-oculaires-incolores","7":"product_cat-lunettes-de-protection","8":"desktop-align-left","9":"tablet-align-left","10":"mobile-align-left","11":"ast-product-gallery-layout-horizontal-slider","12":"ast-product-tabs-layout-horizontal","14":"first","15":"instock","16":"taxable","17":"shipping-taxable","18":"purchasable","19":"product-type-simple"},"_links":{"self":[{"href":"https:\/\/dacarcomercial.com\/fr\/wp-json\/wp\/v2\/product\/17997","targetHints":{"allow":["GET"]}}],"collection":[{"href":"https:\/\/dacarcomercial.com\/fr\/wp-json\/wp\/v2\/product"}],"about":[{"href":"https:\/\/dacarcomercial.com\/fr\/wp-json\/wp\/v2\/types\/product"}],"version-history":[{"count":0,"href":"https:\/\/dacarcomercial.com\/fr\/wp-json\/wp\/v2\/product\/17997\/revisions"}],"wp:featuredmedia":[{"embeddable":true,"href":"https:\/\/dacarcomercial.com\/fr\/wp-json\/wp\/v2\/media\/8697"}],"wp:attachment":[{"href":"https:\/\/dacarcomercial.com\/fr\/wp-json\/wp\/v2\/media?parent=17997"}],"wp:term":[{"taxonomy":"product_brand","embeddable":true,"href":"https:\/\/dacarcomercial.com\/fr\/wp-json\/wp\/v2\/product_brand?post=17997"},{"taxonomy":"product_cat","embeddable":true,"href":"https:\/\/dacarcomercial.com\/fr\/wp-json\/wp\/v2\/product_cat?post=17997"},{"taxonomy":"product_tag","embeddable":true,"href":"https:\/\/dacarcomercial.com\/fr\/wp-json\/wp\/v2\/product_tag?post=17997"}],"curies":[{"name":"wp","href":"https:\/\/api.w.org\/{rel}","templated":true}]}}