{"id":18321,"date":"2021-03-06T16:50:22","date_gmt":"2021-03-06T15:50:22","guid":{"rendered":"http:\/\/dacarcomercial.com\/producto\/cleanair-pressure-regulateur-du-debit-dair-ceinture\/"},"modified":"2024-05-14T08:20:54","modified_gmt":"2024-05-14T06:20:54","slug":"cleanair-pressure-regulateur-du-debit-dair-ceinture","status":"publish","type":"product","link":"https:\/\/dacarcomercial.com\/fr\/producto\/cleanair-pressure-regulateur-du-debit-dair-ceinture\/","title":{"rendered":"CleanAIR pressure"},"content":{"rendered":"<p>Le CleanAIR\u00ae Pressure Flow Master est compatible avec les masques de soudage DC-1 air, DC-2 Air, CA-28, CA-29, CA-40, CA-40GW et les cagoules l\u00e9g\u00e8res CA-1 et CA-2. Veuillez commander le tuyau d\u00b4air qui relie l\u00b4unit\u00e9 de ceinture avec l\u00b4unit\u00e9 de t\u00eate (r\u00e9f\u00e9rence 710060) s\u00e9par\u00e9ment.<\/p>\n<p><strong>Caract\u00e9ristiques techniques:<\/strong><\/p>\n<ul>\n<li>D\u00e9bit d&rsquo;air :\u00a0 \u00a0 \u00a0 \u00a0 \u00a0 \u00a0 \u00a0 \u00a0 \u00a0170-400 lpm<\/li>\n<li>Pression d&rsquo;entr\u00e9e :\u00a0 \u00a0 \u00a0300-1000 kPa<\/li>\n<li>Poids :\u00a0 \u00a0 \u00a0 \u00a0 \u00a0 \u00a0 \u00a0 \u00a0 \u00a0 \u00a0 \u00a0 \u00a0 \u00a0 \u00a0250g<\/li>\n<li>Taille de la ceinture : 60 &#8211; 150 cm.<\/li>\n<li>Niveau sonore : max. 61 dB.<\/li>\n<li>Connexion d&rsquo;entr\u00e9e compatible avec RECTUS 25, 26 et CEJN 320<\/li>\n<li>Connexion de sortie CA40 \u00d7 1\/7 \u00ab\u00a0<\/li>\n<li>Certification EN 14594, classe 2A<\/li>\n<\/ul>\n<p><strong>Caract\u00e9ristiques et avantages:<\/strong><\/p>\n<ul>\n<li>Faible poids<\/li>\n<li>Tr\u00e8s \u00e9conomique \u00e0 utiliser<\/li>\n<li>Hauts d\u00e9bits d&rsquo;air<\/li>\n<li>Option de filtration d&rsquo;air fournie avec le conditionneur CleanAIR\u00ae<\/li>\n<li>Compatible avec une large gamme d&rsquo;unit\u00e9s de t\u00eate CleanAIR\u00ae<\/li>\n<\/ul>\n","protected":false},"excerpt":{"rendered":"<p>Le CleanAIR\u00ae Pressure est la version de base d&rsquo;un syst\u00e8me d&rsquo;air qui peut r\u00e9guler la quantit\u00e9 d&rsquo;air fourni et la maintenir \u00e0 un niveau constant ind\u00e9pendamment de tout changement de pression d&rsquo;entr\u00e9e (la pression d&rsquo;entr\u00e9e doit \u00eatre comprise entre 0,4 et 1 Mpa).<\/p>\n<p>Le CleanAIR Pressure comprend:<\/p>\n<ul>\n<li>ceinture en nylon avec boucle en plastique avec fermeture click<\/li>\n<li>R\u00e9gulateur de d\u00e9bit d&rsquo;air variable<\/li>\n<li>Connecteur d&rsquo;entr\u00e9e<\/li>\n<\/ul>\n<p><em>Les produits Dacar peuvent \u00eatre achet\u00e9s en ligne ou via notre r\u00e9seau de distributeurs. N\u00b4h\u00e9sitez pas \u00e0 nous consulter votre revendeur le plus proche !<\/em><\/p>\n","protected":false},"featured_media":10089,"template":"","meta":{"site-sidebar-layout":"default","site-content-layout":"default","ast-site-content-layout":"default","site-content-style":"default","site-sidebar-style":"default","ast-global-header-display":"","ast-banner-title-visibility":"","ast-main-header-display":"","ast-hfb-above-header-display":"","ast-hfb-below-header-display":"","ast-hfb-mobile-header-display":"","site-post-title":"","ast-breadcrumbs-content":"","ast-featured-img":"","footer-sml-layout":"","ast-disable-related-posts":"","theme-transparent-header-meta":"default","adv-header-id-meta":"","stick-header-meta":"default","header-above-stick-meta":"","header-main-stick-meta":"","header-below-stick-meta":"","astra-migrate-meta-layouts":"set","ast-page-background-enabled":"default","ast-page-background-meta":{"desktop":{"background-color":"","background-image":"","background-repeat":"repeat","background-position":"center center","background-size":"auto","background-attachment":"scroll","background-type":"","background-media":"","overlay-type":"","overlay-color":"","overlay-opacity":"","overlay-gradient":""},"tablet":{"background-color":"","background-image":"","background-repeat":"repeat","background-position":"center center","background-size":"auto","background-attachment":"scroll","background-type":"","background-media":"","overlay-type":"","overlay-color":"","overlay-opacity":"","overlay-gradient":""},"mobile":{"background-color":"","background-image":"","background-repeat":"repeat","background-position":"center center","background-size":"auto","background-attachment":"scroll","background-type":"","background-media":"","overlay-type":"","overlay-color":"","overlay-opacity":"","overlay-gradient":""}},"ast-content-background-meta":{"desktop":{"background-color":"var(--ast-global-color-5)","background-image":"","background-repeat":"repeat","background-position":"center center","background-size":"auto","background-attachment":"scroll","background-type":"","background-media":"","overlay-type":"","overlay-color":"","overlay-opacity":"","overlay-gradient":""},"tablet":{"background-color":"var(--ast-global-color-5)","background-image":"","background-repeat":"repeat","background-position":"center center","background-size":"auto","background-attachment":"scroll","background-type":"","background-media":"","overlay-type":"","overlay-color":"","overlay-opacity":"","overlay-gradient":""},"mobile":{"background-color":"var(--ast-global-color-5)","background-image":"","background-repeat":"repeat","background-position":"center center","background-size":"auto","background-attachment":"scroll","background-type":"","background-media":"","overlay-type":"","overlay-color":"","overlay-opacity":"","overlay-gradient":""}}},"product_brand":[],"product_cat":[984,985],"product_tag":[],"class_list":{"0":"post-18321","1":"product","2":"type-product","3":"status-publish","4":"has-post-thumbnail","6":"product_cat-cleanair-2","7":"product_cat-equipements-a-adduction-d-air-pressure","8":"desktop-align-left","9":"tablet-align-left","10":"mobile-align-left","11":"ast-product-gallery-layout-horizontal-slider","12":"ast-product-gallery-with-no-image","13":"ast-product-tabs-layout-horizontal","15":"first","16":"instock","17":"taxable","18":"shipping-taxable","19":"purchasable","20":"product-type-simple"},"_links":{"self":[{"href":"https:\/\/dacarcomercial.com\/fr\/wp-json\/wp\/v2\/product\/18321","targetHints":{"allow":["GET"]}}],"collection":[{"href":"https:\/\/dacarcomercial.com\/fr\/wp-json\/wp\/v2\/product"}],"about":[{"href":"https:\/\/dacarcomercial.com\/fr\/wp-json\/wp\/v2\/types\/product"}],"version-history":[{"count":0,"href":"https:\/\/dacarcomercial.com\/fr\/wp-json\/wp\/v2\/product\/18321\/revisions"}],"wp:featuredmedia":[{"embeddable":true,"href":"https:\/\/dacarcomercial.com\/fr\/wp-json\/wp\/v2\/media\/10089"}],"wp:attachment":[{"href":"https:\/\/dacarcomercial.com\/fr\/wp-json\/wp\/v2\/media?parent=18321"}],"wp:term":[{"taxonomy":"product_brand","embeddable":true,"href":"https:\/\/dacarcomercial.com\/fr\/wp-json\/wp\/v2\/product_brand?post=18321"},{"taxonomy":"product_cat","embeddable":true,"href":"https:\/\/dacarcomercial.com\/fr\/wp-json\/wp\/v2\/product_cat?post=18321"},{"taxonomy":"product_tag","embeddable":true,"href":"https:\/\/dacarcomercial.com\/fr\/wp-json\/wp\/v2\/product_tag?post=18321"}],"curies":[{"name":"wp","href":"https:\/\/api.w.org\/{rel}","templated":true}]}}