{"id":18323,"date":"2021-03-06T16:50:22","date_gmt":"2021-03-06T15:50:22","guid":{"rendered":"http:\/\/dacarcomercial.com\/producto\/station-mobile-cleanair-pressure\/"},"modified":"2024-05-15T14:14:09","modified_gmt":"2024-05-15T12:14:09","slug":"station-mobile-cleanair-pressure","status":"publish","type":"product","link":"https:\/\/dacarcomercial.com\/fr\/producto\/station-mobile-cleanair-pressure\/","title":{"rendered":"Station mobile CleanAIR Pressure"},"content":{"rendered":"<p><strong>Caracteristiques techniques Station mobile CleanAIR Pressure<\/strong><\/p>\n<ul>\n<li>Pour monter sur la ligne d\u00b4air comprim\u00e9<\/li>\n<li>Avec filtre combin\u00e9 pour la filtration de particules solides et liquides ainsi que les mauvaises odeurs<\/li>\n<li>Connecteur rapide d\u00b4entr\u00e9e m\u00e2le et deux connecteurs rapides femelles de sortie inclus<\/li>\n<li>Fourni de l\u00b4air filtr\u00e9 pour un maximum de deux utilisateurs simultan\u00e9s<\/li>\n<li>Avec valve de dr\u00e9nage en bas du cylindre<\/li>\n<li>Livr\u00e9 avec pied et manom\u00e8tre de pression d\u00b4air<\/li>\n<\/ul>\n","protected":false},"excerpt":{"rendered":"<p>La station de filtration CleanAIR Pressure assure une filtration suppl\u00e9mentaire de l&rsquo;air comprim\u00e9 dans tous les endroits o\u00f9 la qualit\u00e9 de l&rsquo;air fourni ne r\u00e9pond pas aux exigences de la norme EN 12021. Le filtre combin\u00e9 haute capacit\u00e9 \u00e0 l&rsquo;int\u00e9rieur de la station \u00e9limine les particules solides, les brouillards, l&rsquo;huile et les odeurs d\u00e9sagr\u00e9ables qui peuvent \u00eatre pr\u00e9sents dans le syst\u00e8me de distribution d&rsquo;air comprim\u00e9. La station de filtration peut fournir suffisamment d&rsquo;air filtr\u00e9 pour deux travailleurs en m\u00eame temps.<\/p>\n<p><em>Les produits Dacar peuvent \u00eatre achet\u00e9s en ligne ou via notre r\u00e9seau de distributeurs. N\u00b4h\u00e9sitez pas \u00e0 nous consulter votre revendeur le plus proche !<\/em><\/p>\n","protected":false},"featured_media":11718,"template":"","meta":{"site-sidebar-layout":"default","site-content-layout":"default","ast-site-content-layout":"default","site-content-style":"default","site-sidebar-style":"default","ast-global-header-display":"","ast-banner-title-visibility":"","ast-main-header-display":"","ast-hfb-above-header-display":"","ast-hfb-below-header-display":"","ast-hfb-mobile-header-display":"","site-post-title":"","ast-breadcrumbs-content":"","ast-featured-img":"","footer-sml-layout":"","ast-disable-related-posts":"","theme-transparent-header-meta":"default","adv-header-id-meta":"","stick-header-meta":"default","header-above-stick-meta":"","header-main-stick-meta":"","header-below-stick-meta":"","astra-migrate-meta-layouts":"set","ast-page-background-enabled":"default","ast-page-background-meta":{"desktop":{"background-color":"","background-image":"","background-repeat":"repeat","background-position":"center center","background-size":"auto","background-attachment":"scroll","background-type":"","background-media":"","overlay-type":"","overlay-color":"","overlay-opacity":"","overlay-gradient":""},"tablet":{"background-color":"","background-image":"","background-repeat":"repeat","background-position":"center center","background-size":"auto","background-attachment":"scroll","background-type":"","background-media":"","overlay-type":"","overlay-color":"","overlay-opacity":"","overlay-gradient":""},"mobile":{"background-color":"","background-image":"","background-repeat":"repeat","background-position":"center center","background-size":"auto","background-attachment":"scroll","background-type":"","background-media":"","overlay-type":"","overlay-color":"","overlay-opacity":"","overlay-gradient":""}},"ast-content-background-meta":{"desktop":{"background-color":"var(--ast-global-color-5)","background-image":"","background-repeat":"repeat","background-position":"center center","background-size":"auto","background-attachment":"scroll","background-type":"","background-media":"","overlay-type":"","overlay-color":"","overlay-opacity":"","overlay-gradient":""},"tablet":{"background-color":"var(--ast-global-color-5)","background-image":"","background-repeat":"repeat","background-position":"center center","background-size":"auto","background-attachment":"scroll","background-type":"","background-media":"","overlay-type":"","overlay-color":"","overlay-opacity":"","overlay-gradient":""},"mobile":{"background-color":"var(--ast-global-color-5)","background-image":"","background-repeat":"repeat","background-position":"center center","background-size":"auto","background-attachment":"scroll","background-type":"","background-media":"","overlay-type":"","overlay-color":"","overlay-opacity":"","overlay-gradient":""}}},"product_brand":[],"product_cat":[984,985],"product_tag":[],"class_list":{"0":"post-18323","1":"product","2":"type-product","3":"status-publish","4":"has-post-thumbnail","6":"product_cat-cleanair-2","7":"product_cat-equipements-a-adduction-d-air-pressure","8":"desktop-align-left","9":"tablet-align-left","10":"mobile-align-left","11":"ast-product-gallery-layout-horizontal-slider","12":"ast-product-tabs-layout-horizontal","14":"first","15":"instock","16":"taxable","17":"shipping-taxable","18":"purchasable","19":"product-type-simple"},"_links":{"self":[{"href":"https:\/\/dacarcomercial.com\/fr\/wp-json\/wp\/v2\/product\/18323","targetHints":{"allow":["GET"]}}],"collection":[{"href":"https:\/\/dacarcomercial.com\/fr\/wp-json\/wp\/v2\/product"}],"about":[{"href":"https:\/\/dacarcomercial.com\/fr\/wp-json\/wp\/v2\/types\/product"}],"version-history":[{"count":0,"href":"https:\/\/dacarcomercial.com\/fr\/wp-json\/wp\/v2\/product\/18323\/revisions"}],"wp:featuredmedia":[{"embeddable":true,"href":"https:\/\/dacarcomercial.com\/fr\/wp-json\/wp\/v2\/media\/11718"}],"wp:attachment":[{"href":"https:\/\/dacarcomercial.com\/fr\/wp-json\/wp\/v2\/media?parent=18323"}],"wp:term":[{"taxonomy":"product_brand","embeddable":true,"href":"https:\/\/dacarcomercial.com\/fr\/wp-json\/wp\/v2\/product_brand?post=18323"},{"taxonomy":"product_cat","embeddable":true,"href":"https:\/\/dacarcomercial.com\/fr\/wp-json\/wp\/v2\/product_cat?post=18323"},{"taxonomy":"product_tag","embeddable":true,"href":"https:\/\/dacarcomercial.com\/fr\/wp-json\/wp\/v2\/product_tag?post=18323"}],"curies":[{"name":"wp","href":"https:\/\/api.w.org\/{rel}","templated":true}]}}