{"id":18329,"date":"2021-03-06T16:50:32","date_gmt":"2021-03-06T15:50:32","guid":{"rendered":"http:\/\/dacarcomercial.com\/producto\/cleanair-evo\/"},"modified":"2024-05-13T14:06:56","modified_gmt":"2024-05-13T12:06:56","slug":"unite-cleanair-basic","status":"publish","type":"product","link":"https:\/\/dacarcomercial.com\/fr\/producto\/unite-cleanair-basic\/","title":{"rendered":"CleanAIR Basic"},"content":{"rendered":"<h2><strong>L\u2019ensemble CleanAIR Basic comprend:<\/strong><\/h2>\n<ul>\n<li>Bloc moteur avec filtre P R SL<\/li>\n<li>Ceinture confort<\/li>\n<li>Batterie Li-Ion<\/li>\n<li>Chargeur<\/li>\n<li>Filtre P R SL et pr\u00e9-filtre<\/li>\n<li>Indicateur de d\u00e9bit d&rsquo;air<\/li>\n<li>Manuel d\u00b4instructions<\/li>\n<\/ul>\n<p>Pour constituer un ensemble complet pr\u00eat \u00e0 l\u2019emploi, il vous faudra ajouter le tuyau d&rsquo;air (r\u00e9f. 710060) ainsi qu\u2019une <a href=\"https:\/\/dacarcomercial.com\/fr\/categorias-productos\/protection-respiratoire\/cleanair-2\/unites-de-tete\/\">unit\u00e9 de t\u00eate compatible<\/a> \u00e0 choisir : CA-1, CA-2, CA-3, UniMask, CA- 40, CA-40G, CA-40GW, CA-27, CA-28, DC-1 Air ou DC-2 Air, Omnira, Omnira Combi Air ou encore Verus Air.<\/p>\n<p><strong>Sp\u00e9cifications techniques<\/strong>:<\/p>\n<ul>\n<li>Code produit 810000PA<\/li>\n<li>D\u00e9bit d\u00b4air : 170 \u2013 140 lpm<\/li>\n<li>Batterie: Li-Ion \u00a07,2 V \/ 4,4 Ah<\/li>\n<li>Temps de charge : 4 &#8211; 5 heures<\/li>\n<li>Dur\u00e9e de fonctionnement : &lt; 10 heures (avec filtres propres)<\/li>\n<li>Dur\u00e9e de vie de la batterie : jusqu\u2019\u00e0 500 cycles de charge<\/li>\n<li>Poids de l\u2019ensemble complet : 1080 gr (batterie incluse)<\/li>\n<li>Dimensions:\u00a0191 mm \/ 173 mm \/ 104<\/li>\n<li>Niveau sonore : &lt; 70 dB<\/li>\n<li>Filtres compatibles: P R SL, A1 P R SL, A1B1E1 P R SL ainsi que des pr\u00e9-filtres et pare-\u00e9tincelles pour les applications de soudage<\/li>\n<li>Certifi\u00e9 EN 12941 classe TH3 avec facteur de protection nominal de 500<\/li>\n<li>Indice de protection : IP41<\/li>\n<li>Conditions de fonctionnement : 0 \u00baC \u00e0 + 60 \u00baC, humidit\u00e9 20 \u2013 95 % HR<\/li>\n<\/ul>\n<p><strong>Caract\u00e9ristiques et avantages:<\/strong><\/p>\n<ul>\n<li>L\u00e9ger et compact<\/li>\n<li>Batterie Li-Ion rempla\u00e7able<\/li>\n<li>D\u00e9bit d\u2019air r\u00e9glable sur cinq niveaux (170 \u2013 240 l\/min)<\/li>\n<li>Le syst\u00e8me Flow Control maintient un d\u00e9bit d\u2019air constant ind\u00e9pendamment du niveau d\u2019obstruction du filtre ou du niveau de la batterie.<\/li>\n<li>Alerte sonore et visuelle<\/li>\n<li>Voyant de filtre bouch\u00e9 et de charge de batterie<\/li>\n<li>Nouveau design du panneau de contr\u00f4le LED<\/li>\n<li>Fonctionnement simple \u00e0 un bouton<\/li>\n<li>Nouveau syst\u00e8me d\u2019attache rapide du couvercle du filtre<\/li>\n<\/ul>\n","protected":false},"excerpt":{"rendered":"<p><span class=\"ng-star-inserted\">Nous vous pr\u00e9sentons<strong> CleanAIR\u00ae Basic<\/strong>, une nouvelle apparence et l&rsquo;une des technologie des plus r\u00e9cente. Tout cela et plus \u00e0 un prix abordable! L\u2019unit\u00e9 CleanAir Basic assure une protection respiratoire efficace dans les environnements contenant des particules nocives telles que la poussi\u00e8re, la fum\u00e9e, les vapeurs et les fibres.<\/span><\/p>\n<p><span class=\"ng-star-inserted\">Avec un total de plus de 14 options d\u2019unit\u00e9s de t\u00eate entre des cocons l\u00e9gers, des \u00e9crans faciaux avec ou sans casque ou des masques \u00e0 souder, le CleanAIR\u00ae Basic vous offre la plus grande polyvalence d\u2019utilisation comme par exemple les travaux de soudage, meulage et finition de surfaces dans diff\u00e9rentes industries telles que l\u2019automobile et la construction navale, l\u2019agriculture, l\u2019industrie alimentaire, la construction et la construction ou la menuiserie.<\/span><\/p>\n<p><span class=\"ng-star-inserted\">Il est \u00e9quip\u00e9 de la fonction de contr\u00f4le \u00e9lectronique \u00e0 flux d\u2019air constant, un syst\u00e8me avanc\u00e9 pour avertir l\u2019utilisateur en cas de faible d\u00e9bit d\u2019air et avec une batterie d\u2019ions lithium. Le d\u00e9bit d\u2019air peut \u00eatre r\u00e9gl\u00e9 individuellement (de 170 lpm \u00e0 240 lpm) et facilement configur\u00e9 avec un seul bouton. Toutes les informations pertinentes sont clairement visibles dans le nouveau panneau de contr\u00f4le LED.<\/span><\/p>\n<p><em>Les produits Dacar peuvent \u00eatre achet\u00e9s en ligne ou via notre r\u00e9seau de distributeurs. N\u00b4h\u00e9sitez pas \u00e0 nous consulter votre revendeur le plus proche !<\/em><\/p>\n","protected":false},"featured_media":6714,"template":"","meta":{"site-sidebar-layout":"default","site-content-layout":"default","ast-site-content-layout":"default","site-content-style":"default","site-sidebar-style":"default","ast-global-header-display":"","ast-banner-title-visibility":"","ast-main-header-display":"","ast-hfb-above-header-display":"","ast-hfb-below-header-display":"","ast-hfb-mobile-header-display":"","site-post-title":"","ast-breadcrumbs-content":"","ast-featured-img":"","footer-sml-layout":"","ast-disable-related-posts":"","theme-transparent-header-meta":"default","adv-header-id-meta":"","stick-header-meta":"default","header-above-stick-meta":"","header-main-stick-meta":"","header-below-stick-meta":"","astra-migrate-meta-layouts":"set","ast-page-background-enabled":"default","ast-page-background-meta":{"desktop":{"background-color":"","background-image":"","background-repeat":"repeat","background-position":"center center","background-size":"auto","background-attachment":"scroll","background-type":"","background-media":"","overlay-type":"","overlay-color":"","overlay-opacity":"","overlay-gradient":""},"tablet":{"background-color":"","background-image":"","background-repeat":"repeat","background-position":"center center","background-size":"auto","background-attachment":"scroll","background-type":"","background-media":"","overlay-type":"","overlay-color":"","overlay-opacity":"","overlay-gradient":""},"mobile":{"background-color":"","background-image":"","background-repeat":"repeat","background-position":"center center","background-size":"auto","background-attachment":"scroll","background-type":"","background-media":"","overlay-type":"","overlay-color":"","overlay-opacity":"","overlay-gradient":""}},"ast-content-background-meta":{"desktop":{"background-color":"var(--ast-global-color-5)","background-image":"","background-repeat":"repeat","background-position":"center center","background-size":"auto","background-attachment":"scroll","background-type":"","background-media":"","overlay-type":"","overlay-color":"","overlay-opacity":"","overlay-gradient":""},"tablet":{"background-color":"var(--ast-global-color-5)","background-image":"","background-repeat":"repeat","background-position":"center center","background-size":"auto","background-attachment":"scroll","background-type":"","background-media":"","overlay-type":"","overlay-color":"","overlay-opacity":"","overlay-gradient":""},"mobile":{"background-color":"var(--ast-global-color-5)","background-image":"","background-repeat":"repeat","background-position":"center center","background-size":"auto","background-attachment":"scroll","background-type":"","background-media":"","overlay-type":"","overlay-color":"","overlay-opacity":"","overlay-gradient":""}}},"product_brand":[],"product_cat":[984,987],"product_tag":[],"class_list":{"0":"post-18329","1":"product","2":"type-product","3":"status-publish","4":"has-post-thumbnail","6":"product_cat-cleanair-2","7":"product_cat-cleanairbasic-2","8":"desktop-align-left","9":"tablet-align-left","10":"mobile-align-left","11":"ast-product-gallery-layout-horizontal-slider","12":"ast-product-tabs-layout-horizontal","14":"first","15":"instock","16":"taxable","17":"shipping-taxable","18":"purchasable","19":"product-type-simple"},"_links":{"self":[{"href":"https:\/\/dacarcomercial.com\/fr\/wp-json\/wp\/v2\/product\/18329","targetHints":{"allow":["GET"]}}],"collection":[{"href":"https:\/\/dacarcomercial.com\/fr\/wp-json\/wp\/v2\/product"}],"about":[{"href":"https:\/\/dacarcomercial.com\/fr\/wp-json\/wp\/v2\/types\/product"}],"version-history":[{"count":0,"href":"https:\/\/dacarcomercial.com\/fr\/wp-json\/wp\/v2\/product\/18329\/revisions"}],"wp:featuredmedia":[{"embeddable":true,"href":"https:\/\/dacarcomercial.com\/fr\/wp-json\/wp\/v2\/media\/6714"}],"wp:attachment":[{"href":"https:\/\/dacarcomercial.com\/fr\/wp-json\/wp\/v2\/media?parent=18329"}],"wp:term":[{"taxonomy":"product_brand","embeddable":true,"href":"https:\/\/dacarcomercial.com\/fr\/wp-json\/wp\/v2\/product_brand?post=18329"},{"taxonomy":"product_cat","embeddable":true,"href":"https:\/\/dacarcomercial.com\/fr\/wp-json\/wp\/v2\/product_cat?post=18329"},{"taxonomy":"product_tag","embeddable":true,"href":"https:\/\/dacarcomercial.com\/fr\/wp-json\/wp\/v2\/product_tag?post=18329"}],"curies":[{"name":"wp","href":"https:\/\/api.w.org\/{rel}","templated":true}]}}