{"id":18339,"date":"2021-03-06T16:50:32","date_gmt":"2021-03-06T15:50:32","guid":{"rendered":"http:\/\/dacarcomercial.com\/producto\/cleanair-aergo\/"},"modified":"2026-05-13T12:52:56","modified_gmt":"2026-05-13T10:52:56","slug":"cleanair-aergo","status":"publish","type":"product","link":"https:\/\/dacarcomercial.com\/fr\/producto\/cleanair-aergo\/","title":{"rendered":"CleanAIR AerGO"},"content":{"rendered":"<h2><strong>L&rsquo;ensemble CleanAIR AerGO comprend :<\/strong><\/h2>\n<ul>\n<li>Unit\u00e9 moto-ventilateur<\/li>\n<li>Ceinture confort<\/li>\n<li>Batterie Li-Ion<\/li>\n<li>Chargeur<\/li>\n<li>2 filtres P R SL<\/li>\n<li>V\u00e9rificateur de flux d&rsquo;air<\/li>\n<li>livret d&rsquo;instructions<\/li>\n<\/ul>\n<p>Pour constituer un ensemble complet pr\u00eat \u00e0 l&#8217;emploi, il vous faudra ajouter le tuyau d\u00b4air (r\u00e9f. 710060) ainsi qu&rsquo;une unit\u00e9 de t\u00eate compatible \u00e0 choisir : CA-1, CA-2, CA-10, CA-3, UniMask, CA- 40, CA-40G, CA-40GW, CA-27, CA-28, DC-1 Air, DC-2 Air, Omnira, Omnira COMBI Air ou encore Verus Air.<\/p>\n<p><strong>Sp\u00e9cifications techniques:<\/strong><\/p>\n<ul>\n<li>Code produit 300000PA<\/li>\n<li>D\u00e9bit d\u00b4air : 160\/175\/190\/210 lpm<\/li>\n<li>Batterie : Li-Ion 14,4 V \/ 2,6 Ah<\/li>\n<li>Temps de charge : &lt; 3 heures<\/li>\n<li>Dur\u00e9e de fonctionnement : &gt; 10 heures (avec filtres propres)<\/li>\n<li>Dur\u00e9e de vie de la batterie : jusqu&rsquo;\u00e0 500 cycles de charge<\/li>\n<li>Poids de l&rsquo;ensemble complet : 980 gr (batterie incluse)<\/li>\n<li>Dimensions : 235 x 126 x 65 mm<\/li>\n<li>Niveau sonore : &lt; 70 dB<\/li>\n<li>Filtres compatibles : P R SL, A1 P R SL, A1B1E1 P R SL ainsi que des pr\u00e9filtres et pare-\u00e9tincelles pour les applications de soudage<\/li>\n<li>Certifi\u00e9 EN 12941 classe TH3 avec facteur de protection nominal de 500<\/li>\n<li>Indice de protection : IP41<\/li>\n<li>Conditions de fonctionnement : 0 \u00baC \u00e0 + 60 \u00baC, humidit\u00e9 20 \u2013 95 % HR<\/li>\n<\/ul>\n<p><strong>Caract\u00e9ristiques et avantages :<\/strong><\/p>\n<ul>\n<li>L\u00e9ger et ergonomique<\/li>\n<li>Profil mince de l&rsquo;unit\u00e9 \u2013 seulement 65 mm<\/li>\n<li>Utilisation polyvalente \u2013 filtration des particules ainsi que des gaz\/vapeurs<\/li>\n<li>Fonctionnement simple \u00e0 un bouton avec un nouvel affichage LED clair<\/li>\n<li>Capteur barom\u00e9trique int\u00e9gr\u00e9 avec r\u00e9glage automatique du d\u00e9bit d&rsquo;air en fonction de l&rsquo;altitude<\/li>\n<li>D\u00e9bit d&rsquo;air r\u00e9glable \u00e0 quatre niveaux : 160\/175\/190 et 210 lpm<\/li>\n<li>Le syst\u00e8me de contr\u00f4le du d\u00e9bit maintient un d\u00e9bit d&rsquo;air constant quel que soit le niveau de colmatage du filtre ou la charge de la batterie<\/li>\n<li>Autonomie jusqu&rsquo;\u00e0 20 heures avec une batterie Heavy Duty ou jusqu&rsquo;\u00e0 10 heures avec une batterie standard<\/li>\n<li>Temps de recharge court de la batterie &lt; 3 heures (batterie standard)<\/li>\n<li>Alarme sonore, visuelle et vibrante indiquant un faible d\u00e9bit d&rsquo;air ou une charge de batterie faible<\/li>\n<li>La conception unique du filtre assure une \u00e9tanch\u00e9it\u00e9 parfaite \u00e0 chaque changement de filtre<\/li>\n<\/ul>\n","protected":false},"excerpt":{"rendered":"<p>Notre moto-ventilateur le plus ergonomique et le plus polyvalent, pas seulement pour l&rsquo;industrie du soudage. Le CleanAIR AerGO est compatible avec filtres \u00e0 particules mais aussi combin\u00e9s pour vapeurs et gaz et donc adapt\u00e9 \u00e0 une large gamme d&rsquo;applications industrielles.<\/p>\n<p>Le profil mince de l&rsquo;unit\u00e9 vous permet de vous faufiler dans des espaces \u00e0 acc\u00e8s limit\u00e9. L&rsquo;AerGO\u00ae dispose d\u00e9sormais d&rsquo;un capteur barom\u00e9trique int\u00e9gr\u00e9, gr\u00e2ce auquel le d\u00e9bit d&rsquo;air requis est automatiquement r\u00e9gl\u00e9 en fonction de l&rsquo;altitude. Le syst\u00e8me Flow Control maintient le d\u00e9bit d&rsquo;air constant quel que soit le colmatage du filtre ou la faible charge de la batterie.<\/p>\n<p>Une alarme sonore, visuelle et vibrante indique quand la charge de la batterie ou le remplacement du filtre est n\u00e9cessaire. Le d\u00e9bit d&rsquo;air requis peut d\u00e9sormais \u00eatre r\u00e9gl\u00e9 sur quatre niveaux 160\/175\/190 ou 210 l\/min et est disponible tout au long de la journ\u00e9e de travail avec n&rsquo;importe quel filtre gr\u00e2ce \u00e0 la batterie Heavy Duty en option.<\/p>\n","protected":false},"featured_media":10203,"template":"","meta":{"site-sidebar-layout":"default","site-content-layout":"default","ast-site-content-layout":"default","site-content-style":"default","site-sidebar-style":"default","ast-global-header-display":"","ast-banner-title-visibility":"","ast-main-header-display":"","ast-hfb-above-header-display":"","ast-hfb-below-header-display":"","ast-hfb-mobile-header-display":"","site-post-title":"","ast-breadcrumbs-content":"","ast-featured-img":"","footer-sml-layout":"","ast-disable-related-posts":"","theme-transparent-header-meta":"default","adv-header-id-meta":"","stick-header-meta":"default","header-above-stick-meta":"","header-main-stick-meta":"","header-below-stick-meta":"","astra-migrate-meta-layouts":"set","ast-page-background-enabled":"default","ast-page-background-meta":{"desktop":{"background-color":"","background-image":"","background-repeat":"repeat","background-position":"center center","background-size":"auto","background-attachment":"scroll","background-type":"","background-media":"","overlay-type":"","overlay-color":"","overlay-opacity":"","overlay-gradient":""},"tablet":{"background-color":"","background-image":"","background-repeat":"repeat","background-position":"center center","background-size":"auto","background-attachment":"scroll","background-type":"","background-media":"","overlay-type":"","overlay-color":"","overlay-opacity":"","overlay-gradient":""},"mobile":{"background-color":"","background-image":"","background-repeat":"repeat","background-position":"center center","background-size":"auto","background-attachment":"scroll","background-type":"","background-media":"","overlay-type":"","overlay-color":"","overlay-opacity":"","overlay-gradient":""}},"ast-content-background-meta":{"desktop":{"background-color":"var(--ast-global-color-5)","background-image":"","background-repeat":"repeat","background-position":"center center","background-size":"auto","background-attachment":"scroll","background-type":"","background-media":"","overlay-type":"","overlay-color":"","overlay-opacity":"","overlay-gradient":""},"tablet":{"background-color":"var(--ast-global-color-5)","background-image":"","background-repeat":"repeat","background-position":"center center","background-size":"auto","background-attachment":"scroll","background-type":"","background-media":"","overlay-type":"","overlay-color":"","overlay-opacity":"","overlay-gradient":""},"mobile":{"background-color":"var(--ast-global-color-5)","background-image":"","background-repeat":"repeat","background-position":"center center","background-size":"auto","background-attachment":"scroll","background-type":"","background-media":"","overlay-type":"","overlay-color":"","overlay-opacity":"","overlay-gradient":""}}},"product_brand":[],"product_cat":[984,988],"product_tag":[],"class_list":{"0":"post-18339","1":"product","2":"type-product","3":"status-publish","4":"has-post-thumbnail","6":"product_cat-cleanair-2","7":"product_cat-cleanair-aergo-2","8":"desktop-align-left","9":"tablet-align-left","10":"mobile-align-left","11":"ast-product-gallery-layout-horizontal-slider","12":"ast-product-gallery-with-no-image","13":"ast-product-tabs-layout-horizontal","15":"first","16":"instock","17":"taxable","18":"shipping-taxable","19":"purchasable","20":"product-type-simple"},"_links":{"self":[{"href":"https:\/\/dacarcomercial.com\/fr\/wp-json\/wp\/v2\/product\/18339","targetHints":{"allow":["GET"]}}],"collection":[{"href":"https:\/\/dacarcomercial.com\/fr\/wp-json\/wp\/v2\/product"}],"about":[{"href":"https:\/\/dacarcomercial.com\/fr\/wp-json\/wp\/v2\/types\/product"}],"version-history":[{"count":2,"href":"https:\/\/dacarcomercial.com\/fr\/wp-json\/wp\/v2\/product\/18339\/revisions"}],"predecessor-version":[{"id":56396,"href":"https:\/\/dacarcomercial.com\/fr\/wp-json\/wp\/v2\/product\/18339\/revisions\/56396"}],"wp:featuredmedia":[{"embeddable":true,"href":"https:\/\/dacarcomercial.com\/fr\/wp-json\/wp\/v2\/media\/10203"}],"wp:attachment":[{"href":"https:\/\/dacarcomercial.com\/fr\/wp-json\/wp\/v2\/media?parent=18339"}],"wp:term":[{"taxonomy":"product_brand","embeddable":true,"href":"https:\/\/dacarcomercial.com\/fr\/wp-json\/wp\/v2\/product_brand?post=18339"},{"taxonomy":"product_cat","embeddable":true,"href":"https:\/\/dacarcomercial.com\/fr\/wp-json\/wp\/v2\/product_cat?post=18339"},{"taxonomy":"product_tag","embeddable":true,"href":"https:\/\/dacarcomercial.com\/fr\/wp-json\/wp\/v2\/product_tag?post=18339"}],"curies":[{"name":"wp","href":"https:\/\/api.w.org\/{rel}","templated":true}]}}