{"id":18341,"date":"2021-03-06T16:50:32","date_gmt":"2021-03-06T15:50:32","guid":{"rendered":"http:\/\/dacarcomercial.com\/producto\/jeu-de-2-couvercles-protecteurs-pour-cleanair-aergo-2-grilles-metalliques-anti-projections-et-2-prefiltres-pour-particules\/"},"modified":"2026-05-13T10:23:48","modified_gmt":"2026-05-13T08:23:48","slug":"kit-pare-etincelles-cleanair-aergo","status":"publish","type":"product","link":"https:\/\/dacarcomercial.com\/fr\/producto\/kit-pare-etincelles-cleanair-aergo\/","title":{"rendered":"Kit pare-\u00e9tincelles CleanAir AerGO"},"content":{"rendered":"<h2>Kit pare-\u00e9tincelles CleanAir AerGO<\/h2>\n<p><span class=\"ng-star-inserted\">Le Kit pare-\u00e9tincelles (CleanAIR Aergo) est compos\u00e9 de 2 couvercles, 2 grilles m\u00e9talliques pour \u00e9tincelles et 2 pr\u00e9-filtres pour particules \u00e0 utiliser avec les appareils CleanAIR AerGO.<\/span><\/p>\n<p><span class=\"ng-star-inserted\">Sert \u00e0 prot\u00e9ger les filtres principaux de moto-ventilateur contre les \u00e9tincelles et projections produites pendant le travail du soleil.<\/span><\/p>\n","protected":false},"excerpt":{"rendered":"<p><span class=\"ng-star-inserted\">Le kit pare-\u00e9tincelles (CleanAIR AerGO) est recommand\u00e9 lors de l\u2019utilisation de l\u2019appareil CleanAIR AerGO pour les travaux de soudage ou de meulage et pour \u00e9viter que les projections incandescentes ne puissent endommager les filtres.<\/span><\/p>\n<p><span class=\"ng-star-inserted\">Compos\u00e9 de : 2 couvercles protecteurs, 2 grilles m\u00e9talliques anti-\u00e9tincelles et 2 pr\u00e9filtres pour particules<\/span><\/p>\n","protected":false},"featured_media":8745,"template":"","meta":{"site-sidebar-layout":"default","site-content-layout":"default","ast-site-content-layout":"default","site-content-style":"default","site-sidebar-style":"default","ast-global-header-display":"","ast-banner-title-visibility":"","ast-main-header-display":"","ast-hfb-above-header-display":"","ast-hfb-below-header-display":"","ast-hfb-mobile-header-display":"","site-post-title":"","ast-breadcrumbs-content":"","ast-featured-img":"","footer-sml-layout":"","ast-disable-related-posts":"","theme-transparent-header-meta":"default","adv-header-id-meta":"","stick-header-meta":"default","header-above-stick-meta":"","header-main-stick-meta":"","header-below-stick-meta":"","astra-migrate-meta-layouts":"set","ast-page-background-enabled":"default","ast-page-background-meta":{"desktop":{"background-color":"","background-image":"","background-repeat":"repeat","background-position":"center center","background-size":"auto","background-attachment":"scroll","background-type":"","background-media":"","overlay-type":"","overlay-color":"","overlay-opacity":"","overlay-gradient":""},"tablet":{"background-color":"","background-image":"","background-repeat":"repeat","background-position":"center center","background-size":"auto","background-attachment":"scroll","background-type":"","background-media":"","overlay-type":"","overlay-color":"","overlay-opacity":"","overlay-gradient":""},"mobile":{"background-color":"","background-image":"","background-repeat":"repeat","background-position":"center center","background-size":"auto","background-attachment":"scroll","background-type":"","background-media":"","overlay-type":"","overlay-color":"","overlay-opacity":"","overlay-gradient":""}},"ast-content-background-meta":{"desktop":{"background-color":"var(--ast-global-color-5)","background-image":"","background-repeat":"repeat","background-position":"center center","background-size":"auto","background-attachment":"scroll","background-type":"","background-media":"","overlay-type":"","overlay-color":"","overlay-opacity":"","overlay-gradient":""},"tablet":{"background-color":"var(--ast-global-color-5)","background-image":"","background-repeat":"repeat","background-position":"center center","background-size":"auto","background-attachment":"scroll","background-type":"","background-media":"","overlay-type":"","overlay-color":"","overlay-opacity":"","overlay-gradient":""},"mobile":{"background-color":"var(--ast-global-color-5)","background-image":"","background-repeat":"repeat","background-position":"center center","background-size":"auto","background-attachment":"scroll","background-type":"","background-media":"","overlay-type":"","overlay-color":"","overlay-opacity":"","overlay-gradient":""}}},"product_brand":[],"product_cat":[984,988,986],"product_tag":[],"class_list":{"0":"post-18341","1":"product","2":"type-product","3":"status-publish","4":"has-post-thumbnail","6":"product_cat-cleanair-2","7":"product_cat-cleanair-aergo-2","8":"product_cat-filtres-cleanair","9":"desktop-align-left","10":"tablet-align-left","11":"mobile-align-left","12":"ast-product-gallery-layout-horizontal-slider","13":"ast-product-gallery-with-no-image","14":"ast-product-tabs-layout-horizontal","16":"first","17":"instock","18":"taxable","19":"shipping-taxable","20":"purchasable","21":"product-type-simple"},"_links":{"self":[{"href":"https:\/\/dacarcomercial.com\/fr\/wp-json\/wp\/v2\/product\/18341","targetHints":{"allow":["GET"]}}],"collection":[{"href":"https:\/\/dacarcomercial.com\/fr\/wp-json\/wp\/v2\/product"}],"about":[{"href":"https:\/\/dacarcomercial.com\/fr\/wp-json\/wp\/v2\/types\/product"}],"version-history":[{"count":1,"href":"https:\/\/dacarcomercial.com\/fr\/wp-json\/wp\/v2\/product\/18341\/revisions"}],"predecessor-version":[{"id":56357,"href":"https:\/\/dacarcomercial.com\/fr\/wp-json\/wp\/v2\/product\/18341\/revisions\/56357"}],"wp:featuredmedia":[{"embeddable":true,"href":"https:\/\/dacarcomercial.com\/fr\/wp-json\/wp\/v2\/media\/8745"}],"wp:attachment":[{"href":"https:\/\/dacarcomercial.com\/fr\/wp-json\/wp\/v2\/media?parent=18341"}],"wp:term":[{"taxonomy":"product_brand","embeddable":true,"href":"https:\/\/dacarcomercial.com\/fr\/wp-json\/wp\/v2\/product_brand?post=18341"},{"taxonomy":"product_cat","embeddable":true,"href":"https:\/\/dacarcomercial.com\/fr\/wp-json\/wp\/v2\/product_cat?post=18341"},{"taxonomy":"product_tag","embeddable":true,"href":"https:\/\/dacarcomercial.com\/fr\/wp-json\/wp\/v2\/product_tag?post=18341"}],"curies":[{"name":"wp","href":"https:\/\/api.w.org\/{rel}","templated":true}]}}