{"id":18354,"date":"2021-03-06T16:50:42","date_gmt":"2021-03-06T15:50:42","guid":{"rendered":"http:\/\/dacarcomercial.com\/producto\/cleanair-chemical-2f-asbestos-avec-ceinture-en-caoutchouc\/"},"modified":"2024-05-14T11:09:18","modified_gmt":"2024-05-14T09:09:18","slug":"cleanair-chemical-2f-amiantes","status":"publish","type":"product","link":"https:\/\/dacarcomercial.com\/fr\/producto\/cleanair-chemical-2f-amiantes\/","title":{"rendered":"CleanAIR Chemical 2F Amiantes avec ceinture en caoutchouc"},"content":{"rendered":"<h2><strong>L\u2019ensemble CleanAIR Chemical 2F Amiantes avec ceinture en caoutchouc comprend:<\/strong><\/h2>\n<ul>\n<li>Bloc moteur<\/li>\n<li>Ceinture en caoutchouc d\u00e9-contaminable<\/li>\n<li>Batterie<\/li>\n<li>Chargeur<\/li>\n<li>Contr\u00f4leur de flux d&rsquo;air<\/li>\n<li>manuel d&rsquo;instructions<\/li>\n<\/ul>\n<p><strong>A noter:<\/strong><\/p>\n<ul>\n<li>Compatible uniquement avec masque facial int\u00e9gral CF-02 (non inclus) pour la protection face \u00e0 l&rsquo;amiante<\/li>\n<li>Filtres non inclus<\/li>\n<\/ul>\n<p><strong>Sp\u00e9cifications techniques:<\/strong><\/p>\n<ul>\n<li>D\u00e9bit d\u00b4air : 120 &#8211; 235 lpm<\/li>\n<li>Batterie : Li-Ion 14,4 V \/ 2,6 Ah<\/li>\n<li>Temps de charge : &lt; 3 heures<\/li>\n<li>Dur\u00e9e de fonctionnement : &lt; 10 heures (avec filtres propres)<\/li>\n<li>Dur\u00e9e de vie de la batterie : jusqu\u2019\u00e0 500 cycles de charge<\/li>\n<li>Poids de l\u2019ensemble complet : 960 g (batterie incluse)<\/li>\n<li>Dimensions : 240 mm \/ 110 mm \/ 120 mm<\/li>\n<li>Niveau sonore : &lt; 70 dB<\/li>\n<li>Filtres compatibles : P R SL<\/li>\n<li>Certifi\u00e9 EN 12941 classe TH3 avec facteur de protection nominal de 500<\/li>\n<li>Indice de protection : (IP64\/IP65\/IP68)<\/li>\n<li>Conditions de fonctionnement : 0 \u00baC \u00e0 + 60 \u00baC, humidit\u00e9 20 \u2013 95 % HR<\/li>\n<\/ul>\n<p><strong>Caract\u00e9ristiques et avantages<\/strong><\/p>\n<ul>\n<li>Compact, l\u00e9ger<\/li>\n<li>Grande r\u00e9sistance m\u00e9canique et chimique<\/li>\n<li>Sa grande imperm\u00e9abilit\u00e9 permet un nettoyage sous la douche ou m\u00eame par immersion compl\u00e8te (IP64\/IP65\/IP68)<\/li>\n<li>\u00c9cran couleur riche affichant clairement toutes les informations pertinentes \u2013 obstruction du filtre, autonomie de la batterie, d\u00e9bit d\u2019air<\/li>\n<li>Le syst\u00e8me Flow Control maintient un d\u00e9bit d\u2019air constant ind\u00e9pendamment du niveau d\u2019obstruction du filtre ou du niveau de la batterie.<\/li>\n<li>Temps de fonctionnement jusqu\u2019\u00e0 16 heures avec batterie longue dur\u00e9e, ou jusqu\u2019\u00e0 10 heures avec batterie standard<\/li>\n<li>Temps de charge de batterie rapide de moins de 3 heures (batterie standard)<\/li>\n<li>Alerte sonore et visuelle<\/li>\n<li>Interface utilisateur en plusieurs langues<\/li>\n<li>Harnais dorsal disponible pour plus de confort<\/li>\n<\/ul>\n","protected":false},"excerpt":{"rendered":"<p><strong>CleanAir Chemical 2F : Protection respiratoire haute performance dans les environnements contamin\u00e9s par les fibres d&rsquo;amiante<\/strong><\/p>\n<p>La combinaison du ventilateur CleanAir Chemical 2F avec le masque facial CF02 de haute qualit\u00e9 garantit une excellente durabilit\u00e9 et le plus haut niveau de protection respiratoire.<\/p>\n<p>Le syst\u00e8me de contr\u00f4le de d\u00e9bit intelligent maintient le d\u00e9bit d&rsquo;air \u00e0 des niveaux constants, quel que soit l&rsquo;\u00e9tat de saturation du filtre ou le niveau de charge de la batterie. L&rsquo;alarme audiovisuelle pr\u00e9vient lorsqu&rsquo;il sera n\u00e9cessaire de charger la batterie et\/ou de changer le filtre. Valable avec le masque complet CF02, en fonction des besoins de chaque individu pour obtenir le plus grand confort et l&rsquo;ajustement le plus s\u00fbr.<\/p>\n<p><strong><a href=\"https:\/\/dacarcomercial.com\/producto\/mascara-facial-integral-cf02\/\">SHIGEMATSU CF02<\/a>: <\/strong>Masque complet avec visi\u00e8re sup\u00e9rieure<\/p>\n<ul>\n<li>Poids l\u00e9ger : 435 g<\/li>\n<li>Haute r\u00e9sistance chimique<\/li>\n<li>Viseur sph\u00e9rique grand champ de vision<\/li>\n<li>Avec traitement anti-rayures<\/li>\n<li>Serre t\u00eate \u00e0 six points<\/li>\n<li>Peut \u00eatre utilis\u00e9 avec une large gamme de filtres \u00e0 visser standard<\/li>\n<li>Deux soupapes d&rsquo;expiration pour une faible r\u00e9sistance respiratoire<\/li>\n<li>Films de protection de visi\u00e8re disponibles<\/li>\n<\/ul>\n<p><em>Les produits Dacar peuvent \u00eatre achet\u00e9s en ligne ou via notre r\u00e9seau de distributeurs. N\u00b4h\u00e9sitez pas \u00e0 nous consulter votre revendeur le plus proche !<\/em><\/p>\n","protected":false},"featured_media":7407,"template":"","meta":{"site-sidebar-layout":"default","site-content-layout":"default","ast-site-content-layout":"default","site-content-style":"default","site-sidebar-style":"default","ast-global-header-display":"","ast-banner-title-visibility":"","ast-main-header-display":"","ast-hfb-above-header-display":"","ast-hfb-below-header-display":"","ast-hfb-mobile-header-display":"","site-post-title":"","ast-breadcrumbs-content":"","ast-featured-img":"","footer-sml-layout":"","ast-disable-related-posts":"","theme-transparent-header-meta":"default","adv-header-id-meta":"","stick-header-meta":"default","header-above-stick-meta":"","header-main-stick-meta":"","header-below-stick-meta":"","astra-migrate-meta-layouts":"set","ast-page-background-enabled":"default","ast-page-background-meta":{"desktop":{"background-color":"","background-image":"","background-repeat":"repeat","background-position":"center center","background-size":"auto","background-attachment":"scroll","background-type":"","background-media":"","overlay-type":"","overlay-color":"","overlay-opacity":"","overlay-gradient":""},"tablet":{"background-color":"","background-image":"","background-repeat":"repeat","background-position":"center center","background-size":"auto","background-attachment":"scroll","background-type":"","background-media":"","overlay-type":"","overlay-color":"","overlay-opacity":"","overlay-gradient":""},"mobile":{"background-color":"","background-image":"","background-repeat":"repeat","background-position":"center center","background-size":"auto","background-attachment":"scroll","background-type":"","background-media":"","overlay-type":"","overlay-color":"","overlay-opacity":"","overlay-gradient":""}},"ast-content-background-meta":{"desktop":{"background-color":"var(--ast-global-color-5)","background-image":"","background-repeat":"repeat","background-position":"center center","background-size":"auto","background-attachment":"scroll","background-type":"","background-media":"","overlay-type":"","overlay-color":"","overlay-opacity":"","overlay-gradient":""},"tablet":{"background-color":"var(--ast-global-color-5)","background-image":"","background-repeat":"repeat","background-position":"center center","background-size":"auto","background-attachment":"scroll","background-type":"","background-media":"","overlay-type":"","overlay-color":"","overlay-opacity":"","overlay-gradient":""},"mobile":{"background-color":"var(--ast-global-color-5)","background-image":"","background-repeat":"repeat","background-position":"center center","background-size":"auto","background-attachment":"scroll","background-type":"","background-media":"","overlay-type":"","overlay-color":"","overlay-opacity":"","overlay-gradient":""}}},"product_brand":[],"product_cat":[984,989],"product_tag":[],"class_list":{"0":"post-18354","1":"product","2":"type-product","3":"status-publish","4":"has-post-thumbnail","6":"product_cat-cleanair-2","7":"product_cat-cleanair-chemical-2","8":"desktop-align-left","9":"tablet-align-left","10":"mobile-align-left","11":"ast-product-gallery-layout-horizontal-slider","12":"ast-product-tabs-layout-horizontal","14":"first","15":"instock","16":"taxable","17":"shipping-taxable","18":"purchasable","19":"product-type-simple"},"_links":{"self":[{"href":"https:\/\/dacarcomercial.com\/fr\/wp-json\/wp\/v2\/product\/18354","targetHints":{"allow":["GET"]}}],"collection":[{"href":"https:\/\/dacarcomercial.com\/fr\/wp-json\/wp\/v2\/product"}],"about":[{"href":"https:\/\/dacarcomercial.com\/fr\/wp-json\/wp\/v2\/types\/product"}],"version-history":[{"count":0,"href":"https:\/\/dacarcomercial.com\/fr\/wp-json\/wp\/v2\/product\/18354\/revisions"}],"wp:featuredmedia":[{"embeddable":true,"href":"https:\/\/dacarcomercial.com\/fr\/wp-json\/wp\/v2\/media\/7407"}],"wp:attachment":[{"href":"https:\/\/dacarcomercial.com\/fr\/wp-json\/wp\/v2\/media?parent=18354"}],"wp:term":[{"taxonomy":"product_brand","embeddable":true,"href":"https:\/\/dacarcomercial.com\/fr\/wp-json\/wp\/v2\/product_brand?post=18354"},{"taxonomy":"product_cat","embeddable":true,"href":"https:\/\/dacarcomercial.com\/fr\/wp-json\/wp\/v2\/product_cat?post=18354"},{"taxonomy":"product_tag","embeddable":true,"href":"https:\/\/dacarcomercial.com\/fr\/wp-json\/wp\/v2\/product_tag?post=18354"}],"curies":[{"name":"wp","href":"https:\/\/api.w.org\/{rel}","templated":true}]}}