{"id":18355,"date":"2021-03-06T16:50:42","date_gmt":"2021-03-06T15:50:42","guid":{"rendered":"http:\/\/dacarcomercial.com\/producto\/cleanair-chemical-2f-ex\/"},"modified":"2024-05-14T08:29:43","modified_gmt":"2024-05-14T06:29:43","slug":"cleanair-chemical-2f-ex","status":"publish","type":"product","link":"https:\/\/dacarcomercial.com\/fr\/producto\/cleanair-chemical-2f-ex\/","title":{"rendered":"CleanAIR Chemical 2F Ex"},"content":{"rendered":"<h2><strong>L\u2019ensemble CleanAIR Chemical 2F Ex comprend:<\/strong><\/h2>\n<ul>\n<li>Moto-ventilateur<\/li>\n<li>Ceinture confort Ex<\/li>\n<li>Batterie rechargeable Li-Ion<\/li>\n<li>Chargeur<\/li>\n<li>Tuyau d&rsquo;air Light Flexi avec connecteur QuickLOCK<\/li>\n<li>Tube de test de flux d&rsquo;air (filtres non inclus)<\/li>\n<li>Manuel d&rsquo;instructions<\/li>\n<\/ul>\n<p>Pour constituer un ensemble complet pr\u00eat \u00e0 l\u2019emploi, il vous faudra ajouter les filtres correspondants \u00e0 votre n\u00e9cessit\u00e9 ainsi qu\u2019une <a href=\"https:\/\/dacarcomercial.com\/fr\/categorias-productos\/protection-respiratoire\/cleanair-2\/unites-de-tete\/\">unit\u00e9 de t\u00eate compatible<\/a> \u00e0 choisir : CA-1, CA-2, CA-10, CA-3 , UniMask, CA-4, CA-5, GX02 et CF02 (avec adaptateur QuickLOCK \u00e0 commander s\u00e9par\u00e9ment ref. 710076) &amp; Ultimate.<\/p>\n<p><strong>Sp\u00e9cifications techniques:<\/strong><\/p>\n<ul>\n<li>Code produit 51E000FC<\/li>\n<li>D\u00e9bit d&rsquo;air :<br \/>\n160 \/ 185 \/ 210 \/ 235 lmp avec unit\u00e9 de t\u00eate EN 12941 et filtres \u00e0 particules<br \/>\n160 \/ 185 \/ 210 lmp avec unit\u00e9 de t\u00eate EN 12941 et filtres chimiques classe 1<br \/>\n160 lmp avec unit\u00e9 de t\u00eate EN 12941 et filtres chimiques classe 2<\/li>\n<li>Batterie : Li-Ion 14,4 V \/ 2,6 Ah<\/li>\n<li>Temps de charge : &lt; 3 heures<\/li>\n<li>Dur\u00e9e de fonctionnement : &lt; 10 heures (avec filtres P R SL neufs)<\/li>\n<li>Dur\u00e9e de vie de la batterie : jusqu\u2019\u00e0 500 cycles de charge<\/li>\n<li>Poids de l\u2019ensemble complet : 960 g (batterie incluse)<\/li>\n<li>Dimensions : 240 x 110 x 120 mm<\/li>\n<li>Niveau sonore : &lt; 70 dB<\/li>\n<li>Filtres compatibles : Compatible avec tous les filtres CleanAIR\u00ae \u00e0 particule ou mixtes avec filetage RD40x1\/7\u2033<\/li>\n<li><span style=\"font-size: 16px;\">Certifi\u00e9 EN 12941 classe TH3 avec facteur de protection nominal de 500<\/span><\/li>\n<li><span style=\"font-size: 16px;\">Certifi\u00e9<\/span> ATEX: II 3 G IIB T4 Gc, II 3 D IIIC 135\u00b0C Dc<\/li>\n<li>Indice de protection : (IP64\/IP65\/IP68)<\/li>\n<li>Conditions de fonctionnement : 0 \u00baC \u00e0 + 60 \u00baC, humidit\u00e9 20 \u2013 95 % HR<\/li>\n<\/ul>\n<p><span class=\"ng-star-inserted\"><strong>Caract\u00e9ristiques et avantages<\/strong><br \/>\n<\/span><\/p>\n<ul>\n<li><span class=\"ng-star-inserted\">Conception compacte et faible poids<\/span><\/li>\n<li><span class=\"ng-star-inserted\">Sp\u00e9cialement adapt\u00e9 pour une utilisation dans des atmosph\u00e8res potentiellement explosives \u2013 approuv\u00e9 pour la zone 2<\/span><\/li>\n<li><span class=\"ng-star-inserted\">Compatible avec une cagoule, un masque ou une combinaison de protection ventil\u00e9e<\/span><\/li>\n<li><span class=\"ng-star-inserted\">Haute r\u00e9sistance m\u00e9canique et chimique<\/span><\/li>\n<li><span class=\"ng-star-inserted\">Une protection accrue contre les infiltrations permet la d\u00e9contamination par douche ou m\u00eame par immersion compl\u00e8te (IP64\/IP65\/IP68)<\/span><\/li>\n<li><span class=\"ng-star-inserted\">L\u2019\u00e9cran couleur affiche clairement toutes les informations pertinentes \u2013 colmatage du filtre, charge de la batterie, d\u00e9bit d\u2019air<\/span><\/li>\n<li><span class=\"ng-star-inserted\">Le syst\u00e8me de contr\u00f4le de d\u00e9bit maintient un d\u00e9bit d\u2019air constant quel que soit le niveau de colmatage du filtre ou de charge de la batterie<\/span><\/li>\n<li><span class=\"ng-star-inserted\">Temps de recharge de la batterie court &lt; 3 heures<\/span><\/li>\n<li><span class=\"ng-star-inserted\">Alarme audiovisuelle<\/span><\/li>\n<li><span class=\"ng-star-inserted\">Interface utilisateur multilingue<\/span><\/li>\n<\/ul>\n","protected":false},"excerpt":{"rendered":"<p><strong>CleanAir Chemical 2F Ex, le respirateur le plus versatile et durable est maintenant disponible en version ATEX, utilisable dans des environnements pr\u00e9sentant un risque d\u2019explosion<\/strong><\/p>\n<p>Outre son design compact et son poids l\u00e9ger, CleanAir Chemical 2F Ex se caract\u00e9rise par son incroyable durabilit\u00e9, sa r\u00e9sistance aux produits chimiques et son grand indice d\u2019imperm\u00e9abilit\u00e9. Sa conception r\u00e9sistante et sa surface lisse permettent un nettoyage facile \u00e0 la douche ou m\u00eame par immersion compl\u00e8te.<\/p>\n<p>Le syst\u00e8me de fermeture automatique unique emp\u00eache toute contamination involontaire lors du changement des filtres.<\/p>\n<p>Le syst\u00e8me intelligent Flow Control maintient le d\u00e9bit d\u2019air \u00e0 un niveau constant ind\u00e9pendamment d\u2019une obstruction du filtre ou du niveau de la batterie. L\u2019alerte sonore et visuelle indique lorsque la batterie doit \u00eatre charg\u00e9e ou le filtre doit \u00eatre remplac\u00e9. Le d\u00e9bit d\u2019air est r\u00e9glable de mani\u00e8re individuelle entre 120 et 235 l\/min.<\/p>\n<p><em>Les produits Dacar peuvent \u00eatre achet\u00e9s en ligne ou via notre r\u00e9seau de distributeurs. N\u00b4h\u00e9sitez pas \u00e0 nous consulter votre revendeur le plus proche !<\/em><\/p>\n","protected":false},"featured_media":25956,"template":"","meta":{"site-sidebar-layout":"default","site-content-layout":"default","ast-site-content-layout":"default","site-content-style":"default","site-sidebar-style":"default","ast-global-header-display":"","ast-banner-title-visibility":"","ast-main-header-display":"","ast-hfb-above-header-display":"","ast-hfb-below-header-display":"","ast-hfb-mobile-header-display":"","site-post-title":"","ast-breadcrumbs-content":"","ast-featured-img":"","footer-sml-layout":"","ast-disable-related-posts":"","theme-transparent-header-meta":"default","adv-header-id-meta":"","stick-header-meta":"default","header-above-stick-meta":"","header-main-stick-meta":"","header-below-stick-meta":"","astra-migrate-meta-layouts":"set","ast-page-background-enabled":"default","ast-page-background-meta":{"desktop":{"background-color":"","background-image":"","background-repeat":"repeat","background-position":"center center","background-size":"auto","background-attachment":"scroll","background-type":"","background-media":"","overlay-type":"","overlay-color":"","overlay-opacity":"","overlay-gradient":""},"tablet":{"background-color":"","background-image":"","background-repeat":"repeat","background-position":"center center","background-size":"auto","background-attachment":"scroll","background-type":"","background-media":"","overlay-type":"","overlay-color":"","overlay-opacity":"","overlay-gradient":""},"mobile":{"background-color":"","background-image":"","background-repeat":"repeat","background-position":"center center","background-size":"auto","background-attachment":"scroll","background-type":"","background-media":"","overlay-type":"","overlay-color":"","overlay-opacity":"","overlay-gradient":""}},"ast-content-background-meta":{"desktop":{"background-color":"var(--ast-global-color-5)","background-image":"","background-repeat":"repeat","background-position":"center center","background-size":"auto","background-attachment":"scroll","background-type":"","background-media":"","overlay-type":"","overlay-color":"","overlay-opacity":"","overlay-gradient":""},"tablet":{"background-color":"var(--ast-global-color-5)","background-image":"","background-repeat":"repeat","background-position":"center center","background-size":"auto","background-attachment":"scroll","background-type":"","background-media":"","overlay-type":"","overlay-color":"","overlay-opacity":"","overlay-gradient":""},"mobile":{"background-color":"var(--ast-global-color-5)","background-image":"","background-repeat":"repeat","background-position":"center center","background-size":"auto","background-attachment":"scroll","background-type":"","background-media":"","overlay-type":"","overlay-color":"","overlay-opacity":"","overlay-gradient":""}}},"product_brand":[],"product_cat":[984,989],"product_tag":[],"class_list":{"0":"post-18355","1":"product","2":"type-product","3":"status-publish","4":"has-post-thumbnail","6":"product_cat-cleanair-2","7":"product_cat-cleanair-chemical-2","8":"desktop-align-left","9":"tablet-align-left","10":"mobile-align-left","11":"ast-product-gallery-layout-horizontal-slider","12":"ast-product-tabs-layout-horizontal","14":"first","15":"instock","16":"taxable","17":"shipping-taxable","18":"purchasable","19":"product-type-simple"},"_links":{"self":[{"href":"https:\/\/dacarcomercial.com\/fr\/wp-json\/wp\/v2\/product\/18355","targetHints":{"allow":["GET"]}}],"collection":[{"href":"https:\/\/dacarcomercial.com\/fr\/wp-json\/wp\/v2\/product"}],"about":[{"href":"https:\/\/dacarcomercial.com\/fr\/wp-json\/wp\/v2\/types\/product"}],"version-history":[{"count":0,"href":"https:\/\/dacarcomercial.com\/fr\/wp-json\/wp\/v2\/product\/18355\/revisions"}],"wp:featuredmedia":[{"embeddable":true,"href":"https:\/\/dacarcomercial.com\/fr\/wp-json\/wp\/v2\/media\/25956"}],"wp:attachment":[{"href":"https:\/\/dacarcomercial.com\/fr\/wp-json\/wp\/v2\/media?parent=18355"}],"wp:term":[{"taxonomy":"product_brand","embeddable":true,"href":"https:\/\/dacarcomercial.com\/fr\/wp-json\/wp\/v2\/product_brand?post=18355"},{"taxonomy":"product_cat","embeddable":true,"href":"https:\/\/dacarcomercial.com\/fr\/wp-json\/wp\/v2\/product_cat?post=18355"},{"taxonomy":"product_tag","embeddable":true,"href":"https:\/\/dacarcomercial.com\/fr\/wp-json\/wp\/v2\/product_tag?post=18355"}],"curies":[{"name":"wp","href":"https:\/\/api.w.org\/{rel}","templated":true}]}}