{"id":18356,"date":"2021-03-06T16:50:42","date_gmt":"2021-03-06T15:50:42","guid":{"rendered":"http:\/\/dacarcomercial.com\/producto\/cleanair-chemical-3f-pour-3-filtres\/"},"modified":"2024-05-14T10:55:59","modified_gmt":"2024-05-14T08:55:59","slug":"cleanair-chemical-3f-pour-3-filtres","status":"publish","type":"product","link":"https:\/\/dacarcomercial.com\/fr\/producto\/cleanair-chemical-3f-pour-3-filtres\/","title":{"rendered":"CleanAIR Chemical 3F (pour 3 filtres)"},"content":{"rendered":"<h2><strong>L\u2019ensemble CleanAIR Chemical 3F comprend:<\/strong><\/h2>\n<ul>\n<li>Bloc moteur<\/li>\n<li>Ceinture d\u00e9contaminable<\/li>\n<li>Batterie<\/li>\n<li>Chargeur<\/li>\n<li>Controleur de flux d\u00b4air<\/li>\n<li><span data-sheets-formula-bar-text-style=\"font-size:15px;color:#000000;font-weight:normal;text-decoration:none;font-family:'docs-Calibri';font-style:normal;text-decoration-skip-ink:none;\">Manuel d\u00b4instructions<\/span><\/li>\n<\/ul>\n<p>Pour constituer un ensemble complet pr\u00eat \u00e0 l\u2019emploi, il vous faudra ajouter le tuyau d&rsquo;air (r\u00e9f. 710060), les filtres correspondants \u00e0 votre n\u00e9cessit\u00e9 ainsi qu\u2019une <a href=\"https:\/\/dacarcomercial.com\/fr\/categorias-productos\/protection-respiratoire\/cleanair-2\/unites-de-tete\/\">unit\u00e9 de t\u00eate compatible<\/a> \u00e0 choisir : CA-1, CA-2, CA-10, CA-3 , UniMask, CA-4, GX02 &amp; CF02.<\/p>\n<p><strong>Sp\u00e9cifications techniques:<\/strong><\/p>\n<ul>\n<li>Code produit 510000FCA<\/li>\n<li>D\u00e9bit d\u00b4air :<br \/>\n120 \/ 140 \/ 160 lmp avec masque facial EN 12942<br \/>\n160 \/ 185 \/ 210 \/ 235 lmp avec unit\u00e9 de t\u00eate EN 12941 avec filtres \u00e0 particules et filtres chimiques classe 1<br \/>\n160 \/ 185 \/ 210 lmp avec unit\u00e9 de t\u00eate EN 12941 et filtres chimiques classe 2<\/li>\n<li>Batterie : Li-Ion 14,4 V \/ 2,6 Ah<\/li>\n<li>Temps de charge : &lt; 3 heures<\/li>\n<li>Dur\u00e9e de fonctionnement : &lt; 10 heures (avec filtres propres)<\/li>\n<li>Dur\u00e9e de vie de la batterie : jusqu\u2019\u00e0 500 cycles de charge<\/li>\n<li>Poids de l\u2019ensemble complet : 1100 gr (batterie incluse)<\/li>\n<li>Dimensions : 320 mm \/ 200 mm \/ 150 mm<\/li>\n<li>Niveau sonore : &lt; 70 dB<\/li>\n<li>Filtres compatibles : Compatible avec tous les filtres \u00e0 particule ou mixtes CleanAIR\u00ae avec filetage <span style=\"font-size: 16px;\">RD40x1\/7\u2033<\/span><\/li>\n<li>Certifi\u00e9 EN 12941 classe TH3 avec facteur de protection nominal de 500<\/li>\n<li>Indice de protection : IP64<\/li>\n<li>Conditions de fonctionnement : 0 \u00baC \u00e0 + 60 \u00baC, humidit\u00e9 20 \u2013 95 % HR<\/li>\n<\/ul>\n<p><strong>Caract\u00e9ristiques et avantages<\/strong><\/p>\n<ul>\n<li>Grande r\u00e9sistance m\u00e9canique et chimique<\/li>\n<li>Le d\u00e9bit d\u2019air est r\u00e9glable entre 120 et 235 l\/min.<\/li>\n<li>D\u00e9contamination sous la douche \u2013 IP64<\/li>\n<li>\u00c9cran couleur riche affichant clairement toutes les informations pertinentes \u2013 obstruction du filtre, autonomie de la batterie, d\u00e9bit d\u2019air<\/li>\n<li>Le syst\u00e8me Flow Control maintient un d\u00e9bit d\u2019air constant ind\u00e9pendamment du niveau d\u2019obstruction du filtre ou du niveau de la batterie.<\/li>\n<li>Batterie Li-Ion et chargeur rapide (temps de chargement inf\u00e9rieur \u00e0 3 h)<\/li>\n<li>Alerte sonore et visuelle<\/li>\n<li>Interface utilisateur en plusieurs langues<\/li>\n<li>Harnais dorsal disponible pour plus de confort<\/li>\n<\/ul>\n","protected":false},"excerpt":{"rendered":"<p><strong>CleanAir Chemical 3F, Respirateur puissant et durable pour les applications industrielles les plus exigeantes<\/strong><\/p>\n<p>Excellentes performances, r\u00e9sistance m\u00e9canique et chimique, r\u00e9sistance aux UV et \u00e9tanch\u00e9it\u00e9 IP64, garantie d\u2019une protection suffisante du porteur m\u00eame dans des environnements industriels contraignants le comme le secteur chimique, les laboratoires et secteur pharmaceutique.<\/p>\n<p>Le d\u00e9bit d\u2019air est r\u00e9glable individuellement conform\u00e9ment aux besoins de l\u2019utilisateur. Ses performances exceptionnelles en font un syst\u00e8me particuli\u00e8rement adapt\u00e9 aux environnements de travail tr\u00e8s pollu\u00e9s.<\/p>\n<p><em>Les produits Dacar peuvent \u00eatre achet\u00e9s en ligne ou via notre r\u00e9seau de distributeurs. N\u00b4h\u00e9sitez pas \u00e0 nous consulter votre revendeur le plus proche !<\/em><\/p>\n","protected":false},"featured_media":7938,"template":"","meta":{"site-sidebar-layout":"default","site-content-layout":"default","ast-site-content-layout":"default","site-content-style":"default","site-sidebar-style":"default","ast-global-header-display":"","ast-banner-title-visibility":"","ast-main-header-display":"","ast-hfb-above-header-display":"","ast-hfb-below-header-display":"","ast-hfb-mobile-header-display":"","site-post-title":"","ast-breadcrumbs-content":"","ast-featured-img":"","footer-sml-layout":"","ast-disable-related-posts":"","theme-transparent-header-meta":"default","adv-header-id-meta":"","stick-header-meta":"default","header-above-stick-meta":"","header-main-stick-meta":"","header-below-stick-meta":"","astra-migrate-meta-layouts":"set","ast-page-background-enabled":"default","ast-page-background-meta":{"desktop":{"background-color":"","background-image":"","background-repeat":"repeat","background-position":"center center","background-size":"auto","background-attachment":"scroll","background-type":"","background-media":"","overlay-type":"","overlay-color":"","overlay-opacity":"","overlay-gradient":""},"tablet":{"background-color":"","background-image":"","background-repeat":"repeat","background-position":"center center","background-size":"auto","background-attachment":"scroll","background-type":"","background-media":"","overlay-type":"","overlay-color":"","overlay-opacity":"","overlay-gradient":""},"mobile":{"background-color":"","background-image":"","background-repeat":"repeat","background-position":"center center","background-size":"auto","background-attachment":"scroll","background-type":"","background-media":"","overlay-type":"","overlay-color":"","overlay-opacity":"","overlay-gradient":""}},"ast-content-background-meta":{"desktop":{"background-color":"var(--ast-global-color-5)","background-image":"","background-repeat":"repeat","background-position":"center center","background-size":"auto","background-attachment":"scroll","background-type":"","background-media":"","overlay-type":"","overlay-color":"","overlay-opacity":"","overlay-gradient":""},"tablet":{"background-color":"var(--ast-global-color-5)","background-image":"","background-repeat":"repeat","background-position":"center center","background-size":"auto","background-attachment":"scroll","background-type":"","background-media":"","overlay-type":"","overlay-color":"","overlay-opacity":"","overlay-gradient":""},"mobile":{"background-color":"var(--ast-global-color-5)","background-image":"","background-repeat":"repeat","background-position":"center center","background-size":"auto","background-attachment":"scroll","background-type":"","background-media":"","overlay-type":"","overlay-color":"","overlay-opacity":"","overlay-gradient":""}}},"product_brand":[],"product_cat":[984,989],"product_tag":[],"class_list":{"0":"post-18356","1":"product","2":"type-product","3":"status-publish","4":"has-post-thumbnail","6":"product_cat-cleanair-2","7":"product_cat-cleanair-chemical-2","8":"desktop-align-left","9":"tablet-align-left","10":"mobile-align-left","11":"ast-product-gallery-layout-horizontal-slider","12":"ast-product-tabs-layout-horizontal","14":"first","15":"instock","16":"taxable","17":"shipping-taxable","18":"purchasable","19":"product-type-simple"},"_links":{"self":[{"href":"https:\/\/dacarcomercial.com\/fr\/wp-json\/wp\/v2\/product\/18356","targetHints":{"allow":["GET"]}}],"collection":[{"href":"https:\/\/dacarcomercial.com\/fr\/wp-json\/wp\/v2\/product"}],"about":[{"href":"https:\/\/dacarcomercial.com\/fr\/wp-json\/wp\/v2\/types\/product"}],"version-history":[{"count":0,"href":"https:\/\/dacarcomercial.com\/fr\/wp-json\/wp\/v2\/product\/18356\/revisions"}],"wp:featuredmedia":[{"embeddable":true,"href":"https:\/\/dacarcomercial.com\/fr\/wp-json\/wp\/v2\/media\/7938"}],"wp:attachment":[{"href":"https:\/\/dacarcomercial.com\/fr\/wp-json\/wp\/v2\/media?parent=18356"}],"wp:term":[{"taxonomy":"product_brand","embeddable":true,"href":"https:\/\/dacarcomercial.com\/fr\/wp-json\/wp\/v2\/product_brand?post=18356"},{"taxonomy":"product_cat","embeddable":true,"href":"https:\/\/dacarcomercial.com\/fr\/wp-json\/wp\/v2\/product_cat?post=18356"},{"taxonomy":"product_tag","embeddable":true,"href":"https:\/\/dacarcomercial.com\/fr\/wp-json\/wp\/v2\/product_tag?post=18356"}],"curies":[{"name":"wp","href":"https:\/\/api.w.org\/{rel}","templated":true}]}}