{"id":18374,"date":"2021-03-06T16:50:52","date_gmt":"2021-03-06T15:50:52","guid":{"rendered":"http:\/\/dacarcomercial.com\/producto\/cagoule-courte-bleue-ca-1-quicklock\/"},"modified":"2024-05-13T13:37:49","modified_gmt":"2024-05-13T11:37:49","slug":"cagoule-ca-1","status":"publish","type":"product","link":"https:\/\/dacarcomercial.com\/fr\/producto\/cagoule-ca-1\/","title":{"rendered":"Cagoule CA-1"},"content":{"rendered":"\t\t<div data-elementor-type=\"product-post\" data-elementor-id=\"18374\" class=\"elementor elementor-18374 elementor-15549\" data-elementor-post-type=\"product\">\n\t\t\t\t\t\t<section class=\"elementor-section elementor-top-section elementor-element elementor-element-d73f077 elementor-section-boxed elementor-section-height-default elementor-section-height-default\" data-id=\"d73f077\" data-element_type=\"section\" data-e-type=\"section\" data-settings=\"{&quot;jet_parallax_layout_list&quot;:[]}\">\n\t\t\t\t\t\t<div class=\"elementor-container elementor-column-gap-default\">\n\t\t\t\t\t<div class=\"elementor-column elementor-col-100 elementor-top-column elementor-element elementor-element-63c886f\" data-id=\"63c886f\" data-element_type=\"column\" data-e-type=\"column\">\n\t\t\t<div class=\"elementor-widget-wrap elementor-element-populated\">\n\t\t\t\t\t\t<div class=\"elementor-element elementor-element-85f2d56 elementor-widget elementor-widget-heading\" data-id=\"85f2d56\" data-element_type=\"widget\" data-e-type=\"widget\" data-widget_type=\"heading.default\">\n\t\t\t\t<div class=\"elementor-widget-container\">\n\t\t\t\t\t<h2 class=\"elementor-heading-title elementor-size-default\">Cagoule tutoriel:<\/h2>\t\t\t\t<\/div>\n\t\t\t\t<\/div>\n\t\t\t\t\t<\/div>\n\t\t<\/div>\n\t\t\t\t\t<\/div>\n\t\t<\/section>\n\t\t\t\t<section class=\"elementor-section elementor-top-section elementor-element elementor-element-db60aa3 elementor-section-boxed elementor-section-height-default elementor-section-height-default\" data-id=\"db60aa3\" data-element_type=\"section\" data-e-type=\"section\" data-settings=\"{&quot;jet_parallax_layout_list&quot;:[]}\">\n\t\t\t\t\t\t<div class=\"elementor-container elementor-column-gap-default\">\n\t\t\t\t\t<div class=\"elementor-column elementor-col-100 elementor-top-column elementor-element elementor-element-0b5a957\" data-id=\"0b5a957\" data-element_type=\"column\" data-e-type=\"column\">\n\t\t\t<div class=\"elementor-widget-wrap elementor-element-populated\">\n\t\t\t\t\t\t<div class=\"elementor-element elementor-element-86102f5 elementor-widget elementor-widget-video\" data-id=\"86102f5\" data-element_type=\"widget\" data-e-type=\"widget\" data-settings=\"{&quot;youtube_url&quot;:&quot;https:\\\/\\\/www.youtube.com\\\/watch?v=sIGn5IyLLRk&quot;,&quot;video_type&quot;:&quot;youtube&quot;,&quot;controls&quot;:&quot;yes&quot;}\" data-widget_type=\"video.default\">\n\t\t\t\t<div class=\"elementor-widget-container\">\n\t\t\t\t\t\t\t<div class=\"elementor-wrapper elementor-open-inline\">\n\t\t\t<div class=\"elementor-video\"><\/div>\t\t<\/div>\n\t\t\t\t\t\t<\/div>\n\t\t\t\t<\/div>\n\t\t\t\t\t<\/div>\n\t\t<\/div>\n\t\t\t\t\t<\/div>\n\t\t<\/section>\n\t\t\t\t<section class=\"elementor-section elementor-top-section elementor-element elementor-element-49d92405 elementor-section-boxed elementor-section-height-default elementor-section-height-default\" data-id=\"49d92405\" data-element_type=\"section\" data-e-type=\"section\" data-settings=\"{&quot;jet_parallax_layout_list&quot;:[]}\">\n\t\t\t\t\t\t<div class=\"elementor-container elementor-column-gap-default\">\n\t\t\t\t\t<div class=\"elementor-column elementor-col-100 elementor-top-column elementor-element elementor-element-55dd5734\" data-id=\"55dd5734\" data-element_type=\"column\" data-e-type=\"column\">\n\t\t\t<div class=\"elementor-widget-wrap elementor-element-populated\">\n\t\t\t\t\t\t<div class=\"elementor-element elementor-element-5c302036 elementor-widget elementor-widget-text-editor\" data-id=\"5c302036\" data-element_type=\"widget\" data-e-type=\"widget\" data-widget_type=\"text-editor.default\">\n\t\t\t\t<div class=\"elementor-widget-container\">\n\t\t\t\t\t\t\t\t\t<p><strong>Sp\u00e9cifications techniques Cagoule CA-1:<\/strong><\/p><ul><li>Poids: 180 g<\/li><li>Mat\u00e9riau cagoule: nylon<\/li><li>Visi\u00e8re: cellulose proportionn\u00e9e<\/li><li>Facteur de protection nominale (NPF): 500<\/li><li>Raccord de tuyau QuickLOCK\u2122<\/li><li>Certification: EN 12941 TH3 \/ EN 14594 3A \/ EN 166 1 S F<\/li><\/ul><p><strong>Caract\u00e9ristiques et avantages:<\/strong><\/p><ul><li>Protection des voies respiratoires de qualit\u00e9 sup\u00e9rieure<\/li><li>Grande visi\u00e8re avec rev\u00eatement antibu\u00e9e<\/li><li>R\u00e9glages de serre-t\u00eate individuels \u2013 r\u00e9glage du p\u00e9rim\u00e8tre et de la distance de la visi\u00e8re<\/li><li>Agr\u00e9able \u00e0 porter gr\u00e2ce \u00e0 sa coupe ample et \u00e0 son mat\u00e9riau durable l\u00e9ger<\/li><li>Offre une protection compl\u00e8te des yeux conforme \u00e0 la norme EN 166<\/li><li>Couche sup\u00e9rieure r\u00e9fl\u00e9chissante pratique<\/li><\/ul>\t\t\t\t\t\t\t\t<\/div>\n\t\t\t\t<\/div>\n\t\t\t\t\t<\/div>\n\t\t<\/div>\n\t\t\t\t\t<\/div>\n\t\t<\/section>\n\t\t\t\t<\/div>\n\t\t","protected":false},"excerpt":{"rendered":"<p><strong>CA-1 Cagoule ultra l\u00e9g\u00e8re avec une protection des voies respiratoires de qualit\u00e9 sup\u00e9rieure<\/strong><\/p>\n<p>Cette cagoule CA-1 courte et l\u00e9g\u00e8re est une solution optimale en mati\u00e8re de protection des voies respiratoires et du visage dans des environnements de poussi\u00e8res et pollution chimique l\u00e9g\u00e8re, lorsque aucune protection m\u00e9canique suppl\u00e9mentaire n\u2019est requise.<\/p>\n<p>Associ\u00e9e aux moto-ventilateurs ou <a href=\"https:\/\/dacarcomercial.com\/fr\/categorias-productos\/protection-respiratoire\/cleanair-2\/\">syst\u00e8mes CleanAIR\u00ae<\/a>, elle offre le niveau maximum de protection des voies respiratoires. Elle s\u2019adapte parfaitement aux diff\u00e9rents types de t\u00eate gr\u00e2ce \u00e0 son serre-t\u00eate r\u00e9glable et son bandeau \u00e9lastique confortable. La distance du viseur peut \u00eatre r\u00e9gl\u00e9e individuellement, ainsi que le p\u00e9rim\u00e8tre du serre- t\u00eate. Le tissu en nylon l\u00e9ger et la coupe ample la rendent agr\u00e9able \u00e0 porter sur de longues p\u00e9riodes.<\/p>\n<p>Sa visi\u00e8re \u00e0 champ panoramique avec rev\u00eatement antibu\u00e9e garantit une vision d\u00e9gag\u00e9e et offre une protection m\u00e9canique de base pour les yeux.<\/p>\n<p><em>Les produits Dacar peuvent \u00eatre achet\u00e9s en ligne ou via notre r\u00e9seau de distributeurs. N\u00b4h\u00e9sitez pas \u00e0 nous consulter votre revendeur le plus proche !<\/em><\/p>\n","protected":false},"featured_media":5415,"template":"","meta":{"site-sidebar-layout":"default","site-content-layout":"default","ast-site-content-layout":"default","site-content-style":"default","site-sidebar-style":"default","ast-global-header-display":"","ast-banner-title-visibility":"","ast-main-header-display":"","ast-hfb-above-header-display":"","ast-hfb-below-header-display":"","ast-hfb-mobile-header-display":"","site-post-title":"","ast-breadcrumbs-content":"","ast-featured-img":"","footer-sml-layout":"","ast-disable-related-posts":"","theme-transparent-header-meta":"default","adv-header-id-meta":"","stick-header-meta":"default","header-above-stick-meta":"","header-main-stick-meta":"","header-below-stick-meta":"","astra-migrate-meta-layouts":"set","ast-page-background-enabled":"default","ast-page-background-meta":{"desktop":{"background-color":"","background-image":"","background-repeat":"repeat","background-position":"center center","background-size":"auto","background-attachment":"scroll","background-type":"","background-media":"","overlay-type":"","overlay-color":"","overlay-opacity":"","overlay-gradient":""},"tablet":{"background-color":"","background-image":"","background-repeat":"repeat","background-position":"center center","background-size":"auto","background-attachment":"scroll","background-type":"","background-media":"","overlay-type":"","overlay-color":"","overlay-opacity":"","overlay-gradient":""},"mobile":{"background-color":"","background-image":"","background-repeat":"repeat","background-position":"center center","background-size":"auto","background-attachment":"scroll","background-type":"","background-media":"","overlay-type":"","overlay-color":"","overlay-opacity":"","overlay-gradient":""}},"ast-content-background-meta":{"desktop":{"background-color":"var(--ast-global-color-5)","background-image":"","background-repeat":"repeat","background-position":"center center","background-size":"auto","background-attachment":"scroll","background-type":"","background-media":"","overlay-type":"","overlay-color":"","overlay-opacity":"","overlay-gradient":""},"tablet":{"background-color":"var(--ast-global-color-5)","background-image":"","background-repeat":"repeat","background-position":"center center","background-size":"auto","background-attachment":"scroll","background-type":"","background-media":"","overlay-type":"","overlay-color":"","overlay-opacity":"","overlay-gradient":""},"mobile":{"background-color":"var(--ast-global-color-5)","background-image":"","background-repeat":"repeat","background-position":"center center","background-size":"auto","background-attachment":"scroll","background-type":"","background-media":"","overlay-type":"","overlay-color":"","overlay-opacity":"","overlay-gradient":""}}},"product_brand":[],"product_cat":[984,990],"product_tag":[],"class_list":{"0":"post-18374","1":"product","2":"type-product","3":"status-publish","4":"has-post-thumbnail","6":"product_cat-cleanair-2","7":"product_cat-unites-de-tete","8":"desktop-align-left","9":"tablet-align-left","10":"mobile-align-left","11":"ast-product-gallery-layout-horizontal-slider","12":"ast-product-tabs-layout-horizontal","14":"first","15":"instock","16":"taxable","17":"shipping-taxable","18":"purchasable","19":"product-type-simple"},"_links":{"self":[{"href":"https:\/\/dacarcomercial.com\/fr\/wp-json\/wp\/v2\/product\/18374","targetHints":{"allow":["GET"]}}],"collection":[{"href":"https:\/\/dacarcomercial.com\/fr\/wp-json\/wp\/v2\/product"}],"about":[{"href":"https:\/\/dacarcomercial.com\/fr\/wp-json\/wp\/v2\/types\/product"}],"version-history":[{"count":0,"href":"https:\/\/dacarcomercial.com\/fr\/wp-json\/wp\/v2\/product\/18374\/revisions"}],"wp:featuredmedia":[{"embeddable":true,"href":"https:\/\/dacarcomercial.com\/fr\/wp-json\/wp\/v2\/media\/5415"}],"wp:attachment":[{"href":"https:\/\/dacarcomercial.com\/fr\/wp-json\/wp\/v2\/media?parent=18374"}],"wp:term":[{"taxonomy":"product_brand","embeddable":true,"href":"https:\/\/dacarcomercial.com\/fr\/wp-json\/wp\/v2\/product_brand?post=18374"},{"taxonomy":"product_cat","embeddable":true,"href":"https:\/\/dacarcomercial.com\/fr\/wp-json\/wp\/v2\/product_cat?post=18374"},{"taxonomy":"product_tag","embeddable":true,"href":"https:\/\/dacarcomercial.com\/fr\/wp-json\/wp\/v2\/product_tag?post=18374"}],"curies":[{"name":"wp","href":"https:\/\/api.w.org\/{rel}","templated":true}]}}