{"id":18383,"date":"2021-03-06T16:50:52","date_gmt":"2021-03-06T15:50:52","guid":{"rendered":"http:\/\/dacarcomercial.com\/producto\/masque-unimask-neoprene\/"},"modified":"2024-05-10T12:57:52","modified_gmt":"2024-05-10T10:57:52","slug":"masque-complet-unimask-neoprene","status":"publish","type":"product","link":"https:\/\/dacarcomercial.com\/fr\/producto\/masque-complet-unimask-neoprene\/","title":{"rendered":"Masque complet Unimask N\u00e9opr\u00e8ne"},"content":{"rendered":"<div class=\"ast-oembed-container \" style=\"height: 100%;\"><iframe title=\"CleanAIR \u00ae UniMask\u00ae  Visi\u00e8re de protection polyvalente\" width=\"500\" height=\"281\" src=\"https:\/\/www.youtube.com\/embed\/gbsvikXkJuc?feature=oembed\" frameborder=\"0\" allow=\"accelerometer; autoplay; clipboard-write; encrypted-media; gyroscope; picture-in-picture; web-share\" referrerpolicy=\"strict-origin-when-cross-origin\" allowfullscreen><\/iframe><\/div>\n<h2><strong>Sp\u00e9cifications techniques Masque complet Unimask N\u00e9opr\u00e8ne:<\/strong><\/h2>\n<ul>\n<li>Poids: 380 g<\/li>\n<li>Mat\u00e9riau \u00c9cran: polyamide<\/li>\n<li>Joint d\u2019\u00e9tanch\u00e9it\u00e9 pour le visage: Maille en n\u00e9opr\u00e8ne<\/li>\n<li>Visi\u00e8re: polycarbonate<\/li>\n<li>Facteur de protection nominale (NPF) 500<\/li>\n<li>Raccord de tuyau QuickLOCK\u2122<\/li>\n<li>Certification: EN 12941 TH3 EN 14594 3B EN 166 1 FT B K N<\/li>\n<\/ul>\n<p><strong>Caract\u00e9ristiques et avantages<\/strong><\/p>\n<ul>\n<li>La meilleure cat\u00e9gorie de protection des voies respiratoires TH3<\/li>\n<li>Contr\u00f4le am\u00e9lior\u00e9 du d\u00e9bit d\u2019air entrant<\/li>\n<li>Poids l\u00e9ger \u2013 seulement 380 g<\/li>\n<li>Excellente qualit\u00e9 optique EN 166 cat. 1<\/li>\n<li>Grande r\u00e9sistance m\u00e9canique de la visi\u00e8re<\/li>\n<li>Rev\u00eatement antibu\u00e9e<\/li>\n<li>Compatible avec les casques de s\u00e9curit\u00e9<\/li>\n<li>Facile \u00e0 utiliser et \u00e0 r\u00e9gler<\/li>\n<li>Entretien facile et rapide<\/li>\n<\/ul>\n<p><strong>Comment utiliser et pi\u00e8ces de rechange<\/strong><\/p>\n<p><strong>Visi\u00e8re torique avec une excellente qualit\u00e9 optique<\/strong><\/p>\n<ul>\n<li>UniMask est le seul \u00e9cran de protection du visage universel de sa cat\u00e9gorie, disposant d\u2019une visi\u00e8re torique offrant la meilleure cat\u00e9gorie de qualit\u00e9 optique (EN 166 cat. 1).<\/li>\n<li>La visi\u00e8re avec rev\u00eatement antibu\u00e9e et anti-\u00e9raflures garantit un excellent champ de vision et une plus grande durabilit\u00e9.<\/li>\n<li>Elle offre une protection contre les particules lanc\u00e9es \u00e0 grande vitesse avec une \u00e9nergie moyenne.<\/li>\n<\/ul>\n<p><strong>Changement rapide et facile de la visi\u00e8re<\/strong><\/p>\n<p><img fetchpriority=\"high\" decoding=\"async\" class=\"alignleft wp-image-26066\" title=\"masque complet unimask\" src=\"https:\/\/dacarcomercial.com\/wp-content\/uploads\/2021\/03\/visor.jpg\" sizes=\"(max-width: 257px) 100vw, 257px\" srcset=\"https:\/\/dacarcomercial.com\/wp-content\/uploads\/2021\/03\/visor.jpg 300w, https:\/\/dacarcomercial.com\/wp-content\/uploads\/2021\/03\/visor-150x150.jpg 150w, https:\/\/dacarcomercial.com\/wp-content\/uploads\/2021\/03\/visor-100x100.jpg 100w\" alt=\"full mask unimask\" width=\"257\" height=\"257\" \/><\/p>\n<ul>\n<li>La visi\u00e8re est facile \u00e0 retirer, permettant un remplacement ou un nettoyage s\u00e9par\u00e9 facile, et se fixe \u00e0 la cagoule gr\u00e2ce \u00e0 deux mollettes de serrage simples.<\/li>\n<\/ul>\n<p><strong>Joint d\u2019\u00e9tanch\u00e9it\u00e9 du visage rapide \u00e0 remplacer et facile \u00e0 entretenir<\/strong><\/p>\n<p><img decoding=\"async\" class=\"alignright wp-image-26072\" title=\"masque complet unimask\" src=\"https:\/\/dacarcomercial.com\/wp-content\/uploads\/2021\/03\/Unimask.jpg\" sizes=\"(max-width: 208px) 100vw, 208px\" srcset=\"https:\/\/dacarcomercial.com\/wp-content\/uploads\/2021\/03\/Unimask.jpg 300w, https:\/\/dacarcomercial.com\/wp-content\/uploads\/2021\/03\/Unimask-150x150.jpg 150w, https:\/\/dacarcomercial.com\/wp-content\/uploads\/2021\/03\/Unimask-100x100.jpg 100w\" alt=\"full mask unimask\" width=\"208\" height=\"208\" \/><\/p>\n<ul>\n<li>Le joint d\u2019\u00e9tanch\u00e9it\u00e9 pour le visage garantit un port s\u00e9curis\u00e9 et confortable. Gr\u00e2ce \u00e0 son syst\u00e8me de fermeture rapide, le joint d\u2019\u00e9tanch\u00e9it\u00e9 du visage est facile \u00e0 retirer et s\u2019attache aussi rapidement.<\/li>\n<li>Les joints peuvent \u00eatre lav\u00e9s en machine et m\u00eame s\u00e9ch\u00e9s au s\u00e8che-linge.<\/li>\n<\/ul>\n<p><strong>Choix de mat\u00e9riau et de couleur<\/strong><\/p>\n<ul>\n<li>Les joints d\u2019\u00e9tanch\u00e9it\u00e9 pour UniMask sont disponibles en deux options de mat\u00e9riau pour mieux r\u00e9pondre aux pr\u00e9f\u00e9rences des utilisateurs.<\/li>\n<li>Le joint d\u2019\u00e9tanch\u00e9it\u00e9 pour le visage en n\u00e9opr\u00e8ne est plus pratique dans des espaces offrant une forte concentration de poussi\u00e8re, car il est plus facile \u00e0 nettoyer.<\/li>\n<\/ul>\n<p><strong>Domaines d\u2019application<\/strong><\/p>\n<ul>\n<li>UniMask peut \u00eatre utilis\u00e9 pour des op\u00e9rations de peinture par pulv\u00e9risation ou de finition de surface dans des environnements exigeant une faible r\u00e9sistance aux produits chimiques, typiquement dans les secteurs chimiques, pharmaceutiques et dans les laboratoires.<\/li>\n<\/ul>\n","protected":false},"excerpt":{"rendered":"<p><strong>Masque complet UniMask N\u00e9opr\u00e8ne,<\/strong>\u00a0\u00e9cran de protection pour le visage l\u00e9ger universel offrant le meilleur niveau de confort et de s\u00e9curit\u00e9<\/p>\n<p>Cet \u00e9cran de protection pour le visage l\u00e9ger universel se caract\u00e9rise par son meilleur niveau de protection des voies respiratoires avec contr\u00f4le am\u00e9lior\u00e9 du d\u00e9bit d\u2019air entrant et une visi\u00e8re avec d\u2019excellentes fonctions optiques et m\u00e9caniques, qui en font un v\u00e9ritable leader de sa cat\u00e9gorie.<\/p>\n<p>Masque complet UniMask N\u00e9opr\u00e8ne est l\u00e9ger (380 g \u00e0 peine) et offre un confort d\u2019utilisation exceptionnel: le contr\u00f4le du d\u00e9bit d\u2019air entrant permet \u00e0 l\u2019utilisateur d\u2019orienter et d\u2019augmenter le flux arrivant sur le visage ou directement dans la zone de respiration. L<span style=\"font-size: 16px;\">e joint d\u2019\u00e9tanch\u00e9it\u00e9 pour le visage en n\u00e9opr\u00e8ne est plus pratique dans des espaces offrant une forte concentration de poussi\u00e8re, car il est plus facile \u00e0 nettoyer.<\/span><\/p>\n<p>La visi\u00e8re permet une vision nette et sans perturbation, de la meilleure qualit\u00e9 (cat. 1 selon la norme EN 166), une grande r\u00e9sistance m\u00e9canique et une rev\u00eatement antibu\u00e9e. UniMask est facile \u00e0 utiliser et toutes les pi\u00e8ces d\u00e9tach\u00e9es sont rapides \u00e0 enlever et faciles \u00e0 entretenir.<\/p>\n<p><em>Les produits Dacar peuvent \u00eatre achet\u00e9s en ligne ou via notre r\u00e9seau de distributeurs. N\u00b4h\u00e9sitez pas \u00e0 nous consulter votre revendeur le plus proche !<\/em><\/p>\n","protected":false},"featured_media":3765,"template":"","meta":{"site-sidebar-layout":"default","site-content-layout":"default","ast-site-content-layout":"default","site-content-style":"default","site-sidebar-style":"default","ast-global-header-display":"","ast-banner-title-visibility":"","ast-main-header-display":"","ast-hfb-above-header-display":"","ast-hfb-below-header-display":"","ast-hfb-mobile-header-display":"","site-post-title":"","ast-breadcrumbs-content":"","ast-featured-img":"","footer-sml-layout":"","ast-disable-related-posts":"","theme-transparent-header-meta":"default","adv-header-id-meta":"","stick-header-meta":"default","header-above-stick-meta":"","header-main-stick-meta":"","header-below-stick-meta":"","astra-migrate-meta-layouts":"set","ast-page-background-enabled":"default","ast-page-background-meta":{"desktop":{"background-color":"","background-image":"","background-repeat":"repeat","background-position":"center center","background-size":"auto","background-attachment":"scroll","background-type":"","background-media":"","overlay-type":"","overlay-color":"","overlay-opacity":"","overlay-gradient":""},"tablet":{"background-color":"","background-image":"","background-repeat":"repeat","background-position":"center center","background-size":"auto","background-attachment":"scroll","background-type":"","background-media":"","overlay-type":"","overlay-color":"","overlay-opacity":"","overlay-gradient":""},"mobile":{"background-color":"","background-image":"","background-repeat":"repeat","background-position":"center center","background-size":"auto","background-attachment":"scroll","background-type":"","background-media":"","overlay-type":"","overlay-color":"","overlay-opacity":"","overlay-gradient":""}},"ast-content-background-meta":{"desktop":{"background-color":"var(--ast-global-color-5)","background-image":"","background-repeat":"repeat","background-position":"center center","background-size":"auto","background-attachment":"scroll","background-type":"","background-media":"","overlay-type":"","overlay-color":"","overlay-opacity":"","overlay-gradient":""},"tablet":{"background-color":"var(--ast-global-color-5)","background-image":"","background-repeat":"repeat","background-position":"center center","background-size":"auto","background-attachment":"scroll","background-type":"","background-media":"","overlay-type":"","overlay-color":"","overlay-opacity":"","overlay-gradient":""},"mobile":{"background-color":"var(--ast-global-color-5)","background-image":"","background-repeat":"repeat","background-position":"center center","background-size":"auto","background-attachment":"scroll","background-type":"","background-media":"","overlay-type":"","overlay-color":"","overlay-opacity":"","overlay-gradient":""}}},"product_brand":[],"product_cat":[984,990],"product_tag":[],"class_list":{"0":"post-18383","1":"product","2":"type-product","3":"status-publish","4":"has-post-thumbnail","6":"product_cat-cleanair-2","7":"product_cat-unites-de-tete","8":"desktop-align-left","9":"tablet-align-left","10":"mobile-align-left","11":"ast-product-gallery-layout-horizontal-slider","12":"ast-product-gallery-with-no-image","13":"ast-product-tabs-layout-horizontal","15":"first","16":"instock","17":"taxable","18":"shipping-taxable","19":"purchasable","20":"product-type-simple"},"_links":{"self":[{"href":"https:\/\/dacarcomercial.com\/fr\/wp-json\/wp\/v2\/product\/18383","targetHints":{"allow":["GET"]}}],"collection":[{"href":"https:\/\/dacarcomercial.com\/fr\/wp-json\/wp\/v2\/product"}],"about":[{"href":"https:\/\/dacarcomercial.com\/fr\/wp-json\/wp\/v2\/types\/product"}],"version-history":[{"count":0,"href":"https:\/\/dacarcomercial.com\/fr\/wp-json\/wp\/v2\/product\/18383\/revisions"}],"wp:featuredmedia":[{"embeddable":true,"href":"https:\/\/dacarcomercial.com\/fr\/wp-json\/wp\/v2\/media\/3765"}],"wp:attachment":[{"href":"https:\/\/dacarcomercial.com\/fr\/wp-json\/wp\/v2\/media?parent=18383"}],"wp:term":[{"taxonomy":"product_brand","embeddable":true,"href":"https:\/\/dacarcomercial.com\/fr\/wp-json\/wp\/v2\/product_brand?post=18383"},{"taxonomy":"product_cat","embeddable":true,"href":"https:\/\/dacarcomercial.com\/fr\/wp-json\/wp\/v2\/product_cat?post=18383"},{"taxonomy":"product_tag","embeddable":true,"href":"https:\/\/dacarcomercial.com\/fr\/wp-json\/wp\/v2\/product_tag?post=18383"}],"curies":[{"name":"wp","href":"https:\/\/api.w.org\/{rel}","templated":true}]}}