{"id":18391,"date":"2021-03-06T16:51:03","date_gmt":"2021-03-06T15:51:03","guid":{"rendered":"http:\/\/dacarcomercial.com\/producto\/cleanair-asbest\/"},"modified":"2024-05-15T16:02:28","modified_gmt":"2024-05-15T14:02:28","slug":"cleanair-asbest-shigematsu","status":"publish","type":"product","link":"https:\/\/dacarcomercial.com\/fr\/producto\/cleanair-asbest-shigematsu\/","title":{"rendered":"CleanAIR Asbest"},"content":{"rendered":"<h2>CleanAIR Asbest<\/h2>\n<p><strong>Equipement complet compos\u00e9 du masque Shigematsu GX-02\u00a0<\/strong><\/p>\n<ul>\n<li>Masque Shigematsu GX-02<\/li>\n<li>Bloc moteur<\/li>\n<li>2 batteries<\/li>\n<li>Chargeur<\/li>\n<li>Filtre P3<\/li>\n<li>Tuyau<\/li>\n<li>Ceinture<\/li>\n<\/ul>\n<p><strong>Caract\u00e9ristiques et avantages<\/strong><\/p>\n<ul>\n<li>Design compact et l\u00e9ger \u2013 385 g<\/li>\n<li>Simple d\u2019utilisation<\/li>\n<li>Possibilit\u00e9 de branchement direct au masque<\/li>\n<li>D\u00e9 contaminable \u00e0 la douche \u2013 IP65<\/li>\n<li>Autonomie de fonctionnement de 5 heures<\/li>\n<li>Facteur de protection nominale \u00e9lev\u00e9 NPF 2000<\/li>\n<\/ul>\n","protected":false},"excerpt":{"rendered":"<p>La combinaison de CleanAIR\u00ae Asbest avec masque facial complet Shigematsu et un filtre tr\u00e8s efficace contre les particules garantit un facteur de protection nominale \u00e9lev\u00e9 (NPF 2000), un d\u00e9bit d\u2019air suffisant et une d\u00e9contamination simple.<\/p>\n<p>Le syst\u00e8me est con\u00e7u pour prot\u00e9ger activement les voies respiratoires et le visage durant les op\u00e9rations de traitement de mat\u00e9riaux contenant de l\u2019amiante, et peut \u00eatre fix\u00e9 directement sur le masque ou reli\u00e9 au masque avec un tuyau et port\u00e9 \u00e0 la ceinture. Il est particuli\u00e8rement recommand\u00e9 pour son poids l\u00e9ger et son mode de fonctionnement simple.<\/p>\n<p><strong>Shigematsu GX02: <\/strong>Masque facial complet de haute qualit\u00e9 avec design ergonomique avanc\u00e9<\/p>\n<ul>\n<li>Double joint d\u2019\u00e9tanch\u00e9it\u00e9 pour un maximum de protection et de confort<\/li>\n<li>Grande r\u00e9sistance aux produits chimiques<\/li>\n<li>Visi\u00e8re amovible \u00e0 champ panoramique<\/li>\n<li>Rev\u00eatement anti-\u00e9raflures<\/li>\n<li>Harnais de t\u00eate \u00e0 six points<\/li>\n<li>Deux soupapes d\u2019expiration diminuant la r\u00e9sistance \u00e0 la respiration<\/li>\n<li>Amplificateur de voix<\/li>\n<li>Rev\u00eatement de protection de visi\u00e8re en option<\/li>\n<\/ul>\n<p><em>Les produits Dacar peuvent \u00eatre achet\u00e9s en ligne ou via notre r\u00e9seau de distributeurs. N\u00b4h\u00e9sitez pas \u00e0 nous consulter votre revendeur le plus proche !<\/em><\/p>\n","protected":false},"featured_media":8898,"template":"","meta":{"site-sidebar-layout":"default","site-content-layout":"default","ast-site-content-layout":"default","site-content-style":"default","site-sidebar-style":"default","ast-global-header-display":"","ast-banner-title-visibility":"","ast-main-header-display":"","ast-hfb-above-header-display":"","ast-hfb-below-header-display":"","ast-hfb-mobile-header-display":"","site-post-title":"","ast-breadcrumbs-content":"","ast-featured-img":"","footer-sml-layout":"","ast-disable-related-posts":"","theme-transparent-header-meta":"default","adv-header-id-meta":"","stick-header-meta":"default","header-above-stick-meta":"","header-main-stick-meta":"","header-below-stick-meta":"","astra-migrate-meta-layouts":"set","ast-page-background-enabled":"default","ast-page-background-meta":{"desktop":{"background-color":"","background-image":"","background-repeat":"repeat","background-position":"center center","background-size":"auto","background-attachment":"scroll","background-type":"","background-media":"","overlay-type":"","overlay-color":"","overlay-opacity":"","overlay-gradient":""},"tablet":{"background-color":"","background-image":"","background-repeat":"repeat","background-position":"center center","background-size":"auto","background-attachment":"scroll","background-type":"","background-media":"","overlay-type":"","overlay-color":"","overlay-opacity":"","overlay-gradient":""},"mobile":{"background-color":"","background-image":"","background-repeat":"repeat","background-position":"center center","background-size":"auto","background-attachment":"scroll","background-type":"","background-media":"","overlay-type":"","overlay-color":"","overlay-opacity":"","overlay-gradient":""}},"ast-content-background-meta":{"desktop":{"background-color":"var(--ast-global-color-5)","background-image":"","background-repeat":"repeat","background-position":"center center","background-size":"auto","background-attachment":"scroll","background-type":"","background-media":"","overlay-type":"","overlay-color":"","overlay-opacity":"","overlay-gradient":""},"tablet":{"background-color":"var(--ast-global-color-5)","background-image":"","background-repeat":"repeat","background-position":"center center","background-size":"auto","background-attachment":"scroll","background-type":"","background-media":"","overlay-type":"","overlay-color":"","overlay-opacity":"","overlay-gradient":""},"mobile":{"background-color":"var(--ast-global-color-5)","background-image":"","background-repeat":"repeat","background-position":"center center","background-size":"auto","background-attachment":"scroll","background-type":"","background-media":"","overlay-type":"","overlay-color":"","overlay-opacity":"","overlay-gradient":""}}},"product_brand":[],"product_cat":[984,1716],"product_tag":[],"class_list":{"0":"post-18391","1":"product","2":"type-product","3":"status-publish","4":"has-post-thumbnail","6":"product_cat-cleanair-2","7":"product_cat-cleanair-asbest-fr","8":"desktop-align-left","9":"tablet-align-left","10":"mobile-align-left","11":"ast-product-gallery-layout-horizontal-slider","12":"ast-product-tabs-layout-horizontal","14":"first","15":"instock","16":"taxable","17":"shipping-taxable","18":"purchasable","19":"product-type-simple"},"_links":{"self":[{"href":"https:\/\/dacarcomercial.com\/fr\/wp-json\/wp\/v2\/product\/18391","targetHints":{"allow":["GET"]}}],"collection":[{"href":"https:\/\/dacarcomercial.com\/fr\/wp-json\/wp\/v2\/product"}],"about":[{"href":"https:\/\/dacarcomercial.com\/fr\/wp-json\/wp\/v2\/types\/product"}],"version-history":[{"count":0,"href":"https:\/\/dacarcomercial.com\/fr\/wp-json\/wp\/v2\/product\/18391\/revisions"}],"wp:featuredmedia":[{"embeddable":true,"href":"https:\/\/dacarcomercial.com\/fr\/wp-json\/wp\/v2\/media\/8898"}],"wp:attachment":[{"href":"https:\/\/dacarcomercial.com\/fr\/wp-json\/wp\/v2\/media?parent=18391"}],"wp:term":[{"taxonomy":"product_brand","embeddable":true,"href":"https:\/\/dacarcomercial.com\/fr\/wp-json\/wp\/v2\/product_brand?post=18391"},{"taxonomy":"product_cat","embeddable":true,"href":"https:\/\/dacarcomercial.com\/fr\/wp-json\/wp\/v2\/product_cat?post=18391"},{"taxonomy":"product_tag","embeddable":true,"href":"https:\/\/dacarcomercial.com\/fr\/wp-json\/wp\/v2\/product_tag?post=18391"}],"curies":[{"name":"wp","href":"https:\/\/api.w.org\/{rel}","templated":true}]}}