{"id":18399,"date":"2021-03-06T16:51:03","date_gmt":"2021-03-09T18:50:45","guid":{"rendered":"http:\/\/dacarcomercial.com\/producto\/visiere-de-meulage-avec-casque-ca-40g\/"},"modified":"2024-05-10T13:39:57","modified_gmt":"2024-05-10T11:39:57","slug":"visiere-de-meulage-avec-casque","status":"publish","type":"product","link":"https:\/\/dacarcomercial.com\/fr\/producto\/visiere-de-meulage-avec-casque\/","title":{"rendered":"Visi\u00e8re de meulage avec casque CA-40G"},"content":{"rendered":"<h2>Caract\u00e9ristiques techniques de la Visi\u00e8re de meulage avec casque CA-40G<\/h2>\n<ul>\n<li>Poids : 1100 g<\/li>\n<li>Tuyau d&rsquo;air : QuickLock<\/li>\n<li>Facteur de protection (NPF): 500<\/li>\n<li>Certifications : EN 166 1, A, K, N, EN 379 1\/1\/1\/2, EN 175 S, B, EN 397, EN 12941 TH3, EN 14594 3B<\/li>\n<\/ul>\n<p><strong>Caract\u00e9ristiques et avantages:<\/strong><\/p>\n<ul>\n<li>Protection respiratoire, faciale et de la t\u00eate lors des travaux de meulage<\/li>\n<li>Syst\u00e8me de distribution d&rsquo;air int\u00e9gr\u00e9<\/li>\n<li>\u00c9quilibr\u00e9, confortable et r\u00e9sistant, recommand\u00e9 pour les conditions de travail les plus exigeantes<\/li>\n<li>Large visi\u00e8re incurv\u00e9e en polycarbonate<\/li>\n<li>Avec des fentes lat\u00e9rales standard de 30 mm, permet de fixer des <a href=\"https:\/\/dacarcomercial.com\/fr\/categorias-productos\/protecteurs-auditifs\/casques-anti-bruit-passifs\/\">casques anti-bruit Secure<\/a> (en option, \u00e0 commander s\u00e9par\u00e9ment)<\/li>\n<\/ul>\n<p><span class=\"ng-star-inserted\"><strong>Domaines d\u2019application<\/strong><\/span><\/p>\n<ul>\n<li><span class=\"ng-star-inserted\">Industrie automobile<\/span><\/li>\n<li><span class=\"ng-star-inserted\">Construction navale<\/span><\/li>\n<li><span class=\"ng-star-inserted\">Construction de b\u00e2timent<\/span><\/li>\n<\/ul>\n","protected":false},"excerpt":{"rendered":"<p><span class=\"ng-star-inserted\">Casque de s\u00e9curit\u00e9 CA-40G avec \u00e9cran rabatable en polycarbonate transparent pour le polissage ou le meulage incorporant un joint facial et un conduit d\u00b4air pour son utilisation avec les syst\u00e8mes moto-ventil\u00e9s CleanAIR ou \u00e0 adduction d\u00b4air CleanAIR.<\/span><\/p>\n<p><span class=\"ng-star-inserted\">En plus d\u2019une protection efficace du syst\u00e8me respiratoire, la<strong> visi\u00e8re de meulage avec casque CA-40G<\/strong> prot\u00e8ge \u00e9galement la t\u00eate, la vue et le visage pendant le processus de meulage ou de polissage. <\/span><span class=\"ng-star-inserted\">La visi\u00e8re en polycarbonate d\u2019excellente qualit\u00e9 avec rev\u00eatement anti-bu\u00e9e et anti-rayure garantit un excellent champ de vision et une durabilit\u00e9 accrue.<\/span><\/p>\n<p><span class=\"ng-star-inserted\">La visi\u00e8re de meulage avec casque CA-40G est adapt\u00e9 aux op\u00e9rations de surface (meulage, nettoyage, polissage) et peut \u00eatre utilis\u00e9 dans des zones o\u00f9 l\u2019utilisation d\u2019un casque de s\u00e9curit\u00e9 est obligatoire car il est conforme aux exigences et certifi\u00e9 EN397. <\/span><span class=\"ng-star-inserted\">En combinaison avec les CleanAIR AerGO, Basic et Pressure Flow Master, il offre un facteur de protection (FPN) de 500, obtenant ainsi les meilleures classifications en protection respiratoire (EN12941 TH3 et EN14594\u00a0: 3B)<\/span><\/p>\n<p><span class=\"ng-star-inserted\">Avec joint facial en tissu ignifug\u00e9 et connecteur QuickLOCK , il est compatible avec les motoventilateurs CleanAir Basic, CleanAir AerGo et CleanAir Chemical ainsi que l\u2019\u00e9quipement avec adduction d\u2019air CleanAIR Pressure Flow Master. (\u00e0 commander s\u00e9par\u00e9ment).\u00a0 <\/span><span class=\"ng-star-inserted\">Oreillettes anti-bruit en option.<\/span><\/p>\n<p><em>Les produits Dacar peuvent \u00eatre achet\u00e9s en ligne ou via notre r\u00e9seau de distributeurs. N\u00b4h\u00e9sitez pas \u00e0 nous consulter votre revendeur le plus proche !<\/em><\/p>\n","protected":false},"featured_media":33156,"template":"","meta":{"site-sidebar-layout":"default","site-content-layout":"default","ast-site-content-layout":"default","site-content-style":"default","site-sidebar-style":"default","ast-global-header-display":"","ast-banner-title-visibility":"","ast-main-header-display":"","ast-hfb-above-header-display":"","ast-hfb-below-header-display":"","ast-hfb-mobile-header-display":"","site-post-title":"","ast-breadcrumbs-content":"","ast-featured-img":"","footer-sml-layout":"","ast-disable-related-posts":"","theme-transparent-header-meta":"default","adv-header-id-meta":"","stick-header-meta":"default","header-above-stick-meta":"","header-main-stick-meta":"","header-below-stick-meta":"","astra-migrate-meta-layouts":"set","ast-page-background-enabled":"default","ast-page-background-meta":{"desktop":{"background-color":"","background-image":"","background-repeat":"repeat","background-position":"center center","background-size":"auto","background-attachment":"scroll","background-type":"","background-media":"","overlay-type":"","overlay-color":"","overlay-opacity":"","overlay-gradient":""},"tablet":{"background-color":"","background-image":"","background-repeat":"repeat","background-position":"center center","background-size":"auto","background-attachment":"scroll","background-type":"","background-media":"","overlay-type":"","overlay-color":"","overlay-opacity":"","overlay-gradient":""},"mobile":{"background-color":"","background-image":"","background-repeat":"repeat","background-position":"center center","background-size":"auto","background-attachment":"scroll","background-type":"","background-media":"","overlay-type":"","overlay-color":"","overlay-opacity":"","overlay-gradient":""}},"ast-content-background-meta":{"desktop":{"background-color":"var(--ast-global-color-5)","background-image":"","background-repeat":"repeat","background-position":"center center","background-size":"auto","background-attachment":"scroll","background-type":"","background-media":"","overlay-type":"","overlay-color":"","overlay-opacity":"","overlay-gradient":""},"tablet":{"background-color":"var(--ast-global-color-5)","background-image":"","background-repeat":"repeat","background-position":"center center","background-size":"auto","background-attachment":"scroll","background-type":"","background-media":"","overlay-type":"","overlay-color":"","overlay-opacity":"","overlay-gradient":""},"mobile":{"background-color":"var(--ast-global-color-5)","background-image":"","background-repeat":"repeat","background-position":"center center","background-size":"auto","background-attachment":"scroll","background-type":"","background-media":"","overlay-type":"","overlay-color":"","overlay-opacity":"","overlay-gradient":""}}},"product_brand":[],"product_cat":[984,990],"product_tag":[],"class_list":{"0":"post-18399","1":"product","2":"type-product","3":"status-publish","4":"has-post-thumbnail","6":"product_cat-cleanair-2","7":"product_cat-unites-de-tete","8":"desktop-align-left","9":"tablet-align-left","10":"mobile-align-left","11":"ast-product-gallery-layout-horizontal-slider","12":"ast-product-tabs-layout-horizontal","14":"first","15":"instock","16":"taxable","17":"shipping-taxable","18":"purchasable","19":"product-type-simple"},"_links":{"self":[{"href":"https:\/\/dacarcomercial.com\/fr\/wp-json\/wp\/v2\/product\/18399","targetHints":{"allow":["GET"]}}],"collection":[{"href":"https:\/\/dacarcomercial.com\/fr\/wp-json\/wp\/v2\/product"}],"about":[{"href":"https:\/\/dacarcomercial.com\/fr\/wp-json\/wp\/v2\/types\/product"}],"version-history":[{"count":0,"href":"https:\/\/dacarcomercial.com\/fr\/wp-json\/wp\/v2\/product\/18399\/revisions"}],"wp:featuredmedia":[{"embeddable":true,"href":"https:\/\/dacarcomercial.com\/fr\/wp-json\/wp\/v2\/media\/33156"}],"wp:attachment":[{"href":"https:\/\/dacarcomercial.com\/fr\/wp-json\/wp\/v2\/media?parent=18399"}],"wp:term":[{"taxonomy":"product_brand","embeddable":true,"href":"https:\/\/dacarcomercial.com\/fr\/wp-json\/wp\/v2\/product_brand?post=18399"},{"taxonomy":"product_cat","embeddable":true,"href":"https:\/\/dacarcomercial.com\/fr\/wp-json\/wp\/v2\/product_cat?post=18399"},{"taxonomy":"product_tag","embeddable":true,"href":"https:\/\/dacarcomercial.com\/fr\/wp-json\/wp\/v2\/product_tag?post=18399"}],"curies":[{"name":"wp","href":"https:\/\/api.w.org\/{rel}","templated":true}]}}