{"id":18404,"date":"2021-03-06T16:51:03","date_gmt":"2021-03-06T15:51:03","guid":{"rendered":"http:\/\/dacarcomercial.com\/producto\/casque-avec-cagoule-courte-ecran-relevable-et-protecteurs-anti-bruit\/"},"modified":"2022-02-21T12:45:35","modified_gmt":"2022-02-21T11:45:35","slug":"casque-de-securite-avec-cagoule","status":"publish","type":"product","link":"https:\/\/dacarcomercial.com\/fr\/producto\/casque-de-securite-avec-cagoule\/","title":{"rendered":"Casque de s\u00e9curit\u00e9 CA-4 avec cagoule courte, \u00e9cran relevable et protecteurs anti-bruit"},"content":{"rendered":"<h2><strong>Casque de s\u00e9curit\u00e9 CA-4 avec cagoule courte, \u00e9cran relevable et protecteurs anti-bruit:<\/strong><\/h2>\n<ul>\n<li>Poids: 850 g<\/li>\n<li>Mat\u00e9riau: Visi\u00e8re interne \u2013 propionate de cellulose<\/li>\n<li>Visi\u00e8re relevable: ac\u00e9tate \/ polycarbonate<\/li>\n<li>Casque de chantier: poly\u00e9thyl\u00e8ne<\/li>\n<li>Serre t\u00eate: textile<\/li>\n<li>Joint d\u2019\u00e9tanch\u00e9it\u00e9 du visage: polyester avec rev\u00eatement PVC<\/li>\n<li>Facteur de protection nominale (NPF): 50<\/li>\n<li>Raccord de tuyau QuickLOCK\u2122<\/li>\n<li>Certification EN 12941 TH2, EN 14594 3A, EN 166 1B, EN 397<\/li>\n<\/ul>\n<p><strong>Caract\u00e9ristiques et avantages:<\/strong><\/p>\n<ul>\n<li>Protection des voies respiratoires et de la t\u00eate, du visage et des oreilles (SNR 26 dB).<\/li>\n<li>Grand champ de visi\u00f3n<\/li>\n<li>Rev\u00eatement antibu\u00e9e<\/li>\n<li>Serre-t\u00eate r\u00e9glable confortable<\/li>\n<li>Pour utilisation avec ensembles Clean-air.<\/li>\n<\/ul>\n<p><span class=\"ng-star-inserted\"><a href=\"https:\/\/dacarcomercial.com\/fr\/a-propos-de-nous\/\" target=\"_blank\" rel=\"noopener\"><strong>Dacar<\/strong><\/a>\u00a0est une\u00a0<strong>entreprise de Navarre (Espagne)<\/strong>\u00a0sp\u00e9cialis\u00e9e dans les produits pour la s\u00e9curit\u00e9 des soudeurs professionnels, semi-professionnels ou occasionnels, ainsi que pour leur environnement.<br \/>\n<\/span><\/p>\n<ul>\n<li><span class=\"ng-star-inserted\">Pour la s\u00e9curit\u00e9 des soudeurs\u00a0<strong>Dacar<\/strong>\u00a0fabrique diff\u00e9rents mod\u00e8les de\u00a0<a href=\"https:\/\/dacarcomercial.com\/fr\/categorias-productos\/masques-de-soudure\/\" target=\"_blank\" rel=\"noopener\">masques \u00e0 souder<\/a>\u00a0de haute qualit\u00e9 avec une large gamme de\u00a0<a href=\"https:\/\/dacarcomercial.com\/fr\/categorias-productos\/filtres-electroniques-soudeur\/\">filtres \u00e9lectroniques<\/a>\u00a0et filtres passifs pour offrir un produit toujours adapt\u00e9 aux besoins de chaque soudeur.\u00a0<\/span><span class=\"ng-star-inserted\">De plus, Dacar fabrique \u00e9galement les\u00a0<a href=\"https:\/\/dacarcomercial.com\/fr\/categorias-productos\/protection-faciale\/ecrans-pare-visage-dc-guard\/\">\u00e9crans faciaux DC-Guard<\/a>, les \u00e9quipements motoris\u00e9s\u00a0<a href=\"https:\/\/dacarcomercial.com\/fr\/categorias-productos\/dacair-2\/\">DACAiR<\/a>\u00a0ainsi que toutes sortes de costumes tels que\u00a0<a href=\"https:\/\/dacarcomercial.com\/fr\/categorias-productos\/vetements-de-protection\/soudeur\/gants\/\">des gants<\/a>, des vestes ou des tabliers pour les soudeurs.<\/span><\/li>\n<li><span class=\"ng-star-inserted\">Pour la s\u00e9curit\u00e9 de l\u2019environnement du soudeur Dacar produit\u00a0<a href=\"https:\/\/dacarcomercial.com\/categorias-productos\/espacios-de-trabajo\/\">les rideaux de soudage Trans-DC-Arc et les s\u00e9parations de postes de travail<\/a>, comme les paravents ou les cloisons, mais peut \u00e9galement budg\u00e9tiser tout type de cabine de soudure sur mesure.<\/span><\/li>\n<li><span class=\"ng-star-inserted\">Les\u00a0<a href=\"https:\/\/dacarcomercial.com\/fr\/categorias-productos\/toiles-ignifugees\/\">couvertures ignifug\u00e9es<\/a>\u00a0sont une autre importante gamme de produits propos\u00e9e par Dacar.\u00a0<\/span><span class=\"ng-star-inserted\">Dacar dispose d\u2019une large gamme de mat\u00e9riaux pour la protection des objets contre les projections de soudure.<\/span><\/li>\n<li><span class=\"ng-star-inserted\">Tous les EPI de Dacar disposent de la\u00a0<a href=\"https:\/\/dacarcomercial.com\/wp-content\/uploads\/2021\/07\/Decl.-UE-Opera-ADF500G-PRO.pdf\">d\u00e9claration UE de conformit\u00e9<\/a>.\u00a0<\/span><span class=\"ng-star-inserted\">Cette d\u00e9claration est un document dans lequel le fabricant indique que le produit est conforme \u00e0 toutes les exigences essentielles du\u00a0<a href=\"https:\/\/industria.gob.es\/Calidad-Industrial\/seguridadindustrial\/productosindustriales\/Equipos-Proteccion-Individual\/Paginas\/Reglamento-UE2016-425-relativo-a-EPIs.aspx\" target=\"_blank\" rel=\"noopener noreferrer nofollow\">r\u00e8glement UE 2016\/425<\/a>\u00a0relatif aux \u00e9quipements de protection individuelle.<\/span><\/li>\n<\/ul>\n","protected":false},"excerpt":{"rendered":"<p><span class=\"ng-star-inserted\">Le casque de s\u00e9curit\u00e9 CA-4 combine une protection respiratoire avec une protection de la t\u00eate, du visage et de l\u2019ou\u00efe. Le casque est \u00e9quip\u00e9 d\u2019un \u00e9cran rabattable en polycarbonate pour la protection des yeux contre les impacts de particules de moyenne \u00e9nergie et \u00e9quipe des oreillettes anti-bruit avec une valeur de r\u00e9duction du bruit de SNR: 26 dB.<\/span><\/p>\n<p><span class=\"ng-star-inserted\">Son large \u00e9cran panoramique avec traitement anti-bu\u00e9e permet une bonne visibilit\u00e9 en tous moments et son serre-t\u00eate r\u00e9glable avec bandeau rembourr\u00e9 assure un ajustement optimal avec grand confort.<\/span><\/p>\n<p><em>Les produits Dacar peuvent \u00eatre achet\u00e9s en ligne ou via notre r\u00e9seau de distributeurs. N\u00b4h\u00e9sitez pas \u00e0 nous consulter votre revendeur le plus proche !<\/em><\/p>\n","protected":false},"featured_media":41523,"template":"","meta":{"site-sidebar-layout":"default","site-content-layout":"default","ast-site-content-layout":"default","site-content-style":"default","site-sidebar-style":"default","ast-global-header-display":"","ast-banner-title-visibility":"","ast-main-header-display":"","ast-hfb-above-header-display":"","ast-hfb-below-header-display":"","ast-hfb-mobile-header-display":"","site-post-title":"","ast-breadcrumbs-content":"","ast-featured-img":"","footer-sml-layout":"","ast-disable-related-posts":"","theme-transparent-header-meta":"default","adv-header-id-meta":"","stick-header-meta":"default","header-above-stick-meta":"","header-main-stick-meta":"","header-below-stick-meta":"","astra-migrate-meta-layouts":"default","ast-page-background-enabled":"default","ast-page-background-meta":{"desktop":{"background-color":"","background-image":"","background-repeat":"repeat","background-position":"center center","background-size":"auto","background-attachment":"scroll","background-type":"","background-media":"","overlay-type":"","overlay-color":"","overlay-opacity":"","overlay-gradient":""},"tablet":{"background-color":"","background-image":"","background-repeat":"repeat","background-position":"center center","background-size":"auto","background-attachment":"scroll","background-type":"","background-media":"","overlay-type":"","overlay-color":"","overlay-opacity":"","overlay-gradient":""},"mobile":{"background-color":"","background-image":"","background-repeat":"repeat","background-position":"center center","background-size":"auto","background-attachment":"scroll","background-type":"","background-media":"","overlay-type":"","overlay-color":"","overlay-opacity":"","overlay-gradient":""}},"ast-content-background-meta":{"desktop":{"background-color":"var(--ast-global-color-5)","background-image":"","background-repeat":"repeat","background-position":"center center","background-size":"auto","background-attachment":"scroll","background-type":"","background-media":"","overlay-type":"","overlay-color":"","overlay-opacity":"","overlay-gradient":""},"tablet":{"background-color":"var(--ast-global-color-5)","background-image":"","background-repeat":"repeat","background-position":"center center","background-size":"auto","background-attachment":"scroll","background-type":"","background-media":"","overlay-type":"","overlay-color":"","overlay-opacity":"","overlay-gradient":""},"mobile":{"background-color":"var(--ast-global-color-5)","background-image":"","background-repeat":"repeat","background-position":"center center","background-size":"auto","background-attachment":"scroll","background-type":"","background-media":"","overlay-type":"","overlay-color":"","overlay-opacity":"","overlay-gradient":""}}},"product_brand":[],"product_cat":[984,990],"product_tag":[],"class_list":{"0":"post-18404","1":"product","2":"type-product","3":"status-publish","4":"has-post-thumbnail","6":"product_cat-cleanair-2","7":"product_cat-unites-de-tete","8":"desktop-align-left","9":"tablet-align-left","10":"mobile-align-left","11":"ast-product-gallery-layout-horizontal-slider","12":"ast-product-gallery-with-no-image","13":"ast-product-tabs-layout-horizontal","15":"first","16":"instock","17":"taxable","18":"shipping-taxable","19":"purchasable","20":"product-type-simple"},"_links":{"self":[{"href":"https:\/\/dacarcomercial.com\/fr\/wp-json\/wp\/v2\/product\/18404","targetHints":{"allow":["GET"]}}],"collection":[{"href":"https:\/\/dacarcomercial.com\/fr\/wp-json\/wp\/v2\/product"}],"about":[{"href":"https:\/\/dacarcomercial.com\/fr\/wp-json\/wp\/v2\/types\/product"}],"version-history":[{"count":0,"href":"https:\/\/dacarcomercial.com\/fr\/wp-json\/wp\/v2\/product\/18404\/revisions"}],"wp:featuredmedia":[{"embeddable":true,"href":"https:\/\/dacarcomercial.com\/fr\/wp-json\/wp\/v2\/media\/41523"}],"wp:attachment":[{"href":"https:\/\/dacarcomercial.com\/fr\/wp-json\/wp\/v2\/media?parent=18404"}],"wp:term":[{"taxonomy":"product_brand","embeddable":true,"href":"https:\/\/dacarcomercial.com\/fr\/wp-json\/wp\/v2\/product_brand?post=18404"},{"taxonomy":"product_cat","embeddable":true,"href":"https:\/\/dacarcomercial.com\/fr\/wp-json\/wp\/v2\/product_cat?post=18404"},{"taxonomy":"product_tag","embeddable":true,"href":"https:\/\/dacarcomercial.com\/fr\/wp-json\/wp\/v2\/product_tag?post=18404"}],"curies":[{"name":"wp","href":"https:\/\/api.w.org\/{rel}","templated":true}]}}