{"id":19318,"date":"2021-03-06T16:44:13","date_gmt":"2021-03-06T15:44:13","guid":{"rendered":"http:\/\/dacarcomercial.com\/producto\/rouleau-transclear-de-50-metre-en-pvc-transparent\/"},"modified":"2022-03-14T16:19:50","modified_gmt":"2022-03-14T15:19:50","slug":"rouleau-de-lanieres-transclear","status":"publish","type":"product","link":"https:\/\/dacarcomercial.com\/fr\/producto\/rouleau-de-lanieres-transclear\/","title":{"rendered":"Rouleau de lani\u00e8res Transclear E 2 mm x L 300 mm x 50 m"},"content":{"rendered":"<h2>Rouleau de lani\u00e8res Transclear E 2 mm x L 300 mm x 50 m :<\/h2>\n<p><span class=\"ng-star-inserted\">Le rouleau de feuilles Transclear G 2 mm x L 300 mm x 50 m est fabriqu\u00e9 \u00e0 partir de PVC souple transparent.\u00a0<\/span><span class=\"ng-star-inserted\">Bien qu\u2019il ne soit pas adapt\u00e9 \u00e0 la filtration de la lumi\u00e8re produite par l\u2019arc de soudure, il conserve les propri\u00e9t\u00e9s de base comme, par exemple, sa flexibilit\u00e9 et sa transparence, bien que soumis \u00e0 l\u2019exposition aux rayons du soleil.<\/span><\/p>\n<p><span class=\"ng-star-inserted\"><strong>Son utilisation dans les domaines de la protection m\u00e9canique est recommand\u00e9e pour :<\/strong><br \/>\n<\/span><\/p>\n<ul>\n<li>Fabriqu\u00e9 et con\u00e7u en Espagne<\/li>\n<li><span class=\"ng-star-inserted\">Travaux de meulage<\/span><\/li>\n<li><span class=\"ng-star-inserted\">S\u00e9paration des zones de travail<\/span><\/li>\n<li><span class=\"ng-star-inserted\">Protection contre le bruit<\/span><\/li>\n<li><span class=\"ng-star-inserted\">R\u00e9duction des courants d\u2019air<\/span><\/li>\n<li><span class=\"ng-star-inserted\">Protection contre les \u00e9claboussures de liquides industriels\u00a0<\/span><\/li>\n<\/ul>\n<p><span class=\"ng-star-inserted\">\u00a0La dur\u00e9e de vie d\u2019une lame est marqu\u00e9e par son bon \u00e9tat. <\/span><span class=\"ng-star-inserted\">Il est recommand\u00e9 de le remplacer imm\u00e9diatement s\u2019il y a des dommages caus\u00e9s par son utilisation tels que\u00a0: l\u2019apparition de trous par des projections excessives ou des ruptures par des actions m\u00e9caniques ou chimiques.<\/span><\/p>\n<p><span class=\"ng-star-inserted\"><a href=\"https:\/\/dacarcomercial.com\/fr\/a-propos-de-nous\/\" target=\"_blank\" rel=\"noopener\"><strong>Dacar<\/strong><\/a>\u00a0est une\u00a0<strong>entreprise de Navarre (Espagne)<\/strong>\u00a0sp\u00e9cialis\u00e9e dans les produits pour la s\u00e9curit\u00e9 des soudeurs professionnels, semi-professionnels ou occasionnels, ainsi que pour leur environnement.<br \/>\n<\/span><\/p>\n<ul>\n<li><span class=\"ng-star-inserted\">Pour la s\u00e9curit\u00e9 des soudeurs\u00a0<strong>Dacar<\/strong>\u00a0fabrique diff\u00e9rents mod\u00e8les de\u00a0<a href=\"https:\/\/dacarcomercial.com\/fr\/categorias-productos\/masques-de-soudure\/\" target=\"_blank\" rel=\"noopener\">masques \u00e0 souder<\/a>\u00a0de haute qualit\u00e9 avec une large gamme de\u00a0<a href=\"https:\/\/dacarcomercial.com\/fr\/categorias-productos\/filtres-electroniques-soudeur\/\">filtres \u00e9lectroniques<\/a>\u00a0et filtres passifs pour offrir un produit toujours adapt\u00e9 aux besoins de chaque soudeur.\u00a0<\/span><span class=\"ng-star-inserted\">De plus, Dacar fabrique \u00e9galement les\u00a0<a href=\"https:\/\/dacarcomercial.com\/fr\/categorias-productos\/protection-faciale\/ecrans-pare-visage-dc-guard\/\">\u00e9crans faciaux DC-Guard<\/a>, les \u00e9quipements motoris\u00e9s\u00a0<a href=\"https:\/\/dacarcomercial.com\/fr\/categorias-productos\/dacair-2\/\">DACAiR<\/a>\u00a0ainsi que toutes sortes de costumes tels que\u00a0<a href=\"https:\/\/dacarcomercial.com\/fr\/categorias-productos\/vetements-de-protection\/soudeur\/gants\/\">des gants<\/a>, des vestes ou des tabliers pour les soudeurs.<\/span><\/li>\n<li><span class=\"ng-star-inserted\">Pour la s\u00e9curit\u00e9 de l\u2019environnement du soudeur Dacar produit\u00a0<a href=\"https:\/\/dacarcomercial.com\/categorias-productos\/espacios-de-trabajo\/\">les rideaux de soudage Trans-DC-Arc et les s\u00e9parations de postes de travail<\/a>, comme les paravents ou les cloisons, mais peut \u00e9galement budg\u00e9tiser tout type de cabine de soudure sur mesure.<\/span><\/li>\n<li><span class=\"ng-star-inserted\">Les\u00a0<a href=\"https:\/\/dacarcomercial.com\/fr\/categorias-productos\/toiles-ignifugees\/\">couvertures ignifug\u00e9es<\/a>\u00a0sont une autre importante gamme de produits propos\u00e9e par Dacar.\u00a0<\/span><span class=\"ng-star-inserted\">Dacar dispose d\u2019une large gamme de mat\u00e9riaux pour la protection des objets contre les projections de soudure.<\/span><\/li>\n<li><span class=\"ng-star-inserted\">Tous les EPI de Dacar disposent de la\u00a0<a href=\"https:\/\/dacarcomercial.com\/wp-content\/uploads\/2021\/07\/Decl.-UE-Opera-ADF500G-PRO.pdf\">d\u00e9claration UE de conformit\u00e9<\/a>.\u00a0<\/span><span class=\"ng-star-inserted\">Cette d\u00e9claration est un document dans lequel le fabricant indique que le produit est conforme \u00e0 toutes les exigences essentielles du\u00a0<a href=\"https:\/\/industria.gob.es\/Calidad-Industrial\/seguridadindustrial\/productosindustriales\/Equipos-Proteccion-Individual\/Paginas\/Reglamento-UE2016-425-relativo-a-EPIs.aspx\" target=\"_blank\" rel=\"noopener noreferrer nofollow\">r\u00e8glement UE 2016\/425<\/a>\u00a0relatif aux \u00e9quipements de protection individuelle.<\/span><\/li>\n<\/ul>\n","protected":false},"excerpt":{"rendered":"<p><span class=\"ng-star-inserted\"><strong>Rouleau de lames Transclear G 2 mm x L 300 mm x 50 m\u00a0<\/strong>: rouleau de 50 m\u00e8tres de long de mat\u00e9riau pour lamelles Transclear de 2 mm d\u2019\u00e9paisseur x 300 mm de largeur<br \/>\n<\/span><\/p>\n<ul>\n<li><strong>Fabriqu\u00e9 et con\u00e7u en Espagne.<\/strong><\/li>\n<li><span class=\"ng-star-inserted\">Les lames transparentes Transclear ne sont pas valides pour le soudage car elles ne filtrent pas les radiations \u00e9mises par l\u2019arc, m\u00eame si elles conservent les autres propri\u00e9t\u00e9s et qualit\u00e9s que les lames Transarc comme le maintien de leur flexibilit\u00e9 et de leur transparence bien qu\u2019expos\u00e9es aux rayons solaires<\/span><\/li>\n<li><span class=\"ng-star-inserted\">La plus grande \u00e9paisseur des lames, quand compar\u00e9 aux rideaux de soudure traditionnels, lui donnent une plus grande r\u00e9sistance m\u00e9canique et par ailleurs une dur\u00e9e de vie plus longue<\/span><\/li>\n<li><span class=\"ng-star-inserted\">Sa grande \u00e9paisseur lui attribue de bonnes qualit\u00e9s d\u2019att\u00e9nuation du bruit et de stabilit\u00e9 face aux courants d\u2019air<\/span><\/li>\n<li><span class=\"ng-star-inserted\">Excellente r\u00e9sistance aux projections de soudage et\/ou de meulage<\/span><\/li>\n<li><span class=\"ng-star-inserted\">Vendu en rouleaux de 50 m\u00e8tres<\/span><\/li>\n<li><span class=\"ng-star-inserted\">Prix par rouleau complet<\/span><\/li>\n<\/ul>\n<p><em>Les produits Dacar peuvent \u00eatre achet\u00e9s en ligne ou via notre r\u00e9seau de distributeurs. N\u00b4h\u00e9sitez pas \u00e0 nous consulter votre revendeur le plus proche !<\/em><\/p>\n","protected":false},"featured_media":5169,"template":"","meta":{"site-sidebar-layout":"default","site-content-layout":"default","ast-site-content-layout":"default","site-content-style":"default","site-sidebar-style":"default","ast-global-header-display":"","ast-banner-title-visibility":"","ast-main-header-display":"","ast-hfb-above-header-display":"","ast-hfb-below-header-display":"","ast-hfb-mobile-header-display":"","site-post-title":"","ast-breadcrumbs-content":"","ast-featured-img":"","footer-sml-layout":"","ast-disable-related-posts":"","theme-transparent-header-meta":"default","adv-header-id-meta":"","stick-header-meta":"default","header-above-stick-meta":"","header-main-stick-meta":"","header-below-stick-meta":"","astra-migrate-meta-layouts":"default","ast-page-background-enabled":"default","ast-page-background-meta":{"desktop":{"background-color":"","background-image":"","background-repeat":"repeat","background-position":"center center","background-size":"auto","background-attachment":"scroll","background-type":"","background-media":"","overlay-type":"","overlay-color":"","overlay-opacity":"","overlay-gradient":""},"tablet":{"background-color":"","background-image":"","background-repeat":"repeat","background-position":"center center","background-size":"auto","background-attachment":"scroll","background-type":"","background-media":"","overlay-type":"","overlay-color":"","overlay-opacity":"","overlay-gradient":""},"mobile":{"background-color":"","background-image":"","background-repeat":"repeat","background-position":"center center","background-size":"auto","background-attachment":"scroll","background-type":"","background-media":"","overlay-type":"","overlay-color":"","overlay-opacity":"","overlay-gradient":""}},"ast-content-background-meta":{"desktop":{"background-color":"var(--ast-global-color-5)","background-image":"","background-repeat":"repeat","background-position":"center center","background-size":"auto","background-attachment":"scroll","background-type":"","background-media":"","overlay-type":"","overlay-color":"","overlay-opacity":"","overlay-gradient":""},"tablet":{"background-color":"var(--ast-global-color-5)","background-image":"","background-repeat":"repeat","background-position":"center center","background-size":"auto","background-attachment":"scroll","background-type":"","background-media":"","overlay-type":"","overlay-color":"","overlay-opacity":"","overlay-gradient":""},"mobile":{"background-color":"var(--ast-global-color-5)","background-image":"","background-repeat":"repeat","background-position":"center center","background-size":"auto","background-attachment":"scroll","background-type":"","background-media":"","overlay-type":"","overlay-color":"","overlay-opacity":"","overlay-gradient":""}}},"product_brand":[],"product_cat":[936,935],"product_tag":[],"class_list":{"0":"post-19318","1":"product","2":"type-product","3":"status-publish","4":"has-post-thumbnail","6":"product_cat-lanieres","7":"product_cat-rideaux-lames-ecrans","8":"desktop-align-left","9":"tablet-align-left","10":"mobile-align-left","11":"ast-product-gallery-layout-horizontal-slider","12":"ast-product-tabs-layout-horizontal","14":"first","15":"instock","16":"taxable","17":"shipping-taxable","18":"purchasable","19":"product-type-simple"},"_links":{"self":[{"href":"https:\/\/dacarcomercial.com\/fr\/wp-json\/wp\/v2\/product\/19318","targetHints":{"allow":["GET"]}}],"collection":[{"href":"https:\/\/dacarcomercial.com\/fr\/wp-json\/wp\/v2\/product"}],"about":[{"href":"https:\/\/dacarcomercial.com\/fr\/wp-json\/wp\/v2\/types\/product"}],"version-history":[{"count":0,"href":"https:\/\/dacarcomercial.com\/fr\/wp-json\/wp\/v2\/product\/19318\/revisions"}],"wp:featuredmedia":[{"embeddable":true,"href":"https:\/\/dacarcomercial.com\/fr\/wp-json\/wp\/v2\/media\/5169"}],"wp:attachment":[{"href":"https:\/\/dacarcomercial.com\/fr\/wp-json\/wp\/v2\/media?parent=19318"}],"wp:term":[{"taxonomy":"product_brand","embeddable":true,"href":"https:\/\/dacarcomercial.com\/fr\/wp-json\/wp\/v2\/product_brand?post=19318"},{"taxonomy":"product_cat","embeddable":true,"href":"https:\/\/dacarcomercial.com\/fr\/wp-json\/wp\/v2\/product_cat?post=19318"},{"taxonomy":"product_tag","embeddable":true,"href":"https:\/\/dacarcomercial.com\/fr\/wp-json\/wp\/v2\/product_tag?post=19318"}],"curies":[{"name":"wp","href":"https:\/\/api.w.org\/{rel}","templated":true}]}}