{"id":19344,"date":"2021-03-06T16:49:07","date_gmt":"2021-03-06T15:49:07","guid":{"rendered":"http:\/\/dacarcomercial.com\/producto\/toile-anti-chaleur-dc-600\/"},"modified":"2024-07-09T07:26:51","modified_gmt":"2024-07-09T05:26:51","slug":"toile-anti-chaleur-dc-600","status":"publish","type":"product","link":"https:\/\/dacarcomercial.com\/fr\/producto\/toile-anti-chaleur-dc-600\/","title":{"rendered":"Toile anti-chaleur 600\u00baC"},"content":{"rendered":"<h3><strong>Caract\u00e9ristiques techniques toile anti-chaleur 600\u00baC<\/strong><\/h3>\n<ul>\n<li>Mat\u00e9riaux : fibre de verre + PU sur un c\u00f4t\u00e9. Co\u00fbtures fil Kevlar.<\/li>\n<li>Temp\u00e9ratures d\u2019utilisation : en continu jusqu\u2019\u00e0 500 \u00b0C et en pointe jusqu\u2019\u00e0 600 \u00b0C<\/li>\n<li>Couleur : argent pour le c\u00f4t\u00e9 fibre de verre (c\u00f4t\u00e9 qui re\u00e7oit les projections) et gris pour le c\u00f4t\u00e9 enduit PU<\/li>\n<li>Dimensions : 1x2m \/ 2x2m \/ 2x3m \/ consulter pour toute autre taille sur mesure<\/li>\n<li>Convient aux travaux de soudage et de coupage de faible intensit\u00e9<\/li>\n<li>\u00c9paisseur : 0,75 mm<\/li>\n<li>Poids : 690 g\/m2<\/li>\n<li>Fils\/cm (Fd\/cm) : cha\u00eene 16, trame 15<\/li>\n<li>Nombre de fils (tex)\u00a0: cha\u00eene 68, trame 68<\/li>\n<li>R\u00e9sistance \u00e0 la rupture : 2500 N \/ 2,5 cm cha\u00eene, 2200 N \/ 2,5 cm trame<\/li>\n<\/ul>\n","protected":false},"excerpt":{"rendered":"<p>Toile anti-chaleur DC-600 en fibre de verre avec un c\u00f4t\u00e9 enduit de polyur\u00e9thane<\/p>\n<p>La <strong>toile anti-chaleur 600\u00baC<\/strong> fournit une protection efficace contre les projections de soudure et de coupe ou de meulage avec peu de projections.<\/p>\n<p>Pour une utilisation verticale ou \u00e0 plat, pour couvrir des surfaces ou des objets susceptibles d\u2019\u00eatre affect\u00e9s par des projections de soudure, de coupe ou de meulage<\/p>\n<p>Temp\u00e9rature maximale d\u2019utilisation : 600\u00b0C<\/p>\n<p><em>Les produits Dacar peuvent \u00eatre achet\u00e9s en ligne ou via notre r\u00e9seau de distributeurs. N\u00b4h\u00e9sitez pas \u00e0 nous consulter votre revendeur le plus proche !<\/em><\/p>\n<p>Disponible en diff\u00e9rentes tailles<\/p>\n","protected":false},"featured_media":27293,"template":"","meta":{"site-sidebar-layout":"default","site-content-layout":"default","ast-site-content-layout":"default","site-content-style":"default","site-sidebar-style":"default","ast-global-header-display":"","ast-banner-title-visibility":"","ast-main-header-display":"","ast-hfb-above-header-display":"","ast-hfb-below-header-display":"","ast-hfb-mobile-header-display":"","site-post-title":"","ast-breadcrumbs-content":"","ast-featured-img":"","footer-sml-layout":"","ast-disable-related-posts":"","theme-transparent-header-meta":"default","adv-header-id-meta":"","stick-header-meta":"default","header-above-stick-meta":"","header-main-stick-meta":"","header-below-stick-meta":"","astra-migrate-meta-layouts":"set","ast-page-background-enabled":"default","ast-page-background-meta":{"desktop":{"background-color":"","background-image":"","background-repeat":"repeat","background-position":"center center","background-size":"auto","background-attachment":"scroll","background-type":"","background-media":"","overlay-type":"","overlay-color":"","overlay-opacity":"","overlay-gradient":""},"tablet":{"background-color":"","background-image":"","background-repeat":"repeat","background-position":"center center","background-size":"auto","background-attachment":"scroll","background-type":"","background-media":"","overlay-type":"","overlay-color":"","overlay-opacity":"","overlay-gradient":""},"mobile":{"background-color":"","background-image":"","background-repeat":"repeat","background-position":"center center","background-size":"auto","background-attachment":"scroll","background-type":"","background-media":"","overlay-type":"","overlay-color":"","overlay-opacity":"","overlay-gradient":""}},"ast-content-background-meta":{"desktop":{"background-color":"var(--ast-global-color-5)","background-image":"","background-repeat":"repeat","background-position":"center center","background-size":"auto","background-attachment":"scroll","background-type":"","background-media":"","overlay-type":"","overlay-color":"","overlay-opacity":"","overlay-gradient":""},"tablet":{"background-color":"var(--ast-global-color-5)","background-image":"","background-repeat":"repeat","background-position":"center center","background-size":"auto","background-attachment":"scroll","background-type":"","background-media":"","overlay-type":"","overlay-color":"","overlay-opacity":"","overlay-gradient":""},"mobile":{"background-color":"var(--ast-global-color-5)","background-image":"","background-repeat":"repeat","background-position":"center center","background-size":"auto","background-attachment":"scroll","background-type":"","background-media":"","overlay-type":"","overlay-color":"","overlay-opacity":"","overlay-gradient":""}}},"product_brand":[],"product_cat":[971,1600],"product_tag":[],"class_list":{"0":"post-19344","1":"product","2":"type-product","3":"status-publish","4":"has-post-thumbnail","6":"product_cat-toiles-ignifugees","7":"product_cat-toiles-ignifugees-jusqua-600oc","8":"desktop-align-left","9":"tablet-align-left","10":"mobile-align-left","11":"ast-product-gallery-layout-horizontal-slider","12":"ast-product-single-variable","13":"ast-product-tabs-layout-horizontal","15":"first","16":"instock","17":"taxable","18":"shipping-taxable","19":"purchasable","20":"product-type-variable"},"_links":{"self":[{"href":"https:\/\/dacarcomercial.com\/fr\/wp-json\/wp\/v2\/product\/19344","targetHints":{"allow":["GET"]}}],"collection":[{"href":"https:\/\/dacarcomercial.com\/fr\/wp-json\/wp\/v2\/product"}],"about":[{"href":"https:\/\/dacarcomercial.com\/fr\/wp-json\/wp\/v2\/types\/product"}],"version-history":[{"count":0,"href":"https:\/\/dacarcomercial.com\/fr\/wp-json\/wp\/v2\/product\/19344\/revisions"}],"wp:featuredmedia":[{"embeddable":true,"href":"https:\/\/dacarcomercial.com\/fr\/wp-json\/wp\/v2\/media\/27293"}],"wp:attachment":[{"href":"https:\/\/dacarcomercial.com\/fr\/wp-json\/wp\/v2\/media?parent=19344"}],"wp:term":[{"taxonomy":"product_brand","embeddable":true,"href":"https:\/\/dacarcomercial.com\/fr\/wp-json\/wp\/v2\/product_brand?post=19344"},{"taxonomy":"product_cat","embeddable":true,"href":"https:\/\/dacarcomercial.com\/fr\/wp-json\/wp\/v2\/product_cat?post=19344"},{"taxonomy":"product_tag","embeddable":true,"href":"https:\/\/dacarcomercial.com\/fr\/wp-json\/wp\/v2\/product_tag?post=19344"}],"curies":[{"name":"wp","href":"https:\/\/api.w.org\/{rel}","templated":true}]}}