{"id":19347,"date":"2021-03-06T16:49:19","date_gmt":"2021-03-06T15:49:19","guid":{"rendered":"http:\/\/dacarcomercial.com\/producto\/toile-ignifuge-dc-1300\/"},"modified":"2024-07-09T07:36:57","modified_gmt":"2024-07-09T05:36:57","slug":"toile-anti-chaleur-dc-1300","status":"publish","type":"product","link":"https:\/\/dacarcomercial.com\/fr\/producto\/toile-anti-chaleur-dc-1300\/","title":{"rendered":"Toile anti-chaleur 1300\u00baC"},"content":{"rendered":"<h3><strong>Caract\u00e9ristiques techniques toile anti-chaleur 1300\u00baC<\/strong><\/h3>\n<ul>\n<li>Mat\u00e9riaux : fibre de silicate sans amiante, cousu avec fil Kevlar<\/li>\n<li>Temp\u00e9ratures d&rsquo;utilisation\u00a0: en continu jusqu&rsquo;\u00e0 1\u00a0100\u00a0\u00b0C et en pointe jusqu&rsquo;\u00e0 1\u00a0500\u00a0\u00b0C<\/li>\n<li>Couleur : beige<\/li>\n<li>Tailles disponibles : 0.92x2m \/ 1.8x2m \/ 1.8x3m \/ consulter pour d&rsquo;autres mesures<\/li>\n<li>Convient pour les travaux de soudage et de d\u00e9coupe \u00e0 haute intensit\u00e9<\/li>\n<li>\u00c9paisseur : 1,3 mm<\/li>\n<li>Poids : 1150 g\/m2<\/li>\n<li>Fils\/cm (Fd\/cm) : cha\u00eene 18, trame 11<\/li>\n<li>Nombre de fils (tex)\u00a0: cha\u00eene 400, trame 400<\/li>\n<li>R\u00e9sistance \u00e0 la rupture : 2500 N \/ 2,5 cm cha\u00eene, 1599 N \/ 2,5 cm trame<\/li>\n<\/ul>\n","protected":false},"excerpt":{"rendered":"<p><strong>Toile anti-chaleur DC-1300 en silice trait\u00e9e anti-abrasion<\/strong><\/p>\n<p>La <strong>toile anti-chaleur 1300\u00baC<\/strong> offre une tr\u00e8s bonne r\u00e9sistance \u00e0 haute temp\u00e9rature, une excellente conservation de la chaleur et une isolation thermique (ne br\u00fble pas et r\u00e9siste aux acides) ainsi qu&rsquo;une protection contre les \u00e9claboussures de haute intensit\u00e9, les \u00e9tincelles denses et les scories.<\/p>\n<p>Pour les gros travaux de soudage et de coupage<\/p>\n<p>Pour une utilisation verticale ou \u00e0 plat, pour couvrir des surfaces ou des objets susceptibles d&rsquo;\u00eatre affect\u00e9s par des projections de soudure, de coupe ou de meulage.<\/p>\n<p>Protection des tuyaux et des c\u00e2bles, en cas d&rsquo;urgence, il peut \u00eatre utilis\u00e9 comme couverture anti-feu<\/p>\n<p>Sans amiante<\/p>\n<p><em>Les produits Dacar peuvent \u00eatre achet\u00e9s en ligne ou via notre r\u00e9seau de distributeurs. N\u00b4h\u00e9sitez pas \u00e0 nous consulter votre revendeur le plus proche !<\/em><\/p>\n<p>Disponible en diff\u00e9rentes tailles<\/p>\n","protected":false},"featured_media":27305,"template":"","meta":{"site-sidebar-layout":"default","site-content-layout":"default","ast-site-content-layout":"default","site-content-style":"default","site-sidebar-style":"default","ast-global-header-display":"","ast-banner-title-visibility":"","ast-main-header-display":"","ast-hfb-above-header-display":"","ast-hfb-below-header-display":"","ast-hfb-mobile-header-display":"","site-post-title":"","ast-breadcrumbs-content":"","ast-featured-img":"","footer-sml-layout":"","ast-disable-related-posts":"","theme-transparent-header-meta":"default","adv-header-id-meta":"","stick-header-meta":"default","header-above-stick-meta":"","header-main-stick-meta":"","header-below-stick-meta":"","astra-migrate-meta-layouts":"set","ast-page-background-enabled":"default","ast-page-background-meta":{"desktop":{"background-color":"","background-image":"","background-repeat":"repeat","background-position":"center center","background-size":"auto","background-attachment":"scroll","background-type":"","background-media":"","overlay-type":"","overlay-color":"","overlay-opacity":"","overlay-gradient":""},"tablet":{"background-color":"","background-image":"","background-repeat":"repeat","background-position":"center center","background-size":"auto","background-attachment":"scroll","background-type":"","background-media":"","overlay-type":"","overlay-color":"","overlay-opacity":"","overlay-gradient":""},"mobile":{"background-color":"","background-image":"","background-repeat":"repeat","background-position":"center center","background-size":"auto","background-attachment":"scroll","background-type":"","background-media":"","overlay-type":"","overlay-color":"","overlay-opacity":"","overlay-gradient":""}},"ast-content-background-meta":{"desktop":{"background-color":"var(--ast-global-color-5)","background-image":"","background-repeat":"repeat","background-position":"center center","background-size":"auto","background-attachment":"scroll","background-type":"","background-media":"","overlay-type":"","overlay-color":"","overlay-opacity":"","overlay-gradient":""},"tablet":{"background-color":"var(--ast-global-color-5)","background-image":"","background-repeat":"repeat","background-position":"center center","background-size":"auto","background-attachment":"scroll","background-type":"","background-media":"","overlay-type":"","overlay-color":"","overlay-opacity":"","overlay-gradient":""},"mobile":{"background-color":"var(--ast-global-color-5)","background-image":"","background-repeat":"repeat","background-position":"center center","background-size":"auto","background-attachment":"scroll","background-type":"","background-media":"","overlay-type":"","overlay-color":"","overlay-opacity":"","overlay-gradient":""}}},"product_brand":[],"product_cat":[971,1602],"product_tag":[],"class_list":{"0":"post-19347","1":"product","2":"type-product","3":"status-publish","4":"has-post-thumbnail","6":"product_cat-toiles-ignifugees","7":"product_cat-toiles-ignifugees-jusqua-1500oc","8":"desktop-align-left","9":"tablet-align-left","10":"mobile-align-left","11":"ast-product-gallery-layout-horizontal-slider","12":"ast-product-single-variable","13":"ast-product-tabs-layout-horizontal","15":"first","16":"instock","17":"taxable","18":"shipping-taxable","19":"purchasable","20":"product-type-variable"},"_links":{"self":[{"href":"https:\/\/dacarcomercial.com\/fr\/wp-json\/wp\/v2\/product\/19347","targetHints":{"allow":["GET"]}}],"collection":[{"href":"https:\/\/dacarcomercial.com\/fr\/wp-json\/wp\/v2\/product"}],"about":[{"href":"https:\/\/dacarcomercial.com\/fr\/wp-json\/wp\/v2\/types\/product"}],"version-history":[{"count":0,"href":"https:\/\/dacarcomercial.com\/fr\/wp-json\/wp\/v2\/product\/19347\/revisions"}],"wp:featuredmedia":[{"embeddable":true,"href":"https:\/\/dacarcomercial.com\/fr\/wp-json\/wp\/v2\/media\/27305"}],"wp:attachment":[{"href":"https:\/\/dacarcomercial.com\/fr\/wp-json\/wp\/v2\/media?parent=19347"}],"wp:term":[{"taxonomy":"product_brand","embeddable":true,"href":"https:\/\/dacarcomercial.com\/fr\/wp-json\/wp\/v2\/product_brand?post=19347"},{"taxonomy":"product_cat","embeddable":true,"href":"https:\/\/dacarcomercial.com\/fr\/wp-json\/wp\/v2\/product_cat?post=19347"},{"taxonomy":"product_tag","embeddable":true,"href":"https:\/\/dacarcomercial.com\/fr\/wp-json\/wp\/v2\/product_tag?post=19347"}],"curies":[{"name":"wp","href":"https:\/\/api.w.org\/{rel}","templated":true}]}}