{"id":19377,"date":"2021-03-06T16:51:30","date_gmt":"2021-03-06T15:51:30","guid":{"rendered":"http:\/\/dacarcomercial.com\/producto\/sync09vp3\/"},"modified":"2022-04-01T13:18:57","modified_gmt":"2022-04-01T11:18:57","slug":"masque-facial-motorise-sync09vp3","status":"publish","type":"product","link":"https:\/\/dacarcomercial.com\/fr\/producto\/masque-facial-motorise-sync09vp3\/","title":{"rendered":"Masque facial motoris\u00e9 Sync09VP3 avec \u00e9cran panoramique et amplificateur de voix"},"content":{"rendered":"<p><strong>Kit complet comprend:<\/strong><\/p>\n<ul>\n<li>Bo\u00eete de ragement<\/li>\n<li>Protecteur du filtre<\/li>\n<li>Filtre P3<\/li>\n<li>Unit\u00e9 moteur<\/li>\n<li>Batterie<\/li>\n<li>Chargeur<\/li>\n<li>V\u00e9rificateur de flux d\u00b4air<\/li>\n<li>Masque facial avec film protecteur<\/li>\n<li>Pour usage avec filtres de la s\u00e9rie V<\/li>\n<\/ul>\n<p><strong>Avantages du masque facial motoris\u00e9 Sync09VP3 :<\/strong><\/p>\n<p><strong>Haute s\u00e9curit\u00e9<\/strong><\/p>\n<ul>\n<li>Lorsqu&rsquo;il est inhal\u00e9, le capteur d\u00e9tecte une pression n\u00e9gative et le moteur d\u00e9marre pour cr\u00e9er une surpression et expulser l&rsquo;exc\u00e8s d&rsquo;air.<\/li>\n<li>Ainsi, l&rsquo;air pollu\u00e9 ne peut pas \u00eatre respir\u00e9.<\/li>\n<\/ul>\n<p><strong>Comfort<\/strong><\/p>\n<ul>\n<li>Par rapport \u00e0 l&rsquo;\u00e9quipement de distribution d&rsquo;air constant traditionnel, vous vous sentirez plus \u00e0 l&rsquo;aise lors de l&rsquo;expiration car le moteur cale.<\/li>\n<li>Tr\u00e8s compact, tout en un, sans crainte de panne de connexion de tube ou de connecteur.<\/li>\n<\/ul>\n<p><strong>Pas d&rsquo;interrupteur<\/strong><\/p>\n<ul>\n<li>L&rsquo;\u00e9quipement s&rsquo;allume tout seul, il s&rsquo;\u00e9teindra \u00e9galement seulement 5 secondes apr\u00e8s le retrait de l&rsquo;\u00e9quipement.<\/li>\n<\/ul>\n<p><strong>Dur\u00e9e de vie plus longue du filtre \u00e0 particules<\/strong><\/p>\n<ul>\n<li>Lorsque vous inspirez, le moteur d\u00e9marre et lorsque vous expirez, le moteur s&rsquo;arr\u00eate.<\/li>\n<li>Ainsi, le filtre ne r\u00e9cup\u00e8re que les particules polluantes lors de l&rsquo;inhalation, ce qui &#8211; par rapport \u00e0 un motoventilateur toujours en marche &#8211; allonge la dur\u00e9e de vie du filtre.<\/li>\n<li>De plus, le voyant de saturation du filtre optimisera la dur\u00e9e de vie du filtre, en le rempla\u00e7ant au bon moment avec la plus grande efficacit\u00e9.<\/li>\n<\/ul>\n<p><strong>Batterie longue dur\u00e9e <\/strong><\/p>\n<ul>\n<li>Batterie compacte d&rsquo;une dur\u00e9e de plus de 9 heures.<\/li>\n<\/ul>\n<p><strong>Masque facile \u00e0 nettoyer <\/strong><\/p>\n<ul>\n<li>Le moteur et le filtre du masque sont d\u00e9montables et peuvent donc \u00eatre nettoy\u00e9s comme tout autre masque facial r\u00e9utilisable classique. De plus, les mod\u00e8les Sync01 &amp; Sync09 sont conformes \u00e0 IP65.<\/li>\n<li>Remarque : malgr\u00e9 la conformit\u00e9 \u00e0 IP65, veillez \u00e0 ne pas mouiller directement le ventilateur.<\/li>\n<\/ul>\n","protected":false},"excerpt":{"rendered":"<p>Le Shigematsu motoris\u00e9 Sync09 est le plus moderne masque facial int\u00e9gral qui int\u00e8gre un moto-ventilateur de la gamme Synchro et qui vous offre une protection respiratoire, faciale et oculaire maximale avec le plus grand confort. Avec son ventilateur int\u00e9gr\u00e9, vous pouvez respirer librement sans aucun effort et la visi\u00e8re ne s&#8217;embue pas. L&rsquo;assistance motoris\u00e9e assure \u00e9galement une surpression constante de l&rsquo;air filtr\u00e9 \u00e0 l&rsquo;int\u00e9rieur du masque, ce qui \u00e9vitera toute fuite vers l&rsquo;int\u00e9rieur.<\/p>\n<p>Il int\u00e8gre un incroyable \u00e9cran panoramique 3D et un syst\u00e8me de communication avec amplificateur de voix pour travailler en toute s\u00e9curit\u00e9 et pour que vous puissiez communiquer avec votre environnement sans avoir \u00e0 \u00e9lever la voix ou avoir besoin de retirer votre masque.<\/p>\n<p>Sans interrupteurs, l&rsquo;\u00e9quipement s&rsquo;allume tout seul et s&rsquo;\u00e9teint \u00e9galement seulement 5 secondes apr\u00e8s que l&rsquo;utilisateur a retir\u00e9 l&rsquo;\u00e9quipement. De plus, il garantit un confort maximal gr\u00e2ce \u00e0 son harnais 6 points r\u00e9glable et son faible poids.<\/p>\n<p><strong>Masque facial motoris\u00e9 Sync09 :<\/strong><\/p>\n<ul>\n<li>EN12942+A2:2008 TM3 P R SL<\/li>\n<li>Facteur de Protection Nominal (FPN): 2.000<\/li>\n<li>IEC 60529:2001 IP65<\/li>\n<li>Pas d&rsquo;interrupteurs (ON\/Off automatique)<\/li>\n<li>Sans fil (libert\u00e9 totale de mouvement)<\/li>\n<li>Tailles : M, L<\/li>\n<li>Diaphragme de communication<\/li>\n<li>Amplificateur de voix pour faciliter la communication<\/li>\n<li>Serre-t\u00eate r\u00e9glable avec 6 points d\u2019ancrage<\/li>\n<li>Nouvelle visi\u00e8re panoramique en polycarbonate<br \/>\n&#8211; Int\u00e9rieur : avec traitement antibu\u00e9e<br \/>\n&#8211; Ext\u00e9rieur : avec traitement anti-abrasion<\/li>\n<li>Classe optique 1 et r\u00e9sistance aux impacts classe B, CE EN166<\/li>\n<li>Compatible avec filtres \u00e0 particules P3 et combin\u00e9s A1P3, A1B1E1P3 et A1B2E2K1P3 de la s\u00e9rie V<\/li>\n<\/ul>\n<p>&nbsp;<\/p>\n","protected":false},"featured_media":21800,"template":"","meta":{"site-sidebar-layout":"default","site-content-layout":"default","ast-site-content-layout":"default","site-content-style":"default","site-sidebar-style":"default","ast-global-header-display":"","ast-banner-title-visibility":"","ast-main-header-display":"","ast-hfb-above-header-display":"","ast-hfb-below-header-display":"","ast-hfb-mobile-header-display":"","site-post-title":"","ast-breadcrumbs-content":"","ast-featured-img":"","footer-sml-layout":"","ast-disable-related-posts":"","theme-transparent-header-meta":"default","adv-header-id-meta":"","stick-header-meta":"default","header-above-stick-meta":"","header-main-stick-meta":"","header-below-stick-meta":"","astra-migrate-meta-layouts":"default","ast-page-background-enabled":"default","ast-page-background-meta":{"desktop":{"background-color":"","background-image":"","background-repeat":"repeat","background-position":"center center","background-size":"auto","background-attachment":"scroll","background-type":"","background-media":"","overlay-type":"","overlay-color":"","overlay-opacity":"","overlay-gradient":""},"tablet":{"background-color":"","background-image":"","background-repeat":"repeat","background-position":"center center","background-size":"auto","background-attachment":"scroll","background-type":"","background-media":"","overlay-type":"","overlay-color":"","overlay-opacity":"","overlay-gradient":""},"mobile":{"background-color":"","background-image":"","background-repeat":"repeat","background-position":"center center","background-size":"auto","background-attachment":"scroll","background-type":"","background-media":"","overlay-type":"","overlay-color":"","overlay-opacity":"","overlay-gradient":""}},"ast-content-background-meta":{"desktop":{"background-color":"var(--ast-global-color-5)","background-image":"","background-repeat":"repeat","background-position":"center center","background-size":"auto","background-attachment":"scroll","background-type":"","background-media":"","overlay-type":"","overlay-color":"","overlay-opacity":"","overlay-gradient":""},"tablet":{"background-color":"var(--ast-global-color-5)","background-image":"","background-repeat":"repeat","background-position":"center center","background-size":"auto","background-attachment":"scroll","background-type":"","background-media":"","overlay-type":"","overlay-color":"","overlay-opacity":"","overlay-gradient":""},"mobile":{"background-color":"var(--ast-global-color-5)","background-image":"","background-repeat":"repeat","background-position":"center center","background-size":"auto","background-attachment":"scroll","background-type":"","background-media":"","overlay-type":"","overlay-color":"","overlay-opacity":"","overlay-gradient":""}}},"product_brand":[],"product_cat":[1725,959],"product_tag":[],"class_list":{"0":"post-19377","1":"product","2":"type-product","3":"status-publish","4":"has-post-thumbnail","6":"product_cat-masques-faciaux-et-demi-masques-motorise-synchro","7":"product_cat-sts-shigematsu-2","8":"desktop-align-left","9":"tablet-align-left","10":"mobile-align-left","11":"ast-product-gallery-layout-horizontal-slider","12":"ast-product-gallery-with-no-image","13":"ast-product-single-variable","14":"ast-product-tabs-layout-horizontal","16":"first","17":"onbackorder","18":"sale","19":"taxable","20":"shipping-taxable","21":"purchasable","22":"product-type-variable"},"_links":{"self":[{"href":"https:\/\/dacarcomercial.com\/fr\/wp-json\/wp\/v2\/product\/19377","targetHints":{"allow":["GET"]}}],"collection":[{"href":"https:\/\/dacarcomercial.com\/fr\/wp-json\/wp\/v2\/product"}],"about":[{"href":"https:\/\/dacarcomercial.com\/fr\/wp-json\/wp\/v2\/types\/product"}],"version-history":[{"count":0,"href":"https:\/\/dacarcomercial.com\/fr\/wp-json\/wp\/v2\/product\/19377\/revisions"}],"wp:featuredmedia":[{"embeddable":true,"href":"https:\/\/dacarcomercial.com\/fr\/wp-json\/wp\/v2\/media\/21800"}],"wp:attachment":[{"href":"https:\/\/dacarcomercial.com\/fr\/wp-json\/wp\/v2\/media?parent=19377"}],"wp:term":[{"taxonomy":"product_brand","embeddable":true,"href":"https:\/\/dacarcomercial.com\/fr\/wp-json\/wp\/v2\/product_brand?post=19377"},{"taxonomy":"product_cat","embeddable":true,"href":"https:\/\/dacarcomercial.com\/fr\/wp-json\/wp\/v2\/product_cat?post=19377"},{"taxonomy":"product_tag","embeddable":true,"href":"https:\/\/dacarcomercial.com\/fr\/wp-json\/wp\/v2\/product_tag?post=19377"}],"curies":[{"name":"wp","href":"https:\/\/api.w.org\/{rel}","templated":true}]}}