{"id":19384,"date":"2021-03-06T16:51:41","date_gmt":"2021-03-06T15:51:41","guid":{"rendered":"http:\/\/dacarcomercial.com\/producto\/filtro-v-p3-fra\/"},"modified":"2021-08-23T08:39:46","modified_gmt":"2021-08-23T06:39:46","slug":"filtro-v-p3-fra","status":"publish","type":"product","link":"https:\/\/dacarcomercial.com\/fr\/producto\/filtro-v-p3-fra\/","title":{"rendered":"Filtre V-P3"},"content":{"rendered":"<p><strong>Filtre s\u00e9rie V-P3<\/strong><\/p>\n<p><strong>Caract\u00e9ristiques techniques:<\/strong><\/p>\n<ul>\n<li>Pour particules solides et liquides, particules canc\u00e9rig\u00e8nes, fum\u00e9es et micro-organismes tels que virus, bact\u00e9ries ou enzymes.<\/li>\n<li>Dimensions : diam. 96 mm x H 28 mm<\/li>\n<li>Certification CE EN12942 : 1998 + A2 : 2008<\/li>\n<li>Classe TM3 (facteur de protection nominal de 2000)<\/li>\n<li>Prix \u200b\u200bpar unit\u00e9<\/li>\n<\/ul>\n<p>Compatible avec les \u00e9quipements motoris\u00e9s Sync.01, Sync.09 et Sync.11<\/p>\n","protected":false},"excerpt":{"rendered":"<p>Filtre type P3 pour particules solides et liquides, particules canc\u00e9rig\u00e8nes, fum\u00e9es et micro-organismes tels que virus, bact\u00e9ries ou enzymes.<\/p>\n<p>Compatible avec les appareils motoris\u00e9s Synchro avec masque facial int\u00e9gral (Sync.01 ou Sync.09) ou avec demi-masque (Sync.11).<\/p>\n<p>Certifi\u00e9s en combinaison avec l\u2019\u00e9quipement Synchro, ils offrent le plus haut niveau de protection avec un facteur de protection nominal de 2000.<\/p>\n<p>Prix \u200b\u200bpar unit\u00e9<\/p>\n","protected":false},"featured_media":21820,"template":"","meta":{"site-sidebar-layout":"default","site-content-layout":"default","ast-site-content-layout":"default","site-content-style":"default","site-sidebar-style":"default","ast-global-header-display":"","ast-banner-title-visibility":"","ast-main-header-display":"","ast-hfb-above-header-display":"","ast-hfb-below-header-display":"","ast-hfb-mobile-header-display":"","site-post-title":"","ast-breadcrumbs-content":"","ast-featured-img":"","footer-sml-layout":"","ast-disable-related-posts":"","theme-transparent-header-meta":"default","adv-header-id-meta":"","stick-header-meta":"default","header-above-stick-meta":"","header-main-stick-meta":"","header-below-stick-meta":"","astra-migrate-meta-layouts":"default","ast-page-background-enabled":"default","ast-page-background-meta":{"desktop":{"background-color":"","background-image":"","background-repeat":"repeat","background-position":"center center","background-size":"auto","background-attachment":"scroll","background-type":"","background-media":"","overlay-type":"","overlay-color":"","overlay-opacity":"","overlay-gradient":""},"tablet":{"background-color":"","background-image":"","background-repeat":"repeat","background-position":"center center","background-size":"auto","background-attachment":"scroll","background-type":"","background-media":"","overlay-type":"","overlay-color":"","overlay-opacity":"","overlay-gradient":""},"mobile":{"background-color":"","background-image":"","background-repeat":"repeat","background-position":"center center","background-size":"auto","background-attachment":"scroll","background-type":"","background-media":"","overlay-type":"","overlay-color":"","overlay-opacity":"","overlay-gradient":""}},"ast-content-background-meta":{"desktop":{"background-color":"var(--ast-global-color-5)","background-image":"","background-repeat":"repeat","background-position":"center center","background-size":"auto","background-attachment":"scroll","background-type":"","background-media":"","overlay-type":"","overlay-color":"","overlay-opacity":"","overlay-gradient":""},"tablet":{"background-color":"var(--ast-global-color-5)","background-image":"","background-repeat":"repeat","background-position":"center center","background-size":"auto","background-attachment":"scroll","background-type":"","background-media":"","overlay-type":"","overlay-color":"","overlay-opacity":"","overlay-gradient":""},"mobile":{"background-color":"var(--ast-global-color-5)","background-image":"","background-repeat":"repeat","background-position":"center center","background-size":"auto","background-attachment":"scroll","background-type":"","background-media":"","overlay-type":"","overlay-color":"","overlay-opacity":"","overlay-gradient":""}}},"product_brand":[],"product_cat":[1728,959],"product_tag":[],"class_list":{"0":"post-19384","1":"product","2":"type-product","3":"status-publish","4":"has-post-thumbnail","6":"product_cat-filtres-serie-v-pour-demi-masque-et-masque-motorises-synchro","7":"product_cat-sts-shigematsu-2","8":"desktop-align-left","9":"tablet-align-left","10":"mobile-align-left","11":"ast-product-gallery-layout-horizontal-slider","12":"ast-product-gallery-with-no-image","13":"ast-product-tabs-layout-horizontal","15":"first","16":"instock","17":"taxable","18":"shipping-taxable","19":"purchasable","20":"product-type-simple"},"_links":{"self":[{"href":"https:\/\/dacarcomercial.com\/fr\/wp-json\/wp\/v2\/product\/19384","targetHints":{"allow":["GET"]}}],"collection":[{"href":"https:\/\/dacarcomercial.com\/fr\/wp-json\/wp\/v2\/product"}],"about":[{"href":"https:\/\/dacarcomercial.com\/fr\/wp-json\/wp\/v2\/types\/product"}],"version-history":[{"count":0,"href":"https:\/\/dacarcomercial.com\/fr\/wp-json\/wp\/v2\/product\/19384\/revisions"}],"wp:featuredmedia":[{"embeddable":true,"href":"https:\/\/dacarcomercial.com\/fr\/wp-json\/wp\/v2\/media\/21820"}],"wp:attachment":[{"href":"https:\/\/dacarcomercial.com\/fr\/wp-json\/wp\/v2\/media?parent=19384"}],"wp:term":[{"taxonomy":"product_brand","embeddable":true,"href":"https:\/\/dacarcomercial.com\/fr\/wp-json\/wp\/v2\/product_brand?post=19384"},{"taxonomy":"product_cat","embeddable":true,"href":"https:\/\/dacarcomercial.com\/fr\/wp-json\/wp\/v2\/product_cat?post=19384"},{"taxonomy":"product_tag","embeddable":true,"href":"https:\/\/dacarcomercial.com\/fr\/wp-json\/wp\/v2\/product_tag?post=19384"}],"curies":[{"name":"wp","href":"https:\/\/api.w.org\/{rel}","templated":true}]}}