{"id":19386,"date":"2021-03-06T16:51:41","date_gmt":"2021-03-06T15:51:41","guid":{"rendered":"http:\/\/dacarcomercial.com\/producto\/cleanair-chemical-2f-bateria-heavy-duty-fra\/"},"modified":"2024-05-14T11:06:09","modified_gmt":"2024-05-14T09:06:09","slug":"cleanair-chemical-2f-heavy-duty","status":"publish","type":"product","link":"https:\/\/dacarcomercial.com\/fr\/producto\/cleanair-chemical-2f-heavy-duty\/","title":{"rendered":"CleanAIR Chemical 2F Batterie Heavy Duty"},"content":{"rendered":"<h2><strong>L\u2019ensemble CleanAIR Chemical 2F comprend:<\/strong><\/h2>\n<ul>\n<li><span data-sheets-formula-bar-text-style=\"font-size:15px;color:#000000;font-weight:normal;text-decoration:none;font-family:'docs-Calibri';font-style:normal;text-decoration-skip-ink:none;\">Bloc moteur<\/span><\/li>\n<li><span data-sheets-formula-bar-text-style=\"font-size:15px;color:#000000;font-weight:normal;text-decoration:none;font-family:'docs-Calibri';font-style:normal;text-decoration-skip-ink:none;\">Ceinture \u201cSuper\u201d<\/span><\/li>\n<li><span data-sheets-formula-bar-text-style=\"font-size:15px;color:#000000;font-weight:normal;text-decoration:none;font-family:'docs-Calibri';font-style:normal;text-decoration-skip-ink:none;\">Batterie<\/span><\/li>\n<li><span data-sheets-formula-bar-text-style=\"font-size:15px;color:#000000;font-weight:normal;text-decoration:none;font-family:'docs-Calibri';font-style:normal;text-decoration-skip-ink:none;\">Chargeur<\/span><\/li>\n<li><span data-sheets-formula-bar-text-style=\"font-size:15px;color:#000000;font-weight:normal;text-decoration:none;font-family:'docs-Calibri';font-style:normal;text-decoration-skip-ink:none;\">Controleur de flux d\u2019air<\/span><\/li>\n<li><span data-sheets-formula-bar-text-style=\"font-size:15px;color:#000000;font-weight:normal;text-decoration:none;font-family:'docs-Calibri';font-style:normal;text-decoration-skip-ink:none;\">Manuel d\u00b4instructions<\/span><\/li>\n<\/ul>\n<p>Pour constituer un ensemble complet pr\u00eat \u00e0 l\u2019emploi, il vous faudra ajouter le tuyau d\u00b4air (r\u00e9f. 710060), les filtres correspondant \u00e0 votre n\u00e9cessit\u00e9 ainsi qu\u2019une <a href=\"https:\/\/dacarcomercial.com\/fr\/categorias-productos\/protection-respiratoire\/cleanair-2\/unites-de-tete\/\">unit\u00e9 de t\u00eate compatible<\/a> \u00e0 choisir : CA-1, CA-2, CA-10, CA-3 , UniMask, CA-4, CA-5, GX02, CF02 &amp; Ultimate.<\/p>\n<p><strong>Sp\u00e9cifications techniques:<\/strong><\/p>\n<ul>\n<li>Code produit 510000HCA<\/li>\n<li>D\u00e9bit d&rsquo;air :<br \/>\n120 \/ 140 \/ 160 lmp avec masque facial EN 12942<br \/>\n160 \/ 185 \/ 210 \/ 235 lmp avec unit\u00e9 de t\u00eate EN 12941 et filtres \u00e0 particules<br \/>\n160 \/ 185 \/ 210 lmp avec unit\u00e9 de t\u00eate EN 12941 et filtres chimiques classe 1<br \/>\n160 lmp avec unit\u00e9 de t\u00eate EN 12941 et filtres chimiques classe 2<\/li>\n<li>Batterie : Li-Ion 14,4 V \/ 5,2 Ah<\/li>\n<li>Temps de charge : &lt; 5,5 heures<\/li>\n<li>Dur\u00e9e de fonctionnement : &lt; 20 heures (avec filtres P R SL propres)<\/li>\n<li>Dur\u00e9e de vie de la batterie : jusqu\u2019\u00e0 500 cycles de charge<\/li>\n<li>Poids de l\u2019ensemble complet : 1000 g (batterie incluse)<\/li>\n<li>Dimensions : 240 x 126 x 120 mm<\/li>\n<li>Niveau sonore : &lt; 70 dB<\/li>\n<li>Filtres compatibles : P R SL, A1 P R SL, A1B1E1 P R SL ainsi que des pr\u00e9 filtres et pare-\u00e9tincelles pour les applications de soudage<\/li>\n<li>Certifi\u00e9 EN 12941 classe TH3 avec facteur de protection nominal de 500<\/li>\n<li>Indice de protection : IP64<\/li>\n<li>Conditions de fonctionnement : 0 \u00baC \u00e0 + 60 \u00baC, humidit\u00e9 20 \u2013 95 % HR<\/li>\n<\/ul>\n<p><strong>Caract\u00e9ristiques et avantages<\/strong><\/p>\n<ul>\n<li>Compact, l\u00e9ger<\/li>\n<li>Compatible avec un casque, un masque ou une combinaison de protection \u00e0 ventilation<\/li>\n<li>Grande r\u00e9sistance m\u00e9canique et chimique<\/li>\n<li>Sa grande imperm\u00e9abilit\u00e9 permet un nettoyage sous la douche ou m\u00eame par immersion compl\u00e8te (IP64\/IP65\/IP68)<\/li>\n<li>\u00c9cran couleur riche affichant clairement toutes les informations pertinentes \u2013 obstruction du filtre, autonomie de la batterie, d\u00e9bit d\u2019air<\/li>\n<li>Le syst\u00e8me Flow Control maintient un d\u00e9bit d\u2019air constant ind\u00e9pendamment du niveau<br \/>\nd\u2019obstruction du filtre ou du niveau de la batterie.<\/li>\n<li>Temps de fonctionnement jusqu\u2019\u00e0 16 heures avec batterie longue dur\u00e9e, ou jusqu\u2019\u00e0 10 heures avec batterie standard<\/li>\n<li>Temps de charge de batterie rapide de moins de 3 heures (batterie standard)<\/li>\n<li>Alerte sonore et visuelle<\/li>\n<li>Interface utilisateur en plusieurs langues<\/li>\n<li>Harnais dorsal disponible pour plus de confort<\/li>\n<\/ul>\n","protected":false},"excerpt":{"rendered":"<p><strong>Compact, l\u00e9ger, mais puissant\u2026 CleanAir Chemical 2F, d\u00e9couvrez le respirateur le plus versatile et durable du march\u00e9<\/strong><\/p>\n<p>Outre son design compact et son poids l\u00e9ger, CleanAir Chemical 2F se caract\u00e9rise par son incroyable durabilit\u00e9, sa r\u00e9sistance aux produits chimiques et son grand indice d\u2019imperm\u00e9abilit\u00e9.<\/p>\n<p>Sa conception r\u00e9sistante et sa surface lisse permettent un nettoyage facile \u00e0 la douche ou m\u00eame par immersion compl\u00e8te. Le syst\u00e8me de fermeture automatique unique emp\u00eache toute contamination involontaire lors du changement des filtres.<\/p>\n<p>Le syst\u00e8me intelligent Flow Control maintient le d\u00e9bit d\u2019air \u00e0 un niveau constant ind\u00e9pendamment d\u2019une obstruction du filtre ou du niveau de la batterie. L\u2019alerte sonore et visuelle indique lorsque la batterie doit \u00eatre charg\u00e9e ou le filtre doit \u00eatre remplac\u00e9.<\/p>\n<p>Le d\u00e9bit d\u2019air r\u00e9glable entre 120 et 235 l\/min est constant durant toute l\u2019op\u00e9ration, quel que soit le type de filtre utilis\u00e9, gr\u00e2ce \u00e0 sa batterie longue dur\u00e9e optionnelle.<\/p>\n<p><strong>Batterie longue dur\u00e9e<\/strong><\/p>\n<p>La batterie longue dur\u00e9e permet de doubler le temps de fonctionnement. Plus besoin de changer de batterie ou de la recharger en cours d\u2019intervention, m\u00eame lorsque vous utilisez un filtre \u00e0 gaz ou un filtre combin\u00e9.<\/p>\n<p><em>Les produits Dacar peuvent \u00eatre achet\u00e9s en ligne ou via notre r\u00e9seau de distributeurs. N\u00b4h\u00e9sitez pas \u00e0 nous consulter votre revendeur le plus proche !<\/em><\/p>\n","protected":false},"featured_media":7407,"template":"","meta":{"site-sidebar-layout":"default","site-content-layout":"default","ast-site-content-layout":"default","site-content-style":"default","site-sidebar-style":"default","ast-global-header-display":"","ast-banner-title-visibility":"","ast-main-header-display":"","ast-hfb-above-header-display":"","ast-hfb-below-header-display":"","ast-hfb-mobile-header-display":"","site-post-title":"","ast-breadcrumbs-content":"","ast-featured-img":"","footer-sml-layout":"","ast-disable-related-posts":"","theme-transparent-header-meta":"default","adv-header-id-meta":"","stick-header-meta":"default","header-above-stick-meta":"","header-main-stick-meta":"","header-below-stick-meta":"","astra-migrate-meta-layouts":"set","ast-page-background-enabled":"default","ast-page-background-meta":{"desktop":{"background-color":"","background-image":"","background-repeat":"repeat","background-position":"center center","background-size":"auto","background-attachment":"scroll","background-type":"","background-media":"","overlay-type":"","overlay-color":"","overlay-opacity":"","overlay-gradient":""},"tablet":{"background-color":"","background-image":"","background-repeat":"repeat","background-position":"center center","background-size":"auto","background-attachment":"scroll","background-type":"","background-media":"","overlay-type":"","overlay-color":"","overlay-opacity":"","overlay-gradient":""},"mobile":{"background-color":"","background-image":"","background-repeat":"repeat","background-position":"center center","background-size":"auto","background-attachment":"scroll","background-type":"","background-media":"","overlay-type":"","overlay-color":"","overlay-opacity":"","overlay-gradient":""}},"ast-content-background-meta":{"desktop":{"background-color":"var(--ast-global-color-5)","background-image":"","background-repeat":"repeat","background-position":"center center","background-size":"auto","background-attachment":"scroll","background-type":"","background-media":"","overlay-type":"","overlay-color":"","overlay-opacity":"","overlay-gradient":""},"tablet":{"background-color":"var(--ast-global-color-5)","background-image":"","background-repeat":"repeat","background-position":"center center","background-size":"auto","background-attachment":"scroll","background-type":"","background-media":"","overlay-type":"","overlay-color":"","overlay-opacity":"","overlay-gradient":""},"mobile":{"background-color":"var(--ast-global-color-5)","background-image":"","background-repeat":"repeat","background-position":"center center","background-size":"auto","background-attachment":"scroll","background-type":"","background-media":"","overlay-type":"","overlay-color":"","overlay-opacity":"","overlay-gradient":""}}},"product_brand":[],"product_cat":[984,989],"product_tag":[],"class_list":{"0":"post-19386","1":"product","2":"type-product","3":"status-publish","4":"has-post-thumbnail","6":"product_cat-cleanair-2","7":"product_cat-cleanair-chemical-2","8":"desktop-align-left","9":"tablet-align-left","10":"mobile-align-left","11":"ast-product-gallery-layout-horizontal-slider","12":"ast-product-tabs-layout-horizontal","14":"first","15":"instock","16":"taxable","17":"shipping-taxable","18":"purchasable","19":"product-type-simple"},"_links":{"self":[{"href":"https:\/\/dacarcomercial.com\/fr\/wp-json\/wp\/v2\/product\/19386","targetHints":{"allow":["GET"]}}],"collection":[{"href":"https:\/\/dacarcomercial.com\/fr\/wp-json\/wp\/v2\/product"}],"about":[{"href":"https:\/\/dacarcomercial.com\/fr\/wp-json\/wp\/v2\/types\/product"}],"version-history":[{"count":0,"href":"https:\/\/dacarcomercial.com\/fr\/wp-json\/wp\/v2\/product\/19386\/revisions"}],"wp:featuredmedia":[{"embeddable":true,"href":"https:\/\/dacarcomercial.com\/fr\/wp-json\/wp\/v2\/media\/7407"}],"wp:attachment":[{"href":"https:\/\/dacarcomercial.com\/fr\/wp-json\/wp\/v2\/media?parent=19386"}],"wp:term":[{"taxonomy":"product_brand","embeddable":true,"href":"https:\/\/dacarcomercial.com\/fr\/wp-json\/wp\/v2\/product_brand?post=19386"},{"taxonomy":"product_cat","embeddable":true,"href":"https:\/\/dacarcomercial.com\/fr\/wp-json\/wp\/v2\/product_cat?post=19386"},{"taxonomy":"product_tag","embeddable":true,"href":"https:\/\/dacarcomercial.com\/fr\/wp-json\/wp\/v2\/product_tag?post=19386"}],"curies":[{"name":"wp","href":"https:\/\/api.w.org\/{rel}","templated":true}]}}