{"id":20521,"date":"2021-03-06T16:49:50","date_gmt":"2021-03-06T15:49:50","guid":{"rendered":"http:\/\/dacarcomercial.com\/producto\/genouilleres-cuir-soudeur\/"},"modified":"2021-11-11T12:19:00","modified_gmt":"2021-11-11T11:19:00","slug":"genouilleres-cuir-soudeur","status":"publish","type":"product","link":"https:\/\/dacarcomercial.com\/fr\/producto\/genouilleres-cuir-soudeur\/","title":{"rendered":"Genouill\u00e8res cuir soudeur"},"content":{"rendered":"<h2>Genouill\u00e8res cuir soudeur<\/h2>\n<ul>\n<li><span data-sheets-formula-bar-text-style=\"font-size:15px;color:#000000;font-weight:normal;text-decoration:none;font-family:'docs-Calibri';font-style:normal;text-decoration-skip-ink:none;\">Paire de genouill\u00e8res en cro\u00fbte de cuir gris <\/span><\/li>\n<li>Cuir 1,4 mm d\u00b4\u00e9paisseur avec coussins de 2 cm d\u00b4\u00e9paisseur<\/li>\n<li>Fermeture avec bandes \u00e9lastiques et velcro<\/li>\n<li>Taille unique<\/li>\n<li>EPI CE cat. 1<\/li>\n<li>Vendues par paire<\/li>\n<\/ul>\n<p><a href=\"https:\/\/dacarcomercial.com\/fr\/\">Dacar<\/a>, une entreprise bas\u00e9e en Espagne, est un fabricant sp\u00e9cialis\u00e9 dans les masques de soudage de haute qualit\u00e9. Nous proposons une large gamme de masques pour soudeurs professionnels, semi-professionnels ou occasionnels, du moins cher\u00a0<a href=\"https:\/\/dacarcomercial.com\/fr\/producto\/masque-a-souder-opera-500g-pro\/\">Opera 500g pro<\/a>\u00a0au mod\u00e8le\u00a0<a href=\"https:\/\/dacarcomercial.com\/fr\/producto\/masque-a-souder-dc-4-v958i-plus\/\">DC-4<\/a>\u00a0avec un large champ de vision, en passant par les\u00a0<a href=\"https:\/\/dacarcomercial.com\/fr\/categorias-productos\/masques-a-souder\/dc-1-2\/\">DC-1<\/a>\u00a0et\u00a0<a href=\"https:\/\/dacarcomercial.com\/fr\/categorias-productos\/masques-a-souder\/dc-2-2\/\">DC-2<\/a>, sans oublier le mod\u00e8le\u00a0<a href=\"https:\/\/dacarcomercial.com\/fr\/categorias-productos\/masques-a-souder\/dc-3-2\/\">DC-3<\/a>\u00a0avec fen\u00eatre relevable et \u00e9cran meulage panoramique pour alterner les travaux de soudage et de meulage en tout confort. Nous proposons une grande vari\u00e9t\u00e9 de\u00a0<a href=\"https:\/\/dacarcomercial.com\/fr\/categorias-productos\/filtres-electro-optiques\/\">filtres \u00e9lectroniques<\/a>\u00a0pour chaque type de masque afin de proposer un produit toujours adapt\u00e9 aux besoins de chaque soudeur.<\/p>\n<p>Nous fabriquons \u00e9galement les\u00a0<a href=\"https:\/\/dacarcomercial.com\/fr\/categorias-productos\/protection-faciale\/ecrans-pare-visage-dc-guard\/\">\u00e9crans faciaux DC-Guard<\/a>, les\u00a0<a href=\"https:\/\/dacarcomercial.com\/fr\/categorias-productos\/dacair-2\/\">\u00e9quipements motoris\u00e9s DACAiR<\/a>, les\u00a0<a href=\"https:\/\/dacarcomercial.com\/fr\/categorias-productos\/zones-de-travail\/\">rideaux de soudage Trans-DC-Arc et les s\u00e9parateurs<\/a>\u00a0pour postes de travail o\u00f9 il y a des travaux de soudage, des\u00a0<a href=\"https:\/\/dacarcomercial.com\/fr\/categorias-productos\/toiles-ignifugees\/\">to\u00eeles ignifug\u00e9es anti-projections<\/a>\u00a0et toutes sortes de\u00a0<a href=\"https:\/\/dacarcomercial.com\/fr\/categorias-productos\/vetements\/soudeur\/\">v\u00eatements pour le soudeur<\/a>\u00a0et sa s\u00e9curit\u00e9.<\/p>\n<p>Tous les produits Dacar ont la d\u00e9claration de conformit\u00e9 UE. Cette d\u00e9claration est un document dans lequel le fabricant indique que le produit est conforme \u00e0 toutes les exigences essentielles du\u00a0<a href=\"https:\/\/eur-lex.europa.eu\/legal-content\/FR\/TXT\/?uri=celex%3A32016R0425\" target=\"_blank\" rel=\"noopener noreferrer nofollow\">r\u00e8glement UE 2016\/425<\/a>\u00a0relatif aux \u00e9quipements de protection individuelle.<\/p>\n","protected":false},"excerpt":{"rendered":"<p>Genouill\u00e8res de soudage con\u00e7ues en cro\u00fbte de cuir naturel de haute qualit\u00e9 hautement r\u00e9sistant aux \u00e9tincelles et aux projections produites lors du soudage.<\/p>\n<p>Les <strong>genouill\u00e8res cuir soudeur<\/strong> offrent \u00e9galement une grande r\u00e9sistance \u00e0 l&rsquo;abrasion, aux d\u00e9chirures et aux coupures qui garantissent une longue dur\u00e9e de vie.<\/p>\n<p>Equip\u00e9es de coussins de 2 cm d&rsquo;\u00e9paisseur, elles offrent un grand confort au soudeur.<\/p>\n<p>Avec \u00a0bandes \u00e9lastiques et fermeture velcro pour un ajustement s\u00fbr et confortable.<\/p>\n<p>Id\u00e9ales pour tous les types de soudure. EPI cat. 1<\/p>\n<p>Prix par paire<\/p>\n<p><em>Les produits Dacar peuvent \u00eatre achet\u00e9s en ligne ou via notre r\u00e9seau de distributeurs. N\u00b4h\u00e9sitez pas \u00e0 nous consulter votre distributeur le plus proche !<\/em><\/p>\n","protected":false},"featured_media":8934,"template":"","meta":{"site-sidebar-layout":"default","site-content-layout":"default","ast-site-content-layout":"default","site-content-style":"default","site-sidebar-style":"default","ast-global-header-display":"","ast-banner-title-visibility":"","ast-main-header-display":"","ast-hfb-above-header-display":"","ast-hfb-below-header-display":"","ast-hfb-mobile-header-display":"","site-post-title":"","ast-breadcrumbs-content":"","ast-featured-img":"","footer-sml-layout":"","ast-disable-related-posts":"","theme-transparent-header-meta":"default","adv-header-id-meta":"","stick-header-meta":"default","header-above-stick-meta":"","header-main-stick-meta":"","header-below-stick-meta":"","astra-migrate-meta-layouts":"default","ast-page-background-enabled":"default","ast-page-background-meta":{"desktop":{"background-color":"","background-image":"","background-repeat":"repeat","background-position":"center center","background-size":"auto","background-attachment":"scroll","background-type":"","background-media":"","overlay-type":"","overlay-color":"","overlay-opacity":"","overlay-gradient":""},"tablet":{"background-color":"","background-image":"","background-repeat":"repeat","background-position":"center center","background-size":"auto","background-attachment":"scroll","background-type":"","background-media":"","overlay-type":"","overlay-color":"","overlay-opacity":"","overlay-gradient":""},"mobile":{"background-color":"","background-image":"","background-repeat":"repeat","background-position":"center center","background-size":"auto","background-attachment":"scroll","background-type":"","background-media":"","overlay-type":"","overlay-color":"","overlay-opacity":"","overlay-gradient":""}},"ast-content-background-meta":{"desktop":{"background-color":"var(--ast-global-color-5)","background-image":"","background-repeat":"repeat","background-position":"center center","background-size":"auto","background-attachment":"scroll","background-type":"","background-media":"","overlay-type":"","overlay-color":"","overlay-opacity":"","overlay-gradient":""},"tablet":{"background-color":"var(--ast-global-color-5)","background-image":"","background-repeat":"repeat","background-position":"center center","background-size":"auto","background-attachment":"scroll","background-type":"","background-media":"","overlay-type":"","overlay-color":"","overlay-opacity":"","overlay-gradient":""},"mobile":{"background-color":"var(--ast-global-color-5)","background-image":"","background-repeat":"repeat","background-position":"center center","background-size":"auto","background-attachment":"scroll","background-type":"","background-media":"","overlay-type":"","overlay-color":"","overlay-opacity":"","overlay-gradient":""}}},"product_brand":[],"product_cat":[1613],"product_tag":[],"class_list":{"0":"post-20521","1":"product","2":"type-product","3":"status-publish","4":"has-post-thumbnail","6":"product_cat-genouilleres-coussins","7":"desktop-align-left","8":"tablet-align-left","9":"mobile-align-left","10":"ast-product-gallery-layout-horizontal-slider","11":"ast-product-tabs-layout-horizontal","13":"first","14":"instock","15":"taxable","16":"shipping-taxable","17":"purchasable","18":"product-type-simple"},"_links":{"self":[{"href":"https:\/\/dacarcomercial.com\/fr\/wp-json\/wp\/v2\/product\/20521","targetHints":{"allow":["GET"]}}],"collection":[{"href":"https:\/\/dacarcomercial.com\/fr\/wp-json\/wp\/v2\/product"}],"about":[{"href":"https:\/\/dacarcomercial.com\/fr\/wp-json\/wp\/v2\/types\/product"}],"version-history":[{"count":0,"href":"https:\/\/dacarcomercial.com\/fr\/wp-json\/wp\/v2\/product\/20521\/revisions"}],"wp:featuredmedia":[{"embeddable":true,"href":"https:\/\/dacarcomercial.com\/fr\/wp-json\/wp\/v2\/media\/8934"}],"wp:attachment":[{"href":"https:\/\/dacarcomercial.com\/fr\/wp-json\/wp\/v2\/media?parent=20521"}],"wp:term":[{"taxonomy":"product_brand","embeddable":true,"href":"https:\/\/dacarcomercial.com\/fr\/wp-json\/wp\/v2\/product_brand?post=20521"},{"taxonomy":"product_cat","embeddable":true,"href":"https:\/\/dacarcomercial.com\/fr\/wp-json\/wp\/v2\/product_cat?post=20521"},{"taxonomy":"product_tag","embeddable":true,"href":"https:\/\/dacarcomercial.com\/fr\/wp-json\/wp\/v2\/product_tag?post=20521"}],"curies":[{"name":"wp","href":"https:\/\/api.w.org\/{rel}","templated":true}]}}