{"id":25277,"date":"2021-05-24T12:19:02","date_gmt":"2021-05-24T10:19:02","guid":{"rendered":"https:\/\/dacarcomercial.com\/producto\/25277\/"},"modified":"2022-02-18T13:08:35","modified_gmt":"2022-02-18T12:08:35","slug":"velor-dioptries","status":"publish","type":"product","link":"https:\/\/dacarcomercial.com\/fr\/producto\/velor-dioptries\/","title":{"rendered":"Velor dioptries"},"content":{"rendered":"<h2><strong>Caract\u00e9ristiques Velor dioptries<\/strong><\/h2>\n<ul>\n<li>Compl\u00e9ment pour la lecture disponible avec diff\u00e9rentes dioptries (+1,50\/+2,00\/+2,50)<\/li>\n<li>La surface d&rsquo;appui r\u00e9duit le risque de blessures<\/li>\n<li>Grand verre de protection pour un large champ de visi\u00f3n<\/li>\n<li>Tr\u00e8s bonne couverture des yeux<\/li>\n<li>Design sportif<\/li>\n<li>Plaquettes souple<\/li>\n<li>Bandeau optionnel pour un bon maintien<\/li>\n<\/ul>\n","protected":false},"excerpt":{"rendered":"<p><strong>Velor, la solution de verres de protection id\u00e9ale pour les porteurs de lunettes de lecture<\/strong><\/p>\n<p>Une lentille additionnelle pour la lecture plac\u00e9e dans la partie inf\u00e9rieure du verre garantit une vision de pr\u00e8s nette. Plus besoin de changer constamment entre lunettes de protection et lunettes de lecture, et l&rsquo;oeil reste prot\u00e9g\u00e9 en permanence. Le mod\u00e8le Velor dioptrie est disponible avec un dispositif suppl\u00e9mentaire pour la lecture pour les dioptries suivantes : +1,50\/+2,00\/+2,50.<\/p>\n<p>Gr\u00e2ce \u00e0 leurs verres de protection courbes, les Velor dioptrie prot\u00e8gent efficacement les yeux contre les corps \u00e9trangers, tout comme les Terminator Plus dioptrie.<\/p>\n<p><strong>Sp\u00e9cifications<\/strong><\/p>\n<ul>\n<li>Oculaires incolores en polycarbonate anti-rayures<\/li>\n<li>Fen\u00eatre gradu\u00e9e pour lectura<\/li>\n<li>1,5; 2 ; 2,5 dioptries<\/li>\n<li>Protection UV<\/li>\n<li>Poids: 34 g<\/li>\n<li>Branches Easy Fit Soft<\/li>\n<li>EN166 &amp; 170<\/li>\n<\/ul>\n<div class=\"elementor-element elementor-element-166c857 ob-has-background-overlay elementor-widget elementor-widget-woocommerce-product-short-description\" data-id=\"166c857\" data-element_type=\"widget\" data-settings=\"{&quot;_ob_perspektive_use&quot;:&quot;no&quot;,&quot;_ob_poopart_use&quot;:&quot;yes&quot;,&quot;_ob_shadough_use&quot;:&quot;no&quot;,&quot;_ob_allow_hoveranimator&quot;:&quot;no&quot;,&quot;_ob_widget_stalker_use&quot;:&quot;no&quot;}\" data-widget_type=\"woocommerce-product-short-description.default\">\n<div class=\"elementor-widget-container\">\n<div class=\"woocommerce-product-details__short-description\">\n<p><em>Les produits Dacar peuvent \u00eatre achet\u00e9s en ligne ou via notre r\u00e9seau de distributeurs. N\u00b4h\u00e9sitez pas \u00e0 nous consulter votre revendeur le plus proche !<\/em><\/p>\n<\/div>\n<\/div>\n<\/div>\n","protected":false},"featured_media":8766,"template":"","meta":{"site-sidebar-layout":"default","site-content-layout":"default","ast-site-content-layout":"default","site-content-style":"default","site-sidebar-style":"default","ast-global-header-display":"","ast-banner-title-visibility":"","ast-main-header-display":"","ast-hfb-above-header-display":"","ast-hfb-below-header-display":"","ast-hfb-mobile-header-display":"","site-post-title":"","ast-breadcrumbs-content":"","ast-featured-img":"","footer-sml-layout":"","ast-disable-related-posts":"","theme-transparent-header-meta":"default","adv-header-id-meta":"","stick-header-meta":"default","header-above-stick-meta":"","header-main-stick-meta":"","header-below-stick-meta":"","astra-migrate-meta-layouts":"default","ast-page-background-enabled":"default","ast-page-background-meta":{"desktop":{"background-color":"","background-image":"","background-repeat":"repeat","background-position":"center center","background-size":"auto","background-attachment":"scroll","background-type":"","background-media":"","overlay-type":"","overlay-color":"","overlay-opacity":"","overlay-gradient":""},"tablet":{"background-color":"","background-image":"","background-repeat":"repeat","background-position":"center center","background-size":"auto","background-attachment":"scroll","background-type":"","background-media":"","overlay-type":"","overlay-color":"","overlay-opacity":"","overlay-gradient":""},"mobile":{"background-color":"","background-image":"","background-repeat":"repeat","background-position":"center center","background-size":"auto","background-attachment":"scroll","background-type":"","background-media":"","overlay-type":"","overlay-color":"","overlay-opacity":"","overlay-gradient":""}},"ast-content-background-meta":{"desktop":{"background-color":"var(--ast-global-color-5)","background-image":"","background-repeat":"repeat","background-position":"center center","background-size":"auto","background-attachment":"scroll","background-type":"","background-media":"","overlay-type":"","overlay-color":"","overlay-opacity":"","overlay-gradient":""},"tablet":{"background-color":"var(--ast-global-color-5)","background-image":"","background-repeat":"repeat","background-position":"center center","background-size":"auto","background-attachment":"scroll","background-type":"","background-media":"","overlay-type":"","overlay-color":"","overlay-opacity":"","overlay-gradient":""},"mobile":{"background-color":"var(--ast-global-color-5)","background-image":"","background-repeat":"repeat","background-position":"center center","background-size":"auto","background-attachment":"scroll","background-type":"","background-media":"","overlay-type":"","overlay-color":"","overlay-opacity":"","overlay-gradient":""}}},"product_brand":[],"product_cat":[973,1630],"product_tag":[],"class_list":{"0":"post-25277","1":"product","2":"type-product","3":"status-publish","4":"has-post-thumbnail","6":"product_cat-lunettes-de-protection","7":"product_cat-oculaires-pre-gradues","8":"desktop-align-left","9":"tablet-align-left","10":"mobile-align-left","11":"ast-product-gallery-layout-horizontal-slider","12":"ast-product-single-variable","13":"ast-product-tabs-layout-horizontal","15":"first","16":"instock","17":"taxable","18":"shipping-taxable","19":"purchasable","20":"product-type-variable"},"_links":{"self":[{"href":"https:\/\/dacarcomercial.com\/fr\/wp-json\/wp\/v2\/product\/25277","targetHints":{"allow":["GET"]}}],"collection":[{"href":"https:\/\/dacarcomercial.com\/fr\/wp-json\/wp\/v2\/product"}],"about":[{"href":"https:\/\/dacarcomercial.com\/fr\/wp-json\/wp\/v2\/types\/product"}],"version-history":[{"count":0,"href":"https:\/\/dacarcomercial.com\/fr\/wp-json\/wp\/v2\/product\/25277\/revisions"}],"wp:featuredmedia":[{"embeddable":true,"href":"https:\/\/dacarcomercial.com\/fr\/wp-json\/wp\/v2\/media\/8766"}],"wp:attachment":[{"href":"https:\/\/dacarcomercial.com\/fr\/wp-json\/wp\/v2\/media?parent=25277"}],"wp:term":[{"taxonomy":"product_brand","embeddable":true,"href":"https:\/\/dacarcomercial.com\/fr\/wp-json\/wp\/v2\/product_brand?post=25277"},{"taxonomy":"product_cat","embeddable":true,"href":"https:\/\/dacarcomercial.com\/fr\/wp-json\/wp\/v2\/product_cat?post=25277"},{"taxonomy":"product_tag","embeddable":true,"href":"https:\/\/dacarcomercial.com\/fr\/wp-json\/wp\/v2\/product_tag?post=25277"}],"curies":[{"name":"wp","href":"https:\/\/api.w.org\/{rel}","templated":true}]}}