{"id":25290,"date":"2021-05-24T10:58:53","date_gmt":"2021-05-24T08:58:53","guid":{"rendered":"https:\/\/dacarcomercial.com\/producto\/terminator-xtra\/"},"modified":"2022-02-18T13:52:05","modified_gmt":"2022-02-18T12:52:05","slug":"terminator-xtra","status":"publish","type":"product","link":"https:\/\/dacarcomercial.com\/fr\/producto\/terminator-xtra\/","title":{"rendered":"Terminator Xtra"},"content":{"rendered":"<h2><strong>Sp\u00e9cifications des lunettes de s\u00e9curit\u00e9 Terminator Xtra<\/strong><\/h2>\n<ul>\n<li>Protection parfaite de la zone des yeux gr\u00e2ce \u00e0 un joint de visage tr\u00e8s doux et amovible.<\/li>\n<li>Poids l\u00e9ger<\/li>\n<li>Branches r\u00e9glables en longueur<\/li>\n<li>Inclinaison variable de l&rsquo;objectif<\/li>\n<li>Versions ext\u00e9rieures disponibles<\/li>\n<li>Une bande \u00e9lastique suppl\u00e9mentaire assure une prise en main parfaite<\/li>\n<li>Un look sportif<\/li>\n<li>Objectifs facilement interchangeables<\/li>\n<li>Pont nasal souple pour s&rsquo;adapter \u00e0 tous les nez<\/li>\n<li>Insert RX Clip disponible pour les verres correcteurs<\/li>\n<li>GA 166 FT Marquage du cadre CE<\/li>\n<\/ul>\n","protected":false},"excerpt":{"rendered":"<p><strong>Quand on am\u00e9liore ce qui se fait de mieux, on obtient quelque chose de X-TRA !<\/strong><\/p>\n<p>Les lunettes de protection Terminator X-TRA, con\u00e7ues sur mesure pour les conditions de travail les plus exigeantes et avec l&rsquo;application des derni\u00e8res technologies de conception et de fabrication. Look sportif et moderne avec des verres en polycarbonate anti-rayures, anti-bu\u00e9e et anti-statique facilement interchangeables.<\/p>\n<p>Ces lunettes prot\u00e8gent parfaitement la zone des yeux gr\u00e2ce \u00e0 un joint facial amovible tr\u00e8s souple, ainsi qu&rsquo;\u00e0 un pont nasal souple qui s&rsquo;adapte \u00e0 chaque nez.<\/p>\n<div class=\"elementor-element elementor-element-166c857 ob-has-background-overlay elementor-widget elementor-widget-woocommerce-product-short-description\" data-id=\"166c857\" data-element_type=\"widget\" data-settings=\"{&quot;_ob_perspektive_use&quot;:&quot;no&quot;,&quot;_ob_poopart_use&quot;:&quot;yes&quot;,&quot;_ob_shadough_use&quot;:&quot;no&quot;,&quot;_ob_allow_hoveranimator&quot;:&quot;no&quot;,&quot;_ob_widget_stalker_use&quot;:&quot;no&quot;}\" data-widget_type=\"woocommerce-product-short-description.default\">\n<div class=\"elementor-widget-container\">\n<div class=\"woocommerce-product-details__short-description\">\n<p><em>Les produits Dacar peuvent \u00eatre achet\u00e9s en ligne ou via notre r\u00e9seau de distributeurs. N\u00b4h\u00e9sitez pas \u00e0 nous consulter votre revendeur le plus proche !<\/em><\/p>\n<\/div>\n<\/div>\n<\/div>\n","protected":false},"featured_media":25132,"template":"","meta":{"site-sidebar-layout":"default","site-content-layout":"default","ast-site-content-layout":"default","site-content-style":"default","site-sidebar-style":"default","ast-global-header-display":"","ast-banner-title-visibility":"","ast-main-header-display":"","ast-hfb-above-header-display":"","ast-hfb-below-header-display":"","ast-hfb-mobile-header-display":"","site-post-title":"","ast-breadcrumbs-content":"","ast-featured-img":"","footer-sml-layout":"","ast-disable-related-posts":"","theme-transparent-header-meta":"default","adv-header-id-meta":"","stick-header-meta":"default","header-above-stick-meta":"","header-main-stick-meta":"","header-below-stick-meta":"","astra-migrate-meta-layouts":"default","ast-page-background-enabled":"default","ast-page-background-meta":{"desktop":{"background-color":"","background-image":"","background-repeat":"repeat","background-position":"center center","background-size":"auto","background-attachment":"scroll","background-type":"","background-media":"","overlay-type":"","overlay-color":"","overlay-opacity":"","overlay-gradient":""},"tablet":{"background-color":"","background-image":"","background-repeat":"repeat","background-position":"center center","background-size":"auto","background-attachment":"scroll","background-type":"","background-media":"","overlay-type":"","overlay-color":"","overlay-opacity":"","overlay-gradient":""},"mobile":{"background-color":"","background-image":"","background-repeat":"repeat","background-position":"center center","background-size":"auto","background-attachment":"scroll","background-type":"","background-media":"","overlay-type":"","overlay-color":"","overlay-opacity":"","overlay-gradient":""}},"ast-content-background-meta":{"desktop":{"background-color":"var(--ast-global-color-5)","background-image":"","background-repeat":"repeat","background-position":"center center","background-size":"auto","background-attachment":"scroll","background-type":"","background-media":"","overlay-type":"","overlay-color":"","overlay-opacity":"","overlay-gradient":""},"tablet":{"background-color":"var(--ast-global-color-5)","background-image":"","background-repeat":"repeat","background-position":"center center","background-size":"auto","background-attachment":"scroll","background-type":"","background-media":"","overlay-type":"","overlay-color":"","overlay-opacity":"","overlay-gradient":""},"mobile":{"background-color":"var(--ast-global-color-5)","background-image":"","background-repeat":"repeat","background-position":"center center","background-size":"auto","background-attachment":"scroll","background-type":"","background-media":"","overlay-type":"","overlay-color":"","overlay-opacity":"","overlay-gradient":""}}},"product_brand":[],"product_cat":[973,1632],"product_tag":[],"class_list":{"0":"post-25290","1":"product","2":"type-product","3":"status-publish","4":"has-post-thumbnail","6":"product_cat-lunettes-de-protection","7":"product_cat-oculaires-solaires","8":"desktop-align-left","9":"tablet-align-left","10":"mobile-align-left","11":"ast-product-gallery-layout-horizontal-slider","12":"ast-product-gallery-with-no-image","13":"ast-product-tabs-layout-horizontal","15":"first","16":"instock","17":"taxable","18":"shipping-taxable","19":"purchasable","20":"product-type-simple"},"_links":{"self":[{"href":"https:\/\/dacarcomercial.com\/fr\/wp-json\/wp\/v2\/product\/25290","targetHints":{"allow":["GET"]}}],"collection":[{"href":"https:\/\/dacarcomercial.com\/fr\/wp-json\/wp\/v2\/product"}],"about":[{"href":"https:\/\/dacarcomercial.com\/fr\/wp-json\/wp\/v2\/types\/product"}],"version-history":[{"count":0,"href":"https:\/\/dacarcomercial.com\/fr\/wp-json\/wp\/v2\/product\/25290\/revisions"}],"wp:featuredmedia":[{"embeddable":true,"href":"https:\/\/dacarcomercial.com\/fr\/wp-json\/wp\/v2\/media\/25132"}],"wp:attachment":[{"href":"https:\/\/dacarcomercial.com\/fr\/wp-json\/wp\/v2\/media?parent=25290"}],"wp:term":[{"taxonomy":"product_brand","embeddable":true,"href":"https:\/\/dacarcomercial.com\/fr\/wp-json\/wp\/v2\/product_brand?post=25290"},{"taxonomy":"product_cat","embeddable":true,"href":"https:\/\/dacarcomercial.com\/fr\/wp-json\/wp\/v2\/product_cat?post=25290"},{"taxonomy":"product_tag","embeddable":true,"href":"https:\/\/dacarcomercial.com\/fr\/wp-json\/wp\/v2\/product_tag?post=25290"}],"curies":[{"name":"wp","href":"https:\/\/api.w.org\/{rel}","templated":true}]}}