{"id":25391,"date":"2021-05-17T09:26:42","date_gmt":"2021-05-17T07:26:42","guid":{"rendered":"https:\/\/dacarcomercial.com\/producto\/welding-curtain-transarc-h-1400-x-w-1400-x-t-04-mm\/"},"modified":"2024-07-03T10:17:46","modified_gmt":"2024-07-03T08:17:46","slug":"rideau-de-soudage-transarc-h-1400-x-l-1400-x-e-04-mm","status":"publish","type":"product","link":"https:\/\/dacarcomercial.com\/fr\/producto\/rideau-de-soudage-transarc-h-1400-x-l-1400-x-e-04-mm\/","title":{"rendered":"Rideau de soudage Transarc H 1400 x L 1400 x E 0,4 mm."},"content":{"rendered":"<h2>Rideau de soudage Transarc H 1400 x L 1400 x E 0,4 mm<\/h2>\n<p>Con\u00e7u et fabriqu\u00e9 en Espagne.<\/p>\n<p>Couleurs disponibles:<\/p>\n<p><strong>Transarc Orange (OR)<\/strong><\/p>\n<ul>\n<li>Transmission de la lumi\u00e8re: 4,5%<\/li>\n<li>Facteur de risque: 0,5<\/li>\n<li>Semi-transparent<\/li>\n<li>C\u00b4est la couleur qui donne le plus de lumi\u00e8re visible dans la zone de travail<\/li>\n<li>Les personnes et les mat\u00e9riaux ne sont pas distingu\u00e9s<\/li>\n<\/ul>\n<p><strong>Transarc Bronze (FE)<\/strong><\/p>\n<ul>\n<li>Transmission de la lumi\u00e8re: 0,7%<\/li>\n<li>Facteur de risque: 0,2<\/li>\n<li>Semi-transparent<\/li>\n<li>Laisse passer la lumi\u00e8re visible dans la zone de travail<\/li>\n<li>Permet la visibilit\u00e9 du personnel et du mat\u00e9riel<\/li>\n<\/ul>\n<p><strong>Transarc Vert (R6)<\/strong><\/p>\n<ul>\n<li>Transmission de la lumi\u00e8re: 0,15%<\/li>\n<li>Facteur de risque: 0,2<\/li>\n<li>Semi-transparent<\/li>\n<li>Permet la visibilit\u00e9 du personnel et du mat\u00e9riel<\/li>\n<li>R\u00e9duit l\u00b4intensit\u00e9 lumineuse<\/li>\n<\/ul>\n<p><strong>Transarc Vert fonc\u00e9 (R9)<\/strong><\/p>\n<ul>\n<li>Transmission de la lumi\u00e8re: 0,04%<\/li>\n<li>Facteur de risque: 0,1<\/li>\n<li>Tr\u00e8s opaque, ne laisse passer que tr\u00e8s peu de lumi\u00e8re visible<\/li>\n<li>Pour att\u00e9nuation de fortes sources de lumi\u00e8re<\/li>\n<li>Ne permet pas la visibilit\u00e9 ni du personnel ni du mat\u00e9riel<\/li>\n<\/ul>\n<p>La dur\u00e9e de vie utile d\u2019un rideau de soudage est marqu\u00e9e par son bon \u00e9tat. Son remplacement imm\u00e9diat est recommand\u00e9 en cas de dommages caus\u00e9s par son utilisation tels que: apparition de trous dus \u00e0 des projections excessives ou des ruptures dues \u00e0 des actions m\u00e9caniques.<\/p>\n<h4><strong>QUELLE EST LA R\u00c9GLEMENTATION ACTUELLE ?<\/strong><\/h4>\n<p>La norme internationale ISO25980 : 2023 annule et remplace la norme EN1598 : 2014 et sp\u00e9cifie les exigences de s\u00e9curit\u00e9 pour les rideaux, persiennes et \u00e9crans transparents utilis\u00e9s pour prot\u00e9ger les lieux de travail \u00e0 proximit\u00e9 des zones o\u00f9 des proc\u00e9d\u00e9s de soudage \u00e0 l\u2019arc sont utilis\u00e9s. Il \u00e9tablit, entre autres, les valeurs de transmission lumineuse, de r\u00e9flectance, ainsi que la r\u00e9sistance \u00e0 la combustion autoris\u00e9e. Il ajoute \u00e9galement un facteur de risque qui ne peut \u00eatre dans aucun cas sup\u00e9rieur \u00e0 1.<\/p>\n","protected":false},"excerpt":{"rendered":"<p><strong>Rideau de soudage Transarc,\u00a0<\/strong>\u00c9paisseur 0,4 x Largeur 1400 x Hauteur 1400 mm. EN ISO25980. Avec 6 \u0153illets sur le dessus et boutons-pression sur les c\u00f4t\u00e9s pour joindre deux rideaux ensemble. Comprend 6 anneaux.<\/p>\n<p><strong>Con\u00e7u et fabriqu\u00e9 en Espagne.<\/strong><\/p>\n<p>Les rideaux de soudage sont destin\u00e9s \u00e0 prot\u00e9ger le personnel qui n\u2019est pas impliqu\u00e9 dans le processus de soudage du danger des \u00e9missions de rayonnement et des projections produites par l\u2019arc de soudage.<\/p>\n<ul>\n<li>Les rideaux de soudage Transarc sont parfaits pour tous les types de soudage \u00e9lectrique, distance minimale de 2 m\u00e8tres, ne conviennent pas au soudage laser<\/li>\n<li>Ils filtrent les rayons nocifs \u00e9mis par l&rsquo;arc de soudage, les rayons ultraviolets (UV) et la lumi\u00e8re dite bleue<\/li>\n<li>Ils offrent une s\u00e9curit\u00e9 maximale en termes de transmission et de r\u00e9fractance<\/li>\n<li>Livr\u00e9s avec 6 \u0153illets sur le dessus et boutons \u00e0 pression sur les c\u00f4t\u00e9s pour joindre plusieurs rideaux ensemble<\/li>\n<li>Conforme \u00e0 la norme EN ISO25980: 2023<\/li>\n<li>6 anneaux m\u00e9talliques inclus<\/li>\n<\/ul>\n<p><em>Les produits Dacar peuvent \u00eatre achet\u00e9s en ligne ou via notre r\u00e9seau de distributeurs. N\u00b4h\u00e9sitez pas \u00e0 nous consulter votre distributeur le plus proche !<\/em><\/p>\n","protected":false},"featured_media":24343,"template":"","meta":{"site-sidebar-layout":"default","site-content-layout":"default","ast-site-content-layout":"default","site-content-style":"default","site-sidebar-style":"default","ast-global-header-display":"","ast-banner-title-visibility":"","ast-main-header-display":"","ast-hfb-above-header-display":"","ast-hfb-below-header-display":"","ast-hfb-mobile-header-display":"","site-post-title":"","ast-breadcrumbs-content":"","ast-featured-img":"","footer-sml-layout":"","ast-disable-related-posts":"","theme-transparent-header-meta":"default","adv-header-id-meta":"","stick-header-meta":"default","header-above-stick-meta":"","header-main-stick-meta":"","header-below-stick-meta":"","astra-migrate-meta-layouts":"set","ast-page-background-enabled":"default","ast-page-background-meta":{"desktop":{"background-color":"","background-image":"","background-repeat":"repeat","background-position":"center center","background-size":"auto","background-attachment":"scroll","background-type":"","background-media":"","overlay-type":"","overlay-color":"","overlay-opacity":"","overlay-gradient":""},"tablet":{"background-color":"","background-image":"","background-repeat":"repeat","background-position":"center center","background-size":"auto","background-attachment":"scroll","background-type":"","background-media":"","overlay-type":"","overlay-color":"","overlay-opacity":"","overlay-gradient":""},"mobile":{"background-color":"","background-image":"","background-repeat":"repeat","background-position":"center center","background-size":"auto","background-attachment":"scroll","background-type":"","background-media":"","overlay-type":"","overlay-color":"","overlay-opacity":"","overlay-gradient":""}},"ast-content-background-meta":{"desktop":{"background-color":"var(--ast-global-color-5)","background-image":"","background-repeat":"repeat","background-position":"center center","background-size":"auto","background-attachment":"scroll","background-type":"","background-media":"","overlay-type":"","overlay-color":"","overlay-opacity":"","overlay-gradient":""},"tablet":{"background-color":"var(--ast-global-color-5)","background-image":"","background-repeat":"repeat","background-position":"center center","background-size":"auto","background-attachment":"scroll","background-type":"","background-media":"","overlay-type":"","overlay-color":"","overlay-opacity":"","overlay-gradient":""},"mobile":{"background-color":"var(--ast-global-color-5)","background-image":"","background-repeat":"repeat","background-position":"center center","background-size":"auto","background-attachment":"scroll","background-type":"","background-media":"","overlay-type":"","overlay-color":"","overlay-opacity":"","overlay-gradient":""}}},"product_brand":[],"product_cat":[937,935],"product_tag":[],"class_list":{"0":"post-25391","1":"product","2":"type-product","3":"status-publish","4":"has-post-thumbnail","6":"product_cat-rideaux-de-soudage","7":"product_cat-rideaux-lames-ecrans","8":"desktop-align-left","9":"tablet-align-left","10":"mobile-align-left","11":"ast-product-gallery-layout-horizontal-slider","12":"ast-product-single-variable","13":"ast-product-tabs-layout-horizontal","15":"first","16":"instock","17":"taxable","18":"shipping-taxable","19":"purchasable","20":"product-type-variable"},"_links":{"self":[{"href":"https:\/\/dacarcomercial.com\/fr\/wp-json\/wp\/v2\/product\/25391","targetHints":{"allow":["GET"]}}],"collection":[{"href":"https:\/\/dacarcomercial.com\/fr\/wp-json\/wp\/v2\/product"}],"about":[{"href":"https:\/\/dacarcomercial.com\/fr\/wp-json\/wp\/v2\/types\/product"}],"version-history":[{"count":0,"href":"https:\/\/dacarcomercial.com\/fr\/wp-json\/wp\/v2\/product\/25391\/revisions"}],"wp:featuredmedia":[{"embeddable":true,"href":"https:\/\/dacarcomercial.com\/fr\/wp-json\/wp\/v2\/media\/24343"}],"wp:attachment":[{"href":"https:\/\/dacarcomercial.com\/fr\/wp-json\/wp\/v2\/media?parent=25391"}],"wp:term":[{"taxonomy":"product_brand","embeddable":true,"href":"https:\/\/dacarcomercial.com\/fr\/wp-json\/wp\/v2\/product_brand?post=25391"},{"taxonomy":"product_cat","embeddable":true,"href":"https:\/\/dacarcomercial.com\/fr\/wp-json\/wp\/v2\/product_cat?post=25391"},{"taxonomy":"product_tag","embeddable":true,"href":"https:\/\/dacarcomercial.com\/fr\/wp-json\/wp\/v2\/product_tag?post=25391"}],"curies":[{"name":"wp","href":"https:\/\/api.w.org\/{rel}","templated":true}]}}