{"id":25899,"date":"2021-06-04T12:36:27","date_gmt":"2021-06-04T10:36:27","guid":{"rendered":"https:\/\/dacarcomercial.com\/producto\/cagoule-courte-ca-10\/"},"modified":"2024-05-13T13:11:22","modified_gmt":"2024-05-13T11:11:22","slug":"cagoule-universelle-orange-ca-10","status":"publish","type":"product","link":"https:\/\/dacarcomercial.com\/fr\/producto\/cagoule-universelle-orange-ca-10\/","title":{"rendered":"Cagoule Universelle orange CA-10"},"content":{"rendered":"<h2>Caract\u00e9ristiques techniques Cagoule Universelle orange CA-10 :<\/h2>\n<ul>\n<li><span class=\"ng-star-inserted\">Poids\u00a0: 220 g<\/span><\/li>\n<li><span class=\"ng-star-inserted\">Mat\u00e9riel : La cagoule est fabriqu\u00e9 en poly\u00e9thyl\u00e8ne lamin\u00e9 et le viseur de cellulose<\/span><\/li>\n<li><span class=\"ng-star-inserted\">Facteur de protection (FPN) : 500<\/span><\/li>\n<li><span class=\"ng-star-inserted\">Raccordement au tube d\u2019air : QuickLock<\/span><\/li>\n<li><span class=\"ng-star-inserted\"><span class=\"ng-star-inserted\">EN 12941 TH3 \/ EN 14594 3A \/EN 166 1 S F<\/span><\/span><span class=\"ng-star-inserted\"><strong>Caract\u00e9ristiques et avantages :<\/strong><br \/>\n<\/span><\/li>\n<li><span class=\"ng-star-inserted\">Protection respiratoire sup\u00e9rieure<\/span><\/li>\n<li><span class=\"ng-star-inserted\">Durable et d\u00e9-contaminable<\/span><\/li>\n<li><span class=\"ng-star-inserted\">Tissu int\u00e9rieur absorbant la sueur et fournit une \u00e9tanch\u00e9it\u00e9 suppl\u00e9mentaire<\/span><\/li>\n<li><span class=\"ng-star-inserted\">Large visi\u00e8re avec rev\u00eatement anti bruit<\/span><\/li>\n<li><span class=\"ng-star-inserted\">R\u00e9glages individuels du serre-t\u00eate : p\u00e9rim\u00e8tre et distance r\u00e9glables par rapport \u00e0 la visi\u00e8re<\/span><\/li>\n<li><span class=\"ng-star-inserted\">Agr\u00e9able \u00e0 porter gr\u00e2ce \u00e0 la coupe spacieuse et au mat\u00e9riel l\u00e9ger et durable<\/span><\/li>\n<li><span class=\"ng-star-inserted\">Fournit une protection compl\u00e8te des yeux selon EN 166<\/span><\/li>\n<li><span class=\"ng-star-inserted\"><span class=\"ng-star-inserted\">Languette r\u00e9fl\u00e9chissante pratique<\/span><\/span><span class=\"ng-star-inserted\"><strong>Domaines d\u2019application :<\/strong><\/span><\/li>\n<li><span class=\"ng-star-inserted\">La cagoule peut \u00eatre utilis\u00e9e dans tous les environnements qui exigent une haute durabilit\u00e9 et r\u00e9sistance chimique<\/span><\/li>\n<li><span class=\"ng-star-inserted\">Convient aux op\u00e9rations de pulv\u00e9risation et de peinture<\/span><\/li>\n<li><span class=\"ng-star-inserted\">Utilisation dans les laboratoires et les industries pharmaceutiques ou chimiques<\/span><\/li>\n<\/ul>\n","protected":false},"excerpt":{"rendered":"<p><strong>Protection des voies respiratoires de qualit\u00e9 sup\u00e9rieure avec une grande r\u00e9sistance aux produits chimiques<\/strong><\/p>\n<p>Cette cagoule r\u00e9sistante aux produits chimiques offre une protection des voies respiratoires et une protection de la t\u00eate, du cou et des \u00e9paules, dans les environnements de pollution chimique les plus difficiles. Associ\u00e9e aux motoventilateurs ou syst\u00e8mes \u00e0 adduction d\u00b4air CleanAIR\u00ae, elle offre le niveau maximum de protection des voies respiratoires en classe TH3 (FPN: 500)<\/p>\n<p>La cagoule est plus durable et permet un nettoyage facile gr\u00e2ce \u00e0 son l\u00e9ger tissu lamin\u00e9, avec coutures renforc\u00e9es. Elle reste tr\u00e8s l\u00e9g\u00e8re et confortable gr\u00e2ce \u00e0 son tissu de doublure qui absorbe la sueur et cr\u00e9e une couche de protection suppl\u00e9mentaire. Elle s\u2019adapte parfaitement aux diff\u00e9rents types de t\u00eate gr\u00e2ce \u00e0 son serre-t\u00eate r\u00e9glable et son bandeau \u00e9lastique confortable.<\/p>\n<p>La distance de la visi\u00e8re peut \u00eatre r\u00e9gl\u00e9e s\u00e9par\u00e9ment, tout comme le p\u00e9rim\u00e8tre du bandeau. Sa visi\u00e8re \u00e0 champ panoramique avec rev\u00eatement antibu\u00e9e garantit une vision d\u00e9gag\u00e9e et offre une protection m\u00e9canique de base.<\/p>\n<p><strong>Domaines d\u2019application<\/strong><\/p>\n<ul>\n<li>La cagoule peut \u00eatre utilis\u00e9e dans tous les environnements exigeant une grande durabilit\u00e9 et r\u00e9sistance aux produits chimiques.<\/li>\n<li>Elle est adapt\u00e9e \u00e0 des op\u00e9rations de pulv\u00e9risation ou de peinture, ainsi qu\u2019\u00e0 un usage en laboratoire ou dans le secteur pharmaceutique.<\/li>\n<\/ul>\n<p><em>Les produits Dacar peuvent \u00eatre achet\u00e9s en ligne ou via notre r\u00e9seau de distributeurs. N\u00b4h\u00e9sitez pas \u00e0 nous consulter votre revendeur le plus proche !<\/em><\/p>\n","protected":false},"featured_media":25888,"template":"","meta":{"site-sidebar-layout":"default","site-content-layout":"default","ast-site-content-layout":"default","site-content-style":"default","site-sidebar-style":"default","ast-global-header-display":"","ast-banner-title-visibility":"","ast-main-header-display":"","ast-hfb-above-header-display":"","ast-hfb-below-header-display":"","ast-hfb-mobile-header-display":"","site-post-title":"","ast-breadcrumbs-content":"","ast-featured-img":"","footer-sml-layout":"","ast-disable-related-posts":"","theme-transparent-header-meta":"default","adv-header-id-meta":"","stick-header-meta":"default","header-above-stick-meta":"","header-main-stick-meta":"","header-below-stick-meta":"","astra-migrate-meta-layouts":"set","ast-page-background-enabled":"default","ast-page-background-meta":{"desktop":{"background-color":"","background-image":"","background-repeat":"repeat","background-position":"center center","background-size":"auto","background-attachment":"scroll","background-type":"","background-media":"","overlay-type":"","overlay-color":"","overlay-opacity":"","overlay-gradient":""},"tablet":{"background-color":"","background-image":"","background-repeat":"repeat","background-position":"center center","background-size":"auto","background-attachment":"scroll","background-type":"","background-media":"","overlay-type":"","overlay-color":"","overlay-opacity":"","overlay-gradient":""},"mobile":{"background-color":"","background-image":"","background-repeat":"repeat","background-position":"center center","background-size":"auto","background-attachment":"scroll","background-type":"","background-media":"","overlay-type":"","overlay-color":"","overlay-opacity":"","overlay-gradient":""}},"ast-content-background-meta":{"desktop":{"background-color":"var(--ast-global-color-5)","background-image":"","background-repeat":"repeat","background-position":"center center","background-size":"auto","background-attachment":"scroll","background-type":"","background-media":"","overlay-type":"","overlay-color":"","overlay-opacity":"","overlay-gradient":""},"tablet":{"background-color":"var(--ast-global-color-5)","background-image":"","background-repeat":"repeat","background-position":"center center","background-size":"auto","background-attachment":"scroll","background-type":"","background-media":"","overlay-type":"","overlay-color":"","overlay-opacity":"","overlay-gradient":""},"mobile":{"background-color":"var(--ast-global-color-5)","background-image":"","background-repeat":"repeat","background-position":"center center","background-size":"auto","background-attachment":"scroll","background-type":"","background-media":"","overlay-type":"","overlay-color":"","overlay-opacity":"","overlay-gradient":""}}},"product_brand":[],"product_cat":[984,981,990],"product_tag":[],"class_list":{"0":"post-25899","1":"product","2":"type-product","3":"status-publish","4":"has-post-thumbnail","6":"product_cat-cleanair-2","7":"product_cat-protection-respiratoire","8":"product_cat-unites-de-tete","9":"desktop-align-left","10":"tablet-align-left","11":"mobile-align-left","12":"ast-product-gallery-layout-horizontal-slider","13":"ast-product-tabs-layout-horizontal","15":"first","16":"instock","17":"taxable","18":"shipping-taxable","19":"purchasable","20":"product-type-simple"},"_links":{"self":[{"href":"https:\/\/dacarcomercial.com\/fr\/wp-json\/wp\/v2\/product\/25899","targetHints":{"allow":["GET"]}}],"collection":[{"href":"https:\/\/dacarcomercial.com\/fr\/wp-json\/wp\/v2\/product"}],"about":[{"href":"https:\/\/dacarcomercial.com\/fr\/wp-json\/wp\/v2\/types\/product"}],"version-history":[{"count":0,"href":"https:\/\/dacarcomercial.com\/fr\/wp-json\/wp\/v2\/product\/25899\/revisions"}],"wp:featuredmedia":[{"embeddable":true,"href":"https:\/\/dacarcomercial.com\/fr\/wp-json\/wp\/v2\/media\/25888"}],"wp:attachment":[{"href":"https:\/\/dacarcomercial.com\/fr\/wp-json\/wp\/v2\/media?parent=25899"}],"wp:term":[{"taxonomy":"product_brand","embeddable":true,"href":"https:\/\/dacarcomercial.com\/fr\/wp-json\/wp\/v2\/product_brand?post=25899"},{"taxonomy":"product_cat","embeddable":true,"href":"https:\/\/dacarcomercial.com\/fr\/wp-json\/wp\/v2\/product_cat?post=25899"},{"taxonomy":"product_tag","embeddable":true,"href":"https:\/\/dacarcomercial.com\/fr\/wp-json\/wp\/v2\/product_tag?post=25899"}],"curies":[{"name":"wp","href":"https:\/\/api.w.org\/{rel}","templated":true}]}}