{"id":26061,"date":"2021-06-07T12:46:20","date_gmt":"2021-06-07T10:46:20","guid":{"rendered":"https:\/\/dacarcomercial.com\/producto\/masque-complet-cf-02-shiguematsu\/"},"modified":"2024-05-13T12:17:33","modified_gmt":"2024-05-13T10:17:33","slug":"masque-complet-cf-02-shigematsu","status":"publish","type":"product","link":"https:\/\/dacarcomercial.com\/fr\/producto\/masque-complet-cf-02-shigematsu\/","title":{"rendered":"Masque complet CF-02 Shigematsu"},"content":{"rendered":"<h2>Masque complet CF-02 Shigematsu<\/h2>\n<p><strong>Sp\u00e9cifications techniques:<\/strong><\/p>\n<ul>\n<li>Deux tailles (M, L)<\/li>\n<li>Possibilit\u00e9 d\u00b4usage de films protecteurs de l\u00b4\u00e9cran<\/li>\n<li>Compatible avec tous les filtres \u00e0 particules, \u00e0 gaz et combin\u00e9s CleanAIR\u00ae avec filetage RD40 \u00d7 1\/7 \u00ab\u00a0<\/li>\n<li>L\u00e9ger &#8211; 435 g<\/li>\n<li>Haute r\u00e9sistance chimique<\/li>\n<li>\u00c9cran sph\u00e9rique<\/li>\n<li>Rev\u00eatement anti-rayures<\/li>\n<li>Serre-t\u00eate \u00e0 six points<\/li>\n<li>Peut \u00eatre utilis\u00e9 avec une large gamme de filtres Shigematsu<\/li>\n<li>Deux soupapes d&rsquo;expiration &#8211; faible r\u00e9sistance respiratoire<\/li>\n<\/ul>\n<p><strong>Domaines d\u2019application:<\/strong><\/p>\n<ul>\n<li>Le masque est adapt\u00e9 \u00e0 un usage dans des environnements pollu\u00e9s par des produits chimiques ou biologiques et r\u00e9pond aux exigences les plus strictes en mati\u00e8re de protection des voies respiratoires. Il peut \u00eatre utilis\u00e9 dans l\u2019industrie chimique lourde, le secteur pharmaceutique, les laboratoires, les op\u00e9rations de pulv\u00e9risation et les op\u00e9rations de traitement.<\/li>\n<\/ul>\n","protected":false},"excerpt":{"rendered":"<p><span class=\"ng-star-inserted\">Le masque complet CF-02 Shigematsu est un masque complet l\u00e9ger, adapt\u00e9 pour une utilisation dans des conditions chimiques exigeantes. <\/span><span class=\"ng-star-inserted\">Le masque peut \u00eatre utilis\u00e9 avec une large gamme de filtres avec pas-de-vis normalis\u00e9 RD40 et des moto-ventilateurs CleanAIR\u00ae.<\/span><\/p>\n<p><span class=\"ng-star-inserted\">L\u00b4\u00e9cran sph\u00e9rique, qui\u00a0 maintient une distance constante avec les yeux, offre un champ de vision large et clair sans distorsions. <\/span><span class=\"ng-star-inserted\">Cet \u00e9cran dispose \u00e9galement d\u2019un traitement anti-rayures, garantissant une haute r\u00e9sistance m\u00e9canique qui peut \u00eatre renforc\u00e9e en superposant un film protecteur.<\/span><\/p>\n<p><span class=\"ng-star-inserted\">Le corps du masque est fait de styr\u00e8ne TPE de haute qualit\u00e9, qui garantit une haute r\u00e9sistance chimique et une longue dur\u00e9e de vie.\u00a0<\/span><span class=\"ng-star-inserted\">Avec un serre-t\u00eate \u00e0 six points de fixation, il assure un ajustement s\u00fbr et simple. <\/span><span class=\"ng-star-inserted\">Sa surface antiadh\u00e9sive emp\u00eache les cheveux de s\u2019emm\u00ealer.<\/span><\/p>\n<p><em>Les produits Dacar peuvent \u00eatre achet\u00e9s en ligne ou via notre r\u00e9seau de distributeurs. N\u00b4h\u00e9sitez pas \u00e0 nous consulter votre revendeur le plus proche !<\/em><\/p>\n","protected":false},"featured_media":25976,"template":"","meta":{"site-sidebar-layout":"default","site-content-layout":"default","ast-site-content-layout":"default","site-content-style":"default","site-sidebar-style":"default","ast-global-header-display":"","ast-banner-title-visibility":"","ast-main-header-display":"","ast-hfb-above-header-display":"","ast-hfb-below-header-display":"","ast-hfb-mobile-header-display":"","site-post-title":"","ast-breadcrumbs-content":"","ast-featured-img":"","footer-sml-layout":"","ast-disable-related-posts":"","theme-transparent-header-meta":"default","adv-header-id-meta":"","stick-header-meta":"default","header-above-stick-meta":"","header-main-stick-meta":"","header-below-stick-meta":"","astra-migrate-meta-layouts":"set","ast-page-background-enabled":"default","ast-page-background-meta":{"desktop":{"background-color":"","background-image":"","background-repeat":"repeat","background-position":"center center","background-size":"auto","background-attachment":"scroll","background-type":"","background-media":"","overlay-type":"","overlay-color":"","overlay-opacity":"","overlay-gradient":""},"tablet":{"background-color":"","background-image":"","background-repeat":"repeat","background-position":"center center","background-size":"auto","background-attachment":"scroll","background-type":"","background-media":"","overlay-type":"","overlay-color":"","overlay-opacity":"","overlay-gradient":""},"mobile":{"background-color":"","background-image":"","background-repeat":"repeat","background-position":"center center","background-size":"auto","background-attachment":"scroll","background-type":"","background-media":"","overlay-type":"","overlay-color":"","overlay-opacity":"","overlay-gradient":""}},"ast-content-background-meta":{"desktop":{"background-color":"var(--ast-global-color-5)","background-image":"","background-repeat":"repeat","background-position":"center center","background-size":"auto","background-attachment":"scroll","background-type":"","background-media":"","overlay-type":"","overlay-color":"","overlay-opacity":"","overlay-gradient":""},"tablet":{"background-color":"var(--ast-global-color-5)","background-image":"","background-repeat":"repeat","background-position":"center center","background-size":"auto","background-attachment":"scroll","background-type":"","background-media":"","overlay-type":"","overlay-color":"","overlay-opacity":"","overlay-gradient":""},"mobile":{"background-color":"var(--ast-global-color-5)","background-image":"","background-repeat":"repeat","background-position":"center center","background-size":"auto","background-attachment":"scroll","background-type":"","background-media":"","overlay-type":"","overlay-color":"","overlay-opacity":"","overlay-gradient":""}}},"product_brand":[],"product_cat":[984,1716,981,990],"product_tag":[],"class_list":{"0":"post-26061","1":"product","2":"type-product","3":"status-publish","4":"has-post-thumbnail","6":"product_cat-cleanair-2","7":"product_cat-cleanair-asbest-fr","8":"product_cat-protection-respiratoire","9":"product_cat-unites-de-tete","10":"desktop-align-left","11":"tablet-align-left","12":"mobile-align-left","13":"ast-product-gallery-layout-horizontal-slider","14":"ast-product-gallery-with-no-image","15":"ast-product-tabs-layout-horizontal","17":"first","18":"instock","19":"taxable","20":"shipping-taxable","21":"purchasable","22":"product-type-simple"},"_links":{"self":[{"href":"https:\/\/dacarcomercial.com\/fr\/wp-json\/wp\/v2\/product\/26061","targetHints":{"allow":["GET"]}}],"collection":[{"href":"https:\/\/dacarcomercial.com\/fr\/wp-json\/wp\/v2\/product"}],"about":[{"href":"https:\/\/dacarcomercial.com\/fr\/wp-json\/wp\/v2\/types\/product"}],"version-history":[{"count":0,"href":"https:\/\/dacarcomercial.com\/fr\/wp-json\/wp\/v2\/product\/26061\/revisions"}],"wp:featuredmedia":[{"embeddable":true,"href":"https:\/\/dacarcomercial.com\/fr\/wp-json\/wp\/v2\/media\/25976"}],"wp:attachment":[{"href":"https:\/\/dacarcomercial.com\/fr\/wp-json\/wp\/v2\/media?parent=26061"}],"wp:term":[{"taxonomy":"product_brand","embeddable":true,"href":"https:\/\/dacarcomercial.com\/fr\/wp-json\/wp\/v2\/product_brand?post=26061"},{"taxonomy":"product_cat","embeddable":true,"href":"https:\/\/dacarcomercial.com\/fr\/wp-json\/wp\/v2\/product_cat?post=26061"},{"taxonomy":"product_tag","embeddable":true,"href":"https:\/\/dacarcomercial.com\/fr\/wp-json\/wp\/v2\/product_tag?post=26061"}],"curies":[{"name":"wp","href":"https:\/\/api.w.org\/{rel}","templated":true}]}}