{"id":26457,"date":"2021-06-24T15:21:49","date_gmt":"2021-06-24T13:21:49","guid":{"rendered":"https:\/\/dacarcomercial.com\/producto\/ecran-facial-dc-guard-industrial-avec-couvre-menton\/"},"modified":"2022-07-04T11:13:12","modified_gmt":"2022-07-04T09:13:12","slug":"ecran-facial-dc-guard-industrial-avec-couvre-menton","status":"publish","type":"product","link":"https:\/\/dacarcomercial.com\/fr\/producto\/ecran-facial-dc-guard-industrial-avec-couvre-menton\/","title":{"rendered":"\u00c9cran facial DC-Guard Industrial avec couvre-menton"},"content":{"rendered":"<h3><strong><span id=\"s2_1\">L\u2019\u00e9cran facial DC-Guard Industrial avec couvre-menton comprend :<\/span><\/strong><\/h3>\n<ul>\n<li style=\"list-style-type: none\">\n<ul>\n<li><strong>Serre-t\u00eate avec prot\u00e8ge-front DC-Guard :<\/strong>\n<ul>\n<li>Fabriqu\u00e9 en ABS pour une bonne r\u00e9sistance aux chocs, aux produits chimiques et aux hautes temp\u00e9ratures<\/li>\n<li>Design ergonomique avec protection \u00e9tendue vers l\u00b4arri\u00e8re de la t\u00eate pour plus de s\u00e9curit\u00e9<\/li>\n<li>Serre-t\u00eate avec bandeau antisueur rembourr\u00e9 et coussinets lat\u00e9raux<\/li>\n<li>Ventilation indirecte pour r\u00e9duire le risque de formation de bu\u00e9e au niveau des yeux<\/li>\n<\/ul>\n<\/li>\n<li><strong>Visi\u00e8re Industrial avec couvre-menton :<\/strong>\n<ul>\n<li>\u00c9cran transparent en polycarbonate de 170 mm de hauteur et 1 mm d\u00b4\u00e9paisseur<\/li>\n<li>Avec un protecteur additionnel au niveau du cou et menton pour am\u00e9liorer la protection f\u00e2ce aux projections de particules solides et liquides venants du bas pour DC-guard<\/li>\n<li>Facile \u00e0 installer sans n\u00e9cessit\u00e9 de visser ou d\u00e9visser quoi que se soit, il offre une excellente protection du visage jusqu\u00b4aux oreilles<\/li>\n<li>CE EN166 1 B 3 9<\/li>\n<\/ul>\n<\/li>\n<\/ul>\n<\/li>\n<li style=\"list-style-type: none\"><span class=\"ng-star-inserted\"><a href=\"https:\/\/dacarcomercial.com\/fr\/a-propos-de-nous\/\" target=\"_blank\" rel=\"noopener\"><strong>Dacar<\/strong><\/a>\u00a0est une\u00a0<strong>entreprise de Navarre (Espagne)<\/strong>\u00a0sp\u00e9cialis\u00e9e dans les produits pour la s\u00e9curit\u00e9 des soudeurs professionnels, semi-professionnels ou occasionnels, ainsi que pour leur environnement.<br \/>\n<\/span><\/p>\n<ul>\n<li><span class=\"ng-star-inserted\">Pour la s\u00e9curit\u00e9 des soudeurs\u00a0<strong>Dacar<\/strong>\u00a0fabrique diff\u00e9rents mod\u00e8les de\u00a0<a href=\"https:\/\/dacarcomercial.com\/fr\/categorias-productos\/masques-de-soudure\/\" target=\"_blank\" rel=\"noopener\">masques \u00e0 souder<\/a>\u00a0de haute qualit\u00e9 avec une large gamme de\u00a0<a href=\"https:\/\/dacarcomercial.com\/fr\/categorias-productos\/filtres-electroniques-soudeur\/\">filtres \u00e9lectroniques<\/a>\u00a0et filtres passifs pour offrir un produit toujours adapt\u00e9 aux besoins de chaque soudeur.\u00a0<\/span><span class=\"ng-star-inserted\">De plus, Dacar fabrique \u00e9galement les\u00a0<a href=\"https:\/\/dacarcomercial.com\/fr\/categorias-productos\/protection-faciale\/ecrans-pare-visage-dc-guard\/\">\u00e9crans faciaux DC-Guard<\/a>, les \u00e9quipements motoris\u00e9s\u00a0<a href=\"https:\/\/dacarcomercial.com\/fr\/categorias-productos\/dacair-2\/\">DACAiR<\/a>\u00a0ainsi que toutes sortes de costumes tels que\u00a0<a href=\"https:\/\/dacarcomercial.com\/fr\/categorias-productos\/vetements-de-protection\/soudeur\/gants\/\">des gants<\/a>, des vestes ou des tabliers pour les soudeurs.<\/span><\/li>\n<li><span class=\"ng-star-inserted\">Pour la s\u00e9curit\u00e9 de l\u2019environnement du soudeur Dacar produit\u00a0<a href=\"https:\/\/dacarcomercial.com\/categorias-productos\/espacios-de-trabajo\/\">les rideaux de soudage Trans-DC-Arc et les s\u00e9parations de postes de travail<\/a>, comme les paravents ou les cloisons, mais peut \u00e9galement budg\u00e9tiser tout type de cabine de soudure sur mesure.<\/span><\/li>\n<li><span class=\"ng-star-inserted\">Les\u00a0<a href=\"https:\/\/dacarcomercial.com\/fr\/categorias-productos\/toiles-ignifugees\/\">couvertures ignifug\u00e9es<\/a>\u00a0sont une autre importante gamme de produits propos\u00e9e par Dacar.\u00a0<\/span><span class=\"ng-star-inserted\">Dacar dispose d\u2019une large gamme de mat\u00e9riaux pour la protection des objets contre les projections de soudure.<\/span><\/li>\n<li><span class=\"ng-star-inserted\">Tous les EPI de Dacar disposent de la\u00a0<a href=\"https:\/\/dacarcomercial.com\/wp-content\/uploads\/2021\/07\/Decl.-UE-Opera-ADF500G-PRO.pdf\">d\u00e9claration UE de conformit\u00e9<\/a>.\u00a0<\/span><span class=\"ng-star-inserted\">Cette d\u00e9claration est un document dans lequel le fabricant indique que le produit est conforme \u00e0 toutes les exigences essentielles du\u00a0<a href=\"https:\/\/industria.gob.es\/Calidad-Industrial\/seguridadindustrial\/productosindustriales\/Equipos-Proteccion-Individual\/Paginas\/Reglamento-UE2016-425-relativo-a-EPIs.aspx\" target=\"_blank\" rel=\"noopener noreferrer nofollow\">r\u00e8glement UE 2016\/425<\/a> relatif aux \u00e9quipements de protection individuelle.<\/span><\/li>\n<\/ul>\n<\/li>\n<\/ul>\n","protected":false},"excerpt":{"rendered":"<p>L\u00b4<strong>\u00e9cran facial DC-Guard Industrial avec couvre-menton<\/strong>\u00a0incorpore une visi\u00e8re en polycarbonate transparent anti-impacts et est <strong>indiqu\u00e9 pour les travaux de coupe ou pon\u00e7age de m\u00e9taux, bois ou pierres.<\/strong><\/p>\n<p>Pour une meilleure fermeture dans la zone inf\u00e9rieure ce mod\u00e8le dispose d\u2019un couvre-menton, ce qui r\u00e9duit consid\u00e9rablement qu\u2019une particule ou une projection puisse atteindre la zone du visage depuis la partie inf\u00e9rieure.<\/p>\n<p>Sa ventilation indirecte exclusive permet de minimiser les probl\u00e8mes d\u00b4embuage et r\u00e9duit la concentration de CO2 pour une moindre fatigue pendant la journ\u00e9e de travail, en plus d\u2019apporter une sensation de fra\u00eecheur \u00e0 l\u2019utilisateur.<\/p>\n<p>Facile \u00e0 monter, l\u2019\u00e9cran facial DC-Guard vous permet de changer la visi\u00e8re sans avoir \u00e0 d\u00e9visser le serre-t\u00eate.<\/p>\n<p><strong>L\u00b4\u00e9cran facial DC-Guard Industrial avec couvre-menton est con\u00e7u et fabriqu\u00e9 en Espagne.<\/strong><\/p>\n<p>Le DC-Guard est conforme au r\u00e8glement 425\/2016 et porte le marquage CE. Il est certifi\u00e9 EN 166 : 2001.<\/p>\n<p><em>Les produits Dacar peuvent \u00eatre achet\u00e9s en ligne ou via notre r\u00e9seau de distributeurs. N\u00b4h\u00e9sitez pas \u00e0 nous consulter votre revendeur le plus proche !<\/em><\/p>\n","protected":false},"featured_media":9924,"template":"","meta":{"site-sidebar-layout":"default","site-content-layout":"default","ast-site-content-layout":"default","site-content-style":"default","site-sidebar-style":"default","ast-global-header-display":"","ast-banner-title-visibility":"","ast-main-header-display":"","ast-hfb-above-header-display":"","ast-hfb-below-header-display":"","ast-hfb-mobile-header-display":"","site-post-title":"","ast-breadcrumbs-content":"","ast-featured-img":"","footer-sml-layout":"","ast-disable-related-posts":"","theme-transparent-header-meta":"default","adv-header-id-meta":"","stick-header-meta":"default","header-above-stick-meta":"","header-main-stick-meta":"","header-below-stick-meta":"","astra-migrate-meta-layouts":"default","ast-page-background-enabled":"default","ast-page-background-meta":{"desktop":{"background-color":"","background-image":"","background-repeat":"repeat","background-position":"center center","background-size":"auto","background-attachment":"scroll","background-type":"","background-media":"","overlay-type":"","overlay-color":"","overlay-opacity":"","overlay-gradient":""},"tablet":{"background-color":"","background-image":"","background-repeat":"repeat","background-position":"center center","background-size":"auto","background-attachment":"scroll","background-type":"","background-media":"","overlay-type":"","overlay-color":"","overlay-opacity":"","overlay-gradient":""},"mobile":{"background-color":"","background-image":"","background-repeat":"repeat","background-position":"center center","background-size":"auto","background-attachment":"scroll","background-type":"","background-media":"","overlay-type":"","overlay-color":"","overlay-opacity":"","overlay-gradient":""}},"ast-content-background-meta":{"desktop":{"background-color":"var(--ast-global-color-5)","background-image":"","background-repeat":"repeat","background-position":"center center","background-size":"auto","background-attachment":"scroll","background-type":"","background-media":"","overlay-type":"","overlay-color":"","overlay-opacity":"","overlay-gradient":""},"tablet":{"background-color":"var(--ast-global-color-5)","background-image":"","background-repeat":"repeat","background-position":"center center","background-size":"auto","background-attachment":"scroll","background-type":"","background-media":"","overlay-type":"","overlay-color":"","overlay-opacity":"","overlay-gradient":""},"mobile":{"background-color":"var(--ast-global-color-5)","background-image":"","background-repeat":"repeat","background-position":"center center","background-size":"auto","background-attachment":"scroll","background-type":"","background-media":"","overlay-type":"","overlay-color":"","overlay-opacity":"","overlay-gradient":""}}},"product_brand":[],"product_cat":[954,1749,953],"product_tag":[],"class_list":{"0":"post-26457","1":"product","2":"type-product","3":"status-publish","4":"has-post-thumbnail","6":"product_cat-ecrans-pare-visage-dc-guard","7":"product_cat-equipements-complets","8":"product_cat-protection-faciale","9":"desktop-align-left","10":"tablet-align-left","11":"mobile-align-left","12":"ast-product-gallery-layout-horizontal-slider","13":"ast-product-tabs-layout-horizontal","15":"first","16":"instock","17":"taxable","18":"shipping-taxable","19":"purchasable","20":"product-type-simple"},"_links":{"self":[{"href":"https:\/\/dacarcomercial.com\/fr\/wp-json\/wp\/v2\/product\/26457","targetHints":{"allow":["GET"]}}],"collection":[{"href":"https:\/\/dacarcomercial.com\/fr\/wp-json\/wp\/v2\/product"}],"about":[{"href":"https:\/\/dacarcomercial.com\/fr\/wp-json\/wp\/v2\/types\/product"}],"version-history":[{"count":0,"href":"https:\/\/dacarcomercial.com\/fr\/wp-json\/wp\/v2\/product\/26457\/revisions"}],"wp:featuredmedia":[{"embeddable":true,"href":"https:\/\/dacarcomercial.com\/fr\/wp-json\/wp\/v2\/media\/9924"}],"wp:attachment":[{"href":"https:\/\/dacarcomercial.com\/fr\/wp-json\/wp\/v2\/media?parent=26457"}],"wp:term":[{"taxonomy":"product_brand","embeddable":true,"href":"https:\/\/dacarcomercial.com\/fr\/wp-json\/wp\/v2\/product_brand?post=26457"},{"taxonomy":"product_cat","embeddable":true,"href":"https:\/\/dacarcomercial.com\/fr\/wp-json\/wp\/v2\/product_cat?post=26457"},{"taxonomy":"product_tag","embeddable":true,"href":"https:\/\/dacarcomercial.com\/fr\/wp-json\/wp\/v2\/product_tag?post=26457"}],"curies":[{"name":"wp","href":"https:\/\/api.w.org\/{rel}","templated":true}]}}