{"id":26705,"date":"2021-05-24T09:27:25","date_gmt":"2021-05-24T07:27:25","guid":{"rendered":"https:\/\/dacarcomercial.com\/producto\/pantor\/"},"modified":"2022-02-18T12:58:20","modified_gmt":"2022-02-18T11:58:20","slug":"pantor","status":"publish","type":"product","link":"https:\/\/dacarcomercial.com\/fr\/producto\/pantor\/","title":{"rendered":"Pantor"},"content":{"rendered":"<h2><strong>Caract\u00e9ristiques des lunettes de s\u00e9curit\u00e9 Pantor<\/strong><\/h2>\n<ul>\n<li>Lunettes de vision int\u00e9grale pour un large \u00e9ventail d&rsquo;applications.<\/li>\n<li>Le syst\u00e8me de ventilation indirecte emp\u00eache la formation de bu\u00e9e sur les verres.<\/li>\n<li>Particuli\u00e8rement facile \u00e0 mettre et \u00e0 enlever gr\u00e2ce \u00e0 la fermeture \u00e0 clic.<\/li>\n<li>Poids de 114 grammes<\/li>\n<li>Marquage du cadre GA 166 BT 3 4 9 CE<\/li>\n<li>100% de protection UV<\/li>\n<li>Verre en polycarbonate anti-bu\u00e9e et anti-statique<\/li>\n<li>Disponible avec une lentille en polycarbonate tr\u00e8s r\u00e9sistante aux chocs.<\/li>\n<li>La large sangle en tissu r\u00e9glable assure un ajustement parfait<\/li>\n<\/ul>\n","protected":false},"excerpt":{"rendered":"<p>Les<strong> lunettes de s\u00e9curit\u00e9 Pantor<\/strong> panoramiques sont dot\u00e9es d&rsquo;un syst\u00e8me de ventilation indirecte qui emp\u00eache la formation de bu\u00e9e sur l&rsquo;oculaire en polycarbonate, anti-bu\u00e9e et anti-statique. Il poss\u00e8de un marquage de cadre CE GA 166 BT 3 4 9. En plus d&rsquo;une protection \u00e0 100% contre les rayons UV.<\/p>\n<p>Ces lunettes Pantor sont particuli\u00e8rement faciles \u00e0 mettre et \u00e0 enlever gr\u00e2ce \u00e0 la fermeture \u00e0 clic. La large sangle en tissu est r\u00e9glable et garantit un ajustement parfait au visage.<\/p>\n<div class=\"elementor-element elementor-element-166c857 ob-has-background-overlay elementor-widget elementor-widget-woocommerce-product-short-description\" data-id=\"166c857\" data-element_type=\"widget\" data-settings=\"{&quot;_ob_perspektive_use&quot;:&quot;no&quot;,&quot;_ob_poopart_use&quot;:&quot;yes&quot;,&quot;_ob_shadough_use&quot;:&quot;no&quot;,&quot;_ob_allow_hoveranimator&quot;:&quot;no&quot;,&quot;_ob_widget_stalker_use&quot;:&quot;no&quot;}\" data-widget_type=\"woocommerce-product-short-description.default\">\n<div class=\"elementor-widget-container\">\n<div class=\"woocommerce-product-details__short-description\">\n<p><em>Les produits Dacar peuvent \u00eatre achet\u00e9s en ligne ou via notre r\u00e9seau de distributeurs. N\u00b4h\u00e9sitez pas \u00e0 nous consulter votre revendeur le plus proche !<\/em><\/p>\n<\/div>\n<\/div>\n<\/div>\n","protected":false},"featured_media":25065,"template":"","meta":{"site-sidebar-layout":"default","site-content-layout":"default","ast-site-content-layout":"default","site-content-style":"default","site-sidebar-style":"default","ast-global-header-display":"","ast-banner-title-visibility":"","ast-main-header-display":"","ast-hfb-above-header-display":"","ast-hfb-below-header-display":"","ast-hfb-mobile-header-display":"","site-post-title":"","ast-breadcrumbs-content":"","ast-featured-img":"","footer-sml-layout":"","ast-disable-related-posts":"","theme-transparent-header-meta":"default","adv-header-id-meta":"","stick-header-meta":"default","header-above-stick-meta":"","header-main-stick-meta":"","header-below-stick-meta":"","astra-migrate-meta-layouts":"default","ast-page-background-enabled":"default","ast-page-background-meta":{"desktop":{"background-color":"","background-image":"","background-repeat":"repeat","background-position":"center center","background-size":"auto","background-attachment":"scroll","background-type":"","background-media":"","overlay-type":"","overlay-color":"","overlay-opacity":"","overlay-gradient":""},"tablet":{"background-color":"","background-image":"","background-repeat":"repeat","background-position":"center center","background-size":"auto","background-attachment":"scroll","background-type":"","background-media":"","overlay-type":"","overlay-color":"","overlay-opacity":"","overlay-gradient":""},"mobile":{"background-color":"","background-image":"","background-repeat":"repeat","background-position":"center center","background-size":"auto","background-attachment":"scroll","background-type":"","background-media":"","overlay-type":"","overlay-color":"","overlay-opacity":"","overlay-gradient":""}},"ast-content-background-meta":{"desktop":{"background-color":"var(--ast-global-color-5)","background-image":"","background-repeat":"repeat","background-position":"center center","background-size":"auto","background-attachment":"scroll","background-type":"","background-media":"","overlay-type":"","overlay-color":"","overlay-opacity":"","overlay-gradient":""},"tablet":{"background-color":"var(--ast-global-color-5)","background-image":"","background-repeat":"repeat","background-position":"center center","background-size":"auto","background-attachment":"scroll","background-type":"","background-media":"","overlay-type":"","overlay-color":"","overlay-opacity":"","overlay-gradient":""},"mobile":{"background-color":"var(--ast-global-color-5)","background-image":"","background-repeat":"repeat","background-position":"center center","background-size":"auto","background-attachment":"scroll","background-type":"","background-media":"","overlay-type":"","overlay-color":"","overlay-opacity":"","overlay-gradient":""}}},"product_brand":[],"product_cat":[973,1634],"product_tag":[],"class_list":{"0":"post-26705","1":"product","2":"type-product","3":"status-publish","4":"has-post-thumbnail","6":"product_cat-lunettes-de-protection","7":"product_cat-panoramiques","8":"desktop-align-left","9":"tablet-align-left","10":"mobile-align-left","11":"ast-product-gallery-layout-horizontal-slider","12":"ast-product-gallery-with-no-image","13":"ast-product-tabs-layout-horizontal","15":"first","16":"instock","17":"taxable","18":"shipping-taxable","19":"purchasable","20":"product-type-simple"},"_links":{"self":[{"href":"https:\/\/dacarcomercial.com\/fr\/wp-json\/wp\/v2\/product\/26705","targetHints":{"allow":["GET"]}}],"collection":[{"href":"https:\/\/dacarcomercial.com\/fr\/wp-json\/wp\/v2\/product"}],"about":[{"href":"https:\/\/dacarcomercial.com\/fr\/wp-json\/wp\/v2\/types\/product"}],"version-history":[{"count":0,"href":"https:\/\/dacarcomercial.com\/fr\/wp-json\/wp\/v2\/product\/26705\/revisions"}],"wp:featuredmedia":[{"embeddable":true,"href":"https:\/\/dacarcomercial.com\/fr\/wp-json\/wp\/v2\/media\/25065"}],"wp:attachment":[{"href":"https:\/\/dacarcomercial.com\/fr\/wp-json\/wp\/v2\/media?parent=26705"}],"wp:term":[{"taxonomy":"product_brand","embeddable":true,"href":"https:\/\/dacarcomercial.com\/fr\/wp-json\/wp\/v2\/product_brand?post=26705"},{"taxonomy":"product_cat","embeddable":true,"href":"https:\/\/dacarcomercial.com\/fr\/wp-json\/wp\/v2\/product_cat?post=26705"},{"taxonomy":"product_tag","embeddable":true,"href":"https:\/\/dacarcomercial.com\/fr\/wp-json\/wp\/v2\/product_tag?post=26705"}],"curies":[{"name":"wp","href":"https:\/\/api.w.org\/{rel}","templated":true}]}}