{"id":26897,"date":"2021-05-13T17:32:23","date_gmt":"2021-05-13T15:32:23","guid":{"rendered":"https:\/\/dacarcomercial.com\/producto\/motoventilateur-dacair-avec-ecran-pare-visage-dc-guard-dacair\/"},"modified":"2022-03-14T15:32:43","modified_gmt":"2022-03-14T14:32:43","slug":"moto-ventilateur-dacair-dc-guard","status":"publish","type":"product","link":"https:\/\/dacarcomercial.com\/fr\/producto\/moto-ventilateur-dacair-dc-guard\/","title":{"rendered":"Moto-ventilateur DACAiR avec \u00e9cran pare-visage DC-Guard DACAiR"},"content":{"rendered":"<h2><strong>L&rsquo;ensemble Moto-ventilateur DACAiR avec \u00e9cran pare-visage DC-Guard DACAiR :<\/strong><\/h2>\n<ul>\n<li>Unit\u00e9 de t\u00eate DC-Guard DACAiR avec joint facial, conduit d\u00b4air et deux films protecteurs<\/li>\n<li>Moto-ventilateur DACAiR avec filtre P R SL et pr\u00e9-filtre<\/li>\n<li>Tuyau d\u00b4air avec housse protectrice en tissu avec traitement ignifug\u00e9<\/li>\n<li>Dispositif de contr\u00f4le de flux d\u00b4air<\/li>\n<li>Batterie<\/li>\n<li>Chargeur<\/li>\n<li>Ceinture confort<\/li>\n<li>Sac de rangement\/transport<\/li>\n<\/ul>\n<p><strong>Moto-ventilateur DACAiR<\/strong><\/p>\n<p><img decoding=\"async\" class=\"alignright\" src=\"http:\/\/dacarcomercial.com\/wp-content\/uploads\/2021\/03\/MOTOVENTILADOR-COMPLET.jpg\" alt=\"\" title=\"\"> Moteur-ventilateur compact et l\u00e9ger (920 g) avec un filtre PR SL rempla\u00e7able pour particules et a\u00e9rosols et un pr\u00e9-filtre, qui est aliment\u00e9 par une batterie Li-Ion rempla\u00e7able et rechargeable. L&rsquo;unit\u00e9 permet une s\u00e9lection entre deux flux d&rsquo;air d\u00e9bits : 180 ou 220 l\/m, d\u00e9bits toujours constants sous contr\u00f4le \u00e9lectronique.<\/p>\n<p>Avec une grande autonomie d&rsquo;utilisation (jusqu&rsquo;\u00e0 plus de 8 heures), ainsi qu&rsquo;une alarme visuelle et acoustique en cas de batterie d\u00e9charg\u00e9e ou de filtre satur\u00e9 pour plus de s\u00e9curit\u00e9, l&rsquo;\u00e9quipement DACAiR est g\u00e9r\u00e9 avec un panneau de contr\u00f4le simple et intuitif, pour une plus grande efficacit\u00e9.<\/p>\n<p>Son moto-ventilateur filtre et dirige l&rsquo;air, g\u00e9n\u00e9rant une surpression positive \u00e0 l&rsquo;int\u00e9rieur de l&rsquo;unit\u00e9 de t\u00eate, pour fournir un air de qualit\u00e9 respirable et emp\u00eacher l&rsquo;entr\u00e9e de fum\u00e9es ou poussi\u00e8res toxiques dans la zone bucco-nasale, produisant une agr\u00e9able sensation de fra\u00eecheur.<\/p>\n<p>A noter \u00e9galement que, gr\u00e2ce \u00e0 leurs dimensions r\u00e9duites, les \u00e9quipements DACAiR peuvent \u00eatre utilis\u00e9s en toute simplicit\u00e9 dans des espaces restreints, avec un confort de port maximal gr\u00e2ce \u00e0 sa ceinture matelass\u00e9e facilement r\u00e9glable.<\/p>\n<p><strong>Unit\u00e9 de t\u00eate DC-Guard DACAiR<\/strong><\/p>\n<p>Avec \u00e9cran en polycarbonate anti-impacts et prot\u00e8ge-cou suppl\u00e9mentaire pour une meilleure protection contre les projections venant du bas. Il int\u00e8gre \u00e9galement deux films protecteurs de la visi\u00e8re d&rsquo;un int\u00e9r\u00eat particulier pour une utilisation dans des situations o\u00f9 il y a des projections possibles de liquides. Autocollants, jetables, plusieurs unit\u00e9s peuvent \u00eatre achet\u00e9es en remplacement.<\/p>\n<p>Il int\u00e8gre un joint facial avec fermeture \u00e9lastique pour un ajustement parfait au visage de l&rsquo;op\u00e9rateur afin de garantir la surpression de l&rsquo;air \u00e0 l&rsquo;int\u00e9rieur et ainsi une protection efficace. En tissu avec un traitement ignifuge pour une utilisation dans des processus de meulage ou des techniques connexes.<\/p>\n<p>Le conduit d&rsquo;air, en haut, est livr\u00e9 avec un d\u00e9flecteur d&rsquo;air. Ainsi, l&rsquo;air provenant du moto-ventilateur est r\u00e9parti uniform\u00e9ment contre la face interne de la visi\u00e8re, \u00e9vitant ainsi la formation de bu\u00e9e et surtout d&rsquo;\u00e9ventuels tourbillons d&rsquo;air g\u00eanants \u00e0 hauteur des yeux.<\/p>\n<p>Le serre-t\u00eate muni du D.R.M. (Dispositif R\u00e9partiteur de Masse) distribue le poids de mani\u00e8re homog\u00e8ne sur la t\u00eate, r\u00e9duisant ainsi la tension au niveau de la nuque, ce qui rend cet ensemble particuli\u00e8rement agr\u00e9able \u00e0 porter durant la journ\u00e9e de travail.<\/p>\n<p><span class=\"ng-star-inserted\"><a href=\"https:\/\/dacarcomercial.com\/fr\/a-propos-de-nous\/\" target=\"_blank\" rel=\"noopener\"><strong>Dacar<\/strong><\/a>\u00a0est une\u00a0<strong>entreprise de Navarre (Espagne)<\/strong>\u00a0sp\u00e9cialis\u00e9e dans les produits pour la s\u00e9curit\u00e9 des soudeurs professionnels, semi-professionnels ou occasionnels, ainsi que pour leur environnement.<br \/>\n<\/span><\/p>\n<ul>\n<li><span class=\"ng-star-inserted\">Pour la s\u00e9curit\u00e9 des soudeurs\u00a0<strong>Dacar<\/strong>\u00a0fabrique diff\u00e9rents mod\u00e8les de\u00a0<a href=\"https:\/\/dacarcomercial.com\/fr\/categorias-productos\/masques-de-soudure\/\" target=\"_blank\" rel=\"noopener\">masques \u00e0 souder<\/a>\u00a0de haute qualit\u00e9 avec une large gamme de\u00a0<a href=\"https:\/\/dacarcomercial.com\/fr\/categorias-productos\/filtres-electroniques-soudeur\/\">filtres \u00e9lectroniques<\/a>\u00a0et filtres passifs pour offrir un produit toujours adapt\u00e9 aux besoins de chaque soudeur.\u00a0<\/span><span class=\"ng-star-inserted\">De plus, Dacar fabrique \u00e9galement les\u00a0<a href=\"https:\/\/dacarcomercial.com\/fr\/categorias-productos\/protection-faciale\/ecrans-pare-visage-dc-guard\/\">\u00e9crans faciaux DC-Guard<\/a>, les \u00e9quipements motoris\u00e9s\u00a0<a href=\"https:\/\/dacarcomercial.com\/fr\/categorias-productos\/dacair-2\/\">DACAiR<\/a>\u00a0ainsi que toutes sortes de costumes tels que\u00a0<a href=\"https:\/\/dacarcomercial.com\/fr\/categorias-productos\/vetements-de-protection\/soudeur\/gants\/\">des gants<\/a>, des vestes ou des tabliers pour les soudeurs.<\/span><\/li>\n<li><span class=\"ng-star-inserted\">Pour la s\u00e9curit\u00e9 de l\u2019environnement du soudeur Dacar produit\u00a0<a href=\"https:\/\/dacarcomercial.com\/categorias-productos\/espacios-de-trabajo\/\">les rideaux de soudage Trans-DC-Arc et les s\u00e9parations de postes de travail<\/a>, comme les paravents ou les cloisons, mais peut \u00e9galement budg\u00e9tiser tout type de cabine de soudure sur mesure.<\/span><\/li>\n<li><span class=\"ng-star-inserted\">Les\u00a0<a href=\"https:\/\/dacarcomercial.com\/fr\/categorias-productos\/toiles-ignifugees\/\">couvertures ignifug\u00e9es<\/a>\u00a0sont une autre importante gamme de produits propos\u00e9e par Dacar.\u00a0<\/span><span class=\"ng-star-inserted\">Dacar dispose d\u2019une large gamme de mat\u00e9riaux pour la protection des objets contre les projections de soudure.<\/span><\/li>\n<li><span class=\"ng-star-inserted\">Tous les EPI de Dacar disposent de la\u00a0<a href=\"https:\/\/dacarcomercial.com\/wp-content\/uploads\/2021\/07\/Decl.-UE-Opera-ADF500G-PRO.pdf\">d\u00e9claration UE de conformit\u00e9<\/a>.\u00a0<\/span><span class=\"ng-star-inserted\">Cette d\u00e9claration est un document dans lequel le fabricant indique que le produit est conforme \u00e0 toutes les exigences essentielles du\u00a0<a href=\"https:\/\/industria.gob.es\/Calidad-Industrial\/seguridadindustrial\/productosindustriales\/Equipos-Proteccion-Individual\/Paginas\/Reglamento-UE2016-425-relativo-a-EPIs.aspx\" target=\"_blank\" rel=\"noopener noreferrer nofollow\">r\u00e8glement UE 2016\/425<\/a>\u00a0relatif aux \u00e9quipements de protection individuelle.<\/span><\/li>\n<\/ul>\n","protected":false},"excerpt":{"rendered":"<p><strong>Les nouveaux respirateurs motoris\u00e9s DACAiR<\/strong> sont l&rsquo;option la plus efficace et la plus polyvalente pour se prot\u00e9ger des particules nocives sous forme de poussi\u00e8res, fum\u00e9es ou brouillards produits lors du soudage et des techniques associ\u00e9es.<\/p>\n<p><strong>Con\u00e7u en Espagne.<\/strong><\/p>\n<p>L&rsquo;unit\u00e9 de <strong>t\u00eate DC-Guard DACAiR<\/strong> est principalement destin\u00e9e aux travaux de meulage, prot\u00e9geant l&rsquo;op\u00e9rateur \u00e0 la fois des chocs et de la pollution de l&rsquo;air. \u00c9quip\u00e9 d&rsquo;un joint facial et d&rsquo;un conduit d&rsquo;air, il int\u00e8gre un \u00e9cran en polycarbonate transparent pour une vision claire et sans distorsion. Le large contour de la visi\u00e8re prot\u00e8ge efficacement la t\u00eate et le visage de l&rsquo;op\u00e9rateur. Pour une meilleure fermeture dans la zone inf\u00e9rieure, ce mod\u00e8le int\u00e8gre un couvre-menton, ce qui r\u00e9duit consid\u00e9rablement le fait que toute particule ou projection puisse atteindre la zone du visage depuis la partie inf\u00e9rieure du visage.<\/p>\n<p>Assurant toujours la s\u00e9curit\u00e9 et la protection des utilisateurs, les \u00e9quipements <strong>DACAiR<\/strong> sont conformes aux normes les plus strictes en mati\u00e8re de protection respiratoire. Le moto-ventilateur \u00e0 filtration individuelle DACAiR associ\u00e9 \u00e0 l&rsquo;\u00e9cran facial <strong>DC-GUARD DACAiR<\/strong> garantit une protection maximale des voies respiratoires conforme \u00e0 la classe TH2 de la norme EN12941 ainsi qu&rsquo;une protection des yeux et du visage selon la norme europ\u00e9enne EN 166 en classe B.<\/p>\n<p><em>Les produits Dacar peuvent \u00eatre achet\u00e9s en ligne ou via notre r\u00e9seau de distributeurs. N\u00b4h\u00e9sitez pas \u00e0 nous consulter votre revendeur le plus proche !<\/em><\/p>\n","protected":false},"featured_media":21778,"template":"","meta":{"site-sidebar-layout":"default","site-content-layout":"default","ast-site-content-layout":"default","site-content-style":"default","site-sidebar-style":"default","ast-global-header-display":"","ast-banner-title-visibility":"","ast-main-header-display":"","ast-hfb-above-header-display":"","ast-hfb-below-header-display":"","ast-hfb-mobile-header-display":"","site-post-title":"","ast-breadcrumbs-content":"","ast-featured-img":"","footer-sml-layout":"","ast-disable-related-posts":"","theme-transparent-header-meta":"default","adv-header-id-meta":"","stick-header-meta":"default","header-above-stick-meta":"","header-main-stick-meta":"","header-below-stick-meta":"","astra-migrate-meta-layouts":"default","ast-page-background-enabled":"default","ast-page-background-meta":{"desktop":{"background-color":"","background-image":"","background-repeat":"repeat","background-position":"center center","background-size":"auto","background-attachment":"scroll","background-type":"","background-media":"","overlay-type":"","overlay-color":"","overlay-opacity":"","overlay-gradient":""},"tablet":{"background-color":"","background-image":"","background-repeat":"repeat","background-position":"center center","background-size":"auto","background-attachment":"scroll","background-type":"","background-media":"","overlay-type":"","overlay-color":"","overlay-opacity":"","overlay-gradient":""},"mobile":{"background-color":"","background-image":"","background-repeat":"repeat","background-position":"center center","background-size":"auto","background-attachment":"scroll","background-type":"","background-media":"","overlay-type":"","overlay-color":"","overlay-opacity":"","overlay-gradient":""}},"ast-content-background-meta":{"desktop":{"background-color":"var(--ast-global-color-5)","background-image":"","background-repeat":"repeat","background-position":"center center","background-size":"auto","background-attachment":"scroll","background-type":"","background-media":"","overlay-type":"","overlay-color":"","overlay-opacity":"","overlay-gradient":""},"tablet":{"background-color":"var(--ast-global-color-5)","background-image":"","background-repeat":"repeat","background-position":"center center","background-size":"auto","background-attachment":"scroll","background-type":"","background-media":"","overlay-type":"","overlay-color":"","overlay-opacity":"","overlay-gradient":""},"mobile":{"background-color":"var(--ast-global-color-5)","background-image":"","background-repeat":"repeat","background-position":"center center","background-size":"auto","background-attachment":"scroll","background-type":"","background-media":"","overlay-type":"","overlay-color":"","overlay-opacity":"","overlay-gradient":""}}},"product_brand":[],"product_cat":[952,1735],"product_tag":[],"class_list":{"0":"post-26897","1":"product","2":"type-product","3":"status-publish","4":"has-post-thumbnail","6":"product_cat-dacair-2","7":"product_cat-equipements-respirateurs-motorises-complets","8":"desktop-align-left","9":"tablet-align-left","10":"mobile-align-left","11":"ast-product-gallery-layout-horizontal-slider","12":"ast-product-tabs-layout-horizontal","14":"first","15":"instock","16":"taxable","17":"shipping-taxable","18":"purchasable","19":"product-type-simple"},"_links":{"self":[{"href":"https:\/\/dacarcomercial.com\/fr\/wp-json\/wp\/v2\/product\/26897","targetHints":{"allow":["GET"]}}],"collection":[{"href":"https:\/\/dacarcomercial.com\/fr\/wp-json\/wp\/v2\/product"}],"about":[{"href":"https:\/\/dacarcomercial.com\/fr\/wp-json\/wp\/v2\/types\/product"}],"version-history":[{"count":0,"href":"https:\/\/dacarcomercial.com\/fr\/wp-json\/wp\/v2\/product\/26897\/revisions"}],"wp:featuredmedia":[{"embeddable":true,"href":"https:\/\/dacarcomercial.com\/fr\/wp-json\/wp\/v2\/media\/21778"}],"wp:attachment":[{"href":"https:\/\/dacarcomercial.com\/fr\/wp-json\/wp\/v2\/media?parent=26897"}],"wp:term":[{"taxonomy":"product_brand","embeddable":true,"href":"https:\/\/dacarcomercial.com\/fr\/wp-json\/wp\/v2\/product_brand?post=26897"},{"taxonomy":"product_cat","embeddable":true,"href":"https:\/\/dacarcomercial.com\/fr\/wp-json\/wp\/v2\/product_cat?post=26897"},{"taxonomy":"product_tag","embeddable":true,"href":"https:\/\/dacarcomercial.com\/fr\/wp-json\/wp\/v2\/product_tag?post=26897"}],"curies":[{"name":"wp","href":"https:\/\/api.w.org\/{rel}","templated":true}]}}