{"id":29420,"date":"2021-10-25T08:50:10","date_gmt":"2021-10-25T06:50:10","guid":{"rendered":"https:\/\/dacarcomercial.com\/?post_type=product&#038;p=29420"},"modified":"2024-07-03T10:22:37","modified_gmt":"2024-07-03T08:22:37","slug":"rideau-transarc-mix-fe-h-1800-x-l-1400-x-e-04-mm","status":"publish","type":"product","link":"https:\/\/dacarcomercial.com\/fr\/producto\/rideau-transarc-mix-fe-h-1800-x-l-1400-x-e-04-mm\/","title":{"rendered":"Rideau Transarc MIX FE, H 1800 x L 1400 x E 0,4 mm"},"content":{"rendered":"<h2><strong>Rideau Transarc MIX FE, H 1800 x L 1400 x E 0,4 mm<\/strong><\/h2>\n<p>Rideau bicolore avec partie sup\u00e9rieure couleur bronze (FE), partie centrale vert fonc\u00e9 (R9) et partie inf\u00e9rieure bronze (FE). E 0,4 x Largeur 1400 x Hauteur 1800 mm. EN ISO25980. Avec 6 \u0153illets sur le dessus et boutons-pression sur les c\u00f4t\u00e9s pour joindre deux rideaux ensemble. Comprend 6 anneaux.<\/p>\n<p>Les parties en couleur bronze permettent de voir le soudeur et que celui-ci puisse voir son entourage que la partie centrale vert fonc\u00e9 \u00e9limine la lumi\u00e8re visible g\u00eanante pour les travailleurs \u00e0 proximit\u00e9 imm\u00e9diate du soudeur.<\/p>\n<p>Les rideaux de soudage sont destin\u00e9s \u00e0 prot\u00e9ger le personnel qui n\u2019est pas impliqu\u00e9 dans le processus de soudage du danger des \u00e9missions de rayonnement et des projections produites par l\u2019arc de soudage.<\/p>\n<ul>\n<li>Con\u00e7u et fabriqu\u00e9 en Espagne<\/li>\n<li>Les rideaux de soudage Transarc sont parfaits pour tous les types de soudage \u00e9lectrique, distance minimale de 2 m\u00e8tres, ne conviennent pas au soudage laser<\/li>\n<li>Ils filtrent les rayons nocifs \u00e9mis par l\u2019arc de soudage, les rayons ultraviolets (UV) et la lumi\u00e8re dite bleue<\/li>\n<li>Ils offrent une s\u00e9curit\u00e9 maximale en termes de transmittance et de r\u00e9fraction<\/li>\n<li>Tr\u00e8s souple \u00e0 ramasser sur le c\u00f4t\u00e9 pour lib\u00e9rer un maximum d\u2019espace.<\/li>\n<li>Certifi\u00e9 selon la norme EN ISO25980\u00a0:\u00a02014<\/li>\n<\/ul>\n<h3><strong>Transarc Bronze (FE), caract\u00e9ristiques:<\/strong><\/h3>\n<ul>\n<li>Transmission de la lumi\u00e8re: 0,7%<\/li>\n<li>Facteur de risque: 0,2<\/li>\n<li>Semi-transparent<\/li>\n<li>Laisse passer la lumi\u00e8re visible dans la zone de travail<\/li>\n<li>Permet la visibilit\u00e9 du personnel et du mat\u00e9riel<\/li>\n<\/ul>\n<h3><strong>Transarc Vert fonc\u00e9 (R9), caract\u00e9ristiques:<\/strong><\/h3>\n<ul>\n<li>Transmission de la lumi\u00e8re: 0,04%<\/li>\n<li>Facteur de risque: 0,1<\/li>\n<li>Tr\u00e8s opaque, ne laisse passer que tr\u00e8s peu de lumi\u00e8re visible<\/li>\n<li>Pour att\u00e9nuation de fortes sources de lumi\u00e8re<\/li>\n<li>Ne permet pas la visibilit\u00e9 ni du personnel ni du mat\u00e9riel<\/li>\n<\/ul>\n<h4><strong>Quelle est la r\u00e9glementation actuelle ?<\/strong><\/h4>\n<p>La norme internationale ISO25980 : 2023 annule et remplace la norme EN1598 : 2014 et sp\u00e9cifie les exigences de s\u00e9curit\u00e9 pour les rideaux, persiennes et \u00e9crans transparents utilis\u00e9s pour prot\u00e9ger les lieux de travail \u00e0 proximit\u00e9 des zones o\u00f9 des proc\u00e9d\u00e9s de soudage \u00e0 l\u2019arc sont utilis\u00e9s. Il \u00e9tablit, entre autres, les valeurs de transmission lumineuse, de r\u00e9flectance, ainsi que la r\u00e9sistance \u00e0 la combustion autoris\u00e9e. Il ajoute \u00e9galement un facteur de risque qui ne peut \u00eatre dans aucun cas sup\u00e9rieur \u00e0 1.<\/p>\n<p>La dur\u00e9e de vie utile d\u2019un rideau de soudage est marqu\u00e9e par son bon \u00e9tat. Son remplacement imm\u00e9diat est recommand\u00e9 s\u2019il y a des dommages caus\u00e9s par son utilisation tels que : apparition de trous dus \u00e0 des projections excessives ou des ruptures dues \u00e0 des actions m\u00e9caniques.<\/p>\n","protected":false},"excerpt":{"rendered":"<p><strong>Rideau bicolore avec partie sup\u00e9rieure en couleur bronze (FE), partie centrale vert fonc\u00e9 (R9) et partie inf\u00e9rieure bronze (FE)<\/strong>. \u00c9paisseur 0,4 x Largeur 1400 x Hauteur 1800 mm. EN ISO25980. Avec 6 \u0153illets sur le dessus et boutons-pression sur les c\u00f4t\u00e9s pour joindre deux rideaux ensemble. Comprend 6 anneaux.<\/p>\n<p><strong>Con\u00e7u et fabriqu\u00e9 en Espagne.<\/strong><\/p>\n<p>Partie sup\u00e9rieure et inf\u00e9rieure en bronze (FE) et partie centrale en vert fonc\u00e9 (R9).<\/p>\n<p>Les parties en couleur bronze permettent de voir le soudeur et que celui-ci puisse voir son entourage tandis que la partie centrale vert fonc\u00e9 \u00e9limine la lumi\u00e8re visible g\u00eanante pour les travailleurs \u00e0 proximit\u00e9 imm\u00e9diate du soudeur.<\/p>\n<p><em>Les produits Dacar peuvent \u00eatre achet\u00e9s en ligne ou via notre r\u00e9seau de distributeurs. N\u00b4h\u00e9sitez pas \u00e0 nous consulter votre distributeur le plus proche !<\/em><\/p>\n","protected":false},"featured_media":29759,"template":"","meta":{"site-sidebar-layout":"default","site-content-layout":"default","ast-site-content-layout":"default","site-content-style":"default","site-sidebar-style":"default","ast-global-header-display":"","ast-banner-title-visibility":"","ast-main-header-display":"","ast-hfb-above-header-display":"","ast-hfb-below-header-display":"","ast-hfb-mobile-header-display":"","site-post-title":"","ast-breadcrumbs-content":"","ast-featured-img":"","footer-sml-layout":"","ast-disable-related-posts":"","theme-transparent-header-meta":"default","adv-header-id-meta":"","stick-header-meta":"default","header-above-stick-meta":"","header-main-stick-meta":"","header-below-stick-meta":"","astra-migrate-meta-layouts":"set","ast-page-background-enabled":"default","ast-page-background-meta":{"desktop":{"background-color":"","background-image":"","background-repeat":"repeat","background-position":"center center","background-size":"auto","background-attachment":"scroll","background-type":"","background-media":"","overlay-type":"","overlay-color":"","overlay-opacity":"","overlay-gradient":""},"tablet":{"background-color":"","background-image":"","background-repeat":"repeat","background-position":"center center","background-size":"auto","background-attachment":"scroll","background-type":"","background-media":"","overlay-type":"","overlay-color":"","overlay-opacity":"","overlay-gradient":""},"mobile":{"background-color":"","background-image":"","background-repeat":"repeat","background-position":"center center","background-size":"auto","background-attachment":"scroll","background-type":"","background-media":"","overlay-type":"","overlay-color":"","overlay-opacity":"","overlay-gradient":""}},"ast-content-background-meta":{"desktop":{"background-color":"var(--ast-global-color-5)","background-image":"","background-repeat":"repeat","background-position":"center center","background-size":"auto","background-attachment":"scroll","background-type":"","background-media":"","overlay-type":"","overlay-color":"","overlay-opacity":"","overlay-gradient":""},"tablet":{"background-color":"var(--ast-global-color-5)","background-image":"","background-repeat":"repeat","background-position":"center center","background-size":"auto","background-attachment":"scroll","background-type":"","background-media":"","overlay-type":"","overlay-color":"","overlay-opacity":"","overlay-gradient":""},"mobile":{"background-color":"var(--ast-global-color-5)","background-image":"","background-repeat":"repeat","background-position":"center center","background-size":"auto","background-attachment":"scroll","background-type":"","background-media":"","overlay-type":"","overlay-color":"","overlay-opacity":"","overlay-gradient":""}}},"product_brand":[],"product_cat":[937,935],"product_tag":[],"class_list":{"0":"post-29420","1":"product","2":"type-product","3":"status-publish","4":"has-post-thumbnail","6":"product_cat-rideaux-de-soudage","7":"product_cat-rideaux-lames-ecrans","8":"desktop-align-left","9":"tablet-align-left","10":"mobile-align-left","11":"ast-product-gallery-layout-horizontal-slider","12":"ast-product-tabs-layout-horizontal","14":"first","15":"instock","16":"taxable","17":"shipping-taxable","18":"purchasable","19":"product-type-simple"},"_links":{"self":[{"href":"https:\/\/dacarcomercial.com\/fr\/wp-json\/wp\/v2\/product\/29420","targetHints":{"allow":["GET"]}}],"collection":[{"href":"https:\/\/dacarcomercial.com\/fr\/wp-json\/wp\/v2\/product"}],"about":[{"href":"https:\/\/dacarcomercial.com\/fr\/wp-json\/wp\/v2\/types\/product"}],"version-history":[{"count":0,"href":"https:\/\/dacarcomercial.com\/fr\/wp-json\/wp\/v2\/product\/29420\/revisions"}],"wp:featuredmedia":[{"embeddable":true,"href":"https:\/\/dacarcomercial.com\/fr\/wp-json\/wp\/v2\/media\/29759"}],"wp:attachment":[{"href":"https:\/\/dacarcomercial.com\/fr\/wp-json\/wp\/v2\/media?parent=29420"}],"wp:term":[{"taxonomy":"product_brand","embeddable":true,"href":"https:\/\/dacarcomercial.com\/fr\/wp-json\/wp\/v2\/product_brand?post=29420"},{"taxonomy":"product_cat","embeddable":true,"href":"https:\/\/dacarcomercial.com\/fr\/wp-json\/wp\/v2\/product_cat?post=29420"},{"taxonomy":"product_tag","embeddable":true,"href":"https:\/\/dacarcomercial.com\/fr\/wp-json\/wp\/v2\/product_tag?post=29420"}],"curies":[{"name":"wp","href":"https:\/\/api.w.org\/{rel}","templated":true}]}}