{"id":31980,"date":"2022-01-18T09:16:16","date_gmt":"2022-01-24T08:54:51","guid":{"rendered":"https:\/\/dacarcomercial.com\/?post_type=product&#038;p=31980"},"modified":"2024-05-13T12:03:25","modified_gmt":"2024-05-13T10:03:25","slug":"masque-verus-air","status":"publish","type":"product","link":"https:\/\/dacarcomercial.com\/fr\/producto\/masque-verus-air\/","title":{"rendered":"Masque Verus Air"},"content":{"rendered":"<h2><strong>Masque Verus Air<\/strong><\/h2>\n<ul>\n<li>Distribution d&rsquo;air int\u00e9gr\u00e9e<\/li>\n<li>Commande externe pour la fonction de meulage<\/li>\n<li>Commande externe pour le r\u00e9glage de l&rsquo;inclinaison du masque<\/li>\n<li>Remplacement facile et rapide de l\u00b4\u00e9cran ext\u00e9rieur en polycarbonate<\/li>\n<li>R\u00e9glage externe de l&rsquo;intensit\u00e9 et de la direction de l&rsquo;air qui arrive du motoventilateur ou de l&rsquo;air comprim\u00e9<\/li>\n<li>Serre-t\u00eate VariGEAR : double bandeau sup\u00e9rieur et rembourr\u00e9 pour un plus grand confort, avec de multiples r\u00e9glages pour une adaptation optimale et un ajustement de la distance entre les yeux et le filtre \u00e9lectronique pour optimiser le champ de vision.<\/li>\n<li>Joint facial facile \u00e0 remplacer sans avoir \u00e0 d\u00e9visser les \u00e9l\u00e9ments de fixation.<\/li>\n<li>Le support du tube arri\u00e8re destin\u00e9 \u00e0 emp\u00eacher le balancement peut \u00eatre positionn\u00e9 sur le c\u00f4t\u00e9 gauche ou droit du serre-t\u00eate, au choix du soudeur.<\/li>\n<li>Certifi\u00e9 EN12941 en classe TH3 (Facteur Nominal de Protection: 500) et EN14594 en classe 3B (Facteur Nominal de Protection: 200).<\/li>\n<\/ul>\n<h3><strong>Filtre \u00e9lectronique SL513G Plus :<\/strong><\/h3>\n<p>Le filtre SL513G Plus est une technologie innovante qui remplace les composants \u00e9lectroniques par une micro-puce, ce qui fait de ce mod\u00e8le une r\u00e9f\u00e9rence en termes de fiabilit\u00e9 et de polyvalence d&rsquo;utilisation, tout en r\u00e9duisant son poids. Il est id\u00e9al pour les applications TIG \u00e0 tr\u00e8s faible amp\u00e9rage. \u00c9quip\u00e9 d&rsquo;un \u00e9cran LCD o\u00f9 vous trouverez toutes les informations sur les r\u00e9glages s\u00e9lectionn\u00e9s, vous pourrez r\u00e9gler la tonalit\u00e9 fonc\u00e9e (avec double gamme de 5 \u00e0 8 et de 9 \u00e0 14), la sensibilit\u00e9 et le temps d&rsquo;\u00e9claircissement \u00e0 l&rsquo;aide de boutons poussoirs num\u00e9riques, tandis que son bouton interrupteur externe tr\u00e8s pratique vous permettra de passer du mode soudage au mode meulage en un clic sans avoir \u00e0 soulever le casque ou \u00e0 enlever vos gants.<\/p>\n<ul>\n<li>Grand champ de vision<\/li>\n<li>LCD true color ultra-clair DIN 3 (couleurs r\u00e9elles)<\/li>\n<li>Affichage LCD multifonctionnel moderne<\/li>\n<li>Double rang\u00e9e de teintes fonc\u00e9es variables DIN 5-8 ou 9-14 avec contr\u00f4le num\u00e9rique interne<\/li>\n<li>Particuli\u00e8rement int\u00e9ressant pour le soudage TIG \u00e0 tr\u00e8s faible amp\u00e9rage (&lt;5 Amps)<\/li>\n<li>R\u00e9glage num\u00e9rique interne de la dur\u00e9e \/ sensibilit\u00e9 de l&rsquo;\u00e9clairage<\/li>\n<li>Fonction de meulage avec bouton poussoir \u00e0 un seul clic sur le c\u00f4t\u00e9 gauche du masque<\/li>\n<li>Alimentation solaire + 1 pile CR2450 rempla\u00e7able<\/li>\n<li>4 capteurs d\u00b4arc<\/li>\n<li>Qualit\u00e9 optique 1\/1\/1\/1<\/li>\n<li>Zone de visualisation 98 x 62 mm<\/li>\n<li>Temps d\u00b4obscurcissement : 0,1 ms<\/li>\n<li>2 ans de garantie<\/li>\n<\/ul>\n<p><span class=\"ng-star-inserted\"><a href=\"https:\/\/dacarcomercial.com\/fr\/a-propos-de-nous\/\" target=\"_blank\" rel=\"noopener\">Dacar<\/a> est une entreprise de Navarre (Espagne) sp\u00e9cialis\u00e9e dans les produits pour la s\u00e9curit\u00e9 des soudeurs professionnels, semi-professionnels ou occasionnels, ainsi que pour leur environnement.<br \/>\n<\/span><\/p>\n<ul>\n<li><span class=\"ng-star-inserted\">Pour la s\u00e9curit\u00e9 des soudeurs Dacar fabrique diff\u00e9rents mod\u00e8les de masques \u00e0 souder de haute qualit\u00e9 avec une large gamme de\u00a0<a href=\"https:\/\/dacarcomercial.com\/fr\/categorias-productos\/filtres-electroniques-soudeur\/\"><strong>filtres \u00e9lectroniques<\/strong><\/a>\u00a0et filtres passifs pour offrir un produit toujours adapt\u00e9 aux besoins de chaque soudeur.\u00a0<\/span><span class=\"ng-star-inserted\">De plus, Dacar fabrique \u00e9galement les\u00a0<a href=\"https:\/\/dacarcomercial.com\/fr\/categorias-productos\/masques-de-soudure\/\"><strong>\u00e9crans faciaux DC-Guard<\/strong><\/a>, les\u00a0<a href=\"https:\/\/dacarcomercial.com\/fr\/categorias-productos\/dacair-2\/\"><strong>\u00e9quipements motoris\u00e9s DACAiR<\/strong><\/a> ainsi que des v\u00eatements de protection tels que vestes ou tabliers pour soudeur ainsi que <a href=\"https:\/\/dacarcomercial.com\/fr\/categorias-productos\/vetements-de-protection\/soudeur\/gants\/\"><strong>les gants.<\/strong><\/a><\/span><\/li>\n<li><span class=\"ng-star-inserted\">Pour la s\u00e9curit\u00e9 de l\u2019environnement du soudeur\u00a0<strong><a href=\"https:\/\/dacarcomercial.com\/fr\/categorias-productos\/cabines-de-soudage\/\">Dacar produit les rideaux de soudage Trans-DC-Arc et les s\u00e9parateurs de postes de travail<\/a>,<\/strong>\u00a0comme les paravents ou les cloisons, mais peut \u00e9galement budg\u00e9tiser tout type de cabine de soudure sur mesure.<\/span><\/li>\n<li><span class=\"ng-star-inserted\">Les<a href=\"https:\/\/dacarcomercial.com\/fr\/categorias-productos\/toiles-ignifugees\/\"><strong>\u00a0couvertures ignifug\u00e9es<\/strong><\/a>\u00a0sont une autre importante gamme de produits propos\u00e9e par Dacar.\u00a0<\/span><span class=\"ng-star-inserted\">Dacar dispose d\u2019une large gamme de mat\u00e9riaux pour la protection des objets contre les projections de soudure.<\/span><\/li>\n<li><span class=\"ng-star-inserted\">Tous les EPI de Dacar disposent de la\u00a0<a href=\"https:\/\/dacarcomercial.com\/wp-content\/uploads\/2021\/07\/Decl.-UE-Opera-ADF500G-PRO.pdf\"><strong>d\u00e9claration UE de conformit\u00e9<\/strong><\/a>.\u00a0<\/span><span class=\"ng-star-inserted\">Cette d\u00e9claration est un document dans lequel le fabricant indique que le produit est conforme \u00e0 toutes les exigences essentielles du\u00a0<a href=\"https:\/\/industria.gob.es\/Calidad-Industrial\/seguridadindustrial\/productosindustriales\/Equipos-Proteccion-Individual\/Paginas\/Reglamento-UE2016-425-relativo-a-EPIs.aspx\" target=\"_blank\" rel=\"noopener noreferrer nofollow\"><strong>r\u00e8glement UE 2016\/425<\/strong><\/a>\u00a0relatif aux \u00e9quipements de protection individuelle.<\/span><\/li>\n<\/ul>\n","protected":false},"excerpt":{"rendered":"<p><strong>Protection maximale pour le soudeur<\/strong>. <strong>Le masque Verus Air<\/strong> avec distribution d&rsquo;air int\u00e9gr\u00e9e est compatible avec les motoventilateurs CleanAIR Basic, AerGO et le syst\u00e8me \u00e0 adduction d\u00b4air CleanAIR Pressure Flow Master. Il est certifi\u00e9 EN12941 en classe TH3 (FNP: 500) et EN14594 en classe 3B (FNP: 200).<\/p>\n<p>Il comprend un r\u00e9gulateur externe permettant de r\u00e9gler la direction ainsi que l&rsquo;intensit\u00e9 de l&rsquo;air \u00e0 l&rsquo;int\u00e9rieur du casque pour un confort optimal.<\/p>\n<p>Avec le serre-t\u00eate VariGEAR, le confort de port est assur\u00e9. Il permet, en plus des r\u00e9glages habituels des serres-t\u00eates, de r\u00e9gler la distance entre les yeux et la visi\u00e8re pour un meilleur \u00e9quilibre.<\/p>\n<p>Le masque Verus Air incorpore le <strong>filtre \u00e9lectronique SL513G Plus<\/strong> avec double gamme de teintes fonc\u00e9es DIN 5-8 et 9-14, champ de vision de 98 x 62 mm, technologie True color gris ultra-clair et la classe optique la plus \u00e9lev\u00e9e CE EN379 1\/1\/1\/1.<\/p>\n<p><em>Les produits Dacar peuvent \u00eatre achet\u00e9s en ligne ou via notre r\u00e9seau de distributeurs. N\u00b4h\u00e9sitez pas \u00e0 nous consulter votre revendeur le plus proche !<\/em><\/p>\n","protected":false},"featured_media":31725,"template":"","meta":{"site-sidebar-layout":"default","site-content-layout":"default","ast-site-content-layout":"default","site-content-style":"default","site-sidebar-style":"default","ast-global-header-display":"","ast-banner-title-visibility":"","ast-main-header-display":"","ast-hfb-above-header-display":"","ast-hfb-below-header-display":"","ast-hfb-mobile-header-display":"","site-post-title":"","ast-breadcrumbs-content":"","ast-featured-img":"","footer-sml-layout":"","ast-disable-related-posts":"","theme-transparent-header-meta":"default","adv-header-id-meta":"","stick-header-meta":"default","header-above-stick-meta":"","header-main-stick-meta":"","header-below-stick-meta":"","astra-migrate-meta-layouts":"set","ast-page-background-enabled":"default","ast-page-background-meta":{"desktop":{"background-color":"","background-image":"","background-repeat":"repeat","background-position":"center center","background-size":"auto","background-attachment":"scroll","background-type":"","background-media":"","overlay-type":"","overlay-color":"","overlay-opacity":"","overlay-gradient":""},"tablet":{"background-color":"","background-image":"","background-repeat":"repeat","background-position":"center center","background-size":"auto","background-attachment":"scroll","background-type":"","background-media":"","overlay-type":"","overlay-color":"","overlay-opacity":"","overlay-gradient":""},"mobile":{"background-color":"","background-image":"","background-repeat":"repeat","background-position":"center center","background-size":"auto","background-attachment":"scroll","background-type":"","background-media":"","overlay-type":"","overlay-color":"","overlay-opacity":"","overlay-gradient":""}},"ast-content-background-meta":{"desktop":{"background-color":"var(--ast-global-color-5)","background-image":"","background-repeat":"repeat","background-position":"center center","background-size":"auto","background-attachment":"scroll","background-type":"","background-media":"","overlay-type":"","overlay-color":"","overlay-opacity":"","overlay-gradient":""},"tablet":{"background-color":"var(--ast-global-color-5)","background-image":"","background-repeat":"repeat","background-position":"center center","background-size":"auto","background-attachment":"scroll","background-type":"","background-media":"","overlay-type":"","overlay-color":"","overlay-opacity":"","overlay-gradient":""},"mobile":{"background-color":"var(--ast-global-color-5)","background-image":"","background-repeat":"repeat","background-position":"center center","background-size":"auto","background-attachment":"scroll","background-type":"","background-media":"","overlay-type":"","overlay-color":"","overlay-opacity":"","overlay-gradient":""}}},"product_brand":[],"product_cat":[984,990],"product_tag":[],"class_list":{"0":"post-31980","1":"product","2":"type-product","3":"status-publish","4":"has-post-thumbnail","6":"product_cat-cleanair-2","7":"product_cat-unites-de-tete","8":"desktop-align-left","9":"tablet-align-left","10":"mobile-align-left","11":"ast-product-gallery-layout-horizontal-slider","12":"ast-product-tabs-layout-horizontal","14":"first","15":"instock","16":"taxable","17":"shipping-taxable","18":"purchasable","19":"product-type-simple"},"_links":{"self":[{"href":"https:\/\/dacarcomercial.com\/fr\/wp-json\/wp\/v2\/product\/31980","targetHints":{"allow":["GET"]}}],"collection":[{"href":"https:\/\/dacarcomercial.com\/fr\/wp-json\/wp\/v2\/product"}],"about":[{"href":"https:\/\/dacarcomercial.com\/fr\/wp-json\/wp\/v2\/types\/product"}],"version-history":[{"count":0,"href":"https:\/\/dacarcomercial.com\/fr\/wp-json\/wp\/v2\/product\/31980\/revisions"}],"wp:featuredmedia":[{"embeddable":true,"href":"https:\/\/dacarcomercial.com\/fr\/wp-json\/wp\/v2\/media\/31725"}],"wp:attachment":[{"href":"https:\/\/dacarcomercial.com\/fr\/wp-json\/wp\/v2\/media?parent=31980"}],"wp:term":[{"taxonomy":"product_brand","embeddable":true,"href":"https:\/\/dacarcomercial.com\/fr\/wp-json\/wp\/v2\/product_brand?post=31980"},{"taxonomy":"product_cat","embeddable":true,"href":"https:\/\/dacarcomercial.com\/fr\/wp-json\/wp\/v2\/product_cat?post=31980"},{"taxonomy":"product_tag","embeddable":true,"href":"https:\/\/dacarcomercial.com\/fr\/wp-json\/wp\/v2\/product_tag?post=31980"}],"curies":[{"name":"wp","href":"https:\/\/api.w.org\/{rel}","templated":true}]}}