{"id":37925,"date":"2022-03-07T16:40:54","date_gmt":"2022-03-07T15:40:54","guid":{"rendered":"https:\/\/dacarcomercial.com\/?post_type=product&#038;p=37925"},"modified":"2022-03-25T12:29:22","modified_gmt":"2022-03-25T11:29:22","slug":"alvis-mk5-bouchons-snr-33-db","status":"publish","type":"product","link":"https:\/\/dacarcomercial.com\/fr\/producto\/alvis-mk5-bouchons-snr-33-db\/","title":{"rendered":"ALVIS MK5 Bouchons (SNR: 33 dB)"},"content":{"rendered":"<h2><strong>Avantages des bouchons ALVIS MK5 :<\/strong><\/h2>\n<ul>\n<li>Une meilleure att\u00e9nuation, notamment dans les hautes fr\u00e9quences, qui sont les plus expos\u00e9es aux chocs sonores.<\/li>\n<li>Maintient une bonne pr\u00e9cision auditive en position ouverte gr\u00e2ce au filtrage progressif<\/li>\n<li>Interchangeabilit\u00e9 des tailles de mousse pour les conduits auditifs \u00e9troits ou larges<\/li>\n<li>Long\u00e9vit\u00e9 accrue gr\u00e2ce au remplacement des mousses lorsqu&rsquo;elles sont us\u00e9es.<\/li>\n<li>Meilleure adaptation et confort dans le conduit auditif<\/li>\n<\/ul>\n<p><img fetchpriority=\"high\" decoding=\"async\" class=\"alignnone wp-image-33811\" src=\"https:\/\/dacarcomercial.com\/wp-content\/uploads\/2022\/03\/auriculares-mk-min-1.png\" alt=\"\" width=\"1580\" height=\"336\" title=\"\" srcset=\"https:\/\/dacarcomercial.com\/wp-content\/uploads\/2022\/03\/auriculares-mk-min-1.png 1391w, https:\/\/dacarcomercial.com\/wp-content\/uploads\/2022\/03\/auriculares-mk-min-1-768x163.png 768w, https:\/\/dacarcomercial.com\/wp-content\/uploads\/2022\/03\/auriculares-mk-min-1-600x128.png 600w\" sizes=\"(max-width: 1580px) 100vw, 1580px\" \/><\/p>\n<p><strong>Le Mk 5 est livr\u00e9 avec un capuchon qui vous permet de g\u00e9rer le niveau d&rsquo;att\u00e9nuation.<\/strong><\/p>\n<p><strong>Position ouverte<\/strong> : les performances acoustiques dans le calme vous permettront de maintenir une tr\u00e8s bonne compr\u00e9hension de la parole, des bruits de mouvement (circulation, jeux), de la musique, etc. Le Mk 5 ne vous isolera pas de votre environnement et vous permettra de rester en contact. Les valeurs d&rsquo;att\u00e9nuation du bruit selon la norme EN352:2 sont :<\/p>\n<p><strong>SNR : 20 dB H : 26 M : 16 L : 10 dB<\/strong><\/p>\n<p>En revanche, lorsque le niveau de bruit ambiant ou les impacts sont importants, l&rsquo;\u00e9tanch\u00e9it\u00e9 assur\u00e9e par les mousses augmentera consid\u00e9rablement le niveau d&rsquo;att\u00e9nuation du filtre.<\/p>\n<p><strong>Position ferm\u00e9e :<\/strong> L&rsquo;\u00e9tanch\u00e9it\u00e9 sup\u00e9rieure fournie par les mousses Comply Tip permet d&rsquo;obtenir un niveau d&rsquo;att\u00e9nuation sonore \u00e9quivalent \u00e0 celui d&rsquo;un bouchon d&rsquo;oreille en r\u00e9sine moul\u00e9 sur mesure, tout en conservant la flexibilit\u00e9 et le confort de la gamme Mk. Certains bouchons d&rsquo;oreille en mousse pr\u00e9sentent des niveaux d&rsquo;att\u00e9nuation plus \u00e9lev\u00e9s, mais ces niveaux sont obtenus avec des mousses trop rigides qui ne restent pas en place pendant de longues p\u00e9riodes et sont inconfortables \u00e0 porter. Les valeurs d&rsquo;att\u00e9nuation du bruit selon la norme EN352:2 sont :<\/p>\n<p><strong>SNR : 33 dB H : 33 M : 30 L : 27 dB<\/strong><\/p>\n<p><img decoding=\"async\" class=\"wp-image-33782 alignleft\" src=\"https:\/\/dacarcomercial.com\/wp-content\/uploads\/2022\/03\/partes-oreja-min.png\" alt=\"\" width=\"242\" height=\"289\" title=\"\" srcset=\"https:\/\/dacarcomercial.com\/wp-content\/uploads\/2022\/03\/partes-oreja-min.png 1200w, https:\/\/dacarcomercial.com\/wp-content\/uploads\/2022\/03\/partes-oreja-min-768x917.png 768w, https:\/\/dacarcomercial.com\/wp-content\/uploads\/2022\/03\/partes-oreja-min-600x717.png 600w\" sizes=\"(max-width: 242px) 100vw, 242px\" \/><\/p>\n<p><strong>Comment choisir la taille ?<\/strong><\/p>\n<p>Mesurez la taille de la conque de votre oreille comme indiqu\u00e9 sur les photos ci-dessus. La conque est la partie creuse de l&rsquo;oreille o\u00f9 sera plac\u00e9e l&rsquo;h\u00e9lice des bouchons d&rsquo;oreille. Jusqu&rsquo;\u00e0 2,5 cm : taille M et plus de 2,5 cm : taille L.<\/p>\n<p><strong>Comment les mettre correctement ?<\/strong><\/p>\n<p>Les bouchons d&rsquo;oreille ont une direction marqu\u00e9e (sur le c\u00f4t\u00e9 de l&rsquo;h\u00e9lice) R pour l&rsquo;oreille droite et L pour l&rsquo;oreille gauche.<br \/>\nComprimez les mousses Comply Tip pour r\u00e9duire leur taille autant que possible et ins\u00e9rez le bouchon d&rsquo;oreille dans le conduit auditif en appuyant sur la partie ronde. Vous pouvez tourner le bouchon d&rsquo;oreille d&rsquo;un quart de tour tout en l&rsquo;enfon\u00e7ant pour vous assurer qu&rsquo;il est bien en place.<br \/>\nPlacez l&rsquo;h\u00e9lice dans la coque de votre oreille de mani\u00e8re \u00e0 ce que le bouchon d&rsquo;oreille ne puisse pas bouger, il doit \u00e9pouser la forme de la coque de votre oreille. Cette partie du bouchon d&rsquo;oreille n&rsquo;a aucun effet sur l&rsquo;att\u00e9nuation du bruit, mais elle permet de maintenir le bouchon en place.<\/p>\n<p><strong>Doivent-ils \u00eatre test\u00e9s avant d&rsquo;\u00eatre utilis\u00e9s ?<\/strong><\/p>\n<p>Le bouchon d&rsquo;oreille doit assurer une \u00e9tanch\u00e9it\u00e9 parfaite. S&rsquo;il n&rsquo;est pas correctement install\u00e9, l&rsquo;att\u00e9nuation perdra une grande partie de son efficacit\u00e9.<br \/>\nPour s&rsquo;assurer que l&rsquo;\u00e9tanch\u00e9it\u00e9 est parfaite, tapez-la pr\u00e8s des oreilles. Une claque g\u00e9n\u00e8re beaucoup de bruit et doit \u00eatre consid\u00e9rablement att\u00e9nu\u00e9e.<br \/>\nSi le bruit n&rsquo;est pas \u00e9touff\u00e9, le bouchon d&rsquo;oreille doit \u00eatre ajust\u00e9 ou n&rsquo;est pas de la bonne taille.<\/p>\n<p><strong>Comment nettoyer les bouchons d&rsquo;oreille ALVIS ?<\/strong><\/p>\n<p>Nettoyez vos bouchons d&rsquo;oreille ALVIS avec de l&rsquo;eau et du savon. Laissez les bouchons d&rsquo;oreille s\u00e9cher \u00e0 l&rsquo;air libre et rangez-les dans leur bo\u00eete \u00e9tanche.<\/p>\n<p><strong>Quelle est la dur\u00e9e de conservation des bouchons d&rsquo;oreille ?<\/strong><\/p>\n<p>Les bouchons ALVIS Mk peuvent \u00eatre utilis\u00e9s en entreprise pendant 18 \u00e0 24 mois, et certains de nos clients qui les utilisent occasionnellement les conservent pendant plusieurs ann\u00e9es.<br \/>\nPour prolonger la dur\u00e9e de vie de vos fermetures, veillez \u00e0 ce qu&rsquo;elles soient exemptes de poussi\u00e8re et \u00e9vitez qu&rsquo;elles ne se salissent.<\/p>\n","protected":false},"excerpt":{"rendered":"<p>Les <strong>bouchons ALVIS Mk5<\/strong> offrent les m\u00eames performances d&rsquo;att\u00e9nuation que les bouchons d&rsquo;oreille moul\u00e9s sur mesure. Nous les recommandons pour un usage professionnel dans des environnements tr\u00e8s bruyants.<\/p>\n<p>Il s&rsquo;agit d&rsquo;un bouchon d&rsquo;oreille progressif de haute technologie, offrant \u00e0 la fois un tr\u00e8s haut niveau de confort et une att\u00e9nuation progressive du son, permettant \u00e0 l&rsquo;utilisateur de choisir le niveau d&rsquo;att\u00e9nuation souhait\u00e9 pour communiquer avec son environnement tout en maintenant une protection auditive.<\/p>\n<p>Les <strong>bouchons ALVIS Mk5<\/strong> sont disponibles en 2 tailles (M ou L). Ils sont fournis avec un cordon anti-chute amovible ainsi qu&rsquo;une paire de mousses Comply Tip de rechange pour une dur\u00e9e de vie plus longue dans un \u00e9tui r\u00e9utilisable.<\/p>\n<p><em>Les produits Dacar peuvent \u00eatre achet\u00e9s en ligne ou via notre r\u00e9seau de distributeurs. N\u00b4h\u00e9sitez pas \u00e0 nous consulter votre revendeur le plus proche !<\/em><\/p>\n","protected":false},"featured_media":33741,"template":"","meta":{"site-sidebar-layout":"default","site-content-layout":"default","ast-site-content-layout":"default","site-content-style":"default","site-sidebar-style":"default","ast-global-header-display":"","ast-banner-title-visibility":"","ast-main-header-display":"","ast-hfb-above-header-display":"","ast-hfb-below-header-display":"","ast-hfb-mobile-header-display":"","site-post-title":"","ast-breadcrumbs-content":"","ast-featured-img":"","footer-sml-layout":"","ast-disable-related-posts":"","theme-transparent-header-meta":"default","adv-header-id-meta":"","stick-header-meta":"default","header-above-stick-meta":"","header-main-stick-meta":"","header-below-stick-meta":"","astra-migrate-meta-layouts":"default","ast-page-background-enabled":"default","ast-page-background-meta":{"desktop":{"background-color":"","background-image":"","background-repeat":"repeat","background-position":"center center","background-size":"auto","background-attachment":"scroll","background-type":"","background-media":"","overlay-type":"","overlay-color":"","overlay-opacity":"","overlay-gradient":""},"tablet":{"background-color":"","background-image":"","background-repeat":"repeat","background-position":"center center","background-size":"auto","background-attachment":"scroll","background-type":"","background-media":"","overlay-type":"","overlay-color":"","overlay-opacity":"","overlay-gradient":""},"mobile":{"background-color":"","background-image":"","background-repeat":"repeat","background-position":"center center","background-size":"auto","background-attachment":"scroll","background-type":"","background-media":"","overlay-type":"","overlay-color":"","overlay-opacity":"","overlay-gradient":""}},"ast-content-background-meta":{"desktop":{"background-color":"var(--ast-global-color-5)","background-image":"","background-repeat":"repeat","background-position":"center center","background-size":"auto","background-attachment":"scroll","background-type":"","background-media":"","overlay-type":"","overlay-color":"","overlay-opacity":"","overlay-gradient":""},"tablet":{"background-color":"var(--ast-global-color-5)","background-image":"","background-repeat":"repeat","background-position":"center center","background-size":"auto","background-attachment":"scroll","background-type":"","background-media":"","overlay-type":"","overlay-color":"","overlay-opacity":"","overlay-gradient":""},"mobile":{"background-color":"var(--ast-global-color-5)","background-image":"","background-repeat":"repeat","background-position":"center center","background-size":"auto","background-attachment":"scroll","background-type":"","background-media":"","overlay-type":"","overlay-color":"","overlay-opacity":"","overlay-gradient":""}}},"product_brand":[],"product_cat":[970,967],"product_tag":[],"class_list":{"0":"post-37925","1":"product","2":"type-product","3":"status-publish","4":"has-post-thumbnail","6":"product_cat-bouchons-doreilles-et-bandes","7":"product_cat-protecteurs-auditifs","8":"desktop-align-left","9":"tablet-align-left","10":"mobile-align-left","11":"ast-product-gallery-layout-horizontal-slider","12":"ast-product-single-variable","13":"ast-product-tabs-layout-horizontal","15":"first","16":"instock","17":"taxable","18":"shipping-taxable","19":"purchasable","20":"product-type-variable"},"_links":{"self":[{"href":"https:\/\/dacarcomercial.com\/fr\/wp-json\/wp\/v2\/product\/37925","targetHints":{"allow":["GET"]}}],"collection":[{"href":"https:\/\/dacarcomercial.com\/fr\/wp-json\/wp\/v2\/product"}],"about":[{"href":"https:\/\/dacarcomercial.com\/fr\/wp-json\/wp\/v2\/types\/product"}],"version-history":[{"count":0,"href":"https:\/\/dacarcomercial.com\/fr\/wp-json\/wp\/v2\/product\/37925\/revisions"}],"wp:featuredmedia":[{"embeddable":true,"href":"https:\/\/dacarcomercial.com\/fr\/wp-json\/wp\/v2\/media\/33741"}],"wp:attachment":[{"href":"https:\/\/dacarcomercial.com\/fr\/wp-json\/wp\/v2\/media?parent=37925"}],"wp:term":[{"taxonomy":"product_brand","embeddable":true,"href":"https:\/\/dacarcomercial.com\/fr\/wp-json\/wp\/v2\/product_brand?post=37925"},{"taxonomy":"product_cat","embeddable":true,"href":"https:\/\/dacarcomercial.com\/fr\/wp-json\/wp\/v2\/product_cat?post=37925"},{"taxonomy":"product_tag","embeddable":true,"href":"https:\/\/dacarcomercial.com\/fr\/wp-json\/wp\/v2\/product_tag?post=37925"}],"curies":[{"name":"wp","href":"https:\/\/api.w.org\/{rel}","templated":true}]}}