{"id":37939,"date":"2022-03-07T13:19:04","date_gmt":"2022-03-07T12:19:04","guid":{"rendered":"https:\/\/dacarcomercial.com\/?post_type=product&#038;p=37939"},"modified":"2022-03-25T13:00:40","modified_gmt":"2022-03-25T12:00:40","slug":"alvis-mk4-bouchons-snr-27-db","status":"publish","type":"product","link":"https:\/\/dacarcomercial.com\/fr\/producto\/alvis-mk4-bouchons-snr-27-db\/","title":{"rendered":"ALVIS Mk4 Bouchons (SNR : 27 dB)"},"content":{"rendered":"<h2><strong>Caract\u00e9ristiques techniques des bouchons d&rsquo;oreille ALVIS Mk4 (SNR : 27 dB) :<\/strong><\/h2>\n<p><strong>Vanne ouverte ou ferm\u00e9e :<\/strong><\/p>\n<p><strong>Lorsque la vanne est ouverte<\/strong>, le filtre agit en continu en fonction de l&rsquo;\u00e9nergie acoustique qu&rsquo;il re\u00e7oit. Vous pouvez ainsi rester en contact avec l&rsquo;environnement ext\u00e9rieur, participer \u00e0 une conversation, passer un appel t\u00e9l\u00e9phonique&#8230; Les bruits constants trop forts seront r\u00e9duits \u00e0 un volume confortable, et les bruits d&rsquo;impact seront r\u00e9duits instantan\u00e9ment. Les valeurs d&rsquo;att\u00e9nuation du bruit selon la norme EN352:2 sont :<\/p>\n<p><strong>SNR : 19 dB H : 22 M : 16 L : 11 dB<\/strong><\/p>\n<p><strong>Lorsque la valve est ferm\u00e9e<\/strong>, la filtration est identique \u00e0 toutes les fr\u00e9quences et permanente, le Mk 4 devient l&rsquo;\u00e9quivalent d&rsquo;un Mk 2 occlusif. Le mode occlusif est recommand\u00e9 pour dormir, nager et travailler avec un volume sonore \u00e9lev\u00e9 et constant. Les valeurs d&rsquo;att\u00e9nuation du bruit selon la norme EN352:2 sont :<\/p>\n<p><strong>SNR : 27 dB H : 28 M : 24 L : 24 dB<\/strong><\/p>\n<p><img fetchpriority=\"high\" decoding=\"async\" class=\"alignnone wp-image-33811\" src=\"https:\/\/dacarcomercial.com\/wp-content\/uploads\/2022\/03\/auriculares-mk-min-1.png\" alt=\"\" width=\"1821\" height=\"387\" title=\"\" srcset=\"https:\/\/dacarcomercial.com\/wp-content\/uploads\/2022\/03\/auriculares-mk-min-1.png 1391w, https:\/\/dacarcomercial.com\/wp-content\/uploads\/2022\/03\/auriculares-mk-min-1-768x163.png 768w, https:\/\/dacarcomercial.com\/wp-content\/uploads\/2022\/03\/auriculares-mk-min-1-600x128.png 600w\" sizes=\"(max-width: 1821px) 100vw, 1821px\" \/><\/p>\n<p>ALVIS Mk4 est une fiche de protection contre le bruit tr\u00e8s performante et \u00e9conomique : elle est utilis\u00e9e par de nombreux employ\u00e9s d&rsquo;entreprises industrielles.<\/p>\n<p><img decoding=\"async\" class=\"wp-image-33782 alignleft\" src=\"https:\/\/dacarcomercial.com\/wp-content\/uploads\/2022\/03\/partes-oreja-min.png\" alt=\"\" width=\"255\" height=\"305\" title=\"\" srcset=\"https:\/\/dacarcomercial.com\/wp-content\/uploads\/2022\/03\/partes-oreja-min.png 1200w, https:\/\/dacarcomercial.com\/wp-content\/uploads\/2022\/03\/partes-oreja-min-768x917.png 768w, https:\/\/dacarcomercial.com\/wp-content\/uploads\/2022\/03\/partes-oreja-min-600x717.png 600w\" sizes=\"(max-width: 255px) 100vw, 255px\" \/><\/p>\n<p><strong>Bouchons semi-att\u00e9nuants avec h\u00e9lice disponibles en 3 tailles<\/strong><\/p>\n<p>L&rsquo;h\u00e9lice du bouchon ALVIS Mk4 assure un maintien parfait dans l&rsquo;oreille en toutes circonstances. Il est fait de silicone, est tr\u00e8s doux et ne peut \u00eatre senti. Il permet aux bouchons de rester en place sans exercer de pression sur le conduit auditif, de sorte qu&rsquo;ils peuvent \u00eatre port\u00e9s toute la journ\u00e9e sans g\u00eane.<\/p>\n<p>Afin de garantir le confort, l&rsquo;ajustement et l&rsquo;isolation sonore pour toutes les oreilles, les bouchons ALVIS Mk4 existent en 3 tailles (S-M-L). Les volets et l&rsquo;h\u00e9lice sont proportionnellement dimensionn\u00e9s pour s&rsquo;adapter \u00e0 la taille de la conque (partie creuse du pavillon) et du conduit auditif.<\/p>\n<p><strong>Comment choisir la bonne taille ?<\/strong><\/p>\n<p>Mesurez la taille de la conque de votre oreille comme indiqu\u00e9 sur les photos ci-dessus. La conque est la partie creuse de l&rsquo;oreille o\u00f9 sera plac\u00e9e l&rsquo;h\u00e9lice des bouchons. Moins de 2 cm : taille S, de 2 \u00e0 2,5 cm : taille M et plus de 2,5 cm : taille L.<\/p>\n<p><strong>Comment les mettre correctement ?<\/strong><\/p>\n<p>Les bouchons ont une orientation qui est marqu\u00e9e (sur le c\u00f4t\u00e9 de l&rsquo;h\u00e9lice) R pour l&rsquo;oreille droite et L pour l&rsquo;oreille gauche.<br \/>\nIns\u00e9rez le bouchon en silicone transparent dans le conduit auditif en appuyant sur la partie ronde. Vous pouvez tourner le bouchon d&rsquo;un quart de tour tout en l&rsquo;enfon\u00e7ant pour vous assurer qu&rsquo;il est bien en place.<br \/>\nPlacez l&rsquo;h\u00e9lice dans la coque de l&rsquo;oreille de fa\u00e7on \u00e0 ce que le bouchon ne puisse pas bouger, il doit \u00e9pouser la forme de la coque de votre oreille. Cette partie du bouchon n&rsquo;a aucun effet sur l&rsquo;att\u00e9nuation du bruit, mais elle permet de maintenir le bouchon en place.<\/p>\n<p><strong>Doivent-ils \u00eatre test\u00e9s avant d&rsquo;\u00eatre utilis\u00e9s ?<\/strong><\/p>\n<p>Le bouchon doit assurer une \u00e9tanch\u00e9it\u00e9 parfaite. S&rsquo;il n&rsquo;est pas correctement install\u00e9, l&rsquo;att\u00e9nuation perdra une grande partie de son efficacit\u00e9.<br \/>\nPour s&rsquo;assurer que l&rsquo;\u00e9tanch\u00e9it\u00e9 est parfaite, tapez-la pr\u00e8s des oreilles. Une claque g\u00e9n\u00e8re beaucoup de bruit et doit \u00eatre consid\u00e9rablement att\u00e9nu\u00e9e.<br \/>\nSi le bruit n&rsquo;est pas \u00e9touff\u00e9, le bouchon doit \u00eatre ajust\u00e9 ou n&rsquo;est pas de la bonne taille.<\/p>\n<p><strong>Comment nettoyer les bouchons ALVIS ?<\/strong><\/p>\n<p>Nettoyez vos bouchons ALVIS avec de l&rsquo;eau et du savon. Laissez les bouchons d&rsquo;oreille s\u00e9cher \u00e0 l&rsquo;air libre et rangez-les dans leur bo\u00eete \u00e9tanche.<\/p>\n<p><strong>Quelle est la dur\u00e9e de conservation des bouchons?<\/strong><\/p>\n<p>Les bouchons ALVIS Mk peuvent \u00eatre utilis\u00e9s pendant 18 \u00e0 24 mois, et certains de nos clients qui les utilisent occasionnellement les conservent pendant plusieurs ann\u00e9es.<br \/>\nPour prolonger la dur\u00e9e de vie de vos bouchons d&rsquo;oreille, veillez \u00e0 ce qu&rsquo;ils ne soient pas poussi\u00e9reux et \u00e9vitez qu&rsquo;ils ne se salissent.<\/p>\n","protected":false},"excerpt":{"rendered":"<p>ALVIS Mk4 est le bouchon le plus polyvalent de la gamme MK, un bouchon d&rsquo;oreille tr\u00e8s performant et \u00e9conomique.<\/p>\n<p>Les <strong>bouchons ALVIS Mk4<\/strong> r\u00e9pondent \u00e0 80 % des situations dans lesquelles un bouchon d&rsquo;oreille progressif est indispensable : motos, chasse, industrie, concerts et musiciens, pilotes de ligne, etc. Tous les bruits restent clairs et pr\u00e9cis, mais sont comprim\u00e9s \u00e0 un niveau confortable et inoffensif. Ils sont certifi\u00e9s CE pour les EPI.<\/p>\n<p>Ils disposent d&rsquo;un filtre progressif qui vous permet de conserver une bonne compr\u00e9hension des sons utiles et de prot\u00e9ger votre audition m\u00eame dans des situations tr\u00e8s bruyantes, comme le tir sportif. Le filtrage \u00e0 deux niveaux vous permet de changer le type d&rsquo;att\u00e9nuation du bruit, selon que vous souhaitez conserver une pr\u00e9cision d&rsquo;\u00e9coute optimale tout en bloquant les bruits dangereux, ou que vous souhaitez r\u00e9duire tous les bruits pour avoir l&rsquo;esprit tranquille.<\/p>\n<p>Les<strong> bouchons ALVIS Mk4<\/strong> sont livr\u00e9s avec un cordon anti-chute amovible dans un \u00e9tui r\u00e9utilisable.<\/p>\n<p><em>Les produits Dacar peuvent \u00eatre achet\u00e9s en ligne ou via notre r\u00e9seau de distributeurs. N\u00b4h\u00e9sitez pas \u00e0 nous consulter votre revendeur le plus proche !<\/em><\/p>\n","protected":false},"featured_media":33714,"template":"","meta":{"site-sidebar-layout":"default","site-content-layout":"default","ast-site-content-layout":"default","site-content-style":"default","site-sidebar-style":"default","ast-global-header-display":"","ast-banner-title-visibility":"","ast-main-header-display":"","ast-hfb-above-header-display":"","ast-hfb-below-header-display":"","ast-hfb-mobile-header-display":"","site-post-title":"","ast-breadcrumbs-content":"","ast-featured-img":"","footer-sml-layout":"","ast-disable-related-posts":"","theme-transparent-header-meta":"default","adv-header-id-meta":"","stick-header-meta":"default","header-above-stick-meta":"","header-main-stick-meta":"","header-below-stick-meta":"","astra-migrate-meta-layouts":"default","ast-page-background-enabled":"default","ast-page-background-meta":{"desktop":{"background-color":"","background-image":"","background-repeat":"repeat","background-position":"center center","background-size":"auto","background-attachment":"scroll","background-type":"","background-media":"","overlay-type":"","overlay-color":"","overlay-opacity":"","overlay-gradient":""},"tablet":{"background-color":"","background-image":"","background-repeat":"repeat","background-position":"center center","background-size":"auto","background-attachment":"scroll","background-type":"","background-media":"","overlay-type":"","overlay-color":"","overlay-opacity":"","overlay-gradient":""},"mobile":{"background-color":"","background-image":"","background-repeat":"repeat","background-position":"center center","background-size":"auto","background-attachment":"scroll","background-type":"","background-media":"","overlay-type":"","overlay-color":"","overlay-opacity":"","overlay-gradient":""}},"ast-content-background-meta":{"desktop":{"background-color":"var(--ast-global-color-5)","background-image":"","background-repeat":"repeat","background-position":"center center","background-size":"auto","background-attachment":"scroll","background-type":"","background-media":"","overlay-type":"","overlay-color":"","overlay-opacity":"","overlay-gradient":""},"tablet":{"background-color":"var(--ast-global-color-5)","background-image":"","background-repeat":"repeat","background-position":"center center","background-size":"auto","background-attachment":"scroll","background-type":"","background-media":"","overlay-type":"","overlay-color":"","overlay-opacity":"","overlay-gradient":""},"mobile":{"background-color":"var(--ast-global-color-5)","background-image":"","background-repeat":"repeat","background-position":"center center","background-size":"auto","background-attachment":"scroll","background-type":"","background-media":"","overlay-type":"","overlay-color":"","overlay-opacity":"","overlay-gradient":""}}},"product_brand":[],"product_cat":[970,967],"product_tag":[],"class_list":{"0":"post-37939","1":"product","2":"type-product","3":"status-publish","4":"has-post-thumbnail","6":"product_cat-bouchons-doreilles-et-bandes","7":"product_cat-protecteurs-auditifs","8":"desktop-align-left","9":"tablet-align-left","10":"mobile-align-left","11":"ast-product-gallery-layout-horizontal-slider","12":"ast-product-single-variable","13":"ast-product-tabs-layout-horizontal","15":"first","16":"instock","17":"taxable","18":"shipping-taxable","19":"purchasable","20":"product-type-variable"},"_links":{"self":[{"href":"https:\/\/dacarcomercial.com\/fr\/wp-json\/wp\/v2\/product\/37939","targetHints":{"allow":["GET"]}}],"collection":[{"href":"https:\/\/dacarcomercial.com\/fr\/wp-json\/wp\/v2\/product"}],"about":[{"href":"https:\/\/dacarcomercial.com\/fr\/wp-json\/wp\/v2\/types\/product"}],"version-history":[{"count":0,"href":"https:\/\/dacarcomercial.com\/fr\/wp-json\/wp\/v2\/product\/37939\/revisions"}],"wp:featuredmedia":[{"embeddable":true,"href":"https:\/\/dacarcomercial.com\/fr\/wp-json\/wp\/v2\/media\/33714"}],"wp:attachment":[{"href":"https:\/\/dacarcomercial.com\/fr\/wp-json\/wp\/v2\/media?parent=37939"}],"wp:term":[{"taxonomy":"product_brand","embeddable":true,"href":"https:\/\/dacarcomercial.com\/fr\/wp-json\/wp\/v2\/product_brand?post=37939"},{"taxonomy":"product_cat","embeddable":true,"href":"https:\/\/dacarcomercial.com\/fr\/wp-json\/wp\/v2\/product_cat?post=37939"},{"taxonomy":"product_tag","embeddable":true,"href":"https:\/\/dacarcomercial.com\/fr\/wp-json\/wp\/v2\/product_tag?post=37939"}],"curies":[{"name":"wp","href":"https:\/\/api.w.org\/{rel}","templated":true}]}}