{"id":38245,"date":"2022-04-21T12:20:15","date_gmt":"2022-04-21T10:20:15","guid":{"rendered":"https:\/\/dacarcomercial.com\/?post_type=product&#038;p=38245"},"modified":"2022-04-25T16:57:15","modified_gmt":"2022-04-25T14:57:15","slug":"cleanair-aergo-verus-air","status":"publish","type":"product","link":"https:\/\/dacarcomercial.com\/fr\/producto\/cleanair-aergo-verus-air\/","title":{"rendered":"CleanAIR AerGO + Verus air"},"content":{"rendered":"<h2><strong>Caract\u00e9ristiques de l&rsquo;air CleanAIR AerGO + Verus<\/strong><\/h2>\n<h2>Casque de soudage \u00e0 air Verus :<\/h2>\n<ul>\n<li>distribution d&rsquo;air int\u00e9gr\u00e9e<\/li>\n<li>commande externe pour la fonction de broyage<\/li>\n<li>commande externe pour le r\u00e9glage de l&rsquo;inclinaison du casque<\/li>\n<li>remplacement facile et rapide du couvercle externe du filtre en polycarbonate<\/li>\n<li>r\u00e9gulation externe de l&rsquo;intensit\u00e9 et de la direction de l&rsquo;air provenant du motoventilateur ou de la ceinture de r\u00e9gulation d&rsquo;air comprim\u00e9 CleanAIR<\/li>\n<li>Harnais de t\u00eate VariGEAR : double bandeau et rembourr\u00e9 pour le confort, avec de multiples r\u00e9glages pour une adaptation optimale et un ajustement de la distance entre les yeux et le filtre \u00e9lectronique pour optimiser le champ de vision.<\/li>\n<li>Joint facial facile \u00e0 remplacer sans avoir \u00e0 d\u00e9visser les \u00e9l\u00e9ments de fixation.<\/li>\n<li>Le support du tube arri\u00e8re destin\u00e9 \u00e0 emp\u00eacher le balancement peut \u00eatre positionn\u00e9 sur le c\u00f4t\u00e9 gauche ou droit du harnais, selon la pr\u00e9f\u00e9rence du soudeur.<\/li>\n<li>Certifi\u00e9 CE EN12941 en classe TH3 (facteur de protection nominal : 500) et EN14594 en classe 3B (facteur de protection nominal : 200).<\/li>\n<\/ul>\n<h3><strong>L&rsquo;\u00e9quipement du CleanAIR AerGO comprend :<\/strong><\/h3>\n<ul>\n<li>Bloc moteur<\/li>\n<li>Ceinture de confort<\/li>\n<li>Batterie<\/li>\n<li>Chargeur<\/li>\n<li>2 filtres P R SL<\/li>\n<li>R\u00e9gulateur de d\u00e9bit<\/li>\n<li>Manuel d&rsquo;instruction<\/li>\n<li>Nouveau capteur barom\u00e9trique<\/li>\n<\/ul>\n","protected":false},"excerpt":{"rendered":"<p style=\"text-align: center;\"><strong>\u00a1Ready 2 weld!<\/strong><\/p>\n<p><strong>Tout ce dont vous avez besoin pour commencer \u00e0 travailler.<\/strong> Pack complet CleanAIR AerGO + Verus air, que comprend ce pack ?<\/p>\n<p>Pack d&rsquo;air CleanAIR AerGO + Verus comprenant :<\/p>\n<ul>\n<li>Casque de soudage \u00e0 air Verus avec filtre \u00e9lectronique<\/li>\n<li>Ventilateur moteur AerGO PAPR avec courroie incluse<\/li>\n<li>Jeu de filtres P3<\/li>\n<li>Sac gratuit<\/li>\n<li>Tube QuickLOCK, pile et chargeur inclus dans le sac CleanAIR gratuit de haute qualit\u00e9<\/li>\n<\/ul>\n<div class=\"elementor-element elementor-element-166c857 ob-has-background-overlay elementor-widget elementor-widget-woocommerce-product-short-description\" data-id=\"166c857\" data-element_type=\"widget\" data-settings=\"{&quot;_ob_perspektive_use&quot;:&quot;no&quot;,&quot;_ob_poopart_use&quot;:&quot;yes&quot;,&quot;_ob_shadough_use&quot;:&quot;no&quot;,&quot;_ob_allow_hoveranimator&quot;:&quot;no&quot;,&quot;_ob_widget_stalker_use&quot;:&quot;no&quot;}\" data-widget_type=\"woocommerce-product-short-description.default\">\n<div class=\"elementor-widget-container\">\n<div class=\"woocommerce-product-details__short-description\">\n<p><em>Les produits Dacar peuvent \u00eatre achet\u00e9s en ligne ou via notre r\u00e9seau de distributeurs. N\u00b4h\u00e9sitez pas \u00e0 nous consulter votre revendeur le plus proche !<\/em><\/p>\n<\/div>\n<\/div>\n<\/div>\n","protected":false},"featured_media":38107,"template":"","meta":{"site-sidebar-layout":"default","site-content-layout":"default","ast-site-content-layout":"default","site-content-style":"default","site-sidebar-style":"default","ast-global-header-display":"","ast-banner-title-visibility":"","ast-main-header-display":"","ast-hfb-above-header-display":"","ast-hfb-below-header-display":"","ast-hfb-mobile-header-display":"","site-post-title":"","ast-breadcrumbs-content":"","ast-featured-img":"","footer-sml-layout":"","ast-disable-related-posts":"","theme-transparent-header-meta":"default","adv-header-id-meta":"","stick-header-meta":"default","header-above-stick-meta":"","header-main-stick-meta":"","header-below-stick-meta":"","astra-migrate-meta-layouts":"default","ast-page-background-enabled":"default","ast-page-background-meta":{"desktop":{"background-color":"","background-image":"","background-repeat":"repeat","background-position":"center center","background-size":"auto","background-attachment":"scroll","background-type":"","background-media":"","overlay-type":"","overlay-color":"","overlay-opacity":"","overlay-gradient":""},"tablet":{"background-color":"","background-image":"","background-repeat":"repeat","background-position":"center center","background-size":"auto","background-attachment":"scroll","background-type":"","background-media":"","overlay-type":"","overlay-color":"","overlay-opacity":"","overlay-gradient":""},"mobile":{"background-color":"","background-image":"","background-repeat":"repeat","background-position":"center center","background-size":"auto","background-attachment":"scroll","background-type":"","background-media":"","overlay-type":"","overlay-color":"","overlay-opacity":"","overlay-gradient":""}},"ast-content-background-meta":{"desktop":{"background-color":"var(--ast-global-color-5)","background-image":"","background-repeat":"repeat","background-position":"center center","background-size":"auto","background-attachment":"scroll","background-type":"","background-media":"","overlay-type":"","overlay-color":"","overlay-opacity":"","overlay-gradient":""},"tablet":{"background-color":"var(--ast-global-color-5)","background-image":"","background-repeat":"repeat","background-position":"center center","background-size":"auto","background-attachment":"scroll","background-type":"","background-media":"","overlay-type":"","overlay-color":"","overlay-opacity":"","overlay-gradient":""},"mobile":{"background-color":"var(--ast-global-color-5)","background-image":"","background-repeat":"repeat","background-position":"center center","background-size":"auto","background-attachment":"scroll","background-type":"","background-media":"","overlay-type":"","overlay-color":"","overlay-opacity":"","overlay-gradient":""}}},"product_brand":[],"product_cat":[984,1901,980],"product_tag":[],"class_list":{"0":"post-38245","1":"product","2":"type-product","3":"status-publish","4":"has-post-thumbnail","6":"product_cat-cleanair-2","7":"product_cat-packs-cleanair-fr","8":"product_cat-packs-offre","9":"desktop-align-left","10":"tablet-align-left","11":"mobile-align-left","12":"ast-product-gallery-layout-horizontal-slider","13":"ast-product-tabs-layout-horizontal","15":"first","16":"instock","17":"taxable","18":"shipping-taxable","19":"purchasable","20":"product-type-simple"},"_links":{"self":[{"href":"https:\/\/dacarcomercial.com\/fr\/wp-json\/wp\/v2\/product\/38245","targetHints":{"allow":["GET"]}}],"collection":[{"href":"https:\/\/dacarcomercial.com\/fr\/wp-json\/wp\/v2\/product"}],"about":[{"href":"https:\/\/dacarcomercial.com\/fr\/wp-json\/wp\/v2\/types\/product"}],"version-history":[{"count":0,"href":"https:\/\/dacarcomercial.com\/fr\/wp-json\/wp\/v2\/product\/38245\/revisions"}],"wp:featuredmedia":[{"embeddable":true,"href":"https:\/\/dacarcomercial.com\/fr\/wp-json\/wp\/v2\/media\/38107"}],"wp:attachment":[{"href":"https:\/\/dacarcomercial.com\/fr\/wp-json\/wp\/v2\/media?parent=38245"}],"wp:term":[{"taxonomy":"product_brand","embeddable":true,"href":"https:\/\/dacarcomercial.com\/fr\/wp-json\/wp\/v2\/product_brand?post=38245"},{"taxonomy":"product_cat","embeddable":true,"href":"https:\/\/dacarcomercial.com\/fr\/wp-json\/wp\/v2\/product_cat?post=38245"},{"taxonomy":"product_tag","embeddable":true,"href":"https:\/\/dacarcomercial.com\/fr\/wp-json\/wp\/v2\/product_tag?post=38245"}],"curies":[{"name":"wp","href":"https:\/\/api.w.org\/{rel}","templated":true}]}}