{"id":40671,"date":"2022-12-01T11:48:23","date_gmt":"2022-12-01T10:48:23","guid":{"rendered":"https:\/\/dacarcomercial.com\/?post_type=product&#038;p=40671"},"modified":"2024-07-01T12:56:27","modified_gmt":"2024-07-01T10:56:27","slug":"masque-a-souder-dc-2-sl513g-plus","status":"publish","type":"product","link":"https:\/\/dacarcomercial.com\/fr\/producto\/masque-a-souder-dc-2-sl513g-plus\/","title":{"rendered":"Masque \u00e0 souder DC-2 SL513G Plus"},"content":{"rendered":"","protected":false},"excerpt":{"rendered":"<p>Le\u00a0<strong>Masque \u00e0 souder DC-2 SL513G Plus<\/strong>\u00a0est destin\u00e9 \u00e0 \u00eatre utilis\u00e9 dans des conditions d\u00e9favorables avec un amp\u00e9rage de soudage \u00e9lev\u00e9, des temp\u00e9ratures \u00e9lev\u00e9es ou un risque d\u2019impact lors des travaux de meulage.<\/p>\n<p><strong>Conception et fabrication en Espagne. Serre-t\u00eate avec Dispositif R\u00e9ducteur de Pression (DRP) et Dispositif R\u00e9partiteur de Masse (DRM)<\/strong><\/p>\n<p>Le cadre ext\u00e9rieur comprime l\u2019\u00e9cran de protection du filtre avec le masque, offrant une meilleure \u00e9tanch\u00e9it\u00e9 contre l\u2019entr\u00e9e de fum\u00e9es et de projections. Cela garantit une vue claire et emp\u00eache le filtre \u00e9lectronique d\u2019\u00eatre endommag\u00e9. Le plus grand volume d\u2019espace entre l\u2019\u00e9cran de protection et le filtre fournit \u00e9galement une meilleure isolation thermique \u00e0 la fois au filtre \u00e9lectronique et au visage du soudeur.<\/p>\n<div class=\"elementor-element elementor-element-166c857 ob-has-background-overlay elementor-widget elementor-widget-woocommerce-product-short-description\" data-id=\"166c857\" data-element_type=\"widget\" data-settings=\"{&quot;_ob_perspektive_use&quot;:&quot;no&quot;,&quot;_ob_poopart_use&quot;:&quot;yes&quot;,&quot;_ob_shadough_use&quot;:&quot;no&quot;,&quot;_ob_allow_hoveranimator&quot;:&quot;no&quot;,&quot;_ob_widget_stalker_use&quot;:&quot;no&quot;}\" data-widget_type=\"woocommerce-product-short-description.default\">\n<div class=\"elementor-widget-container\">\n<div class=\"woocommerce-product-details__short-description\">\n<p><em>Les produits Dacar peuvent \u00eatre achet\u00e9s en ligne ou via notre r\u00e9seau de distributeurs. N\u00b4h\u00e9sitez pas \u00e0 nous consulter votre revendeur le plus proche !<\/em><\/p>\n<\/div>\n<\/div>\n<\/div>\n<div class=\"elementor-element elementor-element-375c5fc ob-has-background-overlay elementor-widget elementor-widget-woocommerce-product-price\" data-id=\"375c5fc\" data-element_type=\"widget\" data-settings=\"{&quot;_ob_perspektive_use&quot;:&quot;no&quot;,&quot;_ob_poopart_use&quot;:&quot;yes&quot;,&quot;_ob_shadough_use&quot;:&quot;no&quot;,&quot;_ob_allow_hoveranimator&quot;:&quot;no&quot;,&quot;_ob_widget_stalker_use&quot;:&quot;no&quot;}\" data-widget_type=\"woocommerce-product-price.default\">\n<div class=\"elementor-widget-container\"><\/div>\n<\/div>\n","protected":false},"featured_media":40660,"template":"","meta":{"site-sidebar-layout":"default","site-content-layout":"default","ast-site-content-layout":"default","site-content-style":"default","site-sidebar-style":"default","ast-global-header-display":"","ast-banner-title-visibility":"","ast-main-header-display":"","ast-hfb-above-header-display":"","ast-hfb-below-header-display":"","ast-hfb-mobile-header-display":"","site-post-title":"","ast-breadcrumbs-content":"","ast-featured-img":"","footer-sml-layout":"","ast-disable-related-posts":"","theme-transparent-header-meta":"default","adv-header-id-meta":"","stick-header-meta":"default","header-above-stick-meta":"","header-main-stick-meta":"","header-below-stick-meta":"","astra-migrate-meta-layouts":"set","ast-page-background-enabled":"default","ast-page-background-meta":{"desktop":{"background-color":"","background-image":"","background-repeat":"repeat","background-position":"center center","background-size":"auto","background-attachment":"scroll","background-type":"","background-media":"","overlay-type":"","overlay-color":"","overlay-opacity":"","overlay-gradient":""},"tablet":{"background-color":"","background-image":"","background-repeat":"repeat","background-position":"center center","background-size":"auto","background-attachment":"scroll","background-type":"","background-media":"","overlay-type":"","overlay-color":"","overlay-opacity":"","overlay-gradient":""},"mobile":{"background-color":"","background-image":"","background-repeat":"repeat","background-position":"center center","background-size":"auto","background-attachment":"scroll","background-type":"","background-media":"","overlay-type":"","overlay-color":"","overlay-opacity":"","overlay-gradient":""}},"ast-content-background-meta":{"desktop":{"background-color":"var(--ast-global-color-5)","background-image":"","background-repeat":"repeat","background-position":"center center","background-size":"auto","background-attachment":"scroll","background-type":"","background-media":"","overlay-type":"","overlay-color":"","overlay-opacity":"","overlay-gradient":""},"tablet":{"background-color":"var(--ast-global-color-5)","background-image":"","background-repeat":"repeat","background-position":"center center","background-size":"auto","background-attachment":"scroll","background-type":"","background-media":"","overlay-type":"","overlay-color":"","overlay-opacity":"","overlay-gradient":""},"mobile":{"background-color":"var(--ast-global-color-5)","background-image":"","background-repeat":"repeat","background-position":"center center","background-size":"auto","background-attachment":"scroll","background-type":"","background-media":"","overlay-type":"","overlay-color":"","overlay-opacity":"","overlay-gradient":""}}},"product_brand":[],"product_cat":[940,942,939],"product_tag":[],"class_list":{"0":"post-40671","1":"product","2":"type-product","3":"status-publish","4":"has-post-thumbnail","6":"product_cat-avec-filtres-electro-optiques","7":"product_cat-dc-2-2","8":"product_cat-masques-de-soudure","9":"desktop-align-left","10":"tablet-align-left","11":"mobile-align-left","12":"ast-product-gallery-layout-horizontal-slider","13":"ast-product-single-variable","14":"ast-product-tabs-layout-horizontal","16":"first","17":"onbackorder","18":"taxable","19":"shipping-taxable","20":"purchasable","21":"product-type-variable"},"_links":{"self":[{"href":"https:\/\/dacarcomercial.com\/fr\/wp-json\/wp\/v2\/product\/40671","targetHints":{"allow":["GET"]}}],"collection":[{"href":"https:\/\/dacarcomercial.com\/fr\/wp-json\/wp\/v2\/product"}],"about":[{"href":"https:\/\/dacarcomercial.com\/fr\/wp-json\/wp\/v2\/types\/product"}],"version-history":[{"count":0,"href":"https:\/\/dacarcomercial.com\/fr\/wp-json\/wp\/v2\/product\/40671\/revisions"}],"wp:featuredmedia":[{"embeddable":true,"href":"https:\/\/dacarcomercial.com\/fr\/wp-json\/wp\/v2\/media\/40660"}],"wp:attachment":[{"href":"https:\/\/dacarcomercial.com\/fr\/wp-json\/wp\/v2\/media?parent=40671"}],"wp:term":[{"taxonomy":"product_brand","embeddable":true,"href":"https:\/\/dacarcomercial.com\/fr\/wp-json\/wp\/v2\/product_brand?post=40671"},{"taxonomy":"product_cat","embeddable":true,"href":"https:\/\/dacarcomercial.com\/fr\/wp-json\/wp\/v2\/product_cat?post=40671"},{"taxonomy":"product_tag","embeddable":true,"href":"https:\/\/dacarcomercial.com\/fr\/wp-json\/wp\/v2\/product_tag?post=40671"}],"curies":[{"name":"wp","href":"https:\/\/api.w.org\/{rel}","templated":true}]}}