{"id":40980,"date":"2022-12-09T13:36:53","date_gmt":"2022-12-09T12:36:53","guid":{"rendered":"https:\/\/dacarcomercial.com\/?post_type=product&#038;p=40980"},"modified":"2025-01-10T11:49:45","modified_gmt":"2025-01-10T10:49:45","slug":"masque-a-souder-dc-4-v999d-plus","status":"publish","type":"product","link":"https:\/\/dacarcomercial.com\/fr\/producto\/masque-a-souder-dc-4-v999d-plus\/","title":{"rendered":"Masque \u00e0 souder DC-4 V999D Plus +"},"content":{"rendered":"\t\t<div data-elementor-type=\"product-post\" data-elementor-id=\"40980\" class=\"elementor elementor-40980 elementor-40729\" data-elementor-post-type=\"product\">\n\t\t\t\t\t\t<section class=\"elementor-section elementor-top-section elementor-element elementor-element-59821819 elementor-section-boxed elementor-section-height-default elementor-section-height-default\" data-id=\"59821819\" data-element_type=\"section\" data-e-type=\"section\" data-settings=\"{&quot;jet_parallax_layout_list&quot;:[]}\">\n\t\t\t\t\t\t<div class=\"elementor-container elementor-column-gap-default\">\n\t\t\t\t\t<div class=\"elementor-column elementor-col-100 elementor-top-column elementor-element elementor-element-892442c\" data-id=\"892442c\" data-element_type=\"column\" data-e-type=\"column\">\n\t\t\t<div class=\"elementor-widget-wrap elementor-element-populated\">\n\t\t\t\t\t\t<div class=\"elementor-element elementor-element-3d0d9a40 elementor-widget elementor-widget-text-editor\" data-id=\"3d0d9a40\" data-element_type=\"widget\" data-e-type=\"widget\" data-widget_type=\"text-editor.default\">\n\t\t\t\t<div class=\"elementor-widget-container\">\n\t\t\t\t\t\t\t\t\t<h2><strong>Masque \u00e0 souder DC-4 V999D Plus +<\/strong><\/h2><p><strong>&#8211; Fonction teinte fonc\u00e9e automatique<\/strong><\/p><p>Vous d\u00e9cidez si vous souhaitez s\u00e9lectionner manuellement la teinte fonc\u00e9e ou si vous pr\u00e9f\u00e9rez la mettre en mode automatique. Le filtre \u00e9lectronique s\u00e9lectionne automatiquement la teinte fonc\u00e9e en fonction de l&rsquo;intensit\u00e9 lumineuse. Dans ce mode, vous pourrez toujours r\u00e9gler jusqu&rsquo;\u00e0 2 teintes de plus ou 2 teintes de moins afin d&rsquo;adapter la teinte pr\u00e9s\u00e9lectionn\u00e9e \u00e0 votre propre sensibilit\u00e9.<\/p><p><strong>&#8211; Fonction sensibilit\u00e9 automatique<\/strong><\/p><p>Vous alternez diff\u00e9rents types de soudure ? Peut-\u00eatre quelques fois en TIG en bas amp\u00e9rage ou parfois en MIG ou avec \u00e9lectrode ? Dans ce mode, plus besoin de r\u00e9gler \u00e0 chaque fois la sensibilit\u00e9 \u00e0 l&rsquo;arc lumineux ! Le filtre \u00e9lectronique s&rsquo;ajustera automatiquement en fonction de l&rsquo;intensit\u00e9 de la lumi\u00e8re produite par l&rsquo;arc de soudage.<\/p><p><strong>&#8211; Fonction delay automatique<\/strong><\/p><p>Dans ce mode, le filtre \u00e9lectronique calculera le temps de retour \u00e0 la teinte claire en fonction de l&rsquo;intensit\u00e9 lumineuse et de la dur\u00e9e de temps de la soudure. L&rsquo;id\u00e9e est d&rsquo;\u00e9viter les changements brusques de lumi\u00e8re pour l&rsquo;\u0153il afin d&rsquo;augmenter le confort oculaire pour r\u00e9duire la fatigue oculaire.<\/p><p><strong>&#8211; 10 m\u00e9moires<\/strong><\/p><p>Vous pouvez enregistrer jusqu&rsquo;\u00e0 10 r\u00e9glages de param\u00e8tres diff\u00e9rents en fonction du type de soudure ou des pi\u00e8ces produites. Cela vous fera gagner du temps \u00e0 chaque changement de proc\u00e9d\u00e9 de soudage.<\/p><p><strong>&#8211; Gradient<\/strong><\/p><p>Pour \u00e9viter la fatigue oculaire, ce mode permettra au filtre \u00e9lectronique de revenir progressivement \u00e0 la teinte claire une fois la soudure termin\u00e9e.<\/p><p><strong>&#8211; S\u00e9lecteur externe du mode meulage<\/strong><\/p><p>Vous pouvez utiliser votre masque de soudage non seulement pour le soudage mais aussi pour le meulage sans avoir \u00e0 retirer votre masque ou vos gants de soudage. Facile d\u00b4acc\u00e8s, situ\u00e9 sur le c\u00f4t\u00e9 gauche du casque, appuyez durant 1,0 sec., le mode est chang\u00e9 !<\/p><p><strong>&#8211; 5 capteurs ind\u00e9pendants de l\u00b4arc<\/strong><\/p><p>Pour tous types de soudage, sous tous les angles, sans risque d\u00b4\u00eatre flash\u00e9!<\/p><p><strong>&#8211; Teinte fonc\u00e9e jusqu\u00b4\u00e0 la teinte 14<\/strong><\/p><p>Valable pour les forts amp\u00e9rages<\/p><p><strong>&#8211; Alimentation<\/strong><\/p><p>Solaire+ 2 pile CR2032 rempla\u00e7able<\/p><p><strong>Et sans oublier son champ de vision XXL de 98 x 87 mm avec certification 1\/1\/1\/1 !<\/strong><\/p><p>Pour plus de confort visuel!<\/p>\t\t\t\t\t\t\t\t<\/div>\n\t\t\t\t<\/div>\n\t\t\t\t\t<\/div>\n\t\t<\/div>\n\t\t\t\t\t<\/div>\n\t\t<\/section>\n\t\t\t\t<\/div>\n\t\t","protected":false},"excerpt":{"rendered":"<p>Le champ de vision du\u00a0<strong>Masque \u00e0 souder soudage DC-4\u00a0V969D Plus +<\/strong>\u00a0vous \u00e9tonnera. Avec un champ de vision extra-large (98 x 87 mm) et une clart\u00e9 imbattable, l\u2019utilisateur b\u00e9n\u00e9ficiera d\u2019un confort optimal tout au long de la journ\u00e9e de travail.<\/p>\n<p>Le\u00a0<strong>Masque \u00e0 souder DC-4 V969D Plus +<\/strong> offre un plus grand champ de vision gr\u00e2ce \u00e0 son \u00e9cran LCD \u00e0 grande surface de 98 x 87 mm et un plus grand confort gr\u00e2ce \u00e0 son serre-t\u00eate avec Dispositif R\u00e9ducteur de Pression (DRP) et Dispositif R\u00e9partiteur de Masse (DRM).<\/p>\n<p>En outre, le filtre \u00e9lectronique V969D PLUS+ avec affichage et r\u00e9glages num\u00e9riques ajoute de nouvelles fonctions qui faciliteront votre travail quotidien :<\/p>\n<ul>\n<li><strong>Fonction teinte fonc\u00e9e automatique<\/strong><\/li>\n<li><strong>Fonction sensibilit\u00e9 automatique<\/strong><\/li>\n<li><strong>Fonction delay automatique<\/strong><\/li>\n<li><strong>10 m\u00e9moires<\/strong><\/li>\n<li><strong>Gradient<\/strong><\/li>\n<li><strong>S\u00e9lecteur externe du mode meulage<\/strong><\/li>\n<li><strong>5 capteurs ind\u00e9pendants de l\u00b4arc<\/strong><\/li>\n<li><strong>Teinte fonc\u00e9e jusqu\u00b4\u00e0 la teinte 14<\/strong><\/li>\n<\/ul>\n<div class=\"elementor-element elementor-element-166c857 ob-has-background-overlay elementor-widget elementor-widget-woocommerce-product-short-description\" data-id=\"166c857\" data-element_type=\"widget\" data-settings=\"{&quot;_ob_perspektive_use&quot;:&quot;no&quot;,&quot;_ob_poopart_use&quot;:&quot;yes&quot;,&quot;_ob_shadough_use&quot;:&quot;no&quot;,&quot;_ob_allow_hoveranimator&quot;:&quot;no&quot;,&quot;_ob_widget_stalker_use&quot;:&quot;no&quot;}\" data-widget_type=\"woocommerce-product-short-description.default\">\n<div class=\"elementor-widget-container\">\n<div class=\"woocommerce-product-details__short-description\">\n<p><em>Les produits Dacar peuvent \u00eatre achet\u00e9s en ligne ou via notre r\u00e9seau de distributeurs. N\u00b4h\u00e9sitez pas \u00e0 nous consulter votre revendeur le plus proche !<\/em><\/p>\n<\/div>\n<\/div>\n<\/div>\n","protected":false},"featured_media":40737,"template":"","meta":{"site-sidebar-layout":"default","site-content-layout":"default","ast-site-content-layout":"default","site-content-style":"default","site-sidebar-style":"default","ast-global-header-display":"","ast-banner-title-visibility":"","ast-main-header-display":"","ast-hfb-above-header-display":"","ast-hfb-below-header-display":"","ast-hfb-mobile-header-display":"","site-post-title":"","ast-breadcrumbs-content":"","ast-featured-img":"","footer-sml-layout":"","ast-disable-related-posts":"","theme-transparent-header-meta":"default","adv-header-id-meta":"","stick-header-meta":"default","header-above-stick-meta":"","header-main-stick-meta":"","header-below-stick-meta":"","astra-migrate-meta-layouts":"set","ast-page-background-enabled":"default","ast-page-background-meta":{"desktop":{"background-color":"","background-image":"","background-repeat":"repeat","background-position":"center center","background-size":"auto","background-attachment":"scroll","background-type":"","background-media":"","overlay-type":"","overlay-color":"","overlay-opacity":"","overlay-gradient":""},"tablet":{"background-color":"","background-image":"","background-repeat":"repeat","background-position":"center center","background-size":"auto","background-attachment":"scroll","background-type":"","background-media":"","overlay-type":"","overlay-color":"","overlay-opacity":"","overlay-gradient":""},"mobile":{"background-color":"","background-image":"","background-repeat":"repeat","background-position":"center center","background-size":"auto","background-attachment":"scroll","background-type":"","background-media":"","overlay-type":"","overlay-color":"","overlay-opacity":"","overlay-gradient":""}},"ast-content-background-meta":{"desktop":{"background-color":"var(--ast-global-color-5)","background-image":"","background-repeat":"repeat","background-position":"center center","background-size":"auto","background-attachment":"scroll","background-type":"","background-media":"","overlay-type":"","overlay-color":"","overlay-opacity":"","overlay-gradient":""},"tablet":{"background-color":"var(--ast-global-color-5)","background-image":"","background-repeat":"repeat","background-position":"center center","background-size":"auto","background-attachment":"scroll","background-type":"","background-media":"","overlay-type":"","overlay-color":"","overlay-opacity":"","overlay-gradient":""},"mobile":{"background-color":"var(--ast-global-color-5)","background-image":"","background-repeat":"repeat","background-position":"center center","background-size":"auto","background-attachment":"scroll","background-type":"","background-media":"","overlay-type":"","overlay-color":"","overlay-opacity":"","overlay-gradient":""}}},"product_brand":[],"product_cat":[940,945,939],"product_tag":[],"class_list":{"0":"post-40980","1":"product","2":"type-product","3":"status-publish","4":"has-post-thumbnail","6":"product_cat-avec-filtres-electro-optiques","7":"product_cat-dc-4-2","8":"product_cat-masques-de-soudure","9":"desktop-align-left","10":"tablet-align-left","11":"mobile-align-left","12":"ast-product-gallery-layout-horizontal-slider","13":"ast-product-tabs-layout-horizontal","15":"first","16":"instock","17":"taxable","18":"shipping-taxable","19":"purchasable","20":"product-type-simple"},"_links":{"self":[{"href":"https:\/\/dacarcomercial.com\/fr\/wp-json\/wp\/v2\/product\/40980","targetHints":{"allow":["GET"]}}],"collection":[{"href":"https:\/\/dacarcomercial.com\/fr\/wp-json\/wp\/v2\/product"}],"about":[{"href":"https:\/\/dacarcomercial.com\/fr\/wp-json\/wp\/v2\/types\/product"}],"version-history":[{"count":0,"href":"https:\/\/dacarcomercial.com\/fr\/wp-json\/wp\/v2\/product\/40980\/revisions"}],"wp:featuredmedia":[{"embeddable":true,"href":"https:\/\/dacarcomercial.com\/fr\/wp-json\/wp\/v2\/media\/40737"}],"wp:attachment":[{"href":"https:\/\/dacarcomercial.com\/fr\/wp-json\/wp\/v2\/media?parent=40980"}],"wp:term":[{"taxonomy":"product_brand","embeddable":true,"href":"https:\/\/dacarcomercial.com\/fr\/wp-json\/wp\/v2\/product_brand?post=40980"},{"taxonomy":"product_cat","embeddable":true,"href":"https:\/\/dacarcomercial.com\/fr\/wp-json\/wp\/v2\/product_cat?post=40980"},{"taxonomy":"product_tag","embeddable":true,"href":"https:\/\/dacarcomercial.com\/fr\/wp-json\/wp\/v2\/product_tag?post=40980"}],"curies":[{"name":"wp","href":"https:\/\/api.w.org\/{rel}","templated":true}]}}