{"id":41169,"date":"2023-01-30T10:30:34","date_gmt":"2023-01-30T09:30:34","guid":{"rendered":"https:\/\/dacarcomercial.com\/?post_type=product&#038;p=41169"},"modified":"2024-04-10T11:07:51","modified_gmt":"2024-04-10T09:07:51","slug":"defender-500","status":"publish","type":"product","link":"https:\/\/dacarcomercial.com\/fr\/producto\/defender-500\/","title":{"rendered":"Defender 500"},"content":{"rendered":"<h2><strong>Caract\u00e9ristiques Defender 500 \u2013 0,4 mm:<\/strong><\/h2>\n<ul>\n<li>Avec 10 lani\u00e8res de 470 x 0,4 mm et 31 anneaux<\/li>\n<li>Lani\u00e8res disponibles en orange (OR), bronze (FE), vert (R6) ou vert fonc\u00e9 (R9)<\/li>\n<li>Hauteur 1970 x largeur 4100 mm<\/li>\n<li>Partie centrale de 1960 mm et 2 bras de 1070 mm<\/li>\n<li>Barre stabilisatrice inf\u00e9rieure<\/li>\n<li>Inclues, 4 roues r\u00e9glables en hauteur, 2 avec freins<\/li>\n<li>Hauteur libre des lani\u00e8res : 320 mm<\/li>\n<li>Poids brut de 27,7 kilogrammes<\/li>\n<\/ul>\n<h2>Caract\u00e9ristiques Defender 500 \u2013 rideau:<\/h2>\n<ul>\n<li>Avec 3 rideaux de 1400 de large x 1600 mm de haut x 0,4 mm et 18 anneaux<\/li>\n<li>Rideaux disponibles en orange (OR), bronze (FE), vert (R6) ou vert fonc\u00e9 (R9)<\/li>\n<li>Hauteur 1970 x largeur 4100 mm<\/li>\n<li>Partie centrale de 1960 mm et 2 bras de 1070 mm<\/li>\n<li>Barre stabilisatrice inf\u00e9rieure<\/li>\n<li>Inclues, 4 roues r\u00e9glables en hauteur, 2 avec freins<\/li>\n<li>Hauteur libre des rideaux : 320 mm<\/li>\n<li>Poids brut de 29,7 kilogrammes<\/li>\n<\/ul>\n<h2><strong>Caract\u00e9ristiques Defender 500 \u2013 1mm:<\/strong><\/h2>\n<ul>\n<li>Avec 8 lani\u00e8res de 570 x 1 mm et 26 anneaux<\/li>\n<li>Lani\u00e8res disponibles en orange (OR), bronze (FE) ou vert (R6)<\/li>\n<li>Hauteur 1970 x largeur 4100 mm<\/li>\n<li>Partie centrale de 1960 et 2 bras de 1070 mm<\/li>\n<li>Barre stabilisatrice inf\u00e9rieure<\/li>\n<li>Inclues, 4 roues r\u00e9glables en hauteur, 2 avec freins<\/li>\n<li>Hauteur libre des lani\u00e8res : 320 mm<\/li>\n<li>Poids brut de 29,7 kilogrammes<\/li>\n<\/ul>\n","protected":false},"excerpt":{"rendered":"<p>\u00c9cran de 1,95 m de haut et 4,10 m de large compos\u00e9 d\u2019un corps central de 1,96 m de large et de 2 bras rotatifs de 1,07 m.<\/p>\n<p>Le Defender 500 est id\u00e9al pour s\u00e9parer le soudeur de son environnement, les rideaux ou lani\u00e8res qu\u2019il \u00e9quipe filtrent la lumi\u00e8re nocive du soudage et emp\u00eachent les projections de sortir de la zone de soudage. Ils sont certifi\u00e9s selon la norme ISO 25980. Structure en acier \u00e0 double poteau pour une plus grande rigidit\u00e9 et \u00e9quip\u00e9s de 4 roues (2 avec freins) pour faciliter le d\u00e9placement.<\/p>\n<p><strong> Disponible en 3 versions:<\/strong><\/p>\n<ul>\n<li><strong>Avec 10 lani\u00e8res de G 0,4 x 1600 x 470 mm<\/strong>, <strong><span style=\"font-size: 16px;\">disponibles en orange (OR), bronze (FE), vert (R6) et vert fonc\u00e9 (R9).<\/span><\/strong><\/li>\n<li><span style=\"font-size: 16px;\"><strong>Avec 3 rideaux<\/strong> <strong>de G 0,4 x 1600 x 1400 mm, disponibles en orange (OR), bronze (FE), vert fonc\u00e9 (R9) et vert (R6).<\/strong><\/span><\/li>\n<li><span style=\"font-size: 16px;\"><strong>Avec 8 lani\u00e8res<\/strong> <strong>de G 1,0 x 1600 x 570 mm, disponibles en orange (OR), bronze (FE) et vert (R6).<\/strong><\/span><\/li>\n<\/ul>\n<p><em>Les produits Dacar peuvent \u00eatre achet\u00e9s en ligne ou via notre r\u00e9seau de distributeurs. N\u00b4h\u00e9sitez pas \u00e0 nous consulter votre revendeur le plus proche!<\/em><\/p>\n","protected":false},"featured_media":41296,"template":"","meta":{"site-sidebar-layout":"default","site-content-layout":"default","ast-site-content-layout":"default","site-content-style":"default","site-sidebar-style":"default","ast-global-header-display":"","ast-banner-title-visibility":"","ast-main-header-display":"","ast-hfb-above-header-display":"","ast-hfb-below-header-display":"","ast-hfb-mobile-header-display":"","site-post-title":"","ast-breadcrumbs-content":"","ast-featured-img":"","footer-sml-layout":"","ast-disable-related-posts":"","theme-transparent-header-meta":"default","adv-header-id-meta":"","stick-header-meta":"default","header-above-stick-meta":"","header-main-stick-meta":"","header-below-stick-meta":"","astra-migrate-meta-layouts":"set","ast-page-background-enabled":"default","ast-page-background-meta":{"desktop":{"background-color":"","background-image":"","background-repeat":"repeat","background-position":"center center","background-size":"auto","background-attachment":"scroll","background-type":"","background-media":"","overlay-type":"","overlay-color":"","overlay-opacity":"","overlay-gradient":""},"tablet":{"background-color":"","background-image":"","background-repeat":"repeat","background-position":"center center","background-size":"auto","background-attachment":"scroll","background-type":"","background-media":"","overlay-type":"","overlay-color":"","overlay-opacity":"","overlay-gradient":""},"mobile":{"background-color":"","background-image":"","background-repeat":"repeat","background-position":"center center","background-size":"auto","background-attachment":"scroll","background-type":"","background-media":"","overlay-type":"","overlay-color":"","overlay-opacity":"","overlay-gradient":""}},"ast-content-background-meta":{"desktop":{"background-color":"var(--ast-global-color-5)","background-image":"","background-repeat":"repeat","background-position":"center center","background-size":"auto","background-attachment":"scroll","background-type":"","background-media":"","overlay-type":"","overlay-color":"","overlay-opacity":"","overlay-gradient":""},"tablet":{"background-color":"var(--ast-global-color-5)","background-image":"","background-repeat":"repeat","background-position":"center center","background-size":"auto","background-attachment":"scroll","background-type":"","background-media":"","overlay-type":"","overlay-color":"","overlay-opacity":"","overlay-gradient":""},"mobile":{"background-color":"var(--ast-global-color-5)","background-image":"","background-repeat":"repeat","background-position":"center center","background-size":"auto","background-attachment":"scroll","background-type":"","background-media":"","overlay-type":"","overlay-color":"","overlay-opacity":"","overlay-gradient":""}}},"product_brand":[],"product_cat":[938,935],"product_tag":[],"class_list":{"0":"post-41169","1":"product","2":"type-product","3":"status-publish","4":"has-post-thumbnail","6":"product_cat-ecrans-mobiles","7":"product_cat-rideaux-lames-ecrans","8":"desktop-align-left","9":"tablet-align-left","10":"mobile-align-left","11":"ast-product-gallery-layout-horizontal-slider","12":"ast-product-single-variable","13":"ast-product-tabs-layout-horizontal","15":"first","16":"instock","17":"taxable","18":"shipping-taxable","19":"purchasable","20":"product-type-variable"},"_links":{"self":[{"href":"https:\/\/dacarcomercial.com\/fr\/wp-json\/wp\/v2\/product\/41169","targetHints":{"allow":["GET"]}}],"collection":[{"href":"https:\/\/dacarcomercial.com\/fr\/wp-json\/wp\/v2\/product"}],"about":[{"href":"https:\/\/dacarcomercial.com\/fr\/wp-json\/wp\/v2\/types\/product"}],"version-history":[{"count":0,"href":"https:\/\/dacarcomercial.com\/fr\/wp-json\/wp\/v2\/product\/41169\/revisions"}],"wp:featuredmedia":[{"embeddable":true,"href":"https:\/\/dacarcomercial.com\/fr\/wp-json\/wp\/v2\/media\/41296"}],"wp:attachment":[{"href":"https:\/\/dacarcomercial.com\/fr\/wp-json\/wp\/v2\/media?parent=41169"}],"wp:term":[{"taxonomy":"product_brand","embeddable":true,"href":"https:\/\/dacarcomercial.com\/fr\/wp-json\/wp\/v2\/product_brand?post=41169"},{"taxonomy":"product_cat","embeddable":true,"href":"https:\/\/dacarcomercial.com\/fr\/wp-json\/wp\/v2\/product_cat?post=41169"},{"taxonomy":"product_tag","embeddable":true,"href":"https:\/\/dacarcomercial.com\/fr\/wp-json\/wp\/v2\/product_tag?post=41169"}],"curies":[{"name":"wp","href":"https:\/\/api.w.org\/{rel}","templated":true}]}}