{"id":41183,"date":"2023-01-30T10:30:18","date_gmt":"2023-01-30T09:30:18","guid":{"rendered":"https:\/\/dacarcomercial.com\/?post_type=product&#038;p=41183"},"modified":"2024-04-23T10:52:23","modified_gmt":"2024-04-23T08:52:23","slug":"defender-400","status":"publish","type":"product","link":"https:\/\/dacarcomercial.com\/fr\/producto\/defender-400\/","title":{"rendered":"Defender 400"},"content":{"rendered":"<h2><strong>Caract\u00e9ristiques du Defender 400 :<\/strong><\/h2>\n<ul>\n<li>Avec 5 lani\u00e8res de 470 X 0,4 mm et 16 anneaux<\/li>\n<li>Lani\u00e8res disponibles en orange (OR), bronze (FE) ou vert fonc\u00e9 (R9)<\/li>\n<li>Hauteur 1970 X largeur 1960 mm<\/li>\n<li>Poteaux doubles avec tubes de 32 mm de diam\u00e8tre<\/li>\n<li>Barre stabilisatrice inf\u00e9rieure<\/li>\n<li>Comprend 4 roues r\u00e9glables en hauteur, dont deux avec freins.<\/li>\n<li>Hauteur libre des lani\u00e8res : 320 mm<\/li>\n<li>Poids brut de 24 kilogrammes<\/li>\n<\/ul>\n","protected":false},"excerpt":{"rendered":"<p>\u00c9cran 1,96 m de large x 1,95 m de haut \u00e9quip\u00e9 de 5 lani\u00e8res de G 0,4 x 1600 x 470 mm pour s\u00e9parer le soudeur de son environnement. Les lani\u00e8res filtrent la lumi\u00e8re nocive de la soudure et emp\u00eachent les \u00e9claboussures de quitter la zone de soudure. Elles sont certifi\u00e9s selon la norme ISO 25980.<\/p>\n<p>La structure du Defender 400 est en acier avec des doubles poteaux pour une plus grande rigidit\u00e9 et \u00e9quipe 4 roues (2 avec freins) pour faciliter les d\u00e9placements.<\/p>\n<p><strong>Disponible avec des lani\u00e8res orange (OR), bronze (FE) ou vert fonc\u00e9 (R9)<\/strong><\/p>\n<p><em>Les produits Dacar peuvent \u00eatre achet\u00e9s en ligne ou via notre r\u00e9seau de distributeurs. N\u00b4h\u00e9sitez pas \u00e0 nous consulter votre revendeur le plus proche!<\/em><\/p>\n","protected":false},"featured_media":41300,"template":"","meta":{"site-sidebar-layout":"default","site-content-layout":"default","ast-site-content-layout":"default","site-content-style":"default","site-sidebar-style":"default","ast-global-header-display":"","ast-banner-title-visibility":"","ast-main-header-display":"","ast-hfb-above-header-display":"","ast-hfb-below-header-display":"","ast-hfb-mobile-header-display":"","site-post-title":"","ast-breadcrumbs-content":"","ast-featured-img":"","footer-sml-layout":"","ast-disable-related-posts":"","theme-transparent-header-meta":"default","adv-header-id-meta":"","stick-header-meta":"default","header-above-stick-meta":"","header-main-stick-meta":"","header-below-stick-meta":"","astra-migrate-meta-layouts":"default","ast-page-background-enabled":"default","ast-page-background-meta":{"desktop":{"background-color":"","background-image":"","background-repeat":"repeat","background-position":"center center","background-size":"auto","background-attachment":"scroll","background-type":"","background-media":"","overlay-type":"","overlay-color":"","overlay-opacity":"","overlay-gradient":""},"tablet":{"background-color":"","background-image":"","background-repeat":"repeat","background-position":"center center","background-size":"auto","background-attachment":"scroll","background-type":"","background-media":"","overlay-type":"","overlay-color":"","overlay-opacity":"","overlay-gradient":""},"mobile":{"background-color":"","background-image":"","background-repeat":"repeat","background-position":"center center","background-size":"auto","background-attachment":"scroll","background-type":"","background-media":"","overlay-type":"","overlay-color":"","overlay-opacity":"","overlay-gradient":""}},"ast-content-background-meta":{"desktop":{"background-color":"var(--ast-global-color-5)","background-image":"","background-repeat":"repeat","background-position":"center center","background-size":"auto","background-attachment":"scroll","background-type":"","background-media":"","overlay-type":"","overlay-color":"","overlay-opacity":"","overlay-gradient":""},"tablet":{"background-color":"var(--ast-global-color-5)","background-image":"","background-repeat":"repeat","background-position":"center center","background-size":"auto","background-attachment":"scroll","background-type":"","background-media":"","overlay-type":"","overlay-color":"","overlay-opacity":"","overlay-gradient":""},"mobile":{"background-color":"var(--ast-global-color-5)","background-image":"","background-repeat":"repeat","background-position":"center center","background-size":"auto","background-attachment":"scroll","background-type":"","background-media":"","overlay-type":"","overlay-color":"","overlay-opacity":"","overlay-gradient":""}}},"product_brand":[],"product_cat":[938,935],"product_tag":[],"class_list":{"0":"post-41183","1":"product","2":"type-product","3":"status-publish","4":"has-post-thumbnail","6":"product_cat-ecrans-mobiles","7":"product_cat-rideaux-lames-ecrans","8":"desktop-align-left","9":"tablet-align-left","10":"mobile-align-left","11":"ast-product-gallery-layout-horizontal-slider","12":"ast-product-gallery-with-no-image","13":"ast-product-single-variable","14":"ast-product-tabs-layout-horizontal","16":"first","17":"instock","18":"taxable","19":"shipping-taxable","20":"purchasable","21":"product-type-variable"},"_links":{"self":[{"href":"https:\/\/dacarcomercial.com\/fr\/wp-json\/wp\/v2\/product\/41183","targetHints":{"allow":["GET"]}}],"collection":[{"href":"https:\/\/dacarcomercial.com\/fr\/wp-json\/wp\/v2\/product"}],"about":[{"href":"https:\/\/dacarcomercial.com\/fr\/wp-json\/wp\/v2\/types\/product"}],"version-history":[{"count":0,"href":"https:\/\/dacarcomercial.com\/fr\/wp-json\/wp\/v2\/product\/41183\/revisions"}],"wp:featuredmedia":[{"embeddable":true,"href":"https:\/\/dacarcomercial.com\/fr\/wp-json\/wp\/v2\/media\/41300"}],"wp:attachment":[{"href":"https:\/\/dacarcomercial.com\/fr\/wp-json\/wp\/v2\/media?parent=41183"}],"wp:term":[{"taxonomy":"product_brand","embeddable":true,"href":"https:\/\/dacarcomercial.com\/fr\/wp-json\/wp\/v2\/product_brand?post=41183"},{"taxonomy":"product_cat","embeddable":true,"href":"https:\/\/dacarcomercial.com\/fr\/wp-json\/wp\/v2\/product_cat?post=41183"},{"taxonomy":"product_tag","embeddable":true,"href":"https:\/\/dacarcomercial.com\/fr\/wp-json\/wp\/v2\/product_tag?post=41183"}],"curies":[{"name":"wp","href":"https:\/\/api.w.org\/{rel}","templated":true}]}}