{"id":41210,"date":"2023-01-19T13:50:59","date_gmt":"2023-01-19T12:50:59","guid":{"rendered":"https:\/\/dacarcomercial.com\/?post_type=product&#038;p=41210"},"modified":"2024-04-23T14:38:37","modified_gmt":"2024-04-23T12:38:37","slug":"defender-300","status":"publish","type":"product","link":"https:\/\/dacarcomercial.com\/fr\/producto\/defender-300\/","title":{"rendered":"Defender 300"},"content":{"rendered":"<h2><strong>Caract\u00e9ristiques Defender 300 \u2013 0,4 mm :<\/strong><\/h2>\n<ul>\n<li>Avec 5 lani\u00e8res de 1600 x 470 x 0,4 mm et 16 anneaux<\/li>\n<li>Lani\u00e8res disponibles en orange (OR), bronze (FE) ou vert fonc\u00e9 (R9)<\/li>\n<li>Hauteur 1900 x largeur 2065 mm<\/li>\n<li>Hauteur libre des lani\u00e8res : 280 mm<\/li>\n<li>Poteaux avec tubes de 32 mm de diam\u00e8tre<\/li>\n<li>Barre stabilisatrice inf\u00e9rieure et coins moul\u00e9s pour plus de rigidit\u00e9<\/li>\n<li>Poids brut de 10,5 kilogrammes<\/li>\n<\/ul>\n<h2><strong>Caract\u00e9ristiques Defender 300 \u2013 1mm :<\/strong><\/h2>\n<ul>\n<li>Avec 4 lani\u00e8res de 1600 x 570 x 1 mm et 13 anneaux<\/li>\n<li>Lani\u00e8res disponibles en orange (OR), bronze (FE) ou vert (R6)<\/li>\n<li>Hauteur 1900 x 2065 mm<\/li>\n<li>Hauteur libre des lani\u00e8res : 280 mm<\/li>\n<li>Poteaux avec tubes de 32 mm de diam\u00e8tre<\/li>\n<li>Barre stabilisatrice inf\u00e9rieure et coins moul\u00e9s pour plus de rigidit\u00e9<\/li>\n<li>Poids brut de 12 kilogrammes<\/li>\n<\/ul>\n","protected":false},"excerpt":{"rendered":"<p>\u00c9cran de 2,07 m\u00e8tres de large x 1,95 m\u00e8tres de haut \u00e9quip\u00e9 de lani\u00e8res pour s\u00e9parer le soudeur de son environnement. Les lani\u00e8res filtrent la lumi\u00e8re nocive de la soudure et emp\u00eachent les \u00e9claboussures de quitter la zone de soudure. Elles sont certifi\u00e9s selon la norme ISO 25980.<\/p>\n<p>Avec des coins moul\u00e9s et un cadre en acier, le Defender 300 offre une grande rigidit\u00e9. En raison de son poids contenu, il peut \u00eatre d\u00e9plac\u00e9 selon les besoins du moment. La conception de ses pieds permet de placer 2 structures \u00e0 angle droit pour former une cabine.<\/p>\n<p><strong>Disponible en deux versions :<\/strong><\/p>\n<p><strong>Defender 300 \u2013 0,4 mm<\/strong> avec 5 lani\u00e8res de 1600 x 470 x 0,4 mm et 16 anneaux. 1900 de haut par 2065 de large.<\/p>\n<p><strong>Defender 300 \u2013 1 mm<\/strong> avec 4 lani\u00e8res de 1600 x 570 x 1 mm et 13 anneaux. 1900 de haut par 2065 de large.<\/p>\n<div class=\"elementor-element elementor-element-166c857 ob-has-background-overlay elementor-widget elementor-widget-woocommerce-product-short-description\" data-id=\"166c857\" data-element_type=\"widget\" data-settings=\"{\"_ob_perspektive_use\":\"no\",\"_ob_poopart_use\":\"yes\",\"_ob_shadough_use\":\"no\",\"_ob_allow_hoveranimator\":\"no\",\"_ob_widget_stalker_use\":\"no\"}\" data-widget_type=\"woocommerce-product-short-description.default\">\n<div class=\"elementor-widget-container\">\n<div class=\"woocommerce-product-details__short-description\">\n<div class=\"elementor-element elementor-element-166c857 ob-has-background-overlay elementor-widget elementor-widget-woocommerce-product-short-description\" data-id=\"166c857\" data-element_type=\"widget\" data-settings=\"{\"_ob_perspektive_use\":\"no\",\"_ob_poopart_use\":\"yes\",\"_ob_shadough_use\":\"no\",\"_ob_allow_hoveranimator\":\"no\",\"_ob_widget_stalker_use\":\"no\"}\" data-widget_type=\"woocommerce-product-short-description.default\">\n<div class=\"elementor-widget-container\">\n<div class=\"woocommerce-product-details__short-description\">\n<p><em>Les produits Dacar peuvent \u00eatre achet\u00e9s en ligne ou via notre r\u00e9seau de distributeurs. N\u00b4h\u00e9sitez pas \u00e0 nous consulter votre revendeur le plus proche!<\/em><\/p>\n<\/div>\n<\/div>\n<\/div>\n<\/div>\n<\/div>\n<\/div>\n","protected":false},"featured_media":41293,"template":"","meta":{"site-sidebar-layout":"default","site-content-layout":"default","ast-site-content-layout":"default","site-content-style":"default","site-sidebar-style":"default","ast-global-header-display":"","ast-banner-title-visibility":"","ast-main-header-display":"","ast-hfb-above-header-display":"","ast-hfb-below-header-display":"","ast-hfb-mobile-header-display":"","site-post-title":"","ast-breadcrumbs-content":"","ast-featured-img":"","footer-sml-layout":"","ast-disable-related-posts":"","theme-transparent-header-meta":"default","adv-header-id-meta":"","stick-header-meta":"default","header-above-stick-meta":"","header-main-stick-meta":"","header-below-stick-meta":"","astra-migrate-meta-layouts":"default","ast-page-background-enabled":"default","ast-page-background-meta":{"desktop":{"background-color":"","background-image":"","background-repeat":"repeat","background-position":"center center","background-size":"auto","background-attachment":"scroll","background-type":"","background-media":"","overlay-type":"","overlay-color":"","overlay-opacity":"","overlay-gradient":""},"tablet":{"background-color":"","background-image":"","background-repeat":"repeat","background-position":"center center","background-size":"auto","background-attachment":"scroll","background-type":"","background-media":"","overlay-type":"","overlay-color":"","overlay-opacity":"","overlay-gradient":""},"mobile":{"background-color":"","background-image":"","background-repeat":"repeat","background-position":"center center","background-size":"auto","background-attachment":"scroll","background-type":"","background-media":"","overlay-type":"","overlay-color":"","overlay-opacity":"","overlay-gradient":""}},"ast-content-background-meta":{"desktop":{"background-color":"var(--ast-global-color-5)","background-image":"","background-repeat":"repeat","background-position":"center center","background-size":"auto","background-attachment":"scroll","background-type":"","background-media":"","overlay-type":"","overlay-color":"","overlay-opacity":"","overlay-gradient":""},"tablet":{"background-color":"var(--ast-global-color-5)","background-image":"","background-repeat":"repeat","background-position":"center center","background-size":"auto","background-attachment":"scroll","background-type":"","background-media":"","overlay-type":"","overlay-color":"","overlay-opacity":"","overlay-gradient":""},"mobile":{"background-color":"var(--ast-global-color-5)","background-image":"","background-repeat":"repeat","background-position":"center center","background-size":"auto","background-attachment":"scroll","background-type":"","background-media":"","overlay-type":"","overlay-color":"","overlay-opacity":"","overlay-gradient":""}}},"product_brand":[],"product_cat":[938,935],"product_tag":[],"class_list":{"0":"post-41210","1":"product","2":"type-product","3":"status-publish","4":"has-post-thumbnail","6":"product_cat-ecrans-mobiles","7":"product_cat-rideaux-lames-ecrans","8":"desktop-align-left","9":"tablet-align-left","10":"mobile-align-left","11":"ast-product-gallery-layout-horizontal-slider","12":"ast-product-single-variable","13":"ast-product-tabs-layout-horizontal","15":"first","16":"instock","17":"taxable","18":"shipping-taxable","19":"purchasable","20":"product-type-variable"},"_links":{"self":[{"href":"https:\/\/dacarcomercial.com\/fr\/wp-json\/wp\/v2\/product\/41210","targetHints":{"allow":["GET"]}}],"collection":[{"href":"https:\/\/dacarcomercial.com\/fr\/wp-json\/wp\/v2\/product"}],"about":[{"href":"https:\/\/dacarcomercial.com\/fr\/wp-json\/wp\/v2\/types\/product"}],"version-history":[{"count":0,"href":"https:\/\/dacarcomercial.com\/fr\/wp-json\/wp\/v2\/product\/41210\/revisions"}],"wp:featuredmedia":[{"embeddable":true,"href":"https:\/\/dacarcomercial.com\/fr\/wp-json\/wp\/v2\/media\/41293"}],"wp:attachment":[{"href":"https:\/\/dacarcomercial.com\/fr\/wp-json\/wp\/v2\/media?parent=41210"}],"wp:term":[{"taxonomy":"product_brand","embeddable":true,"href":"https:\/\/dacarcomercial.com\/fr\/wp-json\/wp\/v2\/product_brand?post=41210"},{"taxonomy":"product_cat","embeddable":true,"href":"https:\/\/dacarcomercial.com\/fr\/wp-json\/wp\/v2\/product_cat?post=41210"},{"taxonomy":"product_tag","embeddable":true,"href":"https:\/\/dacarcomercial.com\/fr\/wp-json\/wp\/v2\/product_tag?post=41210"}],"curies":[{"name":"wp","href":"https:\/\/api.w.org\/{rel}","templated":true}]}}