{"id":41220,"date":"2023-01-19T12:52:11","date_gmt":"2023-01-19T11:52:11","guid":{"rendered":"https:\/\/dacarcomercial.com\/?post_type=product&#038;p=41220"},"modified":"2023-01-30T10:38:10","modified_gmt":"2023-01-30T09:38:10","slug":"defender-200","status":"publish","type":"product","link":"https:\/\/dacarcomercial.com\/fr\/producto\/defender-200\/","title":{"rendered":"Defender 200"},"content":{"rendered":"<h3>Caract\u00e9ristiques du Defender 200\u00a0:<\/h3>\n<ul>\n<li>Avec rideau tendu Transarc orange (OR) 1600 x 1400 x 0,4 mm<\/li>\n<li>Hauteur 1900 X largeur 1475 mm<\/li>\n<li>Hauteur libre du rideau 320 mm<\/li>\n<li>Poteaux avec tubes de 32 mm de diam\u00e8tre<\/li>\n<li>Barre stabilisatrice inf\u00e9rieure et coins moul\u00e9s pour plus de rigidit\u00e9<\/li>\n<li>Poids brut de 9,6 kilogrammes<\/li>\n<\/ul>\n","protected":false},"excerpt":{"rendered":"<p>Construit avec un cadre solide et stable de 1,9 m de haut x 1,47 m de large, le <strong>Defender 200<\/strong> est \u00e9quip\u00e9 d&rsquo;un rideau pour s\u00e9parer le soudeur de son environnement. Ce rideau est capable de filtrer la lumi\u00e8re nocive \u00e9mise lors du processus de soudage et emp\u00eache les projections de quitter la zone de soudage. Il est certifi\u00e9 selon la norme ISO 25980.<\/p>\n<p>Le Defender 200 offre une grande robustesse gr\u00e2ce \u00e0 ses coins moul\u00e9s et sa structure en acier avec des poteaux de 32 millim\u00e8tres de diam\u00e8tre.<\/p>\n<p>Le Defender 200 peut \u00eatre d\u00e9plac\u00e9 dans l&rsquo;atelier sans aucun probl\u00e8me, car son poids est inf\u00e9rieur \u00e0 10 kilogrammes. La conception de ses pieds permet de placer 2 structures \u00e0 angle droit pour former une cabine.<\/p>\n<p><em>Les produits Dacar peuvent \u00eatre achet\u00e9s en ligne ou via notre r\u00e9seau de distributeurs, n\u00b4h\u00e9sitez pas \u00e0 nous consulter votre distributeur le plus proche !<\/em><\/p>\n","protected":false},"featured_media":41290,"template":"","meta":{"site-sidebar-layout":"default","site-content-layout":"default","ast-site-content-layout":"default","site-content-style":"default","site-sidebar-style":"default","ast-global-header-display":"","ast-banner-title-visibility":"","ast-main-header-display":"","ast-hfb-above-header-display":"","ast-hfb-below-header-display":"","ast-hfb-mobile-header-display":"","site-post-title":"","ast-breadcrumbs-content":"","ast-featured-img":"","footer-sml-layout":"","ast-disable-related-posts":"","theme-transparent-header-meta":"default","adv-header-id-meta":"","stick-header-meta":"default","header-above-stick-meta":"","header-main-stick-meta":"","header-below-stick-meta":"","astra-migrate-meta-layouts":"default","ast-page-background-enabled":"default","ast-page-background-meta":{"desktop":{"background-color":"","background-image":"","background-repeat":"repeat","background-position":"center center","background-size":"auto","background-attachment":"scroll","background-type":"","background-media":"","overlay-type":"","overlay-color":"","overlay-opacity":"","overlay-gradient":""},"tablet":{"background-color":"","background-image":"","background-repeat":"repeat","background-position":"center center","background-size":"auto","background-attachment":"scroll","background-type":"","background-media":"","overlay-type":"","overlay-color":"","overlay-opacity":"","overlay-gradient":""},"mobile":{"background-color":"","background-image":"","background-repeat":"repeat","background-position":"center center","background-size":"auto","background-attachment":"scroll","background-type":"","background-media":"","overlay-type":"","overlay-color":"","overlay-opacity":"","overlay-gradient":""}},"ast-content-background-meta":{"desktop":{"background-color":"var(--ast-global-color-5)","background-image":"","background-repeat":"repeat","background-position":"center center","background-size":"auto","background-attachment":"scroll","background-type":"","background-media":"","overlay-type":"","overlay-color":"","overlay-opacity":"","overlay-gradient":""},"tablet":{"background-color":"var(--ast-global-color-5)","background-image":"","background-repeat":"repeat","background-position":"center center","background-size":"auto","background-attachment":"scroll","background-type":"","background-media":"","overlay-type":"","overlay-color":"","overlay-opacity":"","overlay-gradient":""},"mobile":{"background-color":"var(--ast-global-color-5)","background-image":"","background-repeat":"repeat","background-position":"center center","background-size":"auto","background-attachment":"scroll","background-type":"","background-media":"","overlay-type":"","overlay-color":"","overlay-opacity":"","overlay-gradient":""}}},"product_brand":[],"product_cat":[938,935],"product_tag":[],"class_list":{"0":"post-41220","1":"product","2":"type-product","3":"status-publish","4":"has-post-thumbnail","6":"product_cat-ecrans-mobiles","7":"product_cat-rideaux-lames-ecrans","8":"desktop-align-left","9":"tablet-align-left","10":"mobile-align-left","11":"ast-product-gallery-layout-horizontal-slider","12":"ast-product-tabs-layout-horizontal","14":"first","15":"instock","16":"taxable","17":"shipping-taxable","18":"purchasable","19":"product-type-simple"},"_links":{"self":[{"href":"https:\/\/dacarcomercial.com\/fr\/wp-json\/wp\/v2\/product\/41220","targetHints":{"allow":["GET"]}}],"collection":[{"href":"https:\/\/dacarcomercial.com\/fr\/wp-json\/wp\/v2\/product"}],"about":[{"href":"https:\/\/dacarcomercial.com\/fr\/wp-json\/wp\/v2\/types\/product"}],"version-history":[{"count":0,"href":"https:\/\/dacarcomercial.com\/fr\/wp-json\/wp\/v2\/product\/41220\/revisions"}],"wp:featuredmedia":[{"embeddable":true,"href":"https:\/\/dacarcomercial.com\/fr\/wp-json\/wp\/v2\/media\/41290"}],"wp:attachment":[{"href":"https:\/\/dacarcomercial.com\/fr\/wp-json\/wp\/v2\/media?parent=41220"}],"wp:term":[{"taxonomy":"product_brand","embeddable":true,"href":"https:\/\/dacarcomercial.com\/fr\/wp-json\/wp\/v2\/product_brand?post=41220"},{"taxonomy":"product_cat","embeddable":true,"href":"https:\/\/dacarcomercial.com\/fr\/wp-json\/wp\/v2\/product_cat?post=41220"},{"taxonomy":"product_tag","embeddable":true,"href":"https:\/\/dacarcomercial.com\/fr\/wp-json\/wp\/v2\/product_tag?post=41220"}],"curies":[{"name":"wp","href":"https:\/\/api.w.org\/{rel}","templated":true}]}}