{"id":42546,"date":"2023-02-15T16:05:45","date_gmt":"2023-02-15T15:05:45","guid":{"rendered":"https:\/\/dacarcomercial.com\/?post_type=product&#038;p=42546"},"modified":"2026-05-11T12:48:38","modified_gmt":"2026-05-11T10:48:38","slug":"serre-tete-complet-opera","status":"publish","type":"product","link":"https:\/\/dacarcomercial.com\/fr\/producto\/serre-tete-complet-opera\/","title":{"rendered":"Serre-t\u00eate complet Opera"},"content":{"rendered":"<h2>Serre-t\u00eate complet Opera<\/h2>\n<ul>\n<li>Bandeau anti-sueur matelass\u00e9 avec fermeture velcro<\/li>\n<li>Nuque rembourr\u00e9e pour le masque d&rsquo;op\u00e9ra<\/li>\n<li>Fermeture \u00e0 molette autobloquante facile \u00e0 ajuster<\/li>\n<li>Vis incluses.<\/li>\n<\/ul>\n","protected":false},"excerpt":{"rendered":"<p>Le<strong> Serre-t\u00eate complet du masque de soudure Opera<\/strong> est \u00e9quip\u00e9 d&rsquo;une cagoule rembourr\u00e9e et anti-allerg\u00e9nique sur le devant pour r\u00e9partir la pression sur le front.<\/p>\n<p><strong>Le Serre-t\u00eate DACAR est facile \u00e0 r\u00e9gler gr\u00e2ce \u00e0 sa fermeture \u00e0 molette autobloquante.<\/strong>\u00a0Vous pouvez d\u00e9sormais ajuster et fixer rapidement votre Serre-t\u00eate sans souci.<\/p>\n<p>Quincaillerie incluse, vous n&rsquo;avez pas \u00e0 vous soucier de trouver les bonnes vis pour monter votre Serre-t\u00eate. Nous incluons le mat\u00e9riel n\u00e9cessaire dans chaque paquet.<\/p>\n","protected":false},"featured_media":43527,"template":"","meta":{"site-sidebar-layout":"default","site-content-layout":"default","ast-site-content-layout":"default","site-content-style":"default","site-sidebar-style":"default","ast-global-header-display":"","ast-banner-title-visibility":"","ast-main-header-display":"","ast-hfb-above-header-display":"","ast-hfb-below-header-display":"","ast-hfb-mobile-header-display":"","site-post-title":"","ast-breadcrumbs-content":"","ast-featured-img":"","footer-sml-layout":"","ast-disable-related-posts":"","theme-transparent-header-meta":"default","adv-header-id-meta":"","stick-header-meta":"default","header-above-stick-meta":"","header-main-stick-meta":"","header-below-stick-meta":"","astra-migrate-meta-layouts":"set","ast-page-background-enabled":"default","ast-page-background-meta":{"desktop":{"background-color":"","background-image":"","background-repeat":"repeat","background-position":"center center","background-size":"auto","background-attachment":"scroll","background-type":"","background-media":"","overlay-type":"","overlay-color":"","overlay-opacity":"","overlay-gradient":""},"tablet":{"background-color":"","background-image":"","background-repeat":"repeat","background-position":"center center","background-size":"auto","background-attachment":"scroll","background-type":"","background-media":"","overlay-type":"","overlay-color":"","overlay-opacity":"","overlay-gradient":""},"mobile":{"background-color":"","background-image":"","background-repeat":"repeat","background-position":"center center","background-size":"auto","background-attachment":"scroll","background-type":"","background-media":"","overlay-type":"","overlay-color":"","overlay-opacity":"","overlay-gradient":""}},"ast-content-background-meta":{"desktop":{"background-color":"var(--ast-global-color-5)","background-image":"","background-repeat":"repeat","background-position":"center center","background-size":"auto","background-attachment":"scroll","background-type":"","background-media":"","overlay-type":"","overlay-color":"","overlay-opacity":"","overlay-gradient":""},"tablet":{"background-color":"var(--ast-global-color-5)","background-image":"","background-repeat":"repeat","background-position":"center center","background-size":"auto","background-attachment":"scroll","background-type":"","background-media":"","overlay-type":"","overlay-color":"","overlay-opacity":"","overlay-gradient":""},"mobile":{"background-color":"var(--ast-global-color-5)","background-image":"","background-repeat":"repeat","background-position":"center center","background-size":"auto","background-attachment":"scroll","background-type":"","background-media":"","overlay-type":"","overlay-color":"","overlay-opacity":"","overlay-gradient":""}}},"product_brand":[],"product_cat":[951],"product_tag":[],"class_list":{"0":"post-42546","1":"product","2":"type-product","3":"status-publish","4":"has-post-thumbnail","6":"product_cat-accessoires-et-rechanges","7":"desktop-align-left","8":"tablet-align-left","9":"mobile-align-left","10":"ast-product-gallery-layout-horizontal-slider","11":"ast-product-gallery-with-no-image","12":"ast-product-tabs-layout-horizontal","14":"first","15":"instock","16":"taxable","17":"shipping-taxable","18":"purchasable","19":"product-type-simple"},"_links":{"self":[{"href":"https:\/\/dacarcomercial.com\/fr\/wp-json\/wp\/v2\/product\/42546","targetHints":{"allow":["GET"]}}],"collection":[{"href":"https:\/\/dacarcomercial.com\/fr\/wp-json\/wp\/v2\/product"}],"about":[{"href":"https:\/\/dacarcomercial.com\/fr\/wp-json\/wp\/v2\/types\/product"}],"version-history":[{"count":1,"href":"https:\/\/dacarcomercial.com\/fr\/wp-json\/wp\/v2\/product\/42546\/revisions"}],"predecessor-version":[{"id":56057,"href":"https:\/\/dacarcomercial.com\/fr\/wp-json\/wp\/v2\/product\/42546\/revisions\/56057"}],"wp:featuredmedia":[{"embeddable":true,"href":"https:\/\/dacarcomercial.com\/fr\/wp-json\/wp\/v2\/media\/43527"}],"wp:attachment":[{"href":"https:\/\/dacarcomercial.com\/fr\/wp-json\/wp\/v2\/media?parent=42546"}],"wp:term":[{"taxonomy":"product_brand","embeddable":true,"href":"https:\/\/dacarcomercial.com\/fr\/wp-json\/wp\/v2\/product_brand?post=42546"},{"taxonomy":"product_cat","embeddable":true,"href":"https:\/\/dacarcomercial.com\/fr\/wp-json\/wp\/v2\/product_cat?post=42546"},{"taxonomy":"product_tag","embeddable":true,"href":"https:\/\/dacarcomercial.com\/fr\/wp-json\/wp\/v2\/product_tag?post=42546"}],"curies":[{"name":"wp","href":"https:\/\/api.w.org\/{rel}","templated":true}]}}