{"id":42732,"date":"2022-05-18T09:37:02","date_gmt":"2022-05-18T07:37:02","guid":{"rendered":"https:\/\/dacarcomercial.com\/?post_type=product&#038;p=42732"},"modified":"2023-05-15T13:28:35","modified_gmt":"2023-05-15T11:28:35","slug":"masque-a-souder-nova-v913e-fire-metal","status":"publish","type":"product","link":"https:\/\/dacarcomercial.com\/fr\/producto\/masque-a-souder-nova-v913e-fire-metal\/","title":{"rendered":"Masque \u00e0 souder Nova V913E Fire Metal"},"content":{"rendered":"<h2><strong>Caract\u00e9ristiques du masque \u00e0 souder Nova V913E Fire Metal<\/strong><\/h2>\n<ul>\n<li>Le poids du masque de soudure avec le filtre \u00e9lectronique n&rsquo;est que de 490 grammes.<\/li>\n<\/ul>\n<p>Composition du masque :<\/p>\n<ul>\n<li>Harnais HDPE<\/li>\n<li>Bo\u00eetier PA66<\/li>\n<li>Couvre filtre en PC<\/li>\n<\/ul>\n<p>Couvre filtre<\/p>\n<ul>\n<li>Ext\u00e9rieur 115\u00d7104 mm<\/li>\n<li>Int\u00e9rieur 102\u00d742 mm<\/li>\n<\/ul>\n<h2><strong>Caract\u00e9ristiques du filtre \u00e9lectronique ADF-500G PRO<\/strong><\/h2>\n<ul>\n<li>Tonalit\u00e9 de la lumi\u00e8re : DIN 2.5<\/li>\n<li>Technologie des couleurs vraies : Oui<\/li>\n<li>Teinte fonc\u00e9e variable : DIN9-DIN13, commande externe<\/li>\n<li>Fonction givr\u00e9e : Oui, contr\u00f4l\u00e9e de l&rsquo;ext\u00e9rieur<\/li>\n<li>Champ de vision : 96\u00d739 mm<\/li>\n<li>Capteurs photo\u00e9lectriques en arc : 2 capteurs ind\u00e9pendants<\/li>\n<li>Alimentation \u00e9lectrique : solaire et pile au lithium interne, aucun remplacement n&rsquo;est n\u00e9cessaire<\/li>\n<li>Temps de gradation : 0,3 ms<\/li>\n<li>Temps de gradation : r\u00e9glable par potentiom\u00e8tre interne de 0,1 \u00e0 1 s<\/li>\n<li>R\u00e9glage de la sensibilit\u00e9 : par potentiom\u00e8tre interne<\/li>\n<li>Qualit\u00e9 optique CE EN379 : 1\/1\/1\/2<\/li>\n<li>Garantie : 2 ans<\/li>\n<\/ul>\n","protected":false},"excerpt":{"rendered":"<p>Le <strong>masque \u00e0 souder Nova V913E Fire Metal<\/strong>, id\u00e9al pour le soudage \u00e0 l&rsquo;\u00e9lectrode, MIG, MAG, TIG et le meulage. L&rsquo;un des mod\u00e8les les plus populaires aupr\u00e8s des jeunes soudeurs gr\u00e2ce \u00e0 son design \u00e9lectrique.<\/p>\n<p>Gr\u00e2ce \u00e0 sa conception l\u00e9g\u00e8re, le poids du masque de soudage avec le filtre \u00e9lectronique ne d\u00e9passe pas 490 grammes, optimal pour de longues journ\u00e9es de travail sans inconfort au niveau du cou et en \u00e9tant toujours en mesure de garder \u00e0 la fois votre cou et votre visage en s\u00e9curit\u00e9.<\/p>\n<p>Le masque V913E Fire Metal est conforme \u00e0 la l\u00e9gislation europ\u00e9enne 2016\/425 et aux normes d&rsquo;harmonisation EN175:1997 et EN379:2003+A1:2009. Plus de sp\u00e9cifications techniques ci-dessous.<\/p>\n<div class=\"elementor-element elementor-element-166c857 ob-has-background-overlay elementor-widget elementor-widget-woocommerce-product-short-description\" data-id=\"166c857\" data-element_type=\"widget\" data-settings=\"{&quot;_ob_perspektive_use&quot;:&quot;no&quot;,&quot;_ob_poopart_use&quot;:&quot;yes&quot;,&quot;_ob_shadough_use&quot;:&quot;no&quot;,&quot;_ob_allow_hoveranimator&quot;:&quot;no&quot;,&quot;_ob_widget_stalker_use&quot;:&quot;no&quot;}\" data-widget_type=\"woocommerce-product-short-description.default\">\n<div class=\"elementor-widget-container\">\n<div class=\"woocommerce-product-details__short-description\">\n<p><em>Les produits Dacar peuvent \u00eatre achet\u00e9s en ligne ou via notre r\u00e9seau de distributeurs. N\u00b4h\u00e9sitez pas \u00e0 nous consulter votre revendeur le plus proche !<\/em><\/p>\n<\/div>\n<\/div>\n<\/div>\n<div class=\"elementor-element elementor-element-375c5fc ob-has-background-overlay elementor-widget elementor-widget-woocommerce-product-price\" data-id=\"375c5fc\" data-element_type=\"widget\" data-settings=\"{&quot;_ob_perspektive_use&quot;:&quot;no&quot;,&quot;_ob_poopart_use&quot;:&quot;yes&quot;,&quot;_ob_shadough_use&quot;:&quot;no&quot;,&quot;_ob_allow_hoveranimator&quot;:&quot;no&quot;,&quot;_ob_widget_stalker_use&quot;:&quot;no&quot;}\" data-widget_type=\"woocommerce-product-price.default\">\n<div class=\"elementor-widget-container\"><\/div>\n<\/div>\n","protected":false},"featured_media":38499,"template":"","meta":{"site-sidebar-layout":"default","site-content-layout":"default","ast-site-content-layout":"default","site-content-style":"default","site-sidebar-style":"default","ast-global-header-display":"","ast-banner-title-visibility":"","ast-main-header-display":"","ast-hfb-above-header-display":"","ast-hfb-below-header-display":"","ast-hfb-mobile-header-display":"","site-post-title":"","ast-breadcrumbs-content":"","ast-featured-img":"","footer-sml-layout":"","ast-disable-related-posts":"","theme-transparent-header-meta":"default","adv-header-id-meta":"","stick-header-meta":"default","header-above-stick-meta":"","header-main-stick-meta":"","header-below-stick-meta":"","astra-migrate-meta-layouts":"default","ast-page-background-enabled":"default","ast-page-background-meta":{"desktop":{"background-color":"","background-image":"","background-repeat":"repeat","background-position":"center center","background-size":"auto","background-attachment":"scroll","background-type":"","background-media":"","overlay-type":"","overlay-color":"","overlay-opacity":"","overlay-gradient":""},"tablet":{"background-color":"","background-image":"","background-repeat":"repeat","background-position":"center center","background-size":"auto","background-attachment":"scroll","background-type":"","background-media":"","overlay-type":"","overlay-color":"","overlay-opacity":"","overlay-gradient":""},"mobile":{"background-color":"","background-image":"","background-repeat":"repeat","background-position":"center center","background-size":"auto","background-attachment":"scroll","background-type":"","background-media":"","overlay-type":"","overlay-color":"","overlay-opacity":"","overlay-gradient":""}},"ast-content-background-meta":{"desktop":{"background-color":"var(--ast-global-color-5)","background-image":"","background-repeat":"repeat","background-position":"center center","background-size":"auto","background-attachment":"scroll","background-type":"","background-media":"","overlay-type":"","overlay-color":"","overlay-opacity":"","overlay-gradient":""},"tablet":{"background-color":"var(--ast-global-color-5)","background-image":"","background-repeat":"repeat","background-position":"center center","background-size":"auto","background-attachment":"scroll","background-type":"","background-media":"","overlay-type":"","overlay-color":"","overlay-opacity":"","overlay-gradient":""},"mobile":{"background-color":"var(--ast-global-color-5)","background-image":"","background-repeat":"repeat","background-position":"center center","background-size":"auto","background-attachment":"scroll","background-type":"","background-media":"","overlay-type":"","overlay-color":"","overlay-opacity":"","overlay-gradient":""}}},"product_brand":[],"product_cat":[940,939,946],"product_tag":[],"class_list":{"0":"post-42732","1":"product","2":"type-product","3":"status-publish","4":"has-post-thumbnail","6":"product_cat-avec-filtres-electro-optiques","7":"product_cat-masques-de-soudure","8":"product_cat-nova-fr","9":"desktop-align-left","10":"tablet-align-left","11":"mobile-align-left","12":"ast-product-gallery-layout-horizontal-slider","13":"ast-product-gallery-with-no-image","14":"ast-product-tabs-layout-horizontal","16":"first","17":"instock","18":"taxable","19":"shipping-taxable","20":"purchasable","21":"product-type-simple"},"_links":{"self":[{"href":"https:\/\/dacarcomercial.com\/fr\/wp-json\/wp\/v2\/product\/42732","targetHints":{"allow":["GET"]}}],"collection":[{"href":"https:\/\/dacarcomercial.com\/fr\/wp-json\/wp\/v2\/product"}],"about":[{"href":"https:\/\/dacarcomercial.com\/fr\/wp-json\/wp\/v2\/types\/product"}],"version-history":[{"count":0,"href":"https:\/\/dacarcomercial.com\/fr\/wp-json\/wp\/v2\/product\/42732\/revisions"}],"wp:featuredmedia":[{"embeddable":true,"href":"https:\/\/dacarcomercial.com\/fr\/wp-json\/wp\/v2\/media\/38499"}],"wp:attachment":[{"href":"https:\/\/dacarcomercial.com\/fr\/wp-json\/wp\/v2\/media?parent=42732"}],"wp:term":[{"taxonomy":"product_brand","embeddable":true,"href":"https:\/\/dacarcomercial.com\/fr\/wp-json\/wp\/v2\/product_brand?post=42732"},{"taxonomy":"product_cat","embeddable":true,"href":"https:\/\/dacarcomercial.com\/fr\/wp-json\/wp\/v2\/product_cat?post=42732"},{"taxonomy":"product_tag","embeddable":true,"href":"https:\/\/dacarcomercial.com\/fr\/wp-json\/wp\/v2\/product_tag?post=42732"}],"curies":[{"name":"wp","href":"https:\/\/api.w.org\/{rel}","templated":true}]}}