{"id":42736,"date":"2022-05-17T15:43:05","date_gmt":"2023-05-15T11:57:23","guid":{"rendered":"https:\/\/dacarcomercial.com\/?post_type=product&#038;p=42736"},"modified":"2023-05-15T13:57:24","modified_gmt":"2023-05-15T11:57:24","slug":"masque-a-souder-nova-v913e-pilot","status":"publish","type":"product","link":"https:\/\/dacarcomercial.com\/fr\/producto\/masque-a-souder-nova-v913e-pilot\/","title":{"rendered":"Masque \u00e0 souder Nova V913E Pilot"},"content":{"rendered":"<h2><strong>Caract\u00e9ristiques du masque \u00e0 souder Nova V913E Pilot<\/strong><\/h2>\n<p>Poids du masque de soudure complet, y compris le filtre \u00e9lectronique 490 grammes<br \/>\nFabriqu\u00e9 avec :<br \/>\nHarnais : HDPE<br \/>\nBo\u00eetier : PA66<br \/>\nCouvercle du filtre : PC<br \/>\nCouvercles de filtre<br \/>\nExt\u00e9rieur 115\u00d7104 mm<br \/>\nInt\u00e9rieur 102\u00d742 mm<br \/>\nLe masque \u00e0 souder Nova V913E Pilot est conforme \u00e0 la l\u00e9gislation europ\u00e9enne 2016\/425 et aux normes d&rsquo;harmonisation EN175:1997 et EN379:2003 +A1:2009.<\/p>\n<h2><strong>Caract\u00e9ristiques techniques du filtre ADF-500G PRO<\/strong><\/h2>\n<p>Teinte de lumi\u00e8re : DIN 2.5<br \/>\nTechnologie des couleurs vraies : oui<br \/>\nTeinte fonc\u00e9e variable : DIN 9 &#8211; DIN 13, contr\u00f4lable de l&rsquo;ext\u00e9rieur<br \/>\nFonction d\u00e9polie : Oui, contr\u00f4lable de l&rsquo;ext\u00e9rieur<br \/>\nChamp de vision : 96\u00d739 mm<br \/>\nCapteurs d&rsquo;arc photo\u00e9lectrique : 2 capteurs ind\u00e9pendants<br \/>\nAlimentation \u00e9lectrique : solaire et pile au lithium interne, pas de remplacement n\u00e9cessaire<br \/>\nTemps de gradation : 0,3 ms<br \/>\nTemps de gradation : r\u00e9glable avec un potentiom\u00e8tre interne de 0,1 \u00e0 1 seconde.<br \/>\nR\u00e9glage de la sensibilit\u00e9 : par potentiom\u00e8tre interne.<br \/>\nQualit\u00e9 optique CE EN379 : 1\/1\/1\/2<br \/>\nGarantie : 2 ans<\/p>\n","protected":false},"excerpt":{"rendered":"<p>Le <strong>masque \u00e0 souder Nova V913E Pilot<\/strong>, le masque \u00e0 souder pour les jeunes avec un rapport qualit\u00e9-prix irr\u00e9sistible.<\/p>\n<p>Avec un poids de seulement 490 grammes (filtre \u00e9lectronique inclus), c&rsquo;est un masque de soudure optimal pour les travaux de soudage et de meulage. \u00c9quip\u00e9 d&rsquo;un filtre \u00e9lectronique ADF500G avec une teinte claire DIN3.5 et une teinte fonc\u00e9e externe variable DIN9-13, il a la capacit\u00e9 de r\u00e9guler en interne le temps d&rsquo;\u00e9claircissement. En outre, il ne n\u00e9cessite pas de piles, car il est aliment\u00e9 par chargement solaire. Sa surface de vision est de 96\u00d739 mm.<\/p>\n<p>Le masque \u00e0 souder Nova V913E Pilot est conforme \u00e0 la l\u00e9gislation de l&rsquo;Union europ\u00e9enne 2016\/425 et aux normes d&rsquo;harmonisation EN175:1997 et EN379:2003 +A1:2009.<\/p>\n<div class=\"elementor-element elementor-element-166c857 ob-has-background-overlay elementor-widget elementor-widget-woocommerce-product-short-description\" data-id=\"166c857\" data-element_type=\"widget\" data-settings=\"{&quot;_ob_perspektive_use&quot;:&quot;no&quot;,&quot;_ob_poopart_use&quot;:&quot;yes&quot;,&quot;_ob_shadough_use&quot;:&quot;no&quot;,&quot;_ob_allow_hoveranimator&quot;:&quot;no&quot;,&quot;_ob_widget_stalker_use&quot;:&quot;no&quot;}\" data-widget_type=\"woocommerce-product-short-description.default\">\n<div class=\"elementor-widget-container\">\n<div class=\"woocommerce-product-details__short-description\">\n<p><em>Les produits Dacar peuvent \u00eatre achet\u00e9s en ligne ou via notre r\u00e9seau de distributeurs. N\u00b4h\u00e9sitez pas \u00e0 nous consulter votre revendeur le plus proche !<\/em><\/p>\n<\/div>\n<\/div>\n<\/div>\n<div class=\"elementor-element elementor-element-375c5fc ob-has-background-overlay elementor-widget elementor-widget-woocommerce-product-price\" data-id=\"375c5fc\" data-element_type=\"widget\" data-settings=\"{&quot;_ob_perspektive_use&quot;:&quot;no&quot;,&quot;_ob_poopart_use&quot;:&quot;yes&quot;,&quot;_ob_shadough_use&quot;:&quot;no&quot;,&quot;_ob_allow_hoveranimator&quot;:&quot;no&quot;,&quot;_ob_widget_stalker_use&quot;:&quot;no&quot;}\" data-widget_type=\"woocommerce-product-price.default\">\n<div class=\"elementor-widget-container\"><\/div>\n<\/div>\n","protected":false},"featured_media":38585,"template":"","meta":{"site-sidebar-layout":"default","site-content-layout":"default","ast-site-content-layout":"default","site-content-style":"default","site-sidebar-style":"default","ast-global-header-display":"","ast-banner-title-visibility":"","ast-main-header-display":"","ast-hfb-above-header-display":"","ast-hfb-below-header-display":"","ast-hfb-mobile-header-display":"","site-post-title":"","ast-breadcrumbs-content":"","ast-featured-img":"","footer-sml-layout":"","ast-disable-related-posts":"","theme-transparent-header-meta":"default","adv-header-id-meta":"","stick-header-meta":"default","header-above-stick-meta":"","header-main-stick-meta":"","header-below-stick-meta":"","astra-migrate-meta-layouts":"default","ast-page-background-enabled":"default","ast-page-background-meta":{"desktop":{"background-color":"","background-image":"","background-repeat":"repeat","background-position":"center center","background-size":"auto","background-attachment":"scroll","background-type":"","background-media":"","overlay-type":"","overlay-color":"","overlay-opacity":"","overlay-gradient":""},"tablet":{"background-color":"","background-image":"","background-repeat":"repeat","background-position":"center center","background-size":"auto","background-attachment":"scroll","background-type":"","background-media":"","overlay-type":"","overlay-color":"","overlay-opacity":"","overlay-gradient":""},"mobile":{"background-color":"","background-image":"","background-repeat":"repeat","background-position":"center center","background-size":"auto","background-attachment":"scroll","background-type":"","background-media":"","overlay-type":"","overlay-color":"","overlay-opacity":"","overlay-gradient":""}},"ast-content-background-meta":{"desktop":{"background-color":"var(--ast-global-color-5)","background-image":"","background-repeat":"repeat","background-position":"center center","background-size":"auto","background-attachment":"scroll","background-type":"","background-media":"","overlay-type":"","overlay-color":"","overlay-opacity":"","overlay-gradient":""},"tablet":{"background-color":"var(--ast-global-color-5)","background-image":"","background-repeat":"repeat","background-position":"center center","background-size":"auto","background-attachment":"scroll","background-type":"","background-media":"","overlay-type":"","overlay-color":"","overlay-opacity":"","overlay-gradient":""},"mobile":{"background-color":"var(--ast-global-color-5)","background-image":"","background-repeat":"repeat","background-position":"center center","background-size":"auto","background-attachment":"scroll","background-type":"","background-media":"","overlay-type":"","overlay-color":"","overlay-opacity":"","overlay-gradient":""}}},"product_brand":[],"product_cat":[940,939,946],"product_tag":[],"class_list":{"0":"post-42736","1":"product","2":"type-product","3":"status-publish","4":"has-post-thumbnail","6":"product_cat-avec-filtres-electro-optiques","7":"product_cat-masques-de-soudure","8":"product_cat-nova-fr","9":"desktop-align-left","10":"tablet-align-left","11":"mobile-align-left","12":"ast-product-gallery-layout-horizontal-slider","13":"ast-product-gallery-with-no-image","14":"ast-product-tabs-layout-horizontal","16":"first","17":"instock","18":"taxable","19":"shipping-taxable","20":"purchasable","21":"product-type-simple"},"_links":{"self":[{"href":"https:\/\/dacarcomercial.com\/fr\/wp-json\/wp\/v2\/product\/42736","targetHints":{"allow":["GET"]}}],"collection":[{"href":"https:\/\/dacarcomercial.com\/fr\/wp-json\/wp\/v2\/product"}],"about":[{"href":"https:\/\/dacarcomercial.com\/fr\/wp-json\/wp\/v2\/types\/product"}],"version-history":[{"count":0,"href":"https:\/\/dacarcomercial.com\/fr\/wp-json\/wp\/v2\/product\/42736\/revisions"}],"wp:featuredmedia":[{"embeddable":true,"href":"https:\/\/dacarcomercial.com\/fr\/wp-json\/wp\/v2\/media\/38585"}],"wp:attachment":[{"href":"https:\/\/dacarcomercial.com\/fr\/wp-json\/wp\/v2\/media?parent=42736"}],"wp:term":[{"taxonomy":"product_brand","embeddable":true,"href":"https:\/\/dacarcomercial.com\/fr\/wp-json\/wp\/v2\/product_brand?post=42736"},{"taxonomy":"product_cat","embeddable":true,"href":"https:\/\/dacarcomercial.com\/fr\/wp-json\/wp\/v2\/product_cat?post=42736"},{"taxonomy":"product_tag","embeddable":true,"href":"https:\/\/dacarcomercial.com\/fr\/wp-json\/wp\/v2\/product_tag?post=42736"}],"curies":[{"name":"wp","href":"https:\/\/api.w.org\/{rel}","templated":true}]}}